{"id":4798,"date":"2024-12-18T09:14:52","date_gmt":"2024-12-18T09:14:52","guid":{"rendered":"https:\/\/istardentallab.com\/?page_id=4798"},"modified":"2025-10-14T07:43:52","modified_gmt":"2025-10-14T07:43:52","slug":"le-laboratoire-outrebon-en-france-est-un-laboratoire-dentaire-malhonnete","status":"publish","type":"page","link":"https:\/\/istardentallab.com\/bg\/le-laboratoire-outrebon-en-france-est-un-laboratoire-dentaire-malhonnete\/","title":{"rendered":"Le LABORATOIRE OUTREBON en France est un laboratoire dentaire malhonn\u00eate"},"content":{"rendered":"<div data-elementor-type=\"wp-page\" data-elementor-id=\"4798\" class=\"elementor elementor-4798\" data-elementor-post-type=\"page\">\n\t\t\t\t\t\t<section class=\"elementor-section elementor-top-section elementor-element elementor-element-17ca27d elementor-section-boxed elementor-section-height-default elementor-section-height-default\" data-id=\"17ca27d\" data-element_type=\"section\" data-e-type=\"section\">\n\t\t\t\t\t\t<div class=\"elementor-container elementor-column-gap-default\">\n\t\t\t\t\t<div class=\"elementor-column elementor-col-100 elementor-top-column elementor-element elementor-element-ee7f656\" data-id=\"ee7f656\" data-element_type=\"column\" data-e-type=\"column\">\n\t\t\t<div class=\"elementor-widget-wrap elementor-element-populated\">\n\t\t\t\t\t\t<div class=\"elementor-element elementor-element-b71c90f elementor-widget elementor-widget-heading\" data-id=\"b71c90f\" data-element_type=\"widget\" data-e-type=\"widget\" data-widget_type=\"heading.default\">\n\t\t\t\t<div class=\"elementor-widget-container\">\n\t\t\t\t\t<h1 class=\"elementor-heading-title elementor-size-default\">Le LABORATOIRE OUTREBON en France est un laboratoire dentaire malhonn\u00eate<\/h1>\t\t\t\t<\/div>\n\t\t\t\t<\/div>\n\t\t\t\t\t<\/div>\n\t\t<\/div>\n\t\t\t\t\t<\/div>\n\t\t<\/section>\n\t\t\t\t<section class=\"elementor-section elementor-top-section elementor-element elementor-element-600d580d elementor-section-boxed elementor-section-height-default elementor-section-height-default\" data-id=\"600d580d\" data-element_type=\"section\" data-e-type=\"section\">\n\t\t\t\t\t\t<div class=\"elementor-container elementor-column-gap-default\">\n\t\t\t\t\t<div class=\"elementor-column elementor-col-100 elementor-top-column elementor-element elementor-element-3b016a74\" data-id=\"3b016a74\" data-element_type=\"column\" data-e-type=\"column\">\n\t\t\t<div class=\"elementor-widget-wrap elementor-element-populated\">\n\t\t\t\t\t\t<div class=\"elementor-element elementor-element-7accc461 elementor-widget elementor-widget-text-editor\" data-id=\"7accc461\" data-element_type=\"widget\" data-e-type=\"widget\" data-widget_type=\"text-editor.default\">\n\t\t\t\t<div class=\"elementor-widget-container\">\n\t\t\t\t\t\t\t\t\t\n<p>En tant que l'un des meilleurs laboratoires dentaires de Chine, nous accordons une grande importance \u00e0 tous les clients qui nous respectent. Cependant, nous avons \u00e9galement rencontr\u00e9 des clients malhonn\u00eates, et nous devons les d\u00e9noncer aux professionnels de l'industrie des laboratoires dentaires.<\/p>\n\n\n\n<p>Aujourd'hui, je souhaite d\u00e9noncer un laboratoire dentaire fran\u00e7ais malhonn\u00eate.<\/p>\n\n\n\n<p>La soci\u00e9t\u00e9 s'appelle LABORATOIRE OUTREBON et son propri\u00e9taire Maxime Outrebon.<\/p>\n\n\n\n<p>L'adresse est 46 Rue \u00e0 Borel, 80100 ABBEVILLE, France. \u0415\u043b\u0435\u043a\u0442\u0440\u043e\u043d\u043d\u0430\u0442\u0430 \u043f\u043e\u0449\u0430 \u0435 : laboratoire-outrebon@orange.fr. Le num\u00e9ro de t\u00e9l\u00e9phone et de WhatsApp est le +33 6 07 35 81 82.<\/p>\n\n\n\n<p>Vous trouverez ci-dessous une photo de Maxime Outrebon.<\/p>\n\n\n\n<div class=\"wp-block-columns is-layout-flex wp-container-core-columns-is-layout-28f84493 wp-block-columns-is-layout-flex\">\n<div class=\"wp-block-column is-layout-flow wp-block-column-is-layout-flow\">\n<figure class=\"wp-block-image size-full\"><img fetchpriority=\"high\" decoding=\"async\" width=\"500\" height=\"500\" src=\"https:\/\/istardentallab.com\/wp-content\/uploads\/2024\/12\/LABORATOIRE-OUTREBON-in-France-is-dishonest-dental-lab-2.jpg\" alt=\"LABORATOIRE OUTREBON \u0432\u044a\u0432 \u0424\u0440\u0430\u043d\u0446\u0438\u044f \u0435 \u043d\u0435\u0447\u0435\u0441\u0442\u043d\u0430 \u0437\u044a\u0431\u043e\u0442\u0435\u0445\u043d\u0438\u0447\u0435\u0441\u043a\u0430 \u043b\u0430\u0431\u043e\u0440\u0430\u0442\u043e\u0440\u0438\u044f\" class=\"wp-image-4777\" srcset=\"https:\/\/istardentallab.com\/wp-content\/uploads\/2024\/12\/LABORATOIRE-OUTREBON-in-France-is-dishonest-dental-lab-2.jpg 500w, https:\/\/istardentallab.com\/wp-content\/uploads\/2024\/12\/LABORATOIRE-OUTREBON-in-France-is-dishonest-dental-lab-2-300x300.jpg 300w, https:\/\/istardentallab.com\/wp-content\/uploads\/2024\/12\/LABORATOIRE-OUTREBON-in-France-is-dishonest-dental-lab-2-150x150.jpg 150w\" sizes=\"(max-width: 500px) 100vw, 500px\" \/><\/figure>\n<\/div>\n\n\n\n<div class=\"wp-block-column is-layout-flow wp-block-column-is-layout-flow\">\n<figure class=\"wp-block-image size-full\"><img decoding=\"async\" width=\"500\" height=\"500\" src=\"https:\/\/istardentallab.com\/wp-content\/uploads\/2024\/12\/LABORATOIRE-OUTREBON-in-France-is-dishonest-dental-lab-1.jpg\" alt=\"LABORATOIRE OUTREBON \u0432\u044a\u0432 \u0424\u0440\u0430\u043d\u0446\u0438\u044f \u0435 \u043d\u0435\u0447\u0435\u0441\u0442\u043d\u0430 \u0437\u044a\u0431\u043e\u0442\u0435\u0445\u043d\u0438\u0447\u0435\u0441\u043a\u0430 \u043b\u0430\u0431\u043e\u0440\u0430\u0442\u043e\u0440\u0438\u044f\" class=\"wp-image-4776\" srcset=\"https:\/\/istardentallab.com\/wp-content\/uploads\/2024\/12\/LABORATOIRE-OUTREBON-in-France-is-dishonest-dental-lab-1.jpg 500w, https:\/\/istardentallab.com\/wp-content\/uploads\/2024\/12\/LABORATOIRE-OUTREBON-in-France-is-dishonest-dental-lab-1-300x300.jpg 300w, https:\/\/istardentallab.com\/wp-content\/uploads\/2024\/12\/LABORATOIRE-OUTREBON-in-France-is-dishonest-dental-lab-1-150x150.jpg 150w\" sizes=\"(max-width: 500px) 100vw, 500px\" \/><\/figure>\n<\/div>\n<\/div>\n\n\n\n<p>Le LABORATOIRE OUTREBON a commenc\u00e9 \u00e0 collaborer avec nous, Istar Dental Lab, en septembre 2023.<\/p>\n\n\n\n<p>Au cours de la phase initiale, la coop\u00e9ration s'est d\u00e9roul\u00e9e sans probl\u00e8me. Nous avons r\u00e9alis\u00e9 les cas dentaires avec une excellente qualit\u00e9 et il a effectu\u00e9 les paiements \u00e0 temps.<\/p>\n\n\n\n<p>Cependant, \u00e0 partir de mars 2024, il a soudainement cess\u00e9 d'effectuer des paiements et a commenc\u00e9 \u00e0 invoquer diverses excuses pour nous tromper et nous inciter \u00e0 poursuivre ses commandes.<\/p>\n\n\n\n<figure class=\"wp-block-image size-full\"><img decoding=\"async\" width=\"1005\" height=\"536\" src=\"https:\/\/istardentallab.com\/wp-content\/uploads\/2024\/12\/LABORATOIRE-OUTREBON-in-France-is-dishonest-dental-lab-3.webp\" alt=\"LABORATOIRE OUTREBON \u0432\u044a\u0432 \u0424\u0440\u0430\u043d\u0446\u0438\u044f \u0435 \u043d\u0435\u0447\u0435\u0441\u0442\u043d\u0430 \u0437\u044a\u0431\u043e\u0442\u0435\u0445\u043d\u0438\u0447\u0435\u0441\u043a\u0430 \u043b\u0430\u0431\u043e\u0440\u0430\u0442\u043e\u0440\u0438\u044f\" class=\"wp-image-4778\" srcset=\"https:\/\/istardentallab.com\/wp-content\/uploads\/2024\/12\/LABORATOIRE-OUTREBON-in-France-is-dishonest-dental-lab-3.webp 1005w, https:\/\/istardentallab.com\/wp-content\/uploads\/2024\/12\/LABORATOIRE-OUTREBON-in-France-is-dishonest-dental-lab-3-300x160.webp 300w, https:\/\/istardentallab.com\/wp-content\/uploads\/2024\/12\/LABORATOIRE-OUTREBON-in-France-is-dishonest-dental-lab-3-768x410.webp 768w\" sizes=\"(max-width: 1005px) 100vw, 1005px\" \/><\/figure>\n\n\n\n<p>Il a pr\u00e9text\u00e9 des difficult\u00e9s commerciales et a fait de nombreuses promesses, nous demandant de continuer \u00e0 travailler avec lui.<\/p>\n\n\n\n<p>Cependant, apr\u00e8s que notre gestionnaire de compte a envoy\u00e9 le dernier lot de commandes en octobre, la coop\u00e9ration a pris fin.<\/p>\n\n\n\n<p>Il nous a assur\u00e9 que les paiements seraient arrang\u00e9s, mais aujourd'hui, en d\u00e9cembre 2024, nous n'avons toujours pas re\u00e7u de paiement. C'est une personne indigne de confiance.<\/p>\n\n\n\n<figure class=\"wp-block-image size-large\"><img loading=\"lazy\" decoding=\"async\" width=\"1024\" height=\"625\" src=\"https:\/\/istardentallab.com\/wp-content\/uploads\/2024\/12\/LABORATOIRE-OUTREBON-in-France-is-dishonest-dental-lab-4-1024x625.webp\" alt=\"LABORATOIRE OUTREBON \u0432\u044a\u0432 \u0424\u0440\u0430\u043d\u0446\u0438\u044f \u0435 \u043d\u0435\u0447\u0435\u0441\u0442\u043d\u0430 \u0437\u044a\u0431\u043e\u0442\u0435\u0445\u043d\u0438\u0447\u0435\u0441\u043a\u0430 \u043b\u0430\u0431\u043e\u0440\u0430\u0442\u043e\u0440\u0438\u044f\" class=\"wp-image-4779\" srcset=\"https:\/\/istardentallab.com\/wp-content\/uploads\/2024\/12\/LABORATOIRE-OUTREBON-in-France-is-dishonest-dental-lab-4-1024x625.webp 1024w, https:\/\/istardentallab.com\/wp-content\/uploads\/2024\/12\/LABORATOIRE-OUTREBON-in-France-is-dishonest-dental-lab-4-300x183.webp 300w, https:\/\/istardentallab.com\/wp-content\/uploads\/2024\/12\/LABORATOIRE-OUTREBON-in-France-is-dishonest-dental-lab-4-768x469.webp 768w, https:\/\/istardentallab.com\/wp-content\/uploads\/2024\/12\/LABORATOIRE-OUTREBON-in-France-is-dishonest-dental-lab-4.webp 1045w\" sizes=\"(max-width: 1024px) 100vw, 1024px\" \/><\/figure>\n\n\n\n<figure class=\"wp-block-image size-large\"><img loading=\"lazy\" decoding=\"async\" width=\"1024\" height=\"806\" src=\"https:\/\/istardentallab.com\/wp-content\/uploads\/2024\/12\/LABORATOIRE-OUTREBON-in-France-is-dishonest-dental-lab-5-1024x806.webp\" alt=\"\" class=\"wp-image-4780\" srcset=\"https:\/\/istardentallab.com\/wp-content\/uploads\/2024\/12\/LABORATOIRE-OUTREBON-in-France-is-dishonest-dental-lab-5-1024x806.webp 1024w, https:\/\/istardentallab.com\/wp-content\/uploads\/2024\/12\/LABORATOIRE-OUTREBON-in-France-is-dishonest-dental-lab-5-300x236.webp 300w, https:\/\/istardentallab.com\/wp-content\/uploads\/2024\/12\/LABORATOIRE-OUTREBON-in-France-is-dishonest-dental-lab-5-768x605.webp 768w, https:\/\/istardentallab.com\/wp-content\/uploads\/2024\/12\/LABORATOIRE-OUTREBON-in-France-is-dishonest-dental-lab-5.webp 1040w\" sizes=\"(max-width: 1024px) 100vw, 1024px\" \/><\/figure>\n\n\n\n<p>Apr\u00e8s cela, il a cess\u00e9 de r\u00e9pondre \u00e0 mes messages.<\/p>\n\n\n\n<p>Un tel comportement malhonn\u00eate devrait \u00eatre port\u00e9 \u00e0 la connaissance de tous les laboratoires dentaires afin qu'ils \u00e9vitent de collaborer avec lui.<\/p>\n\n\n\n<p>Je demande instamment \u00e0 tous les m\u00e9decins fran\u00e7ais de cesser d'envoyer leurs dossiers \u00e0 Maxime Outrebon,<\/p>\n\n\n\n<p>J'ai d\u00e9j\u00e0 inform\u00e9 la plupart des laboratoires dentaires chinois qu'il s'agit d'un escroc.<\/p>\n\n\n\n<p>Si vous continuez \u00e0 lui envoyer vos cas, vous risquez de perdre vos empreintes.<\/p>\n\n\n\n<p>Je demande \u00e0 nouveau \u00e0 tous les laboratoires dentaires chinois de ne pas accepter de commandes de sa part. Ne fabriquez pas de produits pour un escroc.<\/p>\n\t\t\t\t\t\t\t\t<\/div>\n\t\t\t\t<\/div>\n\t\t\t\t\t<\/div>\n\t\t<\/div>\n\t\t\t\t\t<\/div>\n\t\t<\/section>\n\t\t\t\t<\/div>","protected":false},"excerpt":{"rendered":"<p>Le LABORATOIRE OUTREBON en France est un laboratoire dentaire malhonn\u00eate En tant que l&#8217;un des meilleurs laboratoires dentaires de Chine, nous accordons une grande importance \u00e0 tous les clients qui nous respectent. Cependant, nous avons \u00e9galement rencontr\u00e9 des clients malhonn\u00eates, et nous devons les d\u00e9noncer aux professionnels de l&#8217;industrie des laboratoires dentaires. Aujourd&#8217;hui, je souhaite [&hellip;]<\/p>\n","protected":false},"author":1,"featured_media":4780,"parent":0,"menu_order":0,"comment_status":"closed","ping_status":"closed","template":"","meta":{"_acf_changed":false,"footnotes":""},"class_list":["post-4798","page","type-page","status-publish","has-post-thumbnail","hentry"],"acf":[],"_links":{"self":[{"href":"https:\/\/istardentallab.com\/bg\/wp-json\/wp\/v2\/pages\/4798","targetHints":{"allow":["GET"]}}],"collection":[{"href":"https:\/\/istardentallab.com\/bg\/wp-json\/wp\/v2\/pages"}],"about":[{"href":"https:\/\/istardentallab.com\/bg\/wp-json\/wp\/v2\/types\/page"}],"author":[{"embeddable":true,"href":"https:\/\/istardentallab.com\/bg\/wp-json\/wp\/v2\/users\/1"}],"replies":[{"embeddable":true,"href":"https:\/\/istardentallab.com\/bg\/wp-json\/wp\/v2\/comments?post=4798"}],"version-history":[{"count":4,"href":"https:\/\/istardentallab.com\/bg\/wp-json\/wp\/v2\/pages\/4798\/revisions"}],"predecessor-version":[{"id":7319,"href":"https:\/\/istardentallab.com\/bg\/wp-json\/wp\/v2\/pages\/4798\/revisions\/7319"}],"wp:featuredmedia":[{"embeddable":true,"href":"https:\/\/istardentallab.com\/bg\/wp-json\/wp\/v2\/media\/4780"}],"wp:attachment":[{"href":"https:\/\/istardentallab.com\/bg\/wp-json\/wp\/v2\/media?parent=4798"}],"curies":[{"name":"wp","href":"https:\/\/api.w.org\/{rel}","templated":true}]}}