{"id":3767,"date":"2024-12-18T06:04:57","date_gmt":"2024-12-18T06:04:57","guid":{"rendered":"https:\/\/istardentallab.com\/?page_id=3767"},"modified":"2025-10-14T07:48:16","modified_gmt":"2025-10-14T07:48:16","slug":"refund_returns","status":"publish","type":"page","link":"https:\/\/istardentallab.com\/da\/refund_returns\/","title":{"rendered":"Politik for tilbagebetaling og returnering"},"content":{"rendered":"<div data-elementor-type=\"wp-page\" data-elementor-id=\"3767\" class=\"elementor elementor-3767\" data-elementor-post-type=\"page\">\n\t\t\t\t\t\t<section class=\"elementor-section elementor-top-section elementor-element elementor-element-fc61830 elementor-section-boxed elementor-section-height-default elementor-section-height-default\" data-id=\"fc61830\" data-element_type=\"section\" data-e-type=\"section\">\n\t\t\t\t\t\t<div class=\"elementor-container elementor-column-gap-default\">\n\t\t\t\t\t<div class=\"elementor-column elementor-col-100 elementor-top-column elementor-element elementor-element-a4a0b6d\" data-id=\"a4a0b6d\" data-element_type=\"column\" data-e-type=\"column\">\n\t\t\t<div class=\"elementor-widget-wrap elementor-element-populated\">\n\t\t\t\t\t\t<div class=\"elementor-element elementor-element-a368cb9 elementor-widget elementor-widget-heading\" data-id=\"a368cb9\" data-element_type=\"widget\" data-e-type=\"widget\" data-widget_type=\"heading.default\">\n\t\t\t\t<div class=\"elementor-widget-container\">\n\t\t\t\t\t<h1 class=\"elementor-heading-title elementor-size-default\">Politik for tilbagebetaling og returnering<\/h1>\t\t\t\t<\/div>\n\t\t\t\t<\/div>\n\t\t\t\t\t<\/div>\n\t\t<\/div>\n\t\t\t\t\t<\/div>\n\t\t<\/section>\n\t\t\t\t<section class=\"elementor-section elementor-top-section elementor-element elementor-element-468273ef elementor-section-boxed elementor-section-height-default elementor-section-height-default\" data-id=\"468273ef\" data-element_type=\"section\" data-e-type=\"section\">\n\t\t\t\t\t\t<div class=\"elementor-container elementor-column-gap-default\">\n\t\t\t\t\t<div class=\"elementor-column elementor-col-100 elementor-top-column elementor-element elementor-element-6631aa7e\" data-id=\"6631aa7e\" data-element_type=\"column\" data-e-type=\"column\">\n\t\t\t<div class=\"elementor-widget-wrap elementor-element-populated\">\n\t\t\t\t\t\t<div class=\"elementor-element elementor-element-68446b1d elementor-widget elementor-widget-text-editor\" data-id=\"68446b1d\" data-element_type=\"widget\" data-e-type=\"widget\" data-widget_type=\"text-editor.default\">\n\t\t\t\t<div class=\"elementor-widget-container\">\n\t\t\t\t\t\t\t\t\t\n<h3>Oversigt<\/h3>\n\n<p>Vores refusions- og returpolitik varer 30 dage. Hvis der er g\u00e5et 30 dage siden dit k\u00f8b, kan vi ikke tilbyde dig fuld refusion eller ombytning.<\/p>\n\n<p>For at v\u00e6re berettiget til returnering skal din vare v\u00e6re ubrugt og i samme stand, som du modtog den. Den skal ogs\u00e5 v\u00e6re i den originale emballage.<\/p>\n\n<p>Flere typer varer er undtaget fra at blive returneret. Letford\u00e6rvelige varer som mad, blomster, aviser eller magasiner kan ikke returneres. Vi tager heller ikke imod produkter, der er intim- eller hygiejneartikler, farlige materialer eller br\u00e6ndbare v\u00e6sker eller gasser.<\/p>\n\n<p>Yderligere varer, der ikke kan returneres:<\/p>\n\n<ul class=\"wp-block-list\">\n<li>Gavekort<\/li>\n<li>Softwareprodukter, der kan downloades<\/li>\n<li>Nogle sundheds- og personlige plejeartikler<\/li>\n<\/ul>\n\n<p>For at gennemf\u00f8re din returnering skal vi bruge en kvittering eller et k\u00f8bsbevis.<\/p>\n\n<p>Send ikke dit k\u00f8b tilbage til producenten.<\/p>\n\n<p>Der er visse situationer, hvor der kun gives delvis refusion:<\/p>\n\n<ul class=\"wp-block-list\">\n<li>Bog med tydelige brugsspor<\/li>\n<li>CD, DVD, VHS-b\u00e5nd, software, videospil, kassetteb\u00e5nd eller vinylplader, der har v\u00e6ret \u00e5bnet.<\/li>\n<li>Enhver vare, der ikke er i sin oprindelige stand, er beskadiget eller mangler dele af \u00e5rsager, der ikke skyldes vores fejl.<\/li>\n<li>Enhver vare, der returneres mere end 30 dage efter levering<\/li>\n<\/ul>\n\n<h2>Tilbagebetaling<\/h2>\n\n<p>N\u00e5r din returnering er modtaget og kontrolleret, sender vi dig en e-mail med besked om, at vi har modtaget din returnerede vare. Vi giver dig ogs\u00e5 besked om godkendelse eller afvisning af din refusion.<\/p>\n\n<p>Hvis du bliver godkendt, vil din tilbagebetaling blive behandlet, og en kreditering vil automatisk blive foretaget p\u00e5 dit kreditkort eller den oprindelige betalingsmetode inden for et bestemt antal dage.<\/p>\n\n<p><b>Forsinket eller manglende tilbagebetaling<\/b><\/p>\n\n<p>Hvis du endnu ikke har modtaget en tilbagebetaling, skal du f\u00f8rst tjekke din bankkonto igen.<\/p>\n\n<p>Kontakt derefter dit kreditkortselskab, det kan tage lidt tid, f\u00f8r din tilbagebetaling er officielt bogf\u00f8rt.<\/p>\n\n<p>Kontakt derefter din bank. Der er ofte en vis behandlingstid, f\u00f8r en tilbagebetaling bliver bogf\u00f8rt.<\/p>\n\n<p>Hvis du har gjort alt dette, og du stadig ikke har modtaget din tilbagebetaling, bedes du kontakte os p\u00e5 {emailadresse}.<\/p>\n\n<p><b>Udsalgsvarer<\/b><\/p>\n\n<p>Kun varer til almindelig pris kan refunderes. Udsalgsvarer kan ikke refunderes.<\/p>\n\n<h2>Udvekslinger<\/h2>\n\n<p>Vi erstatter kun varer, hvis de er defekte eller beskadigede. Hvis du har brug for at bytte den til den samme vare, skal du sende os en e-mail p\u00e5 {emailadresse} og sende din vare til: {fysisk adresse}.<\/p>\n\n<h2>Gaver<\/h2>\n\n<p>Hvis varen var markeret som en gave, da den blev k\u00f8bt og sendt direkte til dig, vil du modtage en gavekredit til v\u00e6rdien af din returnering. N\u00e5r vi har modtaget den returnerede vare, f\u00e5r du tilsendt et gavekort.<\/p>\n\n<p>Hvis varen ikke var markeret som en gave, da den blev k\u00f8bt, eller hvis gavegiveren fik ordren sendt til sig selv for at give den til dig senere, sender vi en refusion til gavegiveren, og de vil finde ud af, at du har returneret den.<\/p>\n\n<h2>Forsendelse af returvarer<\/h2>\n\n<p>For at returnere dit produkt skal du sende dit produkt til: {fysisk adresse}.<\/p>\n\n<p>Du er ansvarlig for at betale dine egne forsendelsesomkostninger for at returnere din vare. Forsendelsesomkostninger kan ikke refunderes. Hvis du modtager en refusion, vil omkostningerne til returforsendelse blive trukket fra din refusion.<\/p>\n\n<p>Afh\u00e6ngigt af hvor du bor, kan den tid, det tager for dit ombyttede produkt at n\u00e5 frem til dig, variere.<\/p>\n\n<p>Hvis du returnerer dyrere varer, kan du overveje at bruge en sporbar forsendelsestjeneste eller k\u00f8be en forsendelsesforsikring. Vi garanterer ikke, at vi modtager din returnerede vare.<\/p>\n\n<h2>Har du brug for hj\u00e6lp?<\/h2>\n\n<p>Kontakt os p\u00e5 {email}, hvis du har sp\u00f8rgsm\u00e5l om tilbagebetaling og returnering.<\/p>\n\t\t\t\t\t\t\t\t<\/div>\n\t\t\t\t<\/div>\n\t\t\t\t\t<\/div>\n\t\t<\/div>\n\t\t\t\t\t<\/div>\n\t\t<\/section>\n\t\t\t\t<\/div>","protected":false},"excerpt":{"rendered":"<p>Refund and Returns Policy Overview Our refund and returns policy lasts 30 days. If 30 days have passed since your purchase, we can\u2019t offer you a full refund or exchange. To be eligible for a return, your item must be unused and in the same condition that you received it. It must also be in [&hellip;]<\/p>\n","protected":false},"author":1,"featured_media":0,"parent":0,"menu_order":0,"comment_status":"closed","ping_status":"closed","template":"","meta":{"_acf_changed":false,"footnotes":""},"class_list":["post-3767","page","type-page","status-publish","hentry"],"acf":[],"_links":{"self":[{"href":"https:\/\/istardentallab.com\/da\/wp-json\/wp\/v2\/pages\/3767","targetHints":{"allow":["GET"]}}],"collection":[{"href":"https:\/\/istardentallab.com\/da\/wp-json\/wp\/v2\/pages"}],"about":[{"href":"https:\/\/istardentallab.com\/da\/wp-json\/wp\/v2\/types\/page"}],"author":[{"embeddable":true,"href":"https:\/\/istardentallab.com\/da\/wp-json\/wp\/v2\/users\/1"}],"replies":[{"embeddable":true,"href":"https:\/\/istardentallab.com\/da\/wp-json\/wp\/v2\/comments?post=3767"}],"version-history":[{"count":4,"href":"https:\/\/istardentallab.com\/da\/wp-json\/wp\/v2\/pages\/3767\/revisions"}],"predecessor-version":[{"id":7325,"href":"https:\/\/istardentallab.com\/da\/wp-json\/wp\/v2\/pages\/3767\/revisions\/7325"}],"wp:attachment":[{"href":"https:\/\/istardentallab.com\/da\/wp-json\/wp\/v2\/media?parent=3767"}],"curies":[{"name":"wp","href":"https:\/\/api.w.org\/{rel}","templated":true}]}}