{"id":3989,"date":"2024-10-23T10:36:18","date_gmt":"2024-10-23T10:36:18","guid":{"rendered":"https:\/\/istardentallab.com\/?page_id=3989"},"modified":"2025-10-14T07:46:41","modified_gmt":"2025-10-14T07:46:41","slug":"prezi-dent-lab-is-a-fraudulent-company","status":"publish","type":"page","link":"https:\/\/istardentallab.com\/da\/prezi-dent-lab-is-a-fraudulent-company\/","title":{"rendered":"Prezi-Dent Lab er en bedragerisk virksomhed"},"content":{"rendered":"<div data-elementor-type=\"wp-page\" data-elementor-id=\"3989\" class=\"elementor elementor-3989\" data-elementor-post-type=\"page\">\n\t\t\t\t\t\t<section class=\"elementor-section elementor-top-section elementor-element elementor-element-8d5a36a elementor-section-boxed elementor-section-height-default elementor-section-height-default\" data-id=\"8d5a36a\" data-element_type=\"section\" data-e-type=\"section\">\n\t\t\t\t\t\t<div class=\"elementor-container elementor-column-gap-default\">\n\t\t\t\t\t<div class=\"elementor-column elementor-col-100 elementor-top-column elementor-element elementor-element-f24d9a3\" data-id=\"f24d9a3\" data-element_type=\"column\" data-e-type=\"column\">\n\t\t\t<div class=\"elementor-widget-wrap elementor-element-populated\">\n\t\t\t\t\t\t<div class=\"elementor-element elementor-element-cee6a49 elementor-widget elementor-widget-heading\" data-id=\"cee6a49\" data-element_type=\"widget\" data-e-type=\"widget\" data-widget_type=\"heading.default\">\n\t\t\t\t<div class=\"elementor-widget-container\">\n\t\t\t\t\t<h1 class=\"elementor-heading-title elementor-size-default\">Prezi-Dent Lab er en bedragerisk virksomhed<\/h1>\t\t\t\t<\/div>\n\t\t\t\t<\/div>\n\t\t\t\t\t<\/div>\n\t\t<\/div>\n\t\t\t\t\t<\/div>\n\t\t<\/section>\n\t\t\t\t<section class=\"elementor-section elementor-top-section elementor-element elementor-element-6900a387 elementor-section-boxed elementor-section-height-default elementor-section-height-default\" data-id=\"6900a387\" data-element_type=\"section\" data-e-type=\"section\">\n\t\t\t\t\t\t<div class=\"elementor-container elementor-column-gap-default\">\n\t\t\t\t\t<div class=\"elementor-column elementor-col-100 elementor-top-column elementor-element elementor-element-3eb2222a\" data-id=\"3eb2222a\" data-element_type=\"column\" data-e-type=\"column\">\n\t\t\t<div class=\"elementor-widget-wrap elementor-element-populated\">\n\t\t\t\t\t\t<div class=\"elementor-element elementor-element-fc615f9 elementor-widget elementor-widget-text-editor\" data-id=\"fc615f9\" data-element_type=\"widget\" data-e-type=\"widget\" data-widget_type=\"text-editor.default\">\n\t\t\t\t<div class=\"elementor-widget-container\">\n\t\t\t\t\t\t\t\t\t\n<p>Hej alle sammen, jeg er fra Istar Dental Lab, et meget professionelt dentallaboratorium med base i Kina.&nbsp;<\/p>\n\n\n\n<p>Vores kvalitetssystem er blandt de fem bedste i Kina. I dag er jeg meget vred over at skulle dele oplysninger om et dentallaboratorium fra USA.&nbsp;<\/p>\n\n\n\n<p>Navnet er Prezi-Dent Lab Inc, som ligger p\u00e5 97-09 64th Rd #2, Rego Park, NY 11374.&nbsp;<\/p>\n\n\n\n<p>Ejeren er Aron Samandarov, og telefonnummeret er +1 (347) 605-8781.<\/p>\n\n\n\n<p>F\u00f8rst og fremmest er alle virksomhedens produkter outsourcet til dentallaboratorier i Kina, og de har kontaktet mange virksomheder i Kina.&nbsp;<\/p>\n\n\n\n<p>Vores historie begyndte i juli i \u00e5r. Nedenfor er nogle chat-sk\u00e6rmbilleder.&nbsp;<\/p>\n\n\n\n<p>De udtrykte interesse for vores dentallaboratorium og lovede at sende os nogle ordrer og forsikrede os om, at betalingen ville ske til tiden med m\u00e5nedlige afregninger.&nbsp;<\/p>\n\n\n\n<p>Inden for to uger sendte de os s\u00e5 nogle store sager. Men da de havde modtaget alle ordrerne, fortalte de os pludselig, at kvaliteten af vores produkter var d\u00e5rlig, og at l\u00e6gerne ikke var tilfredse.<\/p>\n\n\n\n<figure class=\"wp-block-image size-full\"><img fetchpriority=\"high\" decoding=\"async\" width=\"1017\" height=\"749\" src=\"https:\/\/istardentallab.com\/wp-content\/uploads\/2024\/10\/Prezi-Dent-Lab-is-a-Fraudulent-Company-3.webp\" alt=\"\" class=\"wp-image-3991\" srcset=\"https:\/\/istardentallab.com\/wp-content\/uploads\/2024\/10\/Prezi-Dent-Lab-is-a-Fraudulent-Company-3.webp 1017w, https:\/\/istardentallab.com\/wp-content\/uploads\/2024\/10\/Prezi-Dent-Lab-is-a-Fraudulent-Company-3-300x221.webp 300w, https:\/\/istardentallab.com\/wp-content\/uploads\/2024\/10\/Prezi-Dent-Lab-is-a-Fraudulent-Company-3-768x566.webp 768w\" sizes=\"(max-width: 1017px) 100vw, 1017px\" \/><\/figure>\n\n\n\n<figure class=\"wp-block-image size-full\"><img decoding=\"async\" width=\"1011\" height=\"431\" src=\"https:\/\/istardentallab.com\/wp-content\/uploads\/2024\/10\/Prezi-Dent-Lab-is-a-Fraudulent-Company-1.webp\" alt=\"\" class=\"wp-image-3990\" srcset=\"https:\/\/istardentallab.com\/wp-content\/uploads\/2024\/10\/Prezi-Dent-Lab-is-a-Fraudulent-Company-1.webp 1011w, https:\/\/istardentallab.com\/wp-content\/uploads\/2024\/10\/Prezi-Dent-Lab-is-a-Fraudulent-Company-1-300x128.webp 300w, https:\/\/istardentallab.com\/wp-content\/uploads\/2024\/10\/Prezi-Dent-Lab-is-a-Fraudulent-Company-1-768x327.webp 768w\" sizes=\"(max-width: 1011px) 100vw, 1011px\" \/><\/figure>\n\n\n\n<p>Derefter holdt de op med at svare p\u00e5 beskeder. Da august kom, og det var tid til at betale, svarede de ikke p\u00e5 nogen betalingsrelaterede beskeder.&nbsp;<\/p>\n\n\n\n<p>Da vi ringede, sagde de, at de havde travlt. Jeg sagde til dem, at hvis der var d\u00e5rlige sager, kunne de returnere dem, og vi ville ikke tage betaling for dem, og de kunne bare betale for de sager, der passede godt.&nbsp;<\/p>\n\n\n\n<p>Men igen var der ingen reaktion. Det blev klart, at denne klient var stukket af.<\/p>\n\n\n\n<figure class=\"wp-block-image size-full\"><img decoding=\"async\" width=\"1015\" height=\"778\" src=\"https:\/\/istardentallab.com\/wp-content\/uploads\/2024\/10\/Prezi-Dent-Lab-is-a-Fraudulent-Company-2.webp\" alt=\"\" class=\"wp-image-3992\" srcset=\"https:\/\/istardentallab.com\/wp-content\/uploads\/2024\/10\/Prezi-Dent-Lab-is-a-Fraudulent-Company-2.webp 1015w, https:\/\/istardentallab.com\/wp-content\/uploads\/2024\/10\/Prezi-Dent-Lab-is-a-Fraudulent-Company-2-300x230.webp 300w, https:\/\/istardentallab.com\/wp-content\/uploads\/2024\/10\/Prezi-Dent-Lab-is-a-Fraudulent-Company-2-768x589.webp 768w\" sizes=\"(max-width: 1015px) 100vw, 1015px\" \/><\/figure>\n\n\n\n<p>Jeg vil gerne sige til amerikanske l\u00e6ger: V\u00e6r venlig ikke at give din virksomhed til s\u00e5danne u\u00e6rlige mennesker.&nbsp;<\/p>\n\n\n\n<p>Der er mange velrenommerede virksomheder i USA, og du b\u00f8r placere dine ordrer hos disse virksomheder.<\/p>\n\n\n\n<p>Jeg vil gerne sige til alle kinesiske dentallaboratorier: Send ikke jeres sager til s\u00e5danne u\u00e6rlige dentallaboratorier,&nbsp;<\/p>\n\n\n\n<p>Ellers taber du penge og f\u00e5r intet igen, hvilket er ekstremt frustrerende!<\/p>\n\n\n\n<p><\/p>\n\t\t\t\t\t\t\t\t<\/div>\n\t\t\t\t<\/div>\n\t\t\t\t\t<\/div>\n\t\t<\/div>\n\t\t\t\t\t<\/div>\n\t\t<\/section>\n\t\t\t\t<\/div>","protected":false},"excerpt":{"rendered":"<p>Prezi-Dent Lab is a Fraudulent Company Hello everyone, I am from Istar Dental Lab, a highly professional dental lab based in China.&nbsp; Our quality system ranks in the top five in China. Today, I am extremely angry to share information about a dental lab from the United States.&nbsp; Its name is Prezi-Dent Lab Inc, located [&hellip;]<\/p>\n","protected":false},"author":1,"featured_media":3924,"parent":0,"menu_order":0,"comment_status":"closed","ping_status":"closed","template":"","meta":{"_acf_changed":false,"footnotes":""},"class_list":["post-3989","page","type-page","status-publish","has-post-thumbnail","hentry"],"acf":[],"_links":{"self":[{"href":"https:\/\/istardentallab.com\/da\/wp-json\/wp\/v2\/pages\/3989","targetHints":{"allow":["GET"]}}],"collection":[{"href":"https:\/\/istardentallab.com\/da\/wp-json\/wp\/v2\/pages"}],"about":[{"href":"https:\/\/istardentallab.com\/da\/wp-json\/wp\/v2\/types\/page"}],"author":[{"embeddable":true,"href":"https:\/\/istardentallab.com\/da\/wp-json\/wp\/v2\/users\/1"}],"replies":[{"embeddable":true,"href":"https:\/\/istardentallab.com\/da\/wp-json\/wp\/v2\/comments?post=3989"}],"version-history":[{"count":4,"href":"https:\/\/istardentallab.com\/da\/wp-json\/wp\/v2\/pages\/3989\/revisions"}],"predecessor-version":[{"id":7322,"href":"https:\/\/istardentallab.com\/da\/wp-json\/wp\/v2\/pages\/3989\/revisions\/7322"}],"wp:featuredmedia":[{"embeddable":true,"href":"https:\/\/istardentallab.com\/da\/wp-json\/wp\/v2\/media\/3924"}],"wp:attachment":[{"href":"https:\/\/istardentallab.com\/da\/wp-json\/wp\/v2\/media?parent=3989"}],"curies":[{"name":"wp","href":"https:\/\/api.w.org\/{rel}","templated":true}]}}