{"id":4775,"date":"2024-12-18T08:44:28","date_gmt":"2024-12-18T08:44:28","guid":{"rendered":"https:\/\/istardentallab.com\/?page_id=4775"},"modified":"2025-10-14T07:42:52","modified_gmt":"2025-10-14T07:42:52","slug":"laboratoire-outrebon-in-france-is-dishonest-dental-lab","status":"publish","type":"page","link":"https:\/\/istardentallab.com\/da\/laboratoire-outrebon-in-france-is-dishonest-dental-lab\/","title":{"rendered":"LABORATOIRE OUTREBON i Frankrig er et u\u00e6rligt tandl\u00e6gelaboratorium"},"content":{"rendered":"<div data-elementor-type=\"wp-page\" data-elementor-id=\"4775\" class=\"elementor elementor-4775\" data-elementor-post-type=\"page\">\n\t\t\t\t\t\t<section class=\"elementor-section elementor-top-section elementor-element elementor-element-f7a4ec6 elementor-section-boxed elementor-section-height-default elementor-section-height-default\" data-id=\"f7a4ec6\" data-element_type=\"section\" data-e-type=\"section\">\n\t\t\t\t\t\t<div class=\"elementor-container elementor-column-gap-default\">\n\t\t\t\t\t<div class=\"elementor-column elementor-col-100 elementor-top-column elementor-element elementor-element-2464f8d\" data-id=\"2464f8d\" data-element_type=\"column\" data-e-type=\"column\">\n\t\t\t<div class=\"elementor-widget-wrap elementor-element-populated\">\n\t\t\t\t\t\t<div class=\"elementor-element elementor-element-ff9f1e8 elementor-widget elementor-widget-heading\" data-id=\"ff9f1e8\" data-element_type=\"widget\" data-e-type=\"widget\" data-widget_type=\"heading.default\">\n\t\t\t\t<div class=\"elementor-widget-container\">\n\t\t\t\t\t<h1 class=\"elementor-heading-title elementor-size-default\">LABORATOIRE OUTREBON i Frankrig er et u\u00e6rligt tandl\u00e6gelaboratorium<\/h1>\t\t\t\t<\/div>\n\t\t\t\t<\/div>\n\t\t\t\t\t<\/div>\n\t\t<\/div>\n\t\t\t\t\t<\/div>\n\t\t<\/section>\n\t\t\t\t<section class=\"elementor-section elementor-top-section elementor-element elementor-element-9757990 elementor-section-boxed elementor-section-height-default elementor-section-height-default\" data-id=\"9757990\" data-element_type=\"section\" data-e-type=\"section\">\n\t\t\t\t\t\t<div class=\"elementor-container elementor-column-gap-default\">\n\t\t\t\t\t<div class=\"elementor-column elementor-col-100 elementor-top-column elementor-element elementor-element-729f0715\" data-id=\"729f0715\" data-element_type=\"column\" data-e-type=\"column\">\n\t\t\t<div class=\"elementor-widget-wrap elementor-element-populated\">\n\t\t\t\t\t\t<div class=\"elementor-element elementor-element-607f69ac elementor-widget elementor-widget-text-editor\" data-id=\"607f69ac\" data-element_type=\"widget\" data-e-type=\"widget\" data-widget_type=\"text-editor.default\">\n\t\t\t\t<div class=\"elementor-widget-container\">\n\t\t\t\t\t\t\t\t\t\n<p>Som et af de bedste dentallaboratorier i Kina s\u00e6tter vi stor pris p\u00e5 alle kunder, der respekterer os. Men vi er ogs\u00e5 st\u00f8dt p\u00e5 nogle u\u00e6rlige kunder, og vi er n\u00f8dt til at uds\u00e6tte dem for at minde fagfolk i dentallaboratorieindustrien.<\/p>\n\n<p>I dag vil jeg afsl\u00f8re et u\u00e6rligt tandl\u00e6gelaboratorium fra Frankrig.\u00a0<\/p>\n\n<p>Virksomhedens navn er LABORATOIRE OUTREBON, og ejerens navn er Maxime Outrebon.\u00a0<\/p>\n\n<p>Adressen er 46 Rue \u00e0 Borel, 80100 ABBEVILLE, Frankrig. e-mail er: laboratoire-outrebon@orange.fr. Telefon- og WhatsApp-nummeret er +33 6 07 35 81 82.\u00a0<\/p>\n\n<p>Vedh\u00e6ftet nedenfor er et foto af Maxime Outrebon.<\/p>\n\n<div class=\"wp-block-columns is-layout-flex wp-container-core-columns-is-layout-28f84493 wp-block-columns-is-layout-flex\">\n<div class=\"wp-block-column is-layout-flow wp-block-column-is-layout-flow\">\n<figure class=\"wp-block-image size-full\"><img fetchpriority=\"high\" decoding=\"async\" width=\"500\" height=\"500\" class=\"wp-image-4777\" src=\"https:\/\/istardentallab.com\/wp-content\/uploads\/2024\/12\/LABORATOIRE-OUTREBON-in-France-is-dishonest-dental-lab-2.jpg\" alt=\"\" srcset=\"https:\/\/istardentallab.com\/wp-content\/uploads\/2024\/12\/LABORATOIRE-OUTREBON-in-France-is-dishonest-dental-lab-2.jpg 500w, https:\/\/istardentallab.com\/wp-content\/uploads\/2024\/12\/LABORATOIRE-OUTREBON-in-France-is-dishonest-dental-lab-2-300x300.jpg 300w, https:\/\/istardentallab.com\/wp-content\/uploads\/2024\/12\/LABORATOIRE-OUTREBON-in-France-is-dishonest-dental-lab-2-150x150.jpg 150w\" sizes=\"(max-width: 500px) 100vw, 500px\" \/><\/figure>\n<\/div>\n\n<div class=\"wp-block-column is-layout-flow wp-block-column-is-layout-flow\">\n<figure class=\"wp-block-image size-full\"><img decoding=\"async\" width=\"500\" height=\"500\" class=\"wp-image-4776\" src=\"https:\/\/istardentallab.com\/wp-content\/uploads\/2024\/12\/LABORATOIRE-OUTREBON-in-France-is-dishonest-dental-lab-1.jpg\" alt=\"LABORATOIRE OUTREBON i Frankrig er et u\u00e6rligt tandl\u00e6gelaboratorium\" srcset=\"https:\/\/istardentallab.com\/wp-content\/uploads\/2024\/12\/LABORATOIRE-OUTREBON-in-France-is-dishonest-dental-lab-1.jpg 500w, https:\/\/istardentallab.com\/wp-content\/uploads\/2024\/12\/LABORATOIRE-OUTREBON-in-France-is-dishonest-dental-lab-1-300x300.jpg 300w, https:\/\/istardentallab.com\/wp-content\/uploads\/2024\/12\/LABORATOIRE-OUTREBON-in-France-is-dishonest-dental-lab-1-150x150.jpg 150w\" sizes=\"(max-width: 500px) 100vw, 500px\" \/><\/figure>\n<\/div>\n<\/div>\n\n<p>LABORATOIRE OUTREBON begyndte at samarbejde med os, Istar Dental Lab, i september 2023.\u00a0<\/p>\n\n<p>I den indledende fase var samarbejdet meget gnidningsfrit. Vi gennemf\u00f8rte tandl\u00e6gesagerne med fremragende kvalitet, og han betalte til tiden.\u00a0<\/p>\n\n<p>Men fra marts 2024 stoppede han pludselig med at betale og begyndte at komme med forskellige undskyldninger for at narre os til at forts\u00e6tte med hans ordrer.<\/p>\n\n<figure class=\"wp-block-image size-full\"><img decoding=\"async\" width=\"1005\" height=\"536\" class=\"wp-image-4778\" src=\"https:\/\/istardentallab.com\/wp-content\/uploads\/2024\/12\/LABORATOIRE-OUTREBON-in-France-is-dishonest-dental-lab-3.webp\" alt=\"\" srcset=\"https:\/\/istardentallab.com\/wp-content\/uploads\/2024\/12\/LABORATOIRE-OUTREBON-in-France-is-dishonest-dental-lab-3.webp 1005w, https:\/\/istardentallab.com\/wp-content\/uploads\/2024\/12\/LABORATOIRE-OUTREBON-in-France-is-dishonest-dental-lab-3-300x160.webp 300w, https:\/\/istardentallab.com\/wp-content\/uploads\/2024\/12\/LABORATOIRE-OUTREBON-in-France-is-dishonest-dental-lab-3-768x410.webp 768w\" sizes=\"(max-width: 1005px) 100vw, 1005px\" \/><\/figure>\n\n<p>Han undskyldte sig med, at han havde problemer med forretningen, og gav mange l\u00f8fter og bad os om at forts\u00e6tte med hans sager.<\/p>\n\n<p>Men efter at vores account manager havde sendt de sidste ordrer i oktober, sluttede samarbejdet.<\/p>\n\n<p>Han forsikrede os om, at betalingerne ville blive ordnet, men nu, i december 2024, har vi stadig ikke modtaget nogen betalinger. Han er en up\u00e5lidelig person.<\/p>\n\n<figure class=\"wp-block-image size-large\"><img loading=\"lazy\" decoding=\"async\" width=\"1024\" height=\"625\" class=\"wp-image-4779\" src=\"https:\/\/istardentallab.com\/wp-content\/uploads\/2024\/12\/LABORATOIRE-OUTREBON-in-France-is-dishonest-dental-lab-4-1024x625.webp\" alt=\"\" srcset=\"https:\/\/istardentallab.com\/wp-content\/uploads\/2024\/12\/LABORATOIRE-OUTREBON-in-France-is-dishonest-dental-lab-4-1024x625.webp 1024w, https:\/\/istardentallab.com\/wp-content\/uploads\/2024\/12\/LABORATOIRE-OUTREBON-in-France-is-dishonest-dental-lab-4-300x183.webp 300w, https:\/\/istardentallab.com\/wp-content\/uploads\/2024\/12\/LABORATOIRE-OUTREBON-in-France-is-dishonest-dental-lab-4-768x469.webp 768w, https:\/\/istardentallab.com\/wp-content\/uploads\/2024\/12\/LABORATOIRE-OUTREBON-in-France-is-dishonest-dental-lab-4.webp 1045w\" sizes=\"(max-width: 1024px) 100vw, 1024px\" \/><\/figure>\n\n<figure class=\"wp-block-image size-large\"><img loading=\"lazy\" decoding=\"async\" width=\"1024\" height=\"806\" class=\"wp-image-4780\" src=\"https:\/\/istardentallab.com\/wp-content\/uploads\/2024\/12\/LABORATOIRE-OUTREBON-in-France-is-dishonest-dental-lab-5-1024x806.webp\" alt=\"\" srcset=\"https:\/\/istardentallab.com\/wp-content\/uploads\/2024\/12\/LABORATOIRE-OUTREBON-in-France-is-dishonest-dental-lab-5-1024x806.webp 1024w, https:\/\/istardentallab.com\/wp-content\/uploads\/2024\/12\/LABORATOIRE-OUTREBON-in-France-is-dishonest-dental-lab-5-300x236.webp 300w, https:\/\/istardentallab.com\/wp-content\/uploads\/2024\/12\/LABORATOIRE-OUTREBON-in-France-is-dishonest-dental-lab-5-768x605.webp 768w, https:\/\/istardentallab.com\/wp-content\/uploads\/2024\/12\/LABORATOIRE-OUTREBON-in-France-is-dishonest-dental-lab-5.webp 1040w\" sizes=\"(max-width: 1024px) 100vw, 1024px\" \/><\/figure>\n\n<p>Derefter holdt han op med at svare p\u00e5 mine beskeder.\u00a0<\/p>\n\n<p>En s\u00e5dan u\u00e6rlig adf\u00e6rd b\u00f8r alle dentallaboratorier g\u00f8res opm\u00e6rksomme p\u00e5 for at undg\u00e5 at samarbejde med ham.<\/p>\n\n<p>Jeg opfordrer alle l\u00e6ger i Frankrig til at stoppe med at sende jeres sager til Maxime Outrebon,\u00a0<\/p>\n\n<p>Jeg har allerede underrettet de fleste kinesiske dentallaboratorier om, at han er en bedrager.\u00a0<\/p>\n\n<p>Hvis du forts\u00e6tter med at sende dine sager til ham, risikerer du at miste dine indtryk.<\/p>\n\n<p>Jeg opfordrer endnu en gang alle andre kinesiske dentallaboratorier til ikke at tage imod ordrer fra ham. Lad v\u00e6re med at producere produkter for en svindler.<\/p>\n\n<p>\u00a0<\/p>\n\t\t\t\t\t\t\t\t<\/div>\n\t\t\t\t<\/div>\n\t\t\t\t\t<\/div>\n\t\t<\/div>\n\t\t\t\t\t<\/div>\n\t\t<\/section>\n\t\t\t\t<\/div>","protected":false},"excerpt":{"rendered":"<p>LABORATOIRE OUTREBON in France is Dishonest Dental Lab As one of the top dental labs in China, we highly value every customer who respects us. However, we have also encountered some dishonest customers, and we need to expose them to remind professionals in the dental lab industry. Today, I want to expose a dishonest dental [&hellip;]<\/p>\n","protected":false},"author":1,"featured_media":4780,"parent":0,"menu_order":0,"comment_status":"closed","ping_status":"closed","template":"","meta":{"_acf_changed":false,"footnotes":""},"class_list":["post-4775","page","type-page","status-publish","has-post-thumbnail","hentry"],"acf":[],"_links":{"self":[{"href":"https:\/\/istardentallab.com\/da\/wp-json\/wp\/v2\/pages\/4775","targetHints":{"allow":["GET"]}}],"collection":[{"href":"https:\/\/istardentallab.com\/da\/wp-json\/wp\/v2\/pages"}],"about":[{"href":"https:\/\/istardentallab.com\/da\/wp-json\/wp\/v2\/types\/page"}],"author":[{"embeddable":true,"href":"https:\/\/istardentallab.com\/da\/wp-json\/wp\/v2\/users\/1"}],"replies":[{"embeddable":true,"href":"https:\/\/istardentallab.com\/da\/wp-json\/wp\/v2\/comments?post=4775"}],"version-history":[{"count":5,"href":"https:\/\/istardentallab.com\/da\/wp-json\/wp\/v2\/pages\/4775\/revisions"}],"predecessor-version":[{"id":7316,"href":"https:\/\/istardentallab.com\/da\/wp-json\/wp\/v2\/pages\/4775\/revisions\/7316"}],"wp:featuredmedia":[{"embeddable":true,"href":"https:\/\/istardentallab.com\/da\/wp-json\/wp\/v2\/media\/4780"}],"wp:attachment":[{"href":"https:\/\/istardentallab.com\/da\/wp-json\/wp\/v2\/media?parent=4775"}],"curies":[{"name":"wp","href":"https:\/\/api.w.org\/{rel}","templated":true}]}}