{"id":4798,"date":"2024-12-18T09:14:52","date_gmt":"2024-12-18T09:14:52","guid":{"rendered":"https:\/\/istardentallab.com\/?page_id=4798"},"modified":"2025-10-14T07:43:52","modified_gmt":"2025-10-14T07:43:52","slug":"le-laboratoire-outrebon-en-france-est-un-laboratoire-dentaire-malhonnete","status":"publish","type":"page","link":"https:\/\/istardentallab.com\/da\/le-laboratoire-outrebon-en-france-est-un-laboratoire-dentaire-malhonnete\/","title":{"rendered":"Le LABORATOIRE OUTREBON en France est un laboratoire dentaire malhonn\u00eate"},"content":{"rendered":"<div data-elementor-type=\"wp-page\" data-elementor-id=\"4798\" class=\"elementor elementor-4798\" data-elementor-post-type=\"page\">\n\t\t\t\t\t\t<section class=\"elementor-section elementor-top-section elementor-element elementor-element-17ca27d elementor-section-boxed elementor-section-height-default elementor-section-height-default\" data-id=\"17ca27d\" data-element_type=\"section\" data-e-type=\"section\">\n\t\t\t\t\t\t<div class=\"elementor-container elementor-column-gap-default\">\n\t\t\t\t\t<div class=\"elementor-column elementor-col-100 elementor-top-column elementor-element elementor-element-ee7f656\" data-id=\"ee7f656\" data-element_type=\"column\" data-e-type=\"column\">\n\t\t\t<div class=\"elementor-widget-wrap elementor-element-populated\">\n\t\t\t\t\t\t<div class=\"elementor-element elementor-element-b71c90f elementor-widget elementor-widget-heading\" data-id=\"b71c90f\" data-element_type=\"widget\" data-e-type=\"widget\" data-widget_type=\"heading.default\">\n\t\t\t\t<div class=\"elementor-widget-container\">\n\t\t\t\t\t<h1 class=\"elementor-heading-title elementor-size-default\">Le LABORATOIRE OUTREBON en France est un laboratoire dentaire malhonn\u00eate<\/h1>\t\t\t\t<\/div>\n\t\t\t\t<\/div>\n\t\t\t\t\t<\/div>\n\t\t<\/div>\n\t\t\t\t\t<\/div>\n\t\t<\/section>\n\t\t\t\t<section class=\"elementor-section elementor-top-section elementor-element elementor-element-600d580d elementor-section-boxed elementor-section-height-default elementor-section-height-default\" data-id=\"600d580d\" data-element_type=\"section\" data-e-type=\"section\">\n\t\t\t\t\t\t<div class=\"elementor-container elementor-column-gap-default\">\n\t\t\t\t\t<div class=\"elementor-column elementor-col-100 elementor-top-column elementor-element elementor-element-3b016a74\" data-id=\"3b016a74\" data-element_type=\"column\" data-e-type=\"column\">\n\t\t\t<div class=\"elementor-widget-wrap elementor-element-populated\">\n\t\t\t\t\t\t<div class=\"elementor-element elementor-element-7accc461 elementor-widget elementor-widget-text-editor\" data-id=\"7accc461\" data-element_type=\"widget\" data-e-type=\"widget\" data-widget_type=\"text-editor.default\">\n\t\t\t\t<div class=\"elementor-widget-container\">\n\t\t\t\t\t\t\t\t\t\n<p>Som et af de bedste tandl\u00e6gelaboratorier i Kina l\u00e6gger vi stor v\u00e6gt p\u00e5 alle vores kunder, som vi respekterer. Vi har dog ogs\u00e5 m\u00f8dt d\u00e5rlige kunder, og vi m\u00e5 sige fra over for de professionelle i tandl\u00e6gebranchen.<\/p>\n\n\n\n<p>Aujourd'hui, je souhaite d\u00e9noncer un laboratoire dentaire fran\u00e7ais malhonn\u00eate.<\/p>\n\n\n\n<p>Selskabet hedder LABORATOIRE OUTREBON og dets ejer Maxime Outrebon.<\/p>\n\n\n\n<p>Adressen er 46 Rue \u00e0 Borel, 80100 ABBEVILLE, Frankrig. E-mailen er: laboratoire-outrebon@orange.fr. Telefonnummeret til WhatsApp er +33 6 07 35 81 82.<\/p>\n\n\n\n<p>Nedenfor finder du et billede af Maxime Outrebon.<\/p>\n\n\n\n<div class=\"wp-block-columns is-layout-flex wp-container-core-columns-is-layout-28f84493 wp-block-columns-is-layout-flex\">\n<div class=\"wp-block-column is-layout-flow wp-block-column-is-layout-flow\">\n<figure class=\"wp-block-image size-full\"><img fetchpriority=\"high\" decoding=\"async\" width=\"500\" height=\"500\" src=\"https:\/\/istardentallab.com\/wp-content\/uploads\/2024\/12\/LABORATOIRE-OUTREBON-in-France-is-dishonest-dental-lab-2.jpg\" alt=\"LABORATOIRE OUTREBON i Frankrig er et u\u00e6rligt tandl\u00e6gelaboratorium\" class=\"wp-image-4777\" srcset=\"https:\/\/istardentallab.com\/wp-content\/uploads\/2024\/12\/LABORATOIRE-OUTREBON-in-France-is-dishonest-dental-lab-2.jpg 500w, https:\/\/istardentallab.com\/wp-content\/uploads\/2024\/12\/LABORATOIRE-OUTREBON-in-France-is-dishonest-dental-lab-2-300x300.jpg 300w, https:\/\/istardentallab.com\/wp-content\/uploads\/2024\/12\/LABORATOIRE-OUTREBON-in-France-is-dishonest-dental-lab-2-150x150.jpg 150w\" sizes=\"(max-width: 500px) 100vw, 500px\" \/><\/figure>\n<\/div>\n\n\n\n<div class=\"wp-block-column is-layout-flow wp-block-column-is-layout-flow\">\n<figure class=\"wp-block-image size-full\"><img decoding=\"async\" width=\"500\" height=\"500\" src=\"https:\/\/istardentallab.com\/wp-content\/uploads\/2024\/12\/LABORATOIRE-OUTREBON-in-France-is-dishonest-dental-lab-1.jpg\" alt=\"LABORATOIRE OUTREBON i Frankrig er et u\u00e6rligt tandl\u00e6gelaboratorium\" class=\"wp-image-4776\" srcset=\"https:\/\/istardentallab.com\/wp-content\/uploads\/2024\/12\/LABORATOIRE-OUTREBON-in-France-is-dishonest-dental-lab-1.jpg 500w, https:\/\/istardentallab.com\/wp-content\/uploads\/2024\/12\/LABORATOIRE-OUTREBON-in-France-is-dishonest-dental-lab-1-300x300.jpg 300w, https:\/\/istardentallab.com\/wp-content\/uploads\/2024\/12\/LABORATOIRE-OUTREBON-in-France-is-dishonest-dental-lab-1-150x150.jpg 150w\" sizes=\"(max-width: 500px) 100vw, 500px\" \/><\/figure>\n<\/div>\n<\/div>\n\n\n\n<p>Le LABORATOIRE OUTREBON a commenc\u00e9 \u00e0 collaborer avec nous, Istar Dental Lab, en septembre 2023.<\/p>\n\n\n\n<p>I l\u00f8bet af den indledende fase er samarbejdet forl\u00f8bet uden problemer. Vi har udf\u00f8rt tandl\u00e6gesagerne med en fremragende kvalitet, og han har udf\u00f8rt betalingerne til tiden.<\/p>\n\n\n\n<p>Men fra marts 2024 er han pludselig holdt op med at foretage betalinger og er begyndt at p\u00e5ber\u00e5be sig forskellige undskyldninger for at narre os og opfordre os til at f\u00f8lge hans ordrer.<\/p>\n\n\n\n<figure class=\"wp-block-image size-full\"><img decoding=\"async\" width=\"1005\" height=\"536\" src=\"https:\/\/istardentallab.com\/wp-content\/uploads\/2024\/12\/LABORATOIRE-OUTREBON-in-France-is-dishonest-dental-lab-3.webp\" alt=\"LABORATOIRE OUTREBON i Frankrig er et u\u00e6rligt tandl\u00e6gelaboratorium\" class=\"wp-image-4778\" srcset=\"https:\/\/istardentallab.com\/wp-content\/uploads\/2024\/12\/LABORATOIRE-OUTREBON-in-France-is-dishonest-dental-lab-3.webp 1005w, https:\/\/istardentallab.com\/wp-content\/uploads\/2024\/12\/LABORATOIRE-OUTREBON-in-France-is-dishonest-dental-lab-3-300x160.webp 300w, https:\/\/istardentallab.com\/wp-content\/uploads\/2024\/12\/LABORATOIRE-OUTREBON-in-France-is-dishonest-dental-lab-3-768x410.webp 768w\" sizes=\"(max-width: 1005px) 100vw, 1005px\" \/><\/figure>\n\n\n\n<p>Han har beskrevet de kommercielle vanskeligheder og givet mange l\u00f8fter og bedt os om at forts\u00e6tte med at arbejde med ham.<\/p>\n\n\n\n<p>Men efter at vores regnskabschef sendte de sidste ordrer i oktober, er samarbejdet slut.<\/p>\n\n\n\n<p>Han forsikrede os om, at betalingerne ville blive ordnet, men i dag, i december 2024, har vi stadig ikke modtaget nogen betaling. Det er en indf\u00f8dt tillidsperson.<\/p>\n\n\n\n<figure class=\"wp-block-image size-large\"><img loading=\"lazy\" decoding=\"async\" width=\"1024\" height=\"625\" src=\"https:\/\/istardentallab.com\/wp-content\/uploads\/2024\/12\/LABORATOIRE-OUTREBON-in-France-is-dishonest-dental-lab-4-1024x625.webp\" alt=\"LABORATOIRE OUTREBON i Frankrig er et u\u00e6rligt tandl\u00e6gelaboratorium\" class=\"wp-image-4779\" srcset=\"https:\/\/istardentallab.com\/wp-content\/uploads\/2024\/12\/LABORATOIRE-OUTREBON-in-France-is-dishonest-dental-lab-4-1024x625.webp 1024w, https:\/\/istardentallab.com\/wp-content\/uploads\/2024\/12\/LABORATOIRE-OUTREBON-in-France-is-dishonest-dental-lab-4-300x183.webp 300w, https:\/\/istardentallab.com\/wp-content\/uploads\/2024\/12\/LABORATOIRE-OUTREBON-in-France-is-dishonest-dental-lab-4-768x469.webp 768w, https:\/\/istardentallab.com\/wp-content\/uploads\/2024\/12\/LABORATOIRE-OUTREBON-in-France-is-dishonest-dental-lab-4.webp 1045w\" sizes=\"(max-width: 1024px) 100vw, 1024px\" \/><\/figure>\n\n\n\n<figure class=\"wp-block-image size-large\"><img loading=\"lazy\" decoding=\"async\" width=\"1024\" height=\"806\" src=\"https:\/\/istardentallab.com\/wp-content\/uploads\/2024\/12\/LABORATOIRE-OUTREBON-in-France-is-dishonest-dental-lab-5-1024x806.webp\" alt=\"\" class=\"wp-image-4780\" srcset=\"https:\/\/istardentallab.com\/wp-content\/uploads\/2024\/12\/LABORATOIRE-OUTREBON-in-France-is-dishonest-dental-lab-5-1024x806.webp 1024w, https:\/\/istardentallab.com\/wp-content\/uploads\/2024\/12\/LABORATOIRE-OUTREBON-in-France-is-dishonest-dental-lab-5-300x236.webp 300w, https:\/\/istardentallab.com\/wp-content\/uploads\/2024\/12\/LABORATOIRE-OUTREBON-in-France-is-dishonest-dental-lab-5-768x605.webp 768w, https:\/\/istardentallab.com\/wp-content\/uploads\/2024\/12\/LABORATOIRE-OUTREBON-in-France-is-dishonest-dental-lab-5.webp 1040w\" sizes=\"(max-width: 1024px) 100vw, 1024px\" \/><\/figure>\n\n\n\n<p>Derefter holdt han op med at svare p\u00e5 mine beskeder.<\/p>\n\n\n\n<p>En s\u00e5dan ondskabsfuld adf\u00e6rd b\u00f8r alle tandl\u00e6gelaboratorier have kendskab til, s\u00e5 de er villige til at samarbejde med ham.<\/p>\n\n\n\n<p>Je demande instamment \u00e0 tous les m\u00e9decins fran\u00e7ais de cesser d'envoyer leurs dossiers \u00e0 Maxime Outrebon,<\/p>\n\n\n\n<p>Jeg har allerede informeret de fleste kinesiske tandl\u00e6gelaboratorier om, at der er tale om en escroc.<\/p>\n\n\n\n<p>Hvis du forts\u00e6tter med at sende dine sager til ham, risikerer du at miste dine empreintes.<\/p>\n\n\n\n<p>Je demande \u00e0 nouveau \u00e0 tous les laboratoires dentaires chinois de ne pas accepter de commandes de sa part. Fremstil ikke produkter til en escroc.<\/p>\n\t\t\t\t\t\t\t\t<\/div>\n\t\t\t\t<\/div>\n\t\t\t\t\t<\/div>\n\t\t<\/div>\n\t\t\t\t\t<\/div>\n\t\t<\/section>\n\t\t\t\t<\/div>","protected":false},"excerpt":{"rendered":"<p>Le LABORATOIRE OUTREBON en France est un laboratoire dentaire malhonn\u00eate En tant que l&#8217;un des meilleurs laboratoires dentaires de Chine, nous accordons une grande importance \u00e0 tous les clients qui nous respectent. Cependant, nous avons \u00e9galement rencontr\u00e9 des clients malhonn\u00eates, et nous devons les d\u00e9noncer aux professionnels de l&#8217;industrie des laboratoires dentaires. Aujourd&#8217;hui, je souhaite [&hellip;]<\/p>\n","protected":false},"author":1,"featured_media":4780,"parent":0,"menu_order":0,"comment_status":"closed","ping_status":"closed","template":"","meta":{"_acf_changed":false,"footnotes":""},"class_list":["post-4798","page","type-page","status-publish","has-post-thumbnail","hentry"],"acf":[],"_links":{"self":[{"href":"https:\/\/istardentallab.com\/da\/wp-json\/wp\/v2\/pages\/4798","targetHints":{"allow":["GET"]}}],"collection":[{"href":"https:\/\/istardentallab.com\/da\/wp-json\/wp\/v2\/pages"}],"about":[{"href":"https:\/\/istardentallab.com\/da\/wp-json\/wp\/v2\/types\/page"}],"author":[{"embeddable":true,"href":"https:\/\/istardentallab.com\/da\/wp-json\/wp\/v2\/users\/1"}],"replies":[{"embeddable":true,"href":"https:\/\/istardentallab.com\/da\/wp-json\/wp\/v2\/comments?post=4798"}],"version-history":[{"count":4,"href":"https:\/\/istardentallab.com\/da\/wp-json\/wp\/v2\/pages\/4798\/revisions"}],"predecessor-version":[{"id":7319,"href":"https:\/\/istardentallab.com\/da\/wp-json\/wp\/v2\/pages\/4798\/revisions\/7319"}],"wp:featuredmedia":[{"embeddable":true,"href":"https:\/\/istardentallab.com\/da\/wp-json\/wp\/v2\/media\/4780"}],"wp:attachment":[{"href":"https:\/\/istardentallab.com\/da\/wp-json\/wp\/v2\/media?parent=4798"}],"curies":[{"name":"wp","href":"https:\/\/api.w.org\/{rel}","templated":true}]}}