{"id":7220,"date":"2025-10-14T07:10:56","date_gmt":"2025-10-14T07:10:56","guid":{"rendered":"https:\/\/istardentallab.com\/?page_id=7220"},"modified":"2025-10-14T07:15:50","modified_gmt":"2025-10-14T07:15:50","slug":"great-cornard-dental-practice-is-dishonest-company","status":"publish","type":"page","link":"https:\/\/istardentallab.com\/da\/great-cornard-dental-practice-is-dishonest-company\/","title":{"rendered":"Great Cornard Tandl\u00e6geklinik er U\u00e6rligt Firma"},"content":{"rendered":"<div data-elementor-type=\"wp-page\" data-elementor-id=\"7220\" class=\"elementor elementor-7220\" data-elementor-post-type=\"page\">\n\t\t\t\t\t\t<section class=\"elementor-section elementor-top-section elementor-element elementor-element-d3ff937 elementor-section-boxed elementor-section-height-default elementor-section-height-default\" data-id=\"d3ff937\" data-element_type=\"section\" data-e-type=\"section\">\n\t\t\t\t\t\t<div class=\"elementor-container elementor-column-gap-default\">\n\t\t\t\t\t<div class=\"elementor-column elementor-col-100 elementor-top-column elementor-element elementor-element-b705ee4\" data-id=\"b705ee4\" data-element_type=\"column\" data-e-type=\"column\">\n\t\t\t<div class=\"elementor-widget-wrap elementor-element-populated\">\n\t\t\t\t\t\t<div class=\"elementor-element elementor-element-67d7f5d elementor-widget elementor-widget-heading\" data-id=\"67d7f5d\" data-element_type=\"widget\" data-e-type=\"widget\" data-widget_type=\"heading.default\">\n\t\t\t\t<div class=\"elementor-widget-container\">\n\t\t\t\t\t<h1 class=\"elementor-heading-title elementor-size-default\">Great Cornard Tandl\u00e6geklinik er U\u00e6rligt Firma<\/h1>\t\t\t\t<\/div>\n\t\t\t\t<\/div>\n\t\t\t\t\t<\/div>\n\t\t<\/div>\n\t\t\t\t\t<\/div>\n\t\t<\/section>\n\t\t\t\t<section class=\"elementor-section elementor-top-section elementor-element elementor-element-34c2f6e8 elementor-section-boxed elementor-section-height-default elementor-section-height-default\" data-id=\"34c2f6e8\" data-element_type=\"section\" data-e-type=\"section\">\n\t\t\t\t\t\t<div class=\"elementor-container elementor-column-gap-default\">\n\t\t\t\t\t<div class=\"elementor-column elementor-col-100 elementor-top-column elementor-element elementor-element-1b18ec86\" data-id=\"1b18ec86\" data-element_type=\"column\" data-e-type=\"column\">\n\t\t\t<div class=\"elementor-widget-wrap elementor-element-populated\">\n\t\t\t\t\t\t<div class=\"elementor-element elementor-element-7882cdcc elementor-widget elementor-widget-text-editor\" data-id=\"7882cdcc\" data-element_type=\"widget\" data-e-type=\"widget\" data-widget_type=\"text-editor.default\">\n\t\t\t\t<div class=\"elementor-widget-container\">\n\t\t\t\t\t\t\t\t\t\n<p>Som et af de 5 bedste dentallaboratorier i Kina v\u00e6rds\u00e6tter vi h\u00f8jt enhver kunde, der respekterer os. Vi har dog ogs\u00e5 m\u00f8dt nogle u\u00e6rlige kunder, og vi er n\u00f8dt til at afsl\u00f8re dem for at minde fagfolk i dentallaboratorieindustrien om det.<\/p>\n\n\n\n<p>I dag vil jeg afsl\u00f8re et u\u00e6rligt dentallaboratorium fra Storbritannien.&nbsp;<\/p>\n\n\n\n<p>Virksomhedens navn er Great Cornard Dental Practice i Storbritannien, og ejerens navn er Ammaad Jamil.<\/p>\n\n\n\n<p><strong>Registreringsnummer:<\/strong><strong><\/strong><\/p>\n\n\n\n<p>264789<\/p>\n\n\n\n<p><strong>Status:<\/strong><strong><\/strong><\/p>\n\n\n\n<p>Registreret<\/p>\n\n\n\n<p><strong>Registranttype:<\/strong><strong><\/strong><\/p>\n\n\n\n<p>Tandl\u00e6ge<\/p>\n\n\n\n<p><strong>F\u00f8rst registreret den:<\/strong><strong><\/strong><\/p>\n\n\n\n<p>07. juli 2016<\/p>\n\n\n\n<p><strong>Nuv\u00e6rende registreringsperiode fra:<\/strong><strong><\/strong><\/p>\n\n\n\n<p>16. januar 2019 indtil: 31. december 2025<\/p>\n\n\n\n<p><strong>Kvalifikationer:<\/strong><strong><\/strong><\/p>\n\n\n\n<p>BChD University of Leeds 2016<\/p>\n\n\n\n<p>Adressen er: 178 Bures Road, Great Cornard, Sudbury, CO10 0JQ (01787) 375917<br>E-mail er: ammaad1@hotmail.co.uk Telefon- og faxnummer er: +44 7306 567880<\/p>\n\n\n\n<p>Vedh\u00e6ftet nedenfor er et foto af Great Cornard Dental Practice i Storbritannien.<\/p>\n\n\n\n<p>Great Cornard Dental Practice i Storbritannien begyndte at samarbejde med os, Istar Dental Lab, i april 2025<br>Jeg kontaktede Great Cornard Dental Practice i Storbritannien i h\u00e5b om et professionelt partnerskab.<\/p>\n\n\n\n<p>Han sendte filer til os via Medit Link, og vi designede direkte til cadcam for ham. I starten blev betalingen foretaget ret langsomt, men til sidst blev den gennemf\u00f8rt. Den sidste betaling. I starten blev det h\u00e6vdet, at betalingen var foretaget. Senere blev der foretaget en falsk betaling. <\/p>\n\n\n\n<p>Efter at vi havde tjekket det, sagde de, at de ville foretage en ny betaling, men de var n\u00f8dt til at vente p\u00e5, at bankens penge blev returneret til dem. Til sidst blev bankens penge returneret, og de lovede at foretage betalingen igen. Men indtil nu er der g\u00e5et 3 m\u00e5neder, og vi har stadig ikke modtaget disse penge. Hver gang vi sender en besked, markeres den som l\u00e6st, men der gives intet svar.<\/p>\n\n\n\n<figure class=\"wp-block-image size-large\"><img fetchpriority=\"high\" decoding=\"async\" width=\"1024\" height=\"704\" src=\"https:\/\/istardentallab.com\/wp-content\/uploads\/2025\/10\/Great-Cornard-Dental-Practice-is-dishonest-company-1-1024x704.webp\" alt=\"Great Cornard Dental Practice er et u\u00e6rligt firma\" class=\"wp-image-7287\" srcset=\"https:\/\/istardentallab.com\/wp-content\/uploads\/2025\/10\/Great-Cornard-Dental-Practice-is-dishonest-company-1-1024x704.webp 1024w, https:\/\/istardentallab.com\/wp-content\/uploads\/2025\/10\/Great-Cornard-Dental-Practice-is-dishonest-company-1-300x206.webp 300w, https:\/\/istardentallab.com\/wp-content\/uploads\/2025\/10\/Great-Cornard-Dental-Practice-is-dishonest-company-1-768x528.webp 768w, https:\/\/istardentallab.com\/wp-content\/uploads\/2025\/10\/Great-Cornard-Dental-Practice-is-dishonest-company-1-18x12.webp 18w, https:\/\/istardentallab.com\/wp-content\/uploads\/2025\/10\/Great-Cornard-Dental-Practice-is-dishonest-company-1.webp 1240w\" sizes=\"(max-width: 1024px) 100vw, 1024px\" \/><\/figure>\n\n\n\n<figure class=\"wp-block-image size-large\"><img decoding=\"async\" width=\"1024\" height=\"714\" src=\"https:\/\/istardentallab.com\/wp-content\/uploads\/2025\/10\/Great-Cornard-Dental-Practice-is-dishonest-company-2-1024x714.webp\" alt=\"Great Cornard Dental Practice er et u\u00e6rligt firma\" class=\"wp-image-7286\" srcset=\"https:\/\/istardentallab.com\/wp-content\/uploads\/2025\/10\/Great-Cornard-Dental-Practice-is-dishonest-company-2-1024x714.webp 1024w, https:\/\/istardentallab.com\/wp-content\/uploads\/2025\/10\/Great-Cornard-Dental-Practice-is-dishonest-company-2-300x209.webp 300w, https:\/\/istardentallab.com\/wp-content\/uploads\/2025\/10\/Great-Cornard-Dental-Practice-is-dishonest-company-2-768x535.webp 768w, https:\/\/istardentallab.com\/wp-content\/uploads\/2025\/10\/Great-Cornard-Dental-Practice-is-dishonest-company-2-18x12.webp 18w, https:\/\/istardentallab.com\/wp-content\/uploads\/2025\/10\/Great-Cornard-Dental-Practice-is-dishonest-company-2.webp 1228w\" sizes=\"(max-width: 1024px) 100vw, 1024px\" \/><\/figure>\n\n\n\n<figure class=\"wp-block-image size-large\"><img decoding=\"async\" width=\"1024\" height=\"692\" src=\"https:\/\/istardentallab.com\/wp-content\/uploads\/2025\/10\/Great-Cornard-Dental-Practice-is-dishonest-company-3-1024x692.webp\" alt=\"Great Cornard Dental Practice er et u\u00e6rligt firma\" class=\"wp-image-7285\" srcset=\"https:\/\/istardentallab.com\/wp-content\/uploads\/2025\/10\/Great-Cornard-Dental-Practice-is-dishonest-company-3-1024x692.webp 1024w, https:\/\/istardentallab.com\/wp-content\/uploads\/2025\/10\/Great-Cornard-Dental-Practice-is-dishonest-company-3-300x203.webp 300w, https:\/\/istardentallab.com\/wp-content\/uploads\/2025\/10\/Great-Cornard-Dental-Practice-is-dishonest-company-3-768x519.webp 768w, https:\/\/istardentallab.com\/wp-content\/uploads\/2025\/10\/Great-Cornard-Dental-Practice-is-dishonest-company-3-18x12.webp 18w, https:\/\/istardentallab.com\/wp-content\/uploads\/2025\/10\/Great-Cornard-Dental-Practice-is-dishonest-company-3.webp 1252w\" sizes=\"(max-width: 1024px) 100vw, 1024px\" \/><\/figure>\n\n\n\n<figure class=\"wp-block-image size-large\"><img loading=\"lazy\" decoding=\"async\" width=\"1024\" height=\"698\" src=\"https:\/\/istardentallab.com\/wp-content\/uploads\/2025\/10\/Great-Cornard-Dental-Practice-is-dishonest-company-4-1024x698.webp\" alt=\"Great Cornard Dental Practice er et u\u00e6rligt firma\" class=\"wp-image-7284\" srcset=\"https:\/\/istardentallab.com\/wp-content\/uploads\/2025\/10\/Great-Cornard-Dental-Practice-is-dishonest-company-4-1024x698.webp 1024w, https:\/\/istardentallab.com\/wp-content\/uploads\/2025\/10\/Great-Cornard-Dental-Practice-is-dishonest-company-4-300x205.webp 300w, https:\/\/istardentallab.com\/wp-content\/uploads\/2025\/10\/Great-Cornard-Dental-Practice-is-dishonest-company-4-768x524.webp 768w, https:\/\/istardentallab.com\/wp-content\/uploads\/2025\/10\/Great-Cornard-Dental-Practice-is-dishonest-company-4-18x12.webp 18w, https:\/\/istardentallab.com\/wp-content\/uploads\/2025\/10\/Great-Cornard-Dental-Practice-is-dishonest-company-4.webp 1248w\" sizes=\"(max-width: 1024px) 100vw, 1024px\" \/><\/figure>\n\n\n\n<p>Hver gang han lovede at foretage betalingen, bedrog han mig igen og igen. Faktisk foretog han aldrig betalingen overhovedet. Han sagde altid, at han ville betale til os, men de sidste 3 m\u00e5neder nu, stadig ikke modtaget nogen penge fra ham.<\/p>\n\n\n\n<p>I l\u00f8bet af tre m\u00e5neder sendte jeg snesevis af beskeder og foretog utallige opkald - og gik derefter videre til faste opf\u00f8lgninger - men alt, hvad jeg fik til geng\u00e6ld, var kold ligegyldighed. L\u00e6st, men aldrig svaret.<br>I vores laboratorium har vi altid bygget partnerskaber p\u00e5 tillid og integritet. Dr. Ammaad beskadigede noget langt vigtigere: fundamentet for tillid, der holder hele vores industri sammen.<\/p>\n\n\n\n<p>F\u00f8r jeg besluttede at offentligg\u00f8re dette, fors\u00f8gte jeg mange kontakter med Dr. Ammaad. Men n\u00e5r man har at g\u00f8re med en person, der ikke har respekt for deres ord, f\u00f8les disse standardtilgange magtesl\u00f8se.<br>S\u00e5 inds\u00e5 jeg: Hvis jeg forbliver tavs, kan flere dentallaboratorier falde i den samme f\u00e6lde. Og det var der, jeg vidste - nogen m\u00e5tte sige fra.<\/p>\n\n\n\n<p>454 USD kan virke som et lille bel\u00f8b, men for et uafh\u00e6ngigt laboratorium som os er det afg\u00f8rende. Det er et bevis p\u00e5 vores h\u00e5ndv\u00e6rk og en bel\u00f8nning for vores h\u00e5rde arbejde. N\u00e5r laboratorier som Great Cornard Dental Practice i Storbritannien n\u00e6gter at betale, forsinker de ikke kun transaktionen; de respekterer heller ikke vores laboratories h\u00e5ndv\u00e6rk. De devaluerer den kunstneriske kvalitet, pr\u00e6cision og ekspertise, der kr\u00e6ves for at skabe medicinsk udstyr, der genopretter smil og funktion til vores patienter.<\/p>\n\n\n\n<p>De forr\u00e5der tilliden til hele vores profession, som er afh\u00e6ngig af gensidig respekt og integritet mellem tandl\u00e6ger, laboratorier og teknikere. Great Cornard Dental Practice i Storbritanniens handlinger underminerer det fundament<\/p>\n\n\n\n<p>Jeg deler denne historie for at advare tandl\u00e6gesamfundet. V\u00e6r forsigtig, hvis du overvejer at arbejde sammen med Great Cornard Dental Practice i Storbritannien. Jeg beder ogs\u00e5 om din solidaritet. Hvis du tror p\u00e5 etisk forretningspraksis, bedes du dele dette indl\u00e6g. Tag tandl\u00e6geindustriens vagthunde. Lad dem vide, at vores globale samfund ikke vil tolerere udnyttelsen af h\u00e5rdtarbejdende teknikere.<\/p>\n\n\n\n<p>Din st\u00f8tte kan skabe en b\u00f8lge af ansvarlighed, der beskytter den n\u00e6ste person mod at gennemg\u00e5 denne pr\u00f8velse.<\/p>\n\t\t\t\t\t\t\t\t<\/div>\n\t\t\t\t<\/div>\n\t\t\t\t\t<\/div>\n\t\t<\/div>\n\t\t\t\t\t<\/div>\n\t\t<\/section>\n\t\t\t\t<\/div>","protected":false},"excerpt":{"rendered":"<p>Great Cornard Dental Practice is Dishonest Company As one of the top 5 dental labs in China, we highly value every customer who respects us. However, we have also encountered some dishonest customers, and we need to expose them to remind professionals in the dental lab industry. Today, I want to expose a dishonest dental [&hellip;]<\/p>\n","protected":false},"author":1,"featured_media":0,"parent":0,"menu_order":0,"comment_status":"closed","ping_status":"closed","template":"","meta":{"_acf_changed":false,"footnotes":""},"class_list":["post-7220","page","type-page","status-publish","hentry"],"acf":[],"_links":{"self":[{"href":"https:\/\/istardentallab.com\/da\/wp-json\/wp\/v2\/pages\/7220","targetHints":{"allow":["GET"]}}],"collection":[{"href":"https:\/\/istardentallab.com\/da\/wp-json\/wp\/v2\/pages"}],"about":[{"href":"https:\/\/istardentallab.com\/da\/wp-json\/wp\/v2\/types\/page"}],"author":[{"embeddable":true,"href":"https:\/\/istardentallab.com\/da\/wp-json\/wp\/v2\/users\/1"}],"replies":[{"embeddable":true,"href":"https:\/\/istardentallab.com\/da\/wp-json\/wp\/v2\/comments?post=7220"}],"version-history":[{"count":6,"href":"https:\/\/istardentallab.com\/da\/wp-json\/wp\/v2\/pages\/7220\/revisions"}],"predecessor-version":[{"id":7330,"href":"https:\/\/istardentallab.com\/da\/wp-json\/wp\/v2\/pages\/7220\/revisions\/7330"}],"wp:attachment":[{"href":"https:\/\/istardentallab.com\/da\/wp-json\/wp\/v2\/media?parent=7220"}],"curies":[{"name":"wp","href":"https:\/\/api.w.org\/{rel}","templated":true}]}}