{"id":1407,"date":"2023-06-13T06:05:47","date_gmt":"2023-06-13T06:05:47","guid":{"rendered":"https:\/\/istardentallab.com\/?page_id=1407"},"modified":"2023-06-23T07:42:27","modified_gmt":"2023-06-23T07:42:27","slug":"thank-you","status":"publish","type":"page","link":"https:\/\/istardentallab.com\/de\/thank-you\/","title":{"rendered":"Ich danke Ihnen!"},"content":{"rendered":"<div data-elementor-type=\"wp-page\" data-elementor-id=\"1407\" class=\"elementor elementor-1407\" data-elementor-post-type=\"page\">\n\t\t\t\t\t\t<section class=\"elementor-section elementor-top-section elementor-element elementor-element-571e318 elementor-section-boxed elementor-section-height-default elementor-section-height-default\" data-id=\"571e318\" data-element_type=\"section\" data-e-type=\"section\">\n\t\t\t\t\t\t<div class=\"elementor-container elementor-column-gap-default\">\n\t\t\t\t\t<div class=\"elementor-column elementor-col-100 elementor-top-column elementor-element elementor-element-b81d63e\" data-id=\"b81d63e\" data-element_type=\"column\" data-e-type=\"column\">\n\t\t\t<div class=\"elementor-widget-wrap elementor-element-populated\">\n\t\t\t\t\t\t<div class=\"elementor-element elementor-element-fc1e3ba elementor-widget__width-initial elementor-widget elementor-widget-heading\" data-id=\"fc1e3ba\" data-element_type=\"widget\" data-e-type=\"widget\" data-widget_type=\"heading.default\">\n\t\t\t\t<div class=\"elementor-widget-container\">\n\t\t\t\t\t<h2 class=\"elementor-heading-title elementor-size-xl\">Vielen Dank, dass Sie Istar als Ihren Partner f\u00fcr Dentallabore in China kontaktiert haben.\n\n<\/h2>\t\t\t\t<\/div>\n\t\t\t\t<\/div>\n\t\t\t\t\t<\/div>\n\t\t<\/div>\n\t\t\t\t\t<\/div>\n\t\t<\/section>\n\t\t\t\t<section class=\"elementor-section elementor-top-section elementor-element elementor-element-f62f91e elementor-section-boxed elementor-section-height-default elementor-section-height-default\" data-id=\"f62f91e\" data-element_type=\"section\" data-e-type=\"section\">\n\t\t\t\t\t\t<div class=\"elementor-container elementor-column-gap-default\">\n\t\t\t\t\t<div class=\"elementor-column elementor-col-100 elementor-top-column elementor-element elementor-element-2ea37ab\" data-id=\"2ea37ab\" data-element_type=\"column\" data-e-type=\"column\">\n\t\t\t<div class=\"elementor-widget-wrap elementor-element-populated\">\n\t\t\t\t\t\t<div class=\"elementor-element elementor-element-cc33164 elementor-widget elementor-widget-text-editor\" data-id=\"cc33164\" data-element_type=\"widget\" data-e-type=\"widget\" data-widget_type=\"text-editor.default\">\n\t\t\t\t<div class=\"elementor-widget-container\">\n\t\t\t\t\t\t\t\t\t<p><strong>Wir werden uns so schnell wie m\u00f6glich bei Ihnen melden.<\/strong><\/p><p><strong>Rufen Sie unseren Vertrieb an oder senden Sie eine Whatsapp-Nachricht mit dieser Telefonnummer: +86 18575368050 wenn die Dinge sehr dringend sind.<\/strong><\/p><p><strong>Vielen Dank, einen sch\u00f6nen Tag noch!<\/strong><\/p>\t\t\t\t\t\t\t\t<\/div>\n\t\t\t\t<\/div>\n\t\t\t\t\t<\/div>\n\t\t<\/div>\n\t\t\t\t\t<\/div>\n\t\t<\/section>\n\t\t\t\t<\/div>","protected":false},"excerpt":{"rendered":"<p>Vielen Dank, dass Sie Istar als Ihren Partner f\u00fcr Dentallabore in China kontaktiert haben. Wir werden so schnell wie m\u00f6glich auf Sie zur\u00fcckkommen. Rufen Sie unseren Vertrieb an oder senden Sie eine Whatsapp-Nachricht mit dieser Telefonnummer: +86 18575368050 wenn die Dinge sehr dringend sind. Vielen Dank und einen sch\u00f6nen Tag!<\/p>","protected":false},"author":3,"featured_media":0,"parent":0,"menu_order":0,"comment_status":"closed","ping_status":"closed","template":"","meta":{"_acf_changed":false,"footnotes":""},"class_list":["post-1407","page","type-page","status-publish","hentry"],"acf":[],"_links":{"self":[{"href":"https:\/\/istardentallab.com\/de\/wp-json\/wp\/v2\/pages\/1407","targetHints":{"allow":["GET"]}}],"collection":[{"href":"https:\/\/istardentallab.com\/de\/wp-json\/wp\/v2\/pages"}],"about":[{"href":"https:\/\/istardentallab.com\/de\/wp-json\/wp\/v2\/types\/page"}],"author":[{"embeddable":true,"href":"https:\/\/istardentallab.com\/de\/wp-json\/wp\/v2\/users\/3"}],"replies":[{"embeddable":true,"href":"https:\/\/istardentallab.com\/de\/wp-json\/wp\/v2\/comments?post=1407"}],"version-history":[{"count":0,"href":"https:\/\/istardentallab.com\/de\/wp-json\/wp\/v2\/pages\/1407\/revisions"}],"wp:attachment":[{"href":"https:\/\/istardentallab.com\/de\/wp-json\/wp\/v2\/media?parent=1407"}],"curies":[{"name":"wp","href":"https:\/\/api.w.org\/{rel}","templated":true}]}}