{"id":3989,"date":"2024-10-23T10:36:18","date_gmt":"2024-10-23T10:36:18","guid":{"rendered":"https:\/\/istardentallab.com\/?page_id=3989"},"modified":"2025-10-14T07:46:41","modified_gmt":"2025-10-14T07:46:41","slug":"prezi-dent-lab-is-a-fraudulent-company","status":"publish","type":"page","link":"https:\/\/istardentallab.com\/de\/prezi-dent-lab-is-a-fraudulent-company\/","title":{"rendered":"Prezi-Dent Lab ist ein betr\u00fcgerisches Unternehmen"},"content":{"rendered":"<div data-elementor-type=\"wp-page\" data-elementor-id=\"3989\" class=\"elementor elementor-3989\" data-elementor-post-type=\"page\">\n\t\t\t\t\t\t<section class=\"elementor-section elementor-top-section elementor-element elementor-element-8d5a36a elementor-section-boxed elementor-section-height-default elementor-section-height-default\" data-id=\"8d5a36a\" data-element_type=\"section\" data-e-type=\"section\">\n\t\t\t\t\t\t<div class=\"elementor-container elementor-column-gap-default\">\n\t\t\t\t\t<div class=\"elementor-column elementor-col-100 elementor-top-column elementor-element elementor-element-f24d9a3\" data-id=\"f24d9a3\" data-element_type=\"column\" data-e-type=\"column\">\n\t\t\t<div class=\"elementor-widget-wrap elementor-element-populated\">\n\t\t\t\t\t\t<div class=\"elementor-element elementor-element-cee6a49 elementor-widget elementor-widget-heading\" data-id=\"cee6a49\" data-element_type=\"widget\" data-e-type=\"widget\" data-widget_type=\"heading.default\">\n\t\t\t\t<div class=\"elementor-widget-container\">\n\t\t\t\t\t<h1 class=\"elementor-heading-title elementor-size-default\">Prezi-Dent Lab ist ein betr\u00fcgerisches Unternehmen<\/h1>\t\t\t\t<\/div>\n\t\t\t\t<\/div>\n\t\t\t\t\t<\/div>\n\t\t<\/div>\n\t\t\t\t\t<\/div>\n\t\t<\/section>\n\t\t\t\t<section class=\"elementor-section elementor-top-section elementor-element elementor-element-6900a387 elementor-section-boxed elementor-section-height-default elementor-section-height-default\" data-id=\"6900a387\" data-element_type=\"section\" data-e-type=\"section\">\n\t\t\t\t\t\t<div class=\"elementor-container elementor-column-gap-default\">\n\t\t\t\t\t<div class=\"elementor-column elementor-col-100 elementor-top-column elementor-element elementor-element-3eb2222a\" data-id=\"3eb2222a\" data-element_type=\"column\" data-e-type=\"column\">\n\t\t\t<div class=\"elementor-widget-wrap elementor-element-populated\">\n\t\t\t\t\t\t<div class=\"elementor-element elementor-element-fc615f9 elementor-widget elementor-widget-text-editor\" data-id=\"fc615f9\" data-element_type=\"widget\" data-e-type=\"widget\" data-widget_type=\"text-editor.default\">\n\t\t\t\t<div class=\"elementor-widget-container\">\n\t\t\t\t\t\t\t\t\t\n<p>Hallo zusammen, ich bin von Istar Dental Lab, einem hochprofessionellen Dentallabor mit Sitz in China.&nbsp;<\/p>\n\n\n\n<p>Unser Qualit\u00e4tssystem geh\u00f6rt zu den f\u00fcnf besten in China. Heute bin ich sehr erfreut, Informationen \u00fcber ein Dentallabor aus den Vereinigten Staaten weitergeben zu k\u00f6nnen.&nbsp;<\/p>\n\n\n\n<p>Sie hei\u00dft Prezi-Dent Lab Inc. und hat ihren Sitz in 97-09 64th Rd #2, Rego Park, NY 11374.&nbsp;<\/p>\n\n\n\n<p>Der Inhaber ist Aron Samandarov, und die Telefonnummer lautet +1 (347) 605-8781.<\/p>\n\n\n\n<p>Zun\u00e4chst einmal werden alle Produkte dieses Unternehmens an Dentallabore in China ausgelagert, und sie haben mit vielen Unternehmen in China Kontakt aufgenommen.&nbsp;<\/p>\n\n\n\n<p>Unsere Geschichte begann im Juli dieses Jahres. Unten finden Sie einige Chat-Screenshots.&nbsp;<\/p>\n\n\n\n<p>Sie bekundeten ihr Interesse an unserem Dentallabor und versprachen, uns einige Auftr\u00e4ge zukommen zu lassen, wobei sie uns versicherten, dass die Bezahlung p\u00fcnktlich mit monatlichen Abrechnungen erfolgen w\u00fcrde.&nbsp;<\/p>\n\n\n\n<p>Innerhalb von zwei Wochen schickten sie uns dann einige gro\u00dfe Kisten. Nachdem sie jedoch alle Bestellungen erhalten hatten, sagten sie uns pl\u00f6tzlich, dass die Qualit\u00e4t unserer Produkte schlecht sei und die \u00c4rzte nicht zufrieden seien.<\/p>\n\n\n\n<figure class=\"wp-block-image size-full\"><img fetchpriority=\"high\" decoding=\"async\" width=\"1017\" height=\"749\" src=\"https:\/\/istardentallab.com\/wp-content\/uploads\/2024\/10\/Prezi-Dent-Lab-is-a-Fraudulent-Company-3.webp\" alt=\"\" class=\"wp-image-3991\" srcset=\"https:\/\/istardentallab.com\/wp-content\/uploads\/2024\/10\/Prezi-Dent-Lab-is-a-Fraudulent-Company-3.webp 1017w, https:\/\/istardentallab.com\/wp-content\/uploads\/2024\/10\/Prezi-Dent-Lab-is-a-Fraudulent-Company-3-300x221.webp 300w, https:\/\/istardentallab.com\/wp-content\/uploads\/2024\/10\/Prezi-Dent-Lab-is-a-Fraudulent-Company-3-768x566.webp 768w\" sizes=\"(max-width: 1017px) 100vw, 1017px\" \/><\/figure>\n\n\n\n<figure class=\"wp-block-image size-full\"><img decoding=\"async\" width=\"1011\" height=\"431\" src=\"https:\/\/istardentallab.com\/wp-content\/uploads\/2024\/10\/Prezi-Dent-Lab-is-a-Fraudulent-Company-1.webp\" alt=\"\" class=\"wp-image-3990\" srcset=\"https:\/\/istardentallab.com\/wp-content\/uploads\/2024\/10\/Prezi-Dent-Lab-is-a-Fraudulent-Company-1.webp 1011w, https:\/\/istardentallab.com\/wp-content\/uploads\/2024\/10\/Prezi-Dent-Lab-is-a-Fraudulent-Company-1-300x128.webp 300w, https:\/\/istardentallab.com\/wp-content\/uploads\/2024\/10\/Prezi-Dent-Lab-is-a-Fraudulent-Company-1-768x327.webp 768w\" sizes=\"(max-width: 1011px) 100vw, 1011px\" \/><\/figure>\n\n\n\n<p>Danach antworteten sie nicht mehr auf Nachrichten. Als der August kam und es Zeit f\u00fcr die Zahlung war, antworteten sie nicht auf Nachrichten, die die Zahlung betrafen.&nbsp;<\/p>\n\n\n\n<p>Als wir anriefen, sagten sie, sie seien besch\u00e4ftigt. Ich habe ihnen gesagt, dass sie die defekten Koffer zur\u00fcckgeben k\u00f6nnen, ohne dass wir sie in Rechnung stellen, und dass sie nur f\u00fcr die gut passenden Koffer bezahlen m\u00fcssen.&nbsp;<\/p>\n\n\n\n<p>Aber auch hier gab es keine Antwort. Es wurde deutlich, dass dieser Kunde weggelaufen war.<\/p>\n\n\n\n<figure class=\"wp-block-image size-full\"><img decoding=\"async\" width=\"1015\" height=\"778\" src=\"https:\/\/istardentallab.com\/wp-content\/uploads\/2024\/10\/Prezi-Dent-Lab-is-a-Fraudulent-Company-2.webp\" alt=\"\" class=\"wp-image-3992\" srcset=\"https:\/\/istardentallab.com\/wp-content\/uploads\/2024\/10\/Prezi-Dent-Lab-is-a-Fraudulent-Company-2.webp 1015w, https:\/\/istardentallab.com\/wp-content\/uploads\/2024\/10\/Prezi-Dent-Lab-is-a-Fraudulent-Company-2-300x230.webp 300w, https:\/\/istardentallab.com\/wp-content\/uploads\/2024\/10\/Prezi-Dent-Lab-is-a-Fraudulent-Company-2-768x589.webp 768w\" sizes=\"(max-width: 1015px) 100vw, 1015px\" \/><\/figure>\n\n\n\n<p>Ich m\u00f6chte den amerikanischen \u00c4rzten sagen: Bitte geben Sie Ihr Gesch\u00e4ft nicht an solche unehrlichen Leute ab.&nbsp;<\/p>\n\n\n\n<p>Es gibt viele seri\u00f6se Unternehmen in den Vereinigten Staaten, und Sie sollten Ihre Bestellungen bei diesen Unternehmen aufgeben.<\/p>\n\n\n\n<p>Ich m\u00f6chte allen chinesischen Dentallabors sagen: Bitte schicken Sie Ihre F\u00e4lle nicht an solche unehrlichen Dentallabors,&nbsp;<\/p>\n\n\n\n<p>Oder Sie verlieren Geld und erhalten keine Gegenleistung, was extrem frustrierend ist!<\/p>\n\n\n\n<p><\/p>\n\t\t\t\t\t\t\t\t<\/div>\n\t\t\t\t<\/div>\n\t\t\t\t\t<\/div>\n\t\t<\/div>\n\t\t\t\t\t<\/div>\n\t\t<\/section>\n\t\t\t\t<\/div>","protected":false},"excerpt":{"rendered":"<p>Prezi-Dent Lab is a Fraudulent Company Hello everyone, I am from Istar Dental Lab, a highly professional dental lab based in China.&nbsp; Our quality system ranks in the top five in China. Today, I am extremely angry to share information about a dental lab from the United States.&nbsp; Its name is Prezi-Dent Lab Inc, located [&hellip;]<\/p>\n","protected":false},"author":1,"featured_media":3924,"parent":0,"menu_order":0,"comment_status":"closed","ping_status":"closed","template":"","meta":{"_acf_changed":false,"footnotes":""},"class_list":["post-3989","page","type-page","status-publish","has-post-thumbnail","hentry"],"acf":[],"_links":{"self":[{"href":"https:\/\/istardentallab.com\/de\/wp-json\/wp\/v2\/pages\/3989","targetHints":{"allow":["GET"]}}],"collection":[{"href":"https:\/\/istardentallab.com\/de\/wp-json\/wp\/v2\/pages"}],"about":[{"href":"https:\/\/istardentallab.com\/de\/wp-json\/wp\/v2\/types\/page"}],"author":[{"embeddable":true,"href":"https:\/\/istardentallab.com\/de\/wp-json\/wp\/v2\/users\/1"}],"replies":[{"embeddable":true,"href":"https:\/\/istardentallab.com\/de\/wp-json\/wp\/v2\/comments?post=3989"}],"version-history":[{"count":4,"href":"https:\/\/istardentallab.com\/de\/wp-json\/wp\/v2\/pages\/3989\/revisions"}],"predecessor-version":[{"id":7322,"href":"https:\/\/istardentallab.com\/de\/wp-json\/wp\/v2\/pages\/3989\/revisions\/7322"}],"wp:featuredmedia":[{"embeddable":true,"href":"https:\/\/istardentallab.com\/de\/wp-json\/wp\/v2\/media\/3924"}],"wp:attachment":[{"href":"https:\/\/istardentallab.com\/de\/wp-json\/wp\/v2\/media?parent=3989"}],"curies":[{"name":"wp","href":"https:\/\/api.w.org\/{rel}","templated":true}]}}