{"id":4775,"date":"2024-12-18T08:44:28","date_gmt":"2024-12-18T08:44:28","guid":{"rendered":"https:\/\/istardentallab.com\/?page_id=4775"},"modified":"2025-10-14T07:42:52","modified_gmt":"2025-10-14T07:42:52","slug":"laboratoire-outrebon-in-france-is-dishonest-dental-lab","status":"publish","type":"page","link":"https:\/\/istardentallab.com\/de\/laboratoire-outrebon-in-france-is-dishonest-dental-lab\/","title":{"rendered":"LABORATOIRE OUTREBON in Frankreich ist ein unehrliches Dentallabor"},"content":{"rendered":"<div data-elementor-type=\"wp-page\" data-elementor-id=\"4775\" class=\"elementor elementor-4775\" data-elementor-post-type=\"page\">\n\t\t\t\t\t\t<section class=\"elementor-section elementor-top-section elementor-element elementor-element-f7a4ec6 elementor-section-boxed elementor-section-height-default elementor-section-height-default\" data-id=\"f7a4ec6\" data-element_type=\"section\" data-e-type=\"section\">\n\t\t\t\t\t\t<div class=\"elementor-container elementor-column-gap-default\">\n\t\t\t\t\t<div class=\"elementor-column elementor-col-100 elementor-top-column elementor-element elementor-element-2464f8d\" data-id=\"2464f8d\" data-element_type=\"column\" data-e-type=\"column\">\n\t\t\t<div class=\"elementor-widget-wrap elementor-element-populated\">\n\t\t\t\t\t\t<div class=\"elementor-element elementor-element-ff9f1e8 elementor-widget elementor-widget-heading\" data-id=\"ff9f1e8\" data-element_type=\"widget\" data-e-type=\"widget\" data-widget_type=\"heading.default\">\n\t\t\t\t<div class=\"elementor-widget-container\">\n\t\t\t\t\t<h1 class=\"elementor-heading-title elementor-size-default\">LABORATOIRE OUTREBON in Frankreich ist ein unehrliches Dentallabor<\/h1>\t\t\t\t<\/div>\n\t\t\t\t<\/div>\n\t\t\t\t\t<\/div>\n\t\t<\/div>\n\t\t\t\t\t<\/div>\n\t\t<\/section>\n\t\t\t\t<section class=\"elementor-section elementor-top-section elementor-element elementor-element-9757990 elementor-section-boxed elementor-section-height-default elementor-section-height-default\" data-id=\"9757990\" data-element_type=\"section\" data-e-type=\"section\">\n\t\t\t\t\t\t<div class=\"elementor-container elementor-column-gap-default\">\n\t\t\t\t\t<div class=\"elementor-column elementor-col-100 elementor-top-column elementor-element elementor-element-729f0715\" data-id=\"729f0715\" data-element_type=\"column\" data-e-type=\"column\">\n\t\t\t<div class=\"elementor-widget-wrap elementor-element-populated\">\n\t\t\t\t\t\t<div class=\"elementor-element elementor-element-607f69ac elementor-widget elementor-widget-text-editor\" data-id=\"607f69ac\" data-element_type=\"widget\" data-e-type=\"widget\" data-widget_type=\"text-editor.default\">\n\t\t\t\t<div class=\"elementor-widget-container\">\n\t\t\t\t\t\t\t\t\t\n<p>Als eines der f\u00fchrenden Dentallabore in China sch\u00e4tzen wir jeden Kunden, der uns respektiert. Allerdings sind wir auch auf einige unehrliche Kunden gesto\u00dfen, die wir an die Fachleute in der Dentallabor-Branche erinnern m\u00fcssen.<\/p>\n\n<p>Heute m\u00f6chte ich ein unehrliches Dentallabor aus Frankreich entlarven.\u00a0<\/p>\n\n<p>Der Name des Unternehmens ist LABORATOIRE OUTREBON, und der Name des Eigent\u00fcmers ist Maxime Outrebon.\u00a0<\/p>\n\n<p>Die Adresse lautet 46 Rue \u00e0 Borel, 80100 ABBEVILLE, Frankreich. Die E-Mail-Adresse lautet: laboratoire-outrebon@orange.fr. Die Telefon- und WhatsApp-Nummer lautet +33 6 07 35 81 82.\u00a0<\/p>\n\n<p>Im Anhang finden Sie ein Foto von Maxime Outrebon.<\/p>\n\n<div class=\"wp-block-columns is-layout-flex wp-container-core-columns-is-layout-28f84493 wp-block-columns-is-layout-flex\">\n<div class=\"wp-block-column is-layout-flow wp-block-column-is-layout-flow\">\n<figure class=\"wp-block-image size-full\"><img fetchpriority=\"high\" decoding=\"async\" width=\"500\" height=\"500\" class=\"wp-image-4777\" src=\"https:\/\/istardentallab.com\/wp-content\/uploads\/2024\/12\/LABORATOIRE-OUTREBON-in-France-is-dishonest-dental-lab-2.jpg\" alt=\"\" srcset=\"https:\/\/istardentallab.com\/wp-content\/uploads\/2024\/12\/LABORATOIRE-OUTREBON-in-France-is-dishonest-dental-lab-2.jpg 500w, https:\/\/istardentallab.com\/wp-content\/uploads\/2024\/12\/LABORATOIRE-OUTREBON-in-France-is-dishonest-dental-lab-2-300x300.jpg 300w, https:\/\/istardentallab.com\/wp-content\/uploads\/2024\/12\/LABORATOIRE-OUTREBON-in-France-is-dishonest-dental-lab-2-150x150.jpg 150w\" sizes=\"(max-width: 500px) 100vw, 500px\" \/><\/figure>\n<\/div>\n\n<div class=\"wp-block-column is-layout-flow wp-block-column-is-layout-flow\">\n<figure class=\"wp-block-image size-full\"><img decoding=\"async\" width=\"500\" height=\"500\" class=\"wp-image-4776\" src=\"https:\/\/istardentallab.com\/wp-content\/uploads\/2024\/12\/LABORATOIRE-OUTREBON-in-France-is-dishonest-dental-lab-1.jpg\" alt=\"LABORATOIRE OUTREBON in Frankreich ist ein unehrliches Dentallabor\" srcset=\"https:\/\/istardentallab.com\/wp-content\/uploads\/2024\/12\/LABORATOIRE-OUTREBON-in-France-is-dishonest-dental-lab-1.jpg 500w, https:\/\/istardentallab.com\/wp-content\/uploads\/2024\/12\/LABORATOIRE-OUTREBON-in-France-is-dishonest-dental-lab-1-300x300.jpg 300w, https:\/\/istardentallab.com\/wp-content\/uploads\/2024\/12\/LABORATOIRE-OUTREBON-in-France-is-dishonest-dental-lab-1-150x150.jpg 150w\" sizes=\"(max-width: 500px) 100vw, 500px\" \/><\/figure>\n<\/div>\n<\/div>\n\n<p>LABORATOIRE OUTREBON arbeitet seit September 2023 mit uns, Istar Dental Lab, zusammen.\u00a0<\/p>\n\n<p>In der Anfangsphase verlief die Zusammenarbeit sehr reibungslos. Wir haben die zahn\u00e4rztlichen F\u00e4lle mit hervorragender Qualit\u00e4t abgeschlossen, und er hat die Zahlungen p\u00fcnktlich geleistet.\u00a0<\/p>\n\n<p>Ab M\u00e4rz 2024 stellte er jedoch pl\u00f6tzlich die Zahlungen ein und begann, uns mit verschiedenen Ausreden zu t\u00e4uschen, damit wir seine Auftr\u00e4ge weiter ausf\u00fchren.<\/p>\n\n<figure class=\"wp-block-image size-full\"><img decoding=\"async\" width=\"1005\" height=\"536\" class=\"wp-image-4778\" src=\"https:\/\/istardentallab.com\/wp-content\/uploads\/2024\/12\/LABORATOIRE-OUTREBON-in-France-is-dishonest-dental-lab-3.webp\" alt=\"\" srcset=\"https:\/\/istardentallab.com\/wp-content\/uploads\/2024\/12\/LABORATOIRE-OUTREBON-in-France-is-dishonest-dental-lab-3.webp 1005w, https:\/\/istardentallab.com\/wp-content\/uploads\/2024\/12\/LABORATOIRE-OUTREBON-in-France-is-dishonest-dental-lab-3-300x160.webp 300w, https:\/\/istardentallab.com\/wp-content\/uploads\/2024\/12\/LABORATOIRE-OUTREBON-in-France-is-dishonest-dental-lab-3-768x410.webp 768w\" sizes=\"(max-width: 1005px) 100vw, 1005px\" \/><\/figure>\n\n<p>Er benutzte die Ausrede des schwierigen Gesch\u00e4fts und machte viele Versprechungen, um uns zu bitten, seine F\u00e4lle weiter zu bearbeiten.<\/p>\n\n<p>Nachdem unser Kundenbetreuer jedoch im Oktober die letzte Bestellung abgeschickt hatte, endete die Zusammenarbeit.<\/p>\n\n<p>Er versicherte uns, dass die Zahlungen veranlasst w\u00fcrden, aber jetzt, im Dezember 2024, haben wir immer noch keine Zahlungen erhalten. Er ist eine nicht vertrauensw\u00fcrdige Person.<\/p>\n\n<figure class=\"wp-block-image size-large\"><img loading=\"lazy\" decoding=\"async\" width=\"1024\" height=\"625\" class=\"wp-image-4779\" src=\"https:\/\/istardentallab.com\/wp-content\/uploads\/2024\/12\/LABORATOIRE-OUTREBON-in-France-is-dishonest-dental-lab-4-1024x625.webp\" alt=\"\" srcset=\"https:\/\/istardentallab.com\/wp-content\/uploads\/2024\/12\/LABORATOIRE-OUTREBON-in-France-is-dishonest-dental-lab-4-1024x625.webp 1024w, https:\/\/istardentallab.com\/wp-content\/uploads\/2024\/12\/LABORATOIRE-OUTREBON-in-France-is-dishonest-dental-lab-4-300x183.webp 300w, https:\/\/istardentallab.com\/wp-content\/uploads\/2024\/12\/LABORATOIRE-OUTREBON-in-France-is-dishonest-dental-lab-4-768x469.webp 768w, https:\/\/istardentallab.com\/wp-content\/uploads\/2024\/12\/LABORATOIRE-OUTREBON-in-France-is-dishonest-dental-lab-4.webp 1045w\" sizes=\"(max-width: 1024px) 100vw, 1024px\" \/><\/figure>\n\n<figure class=\"wp-block-image size-large\"><img loading=\"lazy\" decoding=\"async\" width=\"1024\" height=\"806\" class=\"wp-image-4780\" src=\"https:\/\/istardentallab.com\/wp-content\/uploads\/2024\/12\/LABORATOIRE-OUTREBON-in-France-is-dishonest-dental-lab-5-1024x806.webp\" alt=\"\" srcset=\"https:\/\/istardentallab.com\/wp-content\/uploads\/2024\/12\/LABORATOIRE-OUTREBON-in-France-is-dishonest-dental-lab-5-1024x806.webp 1024w, https:\/\/istardentallab.com\/wp-content\/uploads\/2024\/12\/LABORATOIRE-OUTREBON-in-France-is-dishonest-dental-lab-5-300x236.webp 300w, https:\/\/istardentallab.com\/wp-content\/uploads\/2024\/12\/LABORATOIRE-OUTREBON-in-France-is-dishonest-dental-lab-5-768x605.webp 768w, https:\/\/istardentallab.com\/wp-content\/uploads\/2024\/12\/LABORATOIRE-OUTREBON-in-France-is-dishonest-dental-lab-5.webp 1040w\" sizes=\"(max-width: 1024px) 100vw, 1024px\" \/><\/figure>\n\n<p>Danach antwortete er nicht mehr auf meine Nachrichten.\u00a0<\/p>\n\n<p>Dieses unehrliche Verhalten sollte allen Dentallabors bekannt gemacht werden, damit sie nicht mit ihm zusammenarbeiten.<\/p>\n\n<p>Ich fordere alle \u00c4rzte in Frankreich dringend auf, Ihre F\u00e4lle nicht mehr an Maxime Outrebon zu \u00fcberweisen.\u00a0<\/p>\n\n<p>Ich habe bereits die meisten chinesischen Dentallabors benachrichtigt und ihnen mitgeteilt, dass er ein Betr\u00fcger ist.\u00a0<\/p>\n\n<p>Wenn Sie Ihre F\u00e4lle weiterhin an ihn schicken, riskieren Sie, dass Ihre Eindr\u00fccke verloren gehen.<\/p>\n\n<p>Ich fordere alle chinesischen Dentallabore noch einmal auf, keine Auftr\u00e4ge von ihm anzunehmen. Stellen Sie keine Produkte f\u00fcr einen Betr\u00fcger her.<\/p>\n\n<p>\u00a0<\/p>\n\t\t\t\t\t\t\t\t<\/div>\n\t\t\t\t<\/div>\n\t\t\t\t\t<\/div>\n\t\t<\/div>\n\t\t\t\t\t<\/div>\n\t\t<\/section>\n\t\t\t\t<\/div>","protected":false},"excerpt":{"rendered":"<p>LABORATOIRE OUTREBON in France is Dishonest Dental Lab As one of the top dental labs in China, we highly value every customer who respects us. However, we have also encountered some dishonest customers, and we need to expose them to remind professionals in the dental lab industry. Today, I want to expose a dishonest dental [&hellip;]<\/p>\n","protected":false},"author":1,"featured_media":4780,"parent":0,"menu_order":0,"comment_status":"closed","ping_status":"closed","template":"","meta":{"_acf_changed":false,"footnotes":""},"class_list":["post-4775","page","type-page","status-publish","has-post-thumbnail","hentry"],"acf":[],"_links":{"self":[{"href":"https:\/\/istardentallab.com\/de\/wp-json\/wp\/v2\/pages\/4775","targetHints":{"allow":["GET"]}}],"collection":[{"href":"https:\/\/istardentallab.com\/de\/wp-json\/wp\/v2\/pages"}],"about":[{"href":"https:\/\/istardentallab.com\/de\/wp-json\/wp\/v2\/types\/page"}],"author":[{"embeddable":true,"href":"https:\/\/istardentallab.com\/de\/wp-json\/wp\/v2\/users\/1"}],"replies":[{"embeddable":true,"href":"https:\/\/istardentallab.com\/de\/wp-json\/wp\/v2\/comments?post=4775"}],"version-history":[{"count":5,"href":"https:\/\/istardentallab.com\/de\/wp-json\/wp\/v2\/pages\/4775\/revisions"}],"predecessor-version":[{"id":7316,"href":"https:\/\/istardentallab.com\/de\/wp-json\/wp\/v2\/pages\/4775\/revisions\/7316"}],"wp:featuredmedia":[{"embeddable":true,"href":"https:\/\/istardentallab.com\/de\/wp-json\/wp\/v2\/media\/4780"}],"wp:attachment":[{"href":"https:\/\/istardentallab.com\/de\/wp-json\/wp\/v2\/media?parent=4775"}],"curies":[{"name":"wp","href":"https:\/\/api.w.org\/{rel}","templated":true}]}}