{"id":7220,"date":"2025-10-14T07:10:56","date_gmt":"2025-10-14T07:10:56","guid":{"rendered":"https:\/\/istardentallab.com\/?page_id=7220"},"modified":"2025-10-14T07:15:50","modified_gmt":"2025-10-14T07:15:50","slug":"great-cornard-dental-practice-is-dishonest-company","status":"publish","type":"page","link":"https:\/\/istardentallab.com\/de\/great-cornard-dental-practice-is-dishonest-company\/","title":{"rendered":"Zahnarztpraxis Great Cornard ist ein unehrliches Unternehmen"},"content":{"rendered":"<div data-elementor-type=\"wp-page\" data-elementor-id=\"7220\" class=\"elementor elementor-7220\" data-elementor-post-type=\"page\">\n\t\t\t\t\t\t<section class=\"elementor-section elementor-top-section elementor-element elementor-element-d3ff937 elementor-section-boxed elementor-section-height-default elementor-section-height-default\" data-id=\"d3ff937\" data-element_type=\"section\" data-e-type=\"section\">\n\t\t\t\t\t\t<div class=\"elementor-container elementor-column-gap-default\">\n\t\t\t\t\t<div class=\"elementor-column elementor-col-100 elementor-top-column elementor-element elementor-element-b705ee4\" data-id=\"b705ee4\" data-element_type=\"column\" data-e-type=\"column\">\n\t\t\t<div class=\"elementor-widget-wrap elementor-element-populated\">\n\t\t\t\t\t\t<div class=\"elementor-element elementor-element-67d7f5d elementor-widget elementor-widget-heading\" data-id=\"67d7f5d\" data-element_type=\"widget\" data-e-type=\"widget\" data-widget_type=\"heading.default\">\n\t\t\t\t<div class=\"elementor-widget-container\">\n\t\t\t\t\t<h1 class=\"elementor-heading-title elementor-size-default\">Zahnarztpraxis Great Cornard ist ein unehrliches Unternehmen<\/h1>\t\t\t\t<\/div>\n\t\t\t\t<\/div>\n\t\t\t\t\t<\/div>\n\t\t<\/div>\n\t\t\t\t\t<\/div>\n\t\t<\/section>\n\t\t\t\t<section class=\"elementor-section elementor-top-section elementor-element elementor-element-34c2f6e8 elementor-section-boxed elementor-section-height-default elementor-section-height-default\" data-id=\"34c2f6e8\" data-element_type=\"section\" data-e-type=\"section\">\n\t\t\t\t\t\t<div class=\"elementor-container elementor-column-gap-default\">\n\t\t\t\t\t<div class=\"elementor-column elementor-col-100 elementor-top-column elementor-element elementor-element-1b18ec86\" data-id=\"1b18ec86\" data-element_type=\"column\" data-e-type=\"column\">\n\t\t\t<div class=\"elementor-widget-wrap elementor-element-populated\">\n\t\t\t\t\t\t<div class=\"elementor-element elementor-element-7882cdcc elementor-widget elementor-widget-text-editor\" data-id=\"7882cdcc\" data-element_type=\"widget\" data-e-type=\"widget\" data-widget_type=\"text-editor.default\">\n\t\t\t\t<div class=\"elementor-widget-container\">\n\t\t\t\t\t\t\t\t\t\n<p>Als eines der Top-5-Dentallabore in China sch\u00e4tzen wir jeden Kunden, der uns respektiert. Wir sind jedoch auch auf einige unehrliche Kunden gesto\u00dfen, und wir m\u00fcssen sie entlarven, um Fachleute in der Dentallaborbranche daran zu erinnern.<\/p>\n\n\n\n<p>Heute m\u00f6chte ich ein unehrliches Dentallabor aus Gro\u00dfbritannien entlarven.&nbsp;<\/p>\n\n\n\n<p>Der Name des Unternehmens ist Great Cornard Dental Practice in Gro\u00dfbritannien, und der Name des Inhabers ist Ammaad Jamil.<\/p>\n\n\n\n<p><strong>Registrierungsnummer:<\/strong><strong><\/strong><\/p>\n\n\n\n<p>264789<\/p>\n\n\n\n<p><strong>Status:<\/strong><strong><\/strong><\/p>\n\n\n\n<p>Registriert<\/p>\n\n\n\n<p><strong>Art des Registranten:<\/strong><strong><\/strong><\/p>\n\n\n\n<p>Zahnarzt<\/p>\n\n\n\n<p><strong>Erstmalige Registrierung am:<\/strong><strong><\/strong><\/p>\n\n\n\n<p>07. Juli 2016<\/p>\n\n\n\n<p><strong>Aktueller Registrierungszeitraum von:<\/strong><strong><\/strong><\/p>\n\n\n\n<p>16. Januar 2019 bis: 31. Dezember 2025<\/p>\n\n\n\n<p><strong>Qualifikationen:<\/strong><strong><\/strong><\/p>\n\n\n\n<p>BChD Universit\u00e4t Leeds 2016<\/p>\n\n\n\n<p>Die Adresse lautet: 178 Bures Road, Great Cornard, Sudbury, CO10 0JQ (01787) 375917<br>E-Mail ist: ammaad1@hotmail.co.uk Die Telefon- und Handynummer ist: +44 7306 567880<\/p>\n\n\n\n<p>Unten ist ein Foto von Great Cornard Dental Practice in Gro\u00dfbritannien beigef\u00fcgt.<\/p>\n\n\n\n<p>Great Cornard Dental Practice in Gro\u00dfbritannien begann im April 2025 mit uns, Istar Dental Lab, zusammenzuarbeiten.<br>Ich kontaktierte Great Cornard Dental Practice in Gro\u00dfbritannien in der Hoffnung auf eine professionelle Partnerschaft.<\/p>\n\n\n\n<p>Er schickte uns Dateien per Medit Link, und wir haben f\u00fcr ihn direkt zu Cadcam entworfen. Zuerst erfolgte die Zahlung eher langsam, aber schlie\u00dflich wurde sie abgeschlossen. Die letzte Zahlung. Zuerst wurde behauptet, die Zahlung sei erfolgt. Sp\u00e4ter wurde eine gef\u00e4lschte Zahlung geleistet. <\/p>\n\n\n\n<p>Nachdem wir es \u00fcberpr\u00fcft hatten, sagten sie, sie w\u00fcrden eine neue Zahlung leisten, aber sie m\u00fcssten warten, bis das Geld der Bank an sie zur\u00fcckgegeben w\u00fcrde. Schlie\u00dflich wurde das Geld der Bank zur\u00fcckgegeben, und sie versprachen, die Zahlung erneut zu leisten. Aber bis jetzt sind 3 Monate vergangen, und wir haben dieses Geld immer noch nicht erhalten. Jedes Mal, wenn wir eine Nachricht senden, wird sie als gelesen markiert, aber es erfolgt keine Antwort.<\/p>\n\n\n\n<figure class=\"wp-block-image size-large\"><img fetchpriority=\"high\" decoding=\"async\" width=\"1024\" height=\"704\" src=\"https:\/\/istardentallab.com\/wp-content\/uploads\/2025\/10\/Great-Cornard-Dental-Practice-is-dishonest-company-1-1024x704.webp\" alt=\"Great Cornard Dental Practice ist ein unehrliches Unternehmen.\" class=\"wp-image-7287\" srcset=\"https:\/\/istardentallab.com\/wp-content\/uploads\/2025\/10\/Great-Cornard-Dental-Practice-is-dishonest-company-1-1024x704.webp 1024w, https:\/\/istardentallab.com\/wp-content\/uploads\/2025\/10\/Great-Cornard-Dental-Practice-is-dishonest-company-1-300x206.webp 300w, https:\/\/istardentallab.com\/wp-content\/uploads\/2025\/10\/Great-Cornard-Dental-Practice-is-dishonest-company-1-768x528.webp 768w, https:\/\/istardentallab.com\/wp-content\/uploads\/2025\/10\/Great-Cornard-Dental-Practice-is-dishonest-company-1-18x12.webp 18w, https:\/\/istardentallab.com\/wp-content\/uploads\/2025\/10\/Great-Cornard-Dental-Practice-is-dishonest-company-1.webp 1240w\" sizes=\"(max-width: 1024px) 100vw, 1024px\" \/><\/figure>\n\n\n\n<figure class=\"wp-block-image size-large\"><img decoding=\"async\" width=\"1024\" height=\"714\" src=\"https:\/\/istardentallab.com\/wp-content\/uploads\/2025\/10\/Great-Cornard-Dental-Practice-is-dishonest-company-2-1024x714.webp\" alt=\"Great Cornard Dental Practice ist ein unehrliches Unternehmen.\" class=\"wp-image-7286\" srcset=\"https:\/\/istardentallab.com\/wp-content\/uploads\/2025\/10\/Great-Cornard-Dental-Practice-is-dishonest-company-2-1024x714.webp 1024w, https:\/\/istardentallab.com\/wp-content\/uploads\/2025\/10\/Great-Cornard-Dental-Practice-is-dishonest-company-2-300x209.webp 300w, https:\/\/istardentallab.com\/wp-content\/uploads\/2025\/10\/Great-Cornard-Dental-Practice-is-dishonest-company-2-768x535.webp 768w, https:\/\/istardentallab.com\/wp-content\/uploads\/2025\/10\/Great-Cornard-Dental-Practice-is-dishonest-company-2-18x12.webp 18w, https:\/\/istardentallab.com\/wp-content\/uploads\/2025\/10\/Great-Cornard-Dental-Practice-is-dishonest-company-2.webp 1228w\" sizes=\"(max-width: 1024px) 100vw, 1024px\" \/><\/figure>\n\n\n\n<figure class=\"wp-block-image size-large\"><img decoding=\"async\" width=\"1024\" height=\"692\" src=\"https:\/\/istardentallab.com\/wp-content\/uploads\/2025\/10\/Great-Cornard-Dental-Practice-is-dishonest-company-3-1024x692.webp\" alt=\"Great Cornard Dental Practice ist ein unehrliches Unternehmen.\" class=\"wp-image-7285\" srcset=\"https:\/\/istardentallab.com\/wp-content\/uploads\/2025\/10\/Great-Cornard-Dental-Practice-is-dishonest-company-3-1024x692.webp 1024w, https:\/\/istardentallab.com\/wp-content\/uploads\/2025\/10\/Great-Cornard-Dental-Practice-is-dishonest-company-3-300x203.webp 300w, https:\/\/istardentallab.com\/wp-content\/uploads\/2025\/10\/Great-Cornard-Dental-Practice-is-dishonest-company-3-768x519.webp 768w, https:\/\/istardentallab.com\/wp-content\/uploads\/2025\/10\/Great-Cornard-Dental-Practice-is-dishonest-company-3-18x12.webp 18w, https:\/\/istardentallab.com\/wp-content\/uploads\/2025\/10\/Great-Cornard-Dental-Practice-is-dishonest-company-3.webp 1252w\" sizes=\"(max-width: 1024px) 100vw, 1024px\" \/><\/figure>\n\n\n\n<figure class=\"wp-block-image size-large\"><img loading=\"lazy\" decoding=\"async\" width=\"1024\" height=\"698\" src=\"https:\/\/istardentallab.com\/wp-content\/uploads\/2025\/10\/Great-Cornard-Dental-Practice-is-dishonest-company-4-1024x698.webp\" alt=\"Great Cornard Dental Practice ist ein unehrliches Unternehmen.\" class=\"wp-image-7284\" srcset=\"https:\/\/istardentallab.com\/wp-content\/uploads\/2025\/10\/Great-Cornard-Dental-Practice-is-dishonest-company-4-1024x698.webp 1024w, https:\/\/istardentallab.com\/wp-content\/uploads\/2025\/10\/Great-Cornard-Dental-Practice-is-dishonest-company-4-300x205.webp 300w, https:\/\/istardentallab.com\/wp-content\/uploads\/2025\/10\/Great-Cornard-Dental-Practice-is-dishonest-company-4-768x524.webp 768w, https:\/\/istardentallab.com\/wp-content\/uploads\/2025\/10\/Great-Cornard-Dental-Practice-is-dishonest-company-4-18x12.webp 18w, https:\/\/istardentallab.com\/wp-content\/uploads\/2025\/10\/Great-Cornard-Dental-Practice-is-dishonest-company-4.webp 1248w\" sizes=\"(max-width: 1024px) 100vw, 1024px\" \/><\/figure>\n\n\n\n<p>Jedes Mal, wenn er versprach, die Zahlung zu leisten, t\u00e4uschte er mich immer wieder. Tats\u00e4chlich hat er die Zahlung nie geleistet. Er sagte immer, er w\u00fcrde uns bezahlen, aber seit 3 Monaten haben wir immer noch kein Geld von ihm erhalten.<\/p>\n\n\n\n<p>Im Laufe von drei Monaten habe ich Dutzende von Nachrichten gesendet und unz\u00e4hlige Anrufe get\u00e4tigt - und bin dann zu entschiedenen Nachverfolgungen \u00fcbergegangen -, aber alles, was ich im Gegenzug erhielt, war kalte Gleichg\u00fcltigkeit. Gelesen, aber nie geantwortet.<br>In unserem Labor haben wir Partnerschaften immer auf Vertrauen und Integrit\u00e4t aufgebaut. Dr. Ammaad hat etwas viel Wichtigeres besch\u00e4digt: das Fundament des Vertrauens, das unsere gesamte Branche zusammenh\u00e4lt.<\/p>\n\n\n\n<p>Bevor ich mich entschied, dies \u00f6ffentlich zu machen, versuchte ich viele Kontakte zu Dr. Ammaad. Aber im Umgang mit jemandem, der keinen Respekt vor seinen Worten hat, f\u00fchlen sich diese Standardans\u00e4tze machtlos an.<br>Dann wurde mir klar: Wenn ich schweige, k\u00f6nnten weitere Dentallabore in dieselbe Falle tappen. Und da wusste ich - jemand musste sich zu Wort melden.<\/p>\n\n\n\n<p>454 USD m\u00f6gen wie eine kleine Summe erscheinen, aber f\u00fcr ein unabh\u00e4ngiges Labor wie uns ist sie von entscheidender Bedeutung. Es ist ein Beweis f\u00fcr unsere Handwerkskunst und eine Belohnung f\u00fcr unsere harte Arbeit. Wenn Labore wie Great Cornard Dental Practice in Gro\u00dfbritannien sich weigern zu zahlen, verz\u00f6gern sie nicht nur die Transaktion, sondern missachten auch die Handwerkskunst unseres Labors. Sie entwerten die Kunstfertigkeit, Pr\u00e4zision und das Fachwissen, die erforderlich sind, um medizinische Ger\u00e4te herzustellen, die das L\u00e4cheln und die Funktion unserer Patienten wiederherstellen.<\/p>\n\n\n\n<p>Sie verraten das Vertrauen unseres gesamten Berufsstandes, der auf gegenseitigem Respekt und Integrit\u00e4t zwischen Zahn\u00e4rzten, Laboren und Technikern beruht. Die Handlungen von Great Cornard Dental Practice in Gro\u00dfbritannien untergraben dieses Fundament.<\/p>\n\n\n\n<p>Ich teile diese Geschichte, um die Dentalgemeinschaft zu warnen. Bitte seien Sie vorsichtig, wenn Sie eine Zusammenarbeit mit Great Cornard Dental Practice in Gro\u00dfbritannien in Erw\u00e4gung ziehen. Ich bitte auch um Ihre Solidarit\u00e4t. Wenn Sie an ethische Gesch\u00e4ftspraktiken glauben, teilen Sie diesen Beitrag bitte. Markieren Sie zahn\u00e4rztliche Branchenaufsichtsbeh\u00f6rden. Lassen Sie sie wissen, dass unsere globale Gemeinschaft die Ausbeutung hart arbeitender Techniker nicht tolerieren wird.<\/p>\n\n\n\n<p>Ihre Unterst\u00fctzung kann eine Welle der Rechenschaftspflicht erzeugen, die die n\u00e4chste Person davor sch\u00fctzt, diese Tortur zu durchlaufen.<\/p>\n\t\t\t\t\t\t\t\t<\/div>\n\t\t\t\t<\/div>\n\t\t\t\t\t<\/div>\n\t\t<\/div>\n\t\t\t\t\t<\/div>\n\t\t<\/section>\n\t\t\t\t<\/div>","protected":false},"excerpt":{"rendered":"<p>Great Cornard Dental Practice is Dishonest Company As one of the top 5 dental labs in China, we highly value every customer who respects us. However, we have also encountered some dishonest customers, and we need to expose them to remind professionals in the dental lab industry. Today, I want to expose a dishonest dental [&hellip;]<\/p>\n","protected":false},"author":1,"featured_media":0,"parent":0,"menu_order":0,"comment_status":"closed","ping_status":"closed","template":"","meta":{"_acf_changed":false,"footnotes":""},"class_list":["post-7220","page","type-page","status-publish","hentry"],"acf":[],"_links":{"self":[{"href":"https:\/\/istardentallab.com\/de\/wp-json\/wp\/v2\/pages\/7220","targetHints":{"allow":["GET"]}}],"collection":[{"href":"https:\/\/istardentallab.com\/de\/wp-json\/wp\/v2\/pages"}],"about":[{"href":"https:\/\/istardentallab.com\/de\/wp-json\/wp\/v2\/types\/page"}],"author":[{"embeddable":true,"href":"https:\/\/istardentallab.com\/de\/wp-json\/wp\/v2\/users\/1"}],"replies":[{"embeddable":true,"href":"https:\/\/istardentallab.com\/de\/wp-json\/wp\/v2\/comments?post=7220"}],"version-history":[{"count":6,"href":"https:\/\/istardentallab.com\/de\/wp-json\/wp\/v2\/pages\/7220\/revisions"}],"predecessor-version":[{"id":7330,"href":"https:\/\/istardentallab.com\/de\/wp-json\/wp\/v2\/pages\/7220\/revisions\/7330"}],"wp:attachment":[{"href":"https:\/\/istardentallab.com\/de\/wp-json\/wp\/v2\/media?parent=7220"}],"curies":[{"name":"wp","href":"https:\/\/api.w.org\/{rel}","templated":true}]}}