{"id":7266,"date":"2025-10-14T06:45:11","date_gmt":"2025-10-14T06:45:11","guid":{"rendered":"https:\/\/istardentallab.com\/?page_id=7266"},"modified":"2025-10-16T12:44:33","modified_gmt":"2025-10-16T12:44:33","slug":"terkela-wallace-owner-of-amazingly-white-is-a-dishonest-person-in-usa-georgia","status":"publish","type":"page","link":"https:\/\/istardentallab.com\/de\/terkela-wallace-owner-of-amazingly-white-is-a-dishonest-person-in-usa-georgia\/","title":{"rendered":"Terkela Wallace, Inhaber von Amazingly White, ist eine unehrliche Person in USA Georgia"},"content":{"rendered":"<div data-elementor-type=\"wp-page\" data-elementor-id=\"7266\" class=\"elementor elementor-7266\" data-elementor-post-type=\"page\">\n\t\t\t\t\t\t<section class=\"elementor-section elementor-top-section elementor-element elementor-element-3ddafa84 elementor-section-boxed elementor-section-height-default elementor-section-height-default\" data-id=\"3ddafa84\" data-element_type=\"section\" data-e-type=\"section\">\n\t\t\t\t\t\t<div class=\"elementor-container elementor-column-gap-default\">\n\t\t\t\t\t<div class=\"elementor-column elementor-col-100 elementor-top-column elementor-element elementor-element-7d9ee785\" data-id=\"7d9ee785\" data-element_type=\"column\" data-e-type=\"column\">\n\t\t\t<div class=\"elementor-widget-wrap elementor-element-populated\">\n\t\t\t\t\t\t<div class=\"elementor-element elementor-element-1b2f938 elementor-widget elementor-widget-heading\" data-id=\"1b2f938\" data-element_type=\"widget\" data-e-type=\"widget\" data-widget_type=\"heading.default\">\n\t\t\t\t<div class=\"elementor-widget-container\">\n\t\t\t\t\t<h1 class=\"elementor-heading-title elementor-size-default\">Tekela Wallace, Inhaber von Amazingly White, ist ein unehrlicher Mann aus Georgia, USA<\/h1>\t\t\t\t<\/div>\n\t\t\t\t<\/div>\n\t\t\t\t<div class=\"elementor-element elementor-element-746dbf09 elementor-widget elementor-widget-text-editor\" data-id=\"746dbf09\" data-element_type=\"widget\" data-e-type=\"widget\" data-widget_type=\"text-editor.default\">\n\t\t\t\t<div class=\"elementor-widget-container\">\n\t\t\t\t\t\t\t\t\t\n<p><strong>Everyone be attention\uff01<\/strong><\/p>\n<p>Name:<strong> Amazingly White<\/strong> <br \/>Adresse: <strong>217 Arrowhead Blvd, Jonesboro, GA 30236<\/strong><br \/>Whatsapp Nummer : <strong>+1 (678) 531-1341<\/strong><\/p>\n<p><br \/>Wir arbeiten seit \u00fcber einem Jahr zusammen. Gegr\u00fcndet auf einer Win-Win-Partnerschaft, funktionierte unsere Beziehung anfangs gut.<\/p>\n<p>Sp\u00e4ter verz\u00f6gerte sie jedoch h\u00e4ufig Zahlungen und nannte verlorene Kunden als Entschuldigung. Unser Labor hat aktiv mitgearbeitet, und wenn das Problem auf Qualit\u00e4tsprobleme zur\u00fcckzuf\u00fchren war, haben wir angeboten, das Produkt kostenlos zu \u00fcberarbeiten, um den Kunden zufrieden zu stellen.<\/p>\n<p>Sie verz\u00f6gerte jedoch weiterhin Monat f\u00fcr Monat die Zahlungen. Sie bat uns, das Produkt zuerst zu versenden, da es sich um eine neue Kundenbestellung handelte und eine Testbestellung erforderlich war, und zahlte dann jedes Mal nur $500-100.<\/p>\n<p>Als der ausstehende Betrag $8.000 erreichte, ging uns schlie\u00dflich die Geduld aus und wir schlugen vor, ihre Zahlungsfrist auf zwei Monate zu verk\u00fcrzen, was es uns erm\u00f6glichen w\u00fcrde, unsere Partnerschaft und Lieferungen fortzusetzen.<\/p>\n<p>Ihre Haltung gab uns das Gef\u00fchl, dass sie die Zahlung absichtlich zur\u00fcckhielt, was sich erheblich auf den Betrieb des Labors und die harte Arbeit unserer Mitarbeiter in den letzten Monaten auswirkte.<\/p>\n<p>Anfangs vertrauten wir ihr und verhandelten g\u00fctlich, aber sie weigerte sich zu zahlen und weigerte sich sogar, auf Gruppennachrichten zu antworten. Wir sind ein vertrauensw\u00fcrdiges chinesisches Labor, und unser Erfolg wurde durch enorme Anstrengungen und Engagement aufgebaut.<\/p>\n<p>Wir verstehen und ber\u00fccksichtigen die Emotionen und finanziellen Situationen unserer Kunden. Als Gesch\u00e4ftssache gilt jedoch, dass die Zahlung beglichen werden muss, sobald wir das Produkt versenden und sie es erh\u00e4lt. Bisher schuldet sie uns noch <strong>$9017!!!<\/strong><\/p>\n<p>Ich glaube, jeder hat scharfe Augen. Bitte arbeiten Sie sorgf\u00e4ltig zusammen.<\/p>\n<p>Jedes Mal versprach sie uns viele Male zu bezahlen, aber keine Antwort von wenigen Tagen. was inakzeptabel ist. Ihr Ehemann Mr. Wiggles und Sohn Ethan.<\/p>\n\t\t\t\t\t\t\t\t<\/div>\n\t\t\t\t<\/div>\n\t\t\t\t\t<\/div>\n\t\t<\/div>\n\t\t\t\t\t<\/div>\n\t\t<\/section>\n\t\t\t\t<section class=\"elementor-section elementor-top-section elementor-element elementor-element-54d4027 elementor-section-boxed elementor-section-height-default elementor-section-height-default\" data-id=\"54d4027\" data-element_type=\"section\" data-e-type=\"section\">\n\t\t\t\t\t\t<div class=\"elementor-container elementor-column-gap-default\">\n\t\t\t\t\t<div class=\"elementor-column elementor-col-100 elementor-top-column elementor-element elementor-element-a940764\" data-id=\"a940764\" data-element_type=\"column\" data-e-type=\"column\">\n\t\t\t<div class=\"elementor-widget-wrap elementor-element-populated\">\n\t\t\t\t\t\t<section class=\"elementor-section elementor-inner-section elementor-element elementor-element-dc8479f elementor-section-boxed elementor-section-height-default elementor-section-height-default\" data-id=\"dc8479f\" data-element_type=\"section\" data-e-type=\"section\">\n\t\t\t\t\t\t<div class=\"elementor-container elementor-column-gap-default\">\n\t\t\t\t\t<div class=\"elementor-column elementor-col-50 elementor-inner-column elementor-element elementor-element-fea87ff\" data-id=\"fea87ff\" data-element_type=\"column\" data-e-type=\"column\">\n\t\t\t<div class=\"elementor-widget-wrap elementor-element-populated\">\n\t\t\t\t\t\t<div class=\"elementor-element elementor-element-bbf89f3 elementor-widget elementor-widget-image\" data-id=\"bbf89f3\" data-element_type=\"widget\" data-e-type=\"widget\" data-widget_type=\"image.default\">\n\t\t\t\t<div class=\"elementor-widget-container\">\n\t\t\t\t\t\t\t\t\t\t\t\t\t\t\t<img fetchpriority=\"high\" decoding=\"async\" width=\"501\" height=\"625\" src=\"https:\/\/istardentallab.com\/wp-content\/uploads\/2025\/10\/Terkela-Wallace-\uff0cOwner-of-Amazingly-White-Is-a-dishonest-person-in-USA-Georgia-1.png\" class=\"attachment-large size-large wp-image-7267\" alt=\"Terkela Wallace, Inhaber von Amazingly White, ist eine unehrliche Person in USA Georgia\" srcset=\"https:\/\/istardentallab.com\/wp-content\/uploads\/2025\/10\/Terkela-Wallace-\uff0cOwner-of-Amazingly-White-Is-a-dishonest-person-in-USA-Georgia-1.png 501w, https:\/\/istardentallab.com\/wp-content\/uploads\/2025\/10\/Terkela-Wallace-\uff0cOwner-of-Amazingly-White-Is-a-dishonest-person-in-USA-Georgia-1-240x300.png 240w, https:\/\/istardentallab.com\/wp-content\/uploads\/2025\/10\/Terkela-Wallace-\uff0cOwner-of-Amazingly-White-Is-a-dishonest-person-in-USA-Georgia-1-10x12.png 10w\" sizes=\"(max-width: 501px) 100vw, 501px\" \/>\t\t\t\t\t\t\t\t\t\t\t\t\t\t\t<\/div>\n\t\t\t\t<\/div>\n\t\t\t\t\t<\/div>\n\t\t<\/div>\n\t\t\t\t<div class=\"elementor-column elementor-col-50 elementor-inner-column elementor-element elementor-element-84d4005\" data-id=\"84d4005\" data-element_type=\"column\" data-e-type=\"column\">\n\t\t\t<div class=\"elementor-widget-wrap elementor-element-populated\">\n\t\t\t\t\t\t<div class=\"elementor-element elementor-element-faffe7d elementor-widget elementor-widget-image\" data-id=\"faffe7d\" data-element_type=\"widget\" data-e-type=\"widget\" data-widget_type=\"image.default\">\n\t\t\t\t<div class=\"elementor-widget-container\">\n\t\t\t\t\t\t\t\t\t\t\t\t\t\t\t<img decoding=\"async\" width=\"553\" height=\"571\" src=\"https:\/\/istardentallab.com\/wp-content\/uploads\/2025\/10\/Terkela-Wallace-\uff0cOwner-of-Amazingly-White-Is-a-dishonest-person-in-USA-Georgia-2.png\" class=\"attachment-large size-large wp-image-7268\" alt=\"Terkela Wallace, Inhaber von Amazingly White, ist eine unehrliche Person in USA Georgia\" srcset=\"https:\/\/istardentallab.com\/wp-content\/uploads\/2025\/10\/Terkela-Wallace-\uff0cOwner-of-Amazingly-White-Is-a-dishonest-person-in-USA-Georgia-2.png 553w, https:\/\/istardentallab.com\/wp-content\/uploads\/2025\/10\/Terkela-Wallace-\uff0cOwner-of-Amazingly-White-Is-a-dishonest-person-in-USA-Georgia-2-291x300.png 291w, https:\/\/istardentallab.com\/wp-content\/uploads\/2025\/10\/Terkela-Wallace-\uff0cOwner-of-Amazingly-White-Is-a-dishonest-person-in-USA-Georgia-2-12x12.png 12w\" sizes=\"(max-width: 553px) 100vw, 553px\" \/>\t\t\t\t\t\t\t\t\t\t\t\t\t\t\t<\/div>\n\t\t\t\t<\/div>\n\t\t\t\t\t<\/div>\n\t\t<\/div>\n\t\t\t\t\t<\/div>\n\t\t<\/section>\n\t\t\t\t<div class=\"elementor-element elementor-element-241ff44 elementor-widget elementor-widget-spacer\" data-id=\"241ff44\" data-element_type=\"widget\" data-e-type=\"widget\" data-widget_type=\"spacer.default\">\n\t\t\t\t<div class=\"elementor-widget-container\">\n\t\t\t\t\t\t\t<div class=\"elementor-spacer\">\n\t\t\t<div class=\"elementor-spacer-inner\"><\/div>\n\t\t<\/div>\n\t\t\t\t\t\t<\/div>\n\t\t\t\t<\/div>\n\t\t\t\t<div class=\"elementor-element elementor-element-d5f9fe9 elementor-widget elementor-widget-image\" data-id=\"d5f9fe9\" data-element_type=\"widget\" data-e-type=\"widget\" data-widget_type=\"image.default\">\n\t\t\t\t<div class=\"elementor-widget-container\">\n\t\t\t\t\t\t\t\t\t\t\t\t\t\t\t<img decoding=\"async\" width=\"800\" height=\"504\" src=\"https:\/\/istardentallab.com\/wp-content\/uploads\/2025\/10\/Tekela-Wallace-Owner-of-Amazingly-White-is-a-Dishonest-Man-from-Georgia-1024x645.webp\" class=\"attachment-large size-large wp-image-7331\" alt=\"Tekela Wallace, Inhaber von Amazingly White, ist ein unehrlicher Mann aus Georgia\" srcset=\"https:\/\/istardentallab.com\/wp-content\/uploads\/2025\/10\/Tekela-Wallace-Owner-of-Amazingly-White-is-a-Dishonest-Man-from-Georgia-1024x645.webp 1024w, https:\/\/istardentallab.com\/wp-content\/uploads\/2025\/10\/Tekela-Wallace-Owner-of-Amazingly-White-is-a-Dishonest-Man-from-Georgia-300x189.webp 300w, https:\/\/istardentallab.com\/wp-content\/uploads\/2025\/10\/Tekela-Wallace-Owner-of-Amazingly-White-is-a-Dishonest-Man-from-Georgia-768x484.webp 768w, https:\/\/istardentallab.com\/wp-content\/uploads\/2025\/10\/Tekela-Wallace-Owner-of-Amazingly-White-is-a-Dishonest-Man-from-Georgia-18x12.webp 18w, https:\/\/istardentallab.com\/wp-content\/uploads\/2025\/10\/Tekela-Wallace-Owner-of-Amazingly-White-is-a-Dishonest-Man-from-Georgia.webp 1202w\" sizes=\"(max-width: 800px) 100vw, 800px\" \/>\t\t\t\t\t\t\t\t\t\t\t\t\t\t\t<\/div>\n\t\t\t\t<\/div>\n\t\t\t\t<div class=\"elementor-element elementor-element-2233b9b elementor-widget elementor-widget-spacer\" data-id=\"2233b9b\" data-element_type=\"widget\" data-e-type=\"widget\" data-widget_type=\"spacer.default\">\n\t\t\t\t<div class=\"elementor-widget-container\">\n\t\t\t\t\t\t\t<div class=\"elementor-spacer\">\n\t\t\t<div class=\"elementor-spacer-inner\"><\/div>\n\t\t<\/div>\n\t\t\t\t\t\t<\/div>\n\t\t\t\t<\/div>\n\t\t\t\t<div class=\"elementor-element elementor-element-0b9b977 elementor-widget elementor-widget-image\" data-id=\"0b9b977\" data-element_type=\"widget\" data-e-type=\"widget\" data-widget_type=\"image.default\">\n\t\t\t\t<div class=\"elementor-widget-container\">\n\t\t\t\t\t\t\t\t\t\t\t\t\t\t\t<img loading=\"lazy\" decoding=\"async\" width=\"800\" height=\"567\" src=\"https:\/\/istardentallab.com\/wp-content\/uploads\/2025\/10\/Tekela-Wallace-Owner-of-Amazingly-White-is-a-Dishonest-Man-from-Georgia-1-1024x726.webp\" class=\"attachment-large size-large wp-image-7332\" alt=\"\" srcset=\"https:\/\/istardentallab.com\/wp-content\/uploads\/2025\/10\/Tekela-Wallace-Owner-of-Amazingly-White-is-a-Dishonest-Man-from-Georgia-1-1024x726.webp 1024w, https:\/\/istardentallab.com\/wp-content\/uploads\/2025\/10\/Tekela-Wallace-Owner-of-Amazingly-White-is-a-Dishonest-Man-from-Georgia-1-300x213.webp 300w, https:\/\/istardentallab.com\/wp-content\/uploads\/2025\/10\/Tekela-Wallace-Owner-of-Amazingly-White-is-a-Dishonest-Man-from-Georgia-1-768x544.webp 768w, https:\/\/istardentallab.com\/wp-content\/uploads\/2025\/10\/Tekela-Wallace-Owner-of-Amazingly-White-is-a-Dishonest-Man-from-Georgia-1-18x12.webp 18w, https:\/\/istardentallab.com\/wp-content\/uploads\/2025\/10\/Tekela-Wallace-Owner-of-Amazingly-White-is-a-Dishonest-Man-from-Georgia-1.webp 1181w\" sizes=\"(max-width: 800px) 100vw, 800px\" \/>\t\t\t\t\t\t\t\t\t\t\t\t\t\t\t<\/div>\n\t\t\t\t<\/div>\n\t\t\t\t<div class=\"elementor-element elementor-element-9a6c4fd elementor-widget elementor-widget-spacer\" data-id=\"9a6c4fd\" data-element_type=\"widget\" data-e-type=\"widget\" data-widget_type=\"spacer.default\">\n\t\t\t\t<div class=\"elementor-widget-container\">\n\t\t\t\t\t\t\t<div class=\"elementor-spacer\">\n\t\t\t<div class=\"elementor-spacer-inner\"><\/div>\n\t\t<\/div>\n\t\t\t\t\t\t<\/div>\n\t\t\t\t<\/div>\n\t\t\t\t<div class=\"elementor-element elementor-element-19dd387 elementor-widget elementor-widget-image\" data-id=\"19dd387\" data-element_type=\"widget\" data-e-type=\"widget\" data-widget_type=\"image.default\">\n\t\t\t\t<div class=\"elementor-widget-container\">\n\t\t\t\t\t\t\t\t\t\t\t\t\t\t\t<img loading=\"lazy\" decoding=\"async\" width=\"554\" height=\"562\" src=\"https:\/\/istardentallab.com\/wp-content\/uploads\/2025\/10\/Terkela-Wallace-\uff0cOwner-of-Amazingly-White-Is-a-dishonest-person-in-USA-Georgia-3.png\" class=\"attachment-large size-large wp-image-7269\" alt=\"Terkela Wallace, Inhaber von Amazingly White, ist eine unehrliche Person in USA Georgia\" srcset=\"https:\/\/istardentallab.com\/wp-content\/uploads\/2025\/10\/Terkela-Wallace-\uff0cOwner-of-Amazingly-White-Is-a-dishonest-person-in-USA-Georgia-3.png 554w, https:\/\/istardentallab.com\/wp-content\/uploads\/2025\/10\/Terkela-Wallace-\uff0cOwner-of-Amazingly-White-Is-a-dishonest-person-in-USA-Georgia-3-296x300.png 296w, https:\/\/istardentallab.com\/wp-content\/uploads\/2025\/10\/Terkela-Wallace-\uff0cOwner-of-Amazingly-White-Is-a-dishonest-person-in-USA-Georgia-3-12x12.png 12w\" sizes=\"(max-width: 554px) 100vw, 554px\" \/>\t\t\t\t\t\t\t\t\t\t\t\t\t\t\t<\/div>\n\t\t\t\t<\/div>\n\t\t\t\t<section class=\"elementor-section elementor-inner-section elementor-element elementor-element-346669d elementor-section-boxed elementor-section-height-default elementor-section-height-default\" data-id=\"346669d\" data-element_type=\"section\" data-e-type=\"section\">\n\t\t\t\t\t\t<div class=\"elementor-container elementor-column-gap-default\">\n\t\t\t\t\t<div class=\"elementor-column elementor-col-33 elementor-inner-column elementor-element elementor-element-648ad61\" data-id=\"648ad61\" data-element_type=\"column\" data-e-type=\"column\">\n\t\t\t<div class=\"elementor-widget-wrap elementor-element-populated\">\n\t\t\t\t\t\t<div class=\"elementor-element elementor-element-ada8b8b elementor-widget elementor-widget-image\" data-id=\"ada8b8b\" data-element_type=\"widget\" data-e-type=\"widget\" data-widget_type=\"image.default\">\n\t\t\t\t<div class=\"elementor-widget-container\">\n\t\t\t\t\t\t\t\t\t\t\t\t\t\t\t<img loading=\"lazy\" decoding=\"async\" width=\"430\" height=\"930\" src=\"https:\/\/istardentallab.com\/wp-content\/uploads\/2025\/10\/Terkela-Wallace-\uff0cOwner-of-Amazingly-White-Is-a-dishonest-person-in-USA-Georgia-4.png\" class=\"attachment-large size-large wp-image-7270\" alt=\"Terkela Wallace, Inhaber von Amazingly White, ist eine unehrliche Person in USA Georgia\" srcset=\"https:\/\/istardentallab.com\/wp-content\/uploads\/2025\/10\/Terkela-Wallace-\uff0cOwner-of-Amazingly-White-Is-a-dishonest-person-in-USA-Georgia-4.png 430w, https:\/\/istardentallab.com\/wp-content\/uploads\/2025\/10\/Terkela-Wallace-\uff0cOwner-of-Amazingly-White-Is-a-dishonest-person-in-USA-Georgia-4-139x300.png 139w, https:\/\/istardentallab.com\/wp-content\/uploads\/2025\/10\/Terkela-Wallace-\uff0cOwner-of-Amazingly-White-Is-a-dishonest-person-in-USA-Georgia-4-6x12.png 6w\" sizes=\"(max-width: 430px) 100vw, 430px\" \/>\t\t\t\t\t\t\t\t\t\t\t\t\t\t\t<\/div>\n\t\t\t\t<\/div>\n\t\t\t\t\t<\/div>\n\t\t<\/div>\n\t\t\t\t<div class=\"elementor-column elementor-col-33 elementor-inner-column elementor-element elementor-element-917c8f2\" data-id=\"917c8f2\" data-element_type=\"column\" data-e-type=\"column\">\n\t\t\t<div class=\"elementor-widget-wrap elementor-element-populated\">\n\t\t\t\t\t\t<div class=\"elementor-element elementor-element-b0c5199 elementor-widget elementor-widget-image\" data-id=\"b0c5199\" data-element_type=\"widget\" data-e-type=\"widget\" data-widget_type=\"image.default\">\n\t\t\t\t<div class=\"elementor-widget-container\">\n\t\t\t\t\t\t\t\t\t\t\t\t\t\t\t<img loading=\"lazy\" decoding=\"async\" width=\"430\" height=\"930\" src=\"https:\/\/istardentallab.com\/wp-content\/uploads\/2025\/10\/Terkela-Wallace-\uff0cOwner-of-Amazingly-White-Is-a-dishonest-person-in-USA-Georgia-5.png\" class=\"attachment-large size-large wp-image-7271\" alt=\"Terkela Wallace, Inhaber von Amazingly White, ist eine unehrliche Person in USA Georgia\" srcset=\"https:\/\/istardentallab.com\/wp-content\/uploads\/2025\/10\/Terkela-Wallace-\uff0cOwner-of-Amazingly-White-Is-a-dishonest-person-in-USA-Georgia-5.png 430w, https:\/\/istardentallab.com\/wp-content\/uploads\/2025\/10\/Terkela-Wallace-\uff0cOwner-of-Amazingly-White-Is-a-dishonest-person-in-USA-Georgia-5-139x300.png 139w, https:\/\/istardentallab.com\/wp-content\/uploads\/2025\/10\/Terkela-Wallace-\uff0cOwner-of-Amazingly-White-Is-a-dishonest-person-in-USA-Georgia-5-6x12.png 6w\" sizes=\"(max-width: 430px) 100vw, 430px\" \/>\t\t\t\t\t\t\t\t\t\t\t\t\t\t\t<\/div>\n\t\t\t\t<\/div>\n\t\t\t\t\t<\/div>\n\t\t<\/div>\n\t\t\t\t<div class=\"elementor-column elementor-col-33 elementor-inner-column elementor-element elementor-element-c3acfdc\" data-id=\"c3acfdc\" data-element_type=\"column\" data-e-type=\"column\">\n\t\t\t<div class=\"elementor-widget-wrap elementor-element-populated\">\n\t\t\t\t\t\t<div class=\"elementor-element elementor-element-00b0f37 elementor-widget elementor-widget-image\" data-id=\"00b0f37\" data-element_type=\"widget\" data-e-type=\"widget\" data-widget_type=\"image.default\">\n\t\t\t\t<div class=\"elementor-widget-container\">\n\t\t\t\t\t\t\t\t\t\t\t\t\t\t\t<img loading=\"lazy\" decoding=\"async\" width=\"430\" height=\"930\" src=\"https:\/\/istardentallab.com\/wp-content\/uploads\/2025\/10\/Terkela-Wallace-\uff0cOwner-of-Amazingly-White-Is-a-dishonest-person-in-USA-Georgia-6.png\" class=\"attachment-large size-large wp-image-7272\" alt=\"Terkela Wallace, Inhaber von Amazingly White, ist eine unehrliche Person in USA Georgia\" srcset=\"https:\/\/istardentallab.com\/wp-content\/uploads\/2025\/10\/Terkela-Wallace-\uff0cOwner-of-Amazingly-White-Is-a-dishonest-person-in-USA-Georgia-6.png 430w, https:\/\/istardentallab.com\/wp-content\/uploads\/2025\/10\/Terkela-Wallace-\uff0cOwner-of-Amazingly-White-Is-a-dishonest-person-in-USA-Georgia-6-139x300.png 139w, https:\/\/istardentallab.com\/wp-content\/uploads\/2025\/10\/Terkela-Wallace-\uff0cOwner-of-Amazingly-White-Is-a-dishonest-person-in-USA-Georgia-6-6x12.png 6w\" sizes=\"(max-width: 430px) 100vw, 430px\" \/>\t\t\t\t\t\t\t\t\t\t\t\t\t\t\t<\/div>\n\t\t\t\t<\/div>\n\t\t\t\t\t<\/div>\n\t\t<\/div>\n\t\t\t\t\t<\/div>\n\t\t<\/section>\n\t\t\t\t\t<\/div>\n\t\t<\/div>\n\t\t\t\t\t<\/div>\n\t\t<\/section>\n\t\t\t\t<\/div>","protected":false},"excerpt":{"rendered":"<p>Tekela Wallace, Owner of Amazingly White, is a Dishonest Man from Georgia, USA Everyone be attention\uff01 Name: Amazingly White Address: 217 Arrowhead Blvd, Jonesboro, GA 30236Whatsapp number : +1 (678) 531-1341 We&#8217;ve been working together for over a year. Founded on a win-win partnership, our relationship initially worked well. However, later on, she frequently delayed [&hellip;]<\/p>\n","protected":false},"author":1,"featured_media":7267,"parent":0,"menu_order":0,"comment_status":"closed","ping_status":"closed","template":"","meta":{"_acf_changed":false,"footnotes":""},"class_list":["post-7266","page","type-page","status-publish","has-post-thumbnail","hentry"],"acf":[],"_links":{"self":[{"href":"https:\/\/istardentallab.com\/de\/wp-json\/wp\/v2\/pages\/7266","targetHints":{"allow":["GET"]}}],"collection":[{"href":"https:\/\/istardentallab.com\/de\/wp-json\/wp\/v2\/pages"}],"about":[{"href":"https:\/\/istardentallab.com\/de\/wp-json\/wp\/v2\/types\/page"}],"author":[{"embeddable":true,"href":"https:\/\/istardentallab.com\/de\/wp-json\/wp\/v2\/users\/1"}],"replies":[{"embeddable":true,"href":"https:\/\/istardentallab.com\/de\/wp-json\/wp\/v2\/comments?post=7266"}],"version-history":[{"count":5,"href":"https:\/\/istardentallab.com\/de\/wp-json\/wp\/v2\/pages\/7266\/revisions"}],"predecessor-version":[{"id":7335,"href":"https:\/\/istardentallab.com\/de\/wp-json\/wp\/v2\/pages\/7266\/revisions\/7335"}],"wp:featuredmedia":[{"embeddable":true,"href":"https:\/\/istardentallab.com\/de\/wp-json\/wp\/v2\/media\/7267"}],"wp:attachment":[{"href":"https:\/\/istardentallab.com\/de\/wp-json\/wp\/v2\/media?parent=7266"}],"curies":[{"name":"wp","href":"https:\/\/api.w.org\/{rel}","templated":true}]}}