{"id":3982,"date":"2024-10-23T09:59:45","date_gmt":"2024-10-23T09:59:45","guid":{"rendered":"https:\/\/istardentallab.com\/?page_id=3982"},"modified":"2025-10-14T07:50:57","modified_gmt":"2025-10-14T07:50:57","slug":"yoseph-gelan-is-a-dishonest-dental-lab-owner-in-ethiopia-2","status":"publish","type":"page","link":"https:\/\/istardentallab.com\/es\/yoseph-gelan-is-a-dishonest-dental-lab-owner-in-ethiopia-2\/","title":{"rendered":"Yoseph Gelan es el propietario de un laboratorio dental deshonesto en Etiop\u00eda"},"content":{"rendered":"<div data-elementor-type=\"wp-page\" data-elementor-id=\"3982\" class=\"elementor elementor-3982\" data-elementor-post-type=\"page\">\n\t\t\t\t\t\t<section class=\"elementor-section elementor-top-section elementor-element elementor-element-b9a1d71 elementor-section-boxed elementor-section-height-default elementor-section-height-default\" data-id=\"b9a1d71\" data-element_type=\"section\" data-e-type=\"section\">\n\t\t\t\t\t\t<div class=\"elementor-container elementor-column-gap-default\">\n\t\t\t\t\t<div class=\"elementor-column elementor-col-100 elementor-top-column elementor-element elementor-element-c853f54\" data-id=\"c853f54\" data-element_type=\"column\" data-e-type=\"column\">\n\t\t\t<div class=\"elementor-widget-wrap elementor-element-populated\">\n\t\t\t\t\t\t<div class=\"elementor-element elementor-element-77c6c90 elementor-widget elementor-widget-heading\" data-id=\"77c6c90\" data-element_type=\"widget\" data-e-type=\"widget\" data-widget_type=\"heading.default\">\n\t\t\t\t<div class=\"elementor-widget-container\">\n\t\t\t\t\t<h1 class=\"elementor-heading-title elementor-size-default\">Yoseph Gelan es el propietario de un laboratorio dental deshonesto en Etiop\u00eda<\/h1>\t\t\t\t<\/div>\n\t\t\t\t<\/div>\n\t\t\t\t\t<\/div>\n\t\t<\/div>\n\t\t\t\t\t<\/div>\n\t\t<\/section>\n\t\t\t\t<section class=\"elementor-section elementor-top-section elementor-element elementor-element-2f5a4af5 elementor-section-boxed elementor-section-height-default elementor-section-height-default\" data-id=\"2f5a4af5\" data-element_type=\"section\" data-e-type=\"section\">\n\t\t\t\t\t\t<div class=\"elementor-container elementor-column-gap-default\">\n\t\t\t\t\t<div class=\"elementor-column elementor-col-100 elementor-top-column elementor-element elementor-element-6c61733a\" data-id=\"6c61733a\" data-element_type=\"column\" data-e-type=\"column\">\n\t\t\t<div class=\"elementor-widget-wrap elementor-element-populated\">\n\t\t\t\t\t\t<div class=\"elementor-element elementor-element-4fb87cab elementor-widget elementor-widget-text-editor\" data-id=\"4fb87cab\" data-element_type=\"widget\" data-e-type=\"widget\" data-widget_type=\"text-editor.default\">\n\t\t\t\t<div class=\"elementor-widget-container\">\n\t\t\t\t\t\t\t\t\t\n<p>Hola a todos, soy de Istar Dental Lab, un laboratorio dental altamente profesional con sede en China.&nbsp;<\/p>\n\n\n\n<p>Nuestro sistema de calidad est\u00e1 entre los cinco mejores de China.&nbsp;<\/p>\n\n\n\n<p>Hoy estoy muy enfadado por compartir informaci\u00f3n sobre un laboratorio dental de Etiop\u00eda.&nbsp;<\/p>\n\n\n\n<p>Su nombre es Yoseph Gelan, Su direcci\u00f3n es: Bole Area Addis Ababa Etiop\u00eda 1000. Su n\u00famero de tel\u00e9fono es: +251 92 007 1268<\/p>\n\n\n\n<p>Yoseph Gelan se puso en contacto con nosotros a principios de mayo de 2024, y r\u00e1pidamente negoci\u00f3 los precios, empezando a enviarnos casos al Laboratorio Dental Istar.&nbsp;<\/p>\n\n\n\n<p>Al principio, los pagos se hac\u00edan con relativa prontitud, y pagaban a trav\u00e9s de un amigo estadounidense llamado Kirubel Jimma, que transfer\u00eda el dinero a nuestra cuenta estadounidense,&nbsp;<\/p>\n\n\n\n<p>Lo que inicialmente llev\u00f3 a nuestro equipo financiero a creer que era digno de confianza.&nbsp;<\/p>\n\n\n\n<p>Sin embargo, desde finales de mayo y principios de junio, despu\u00e9s de que le envi\u00e1ramos un gran n\u00famero de casos, empez\u00f3 a poner excusas, suspendi\u00f3 los pagos y dej\u00f3 de responder.<\/p>\n\n\n\n<figure class=\"wp-block-image size-large is-resized\"><img fetchpriority=\"high\" decoding=\"async\" width=\"472\" height=\"1024\" src=\"https:\/\/istardentallab.com\/wp-content\/uploads\/2024\/10\/Yoseph-Gelan-Is-a-Dishonest-Dental-lab-Owner-in-Ethiopia-1-472x1024.webp\" alt=\"\" class=\"wp-image-3983\" style=\"width:299px;height:auto\" srcset=\"https:\/\/istardentallab.com\/wp-content\/uploads\/2024\/10\/Yoseph-Gelan-Is-a-Dishonest-Dental-lab-Owner-in-Ethiopia-1-472x1024.webp 472w, https:\/\/istardentallab.com\/wp-content\/uploads\/2024\/10\/Yoseph-Gelan-Is-a-Dishonest-Dental-lab-Owner-in-Ethiopia-1-138x300.webp 138w, https:\/\/istardentallab.com\/wp-content\/uploads\/2024\/10\/Yoseph-Gelan-Is-a-Dishonest-Dental-lab-Owner-in-Ethiopia-1-768x1665.webp 768w, https:\/\/istardentallab.com\/wp-content\/uploads\/2024\/10\/Yoseph-Gelan-Is-a-Dishonest-Dental-lab-Owner-in-Ethiopia-1-709x1536.webp 709w, https:\/\/istardentallab.com\/wp-content\/uploads\/2024\/10\/Yoseph-Gelan-Is-a-Dishonest-Dental-lab-Owner-in-Ethiopia-1-945x2048.webp 945w, https:\/\/istardentallab.com\/wp-content\/uploads\/2024\/10\/Yoseph-Gelan-Is-a-Dishonest-Dental-lab-Owner-in-Ethiopia-1.webp 1179w\" sizes=\"(max-width: 472px) 100vw, 472px\" \/><\/figure>\n\n\n\n<p>En julio de 2024, empezamos a contactar con sus m\u00e9dicos, inform\u00e1ndoles de que Yoseph nos deb\u00eda dinero.&nbsp;<\/p>\n\n\n\n<p>Varios m\u00e9dicos manifestaron que nos ayudar\u00edan a hacerle un seguimiento.&nbsp;<\/p>\n\n\n\n<p>A continuaci\u00f3n se muestran algunas capturas de pantalla del chat, pero no ha habido ning\u00fan resultado desde entonces.&nbsp;<\/p>\n\n\n\n<p>Hasta el d\u00eda de hoy, no hemos recibido ninguna respuesta. Es evidente que es un fraude, y Dios lo castigar\u00e1.<\/p>\n\n\n\n<figure class=\"wp-block-image size-full\"><img decoding=\"async\" width=\"1022\" height=\"408\" src=\"https:\/\/istardentallab.com\/wp-content\/uploads\/2024\/10\/Yoseph-Gelan-Is-a-Dishonest-Dental-lab-Owner-in-Ethiopia-2.webp\" alt=\"\" class=\"wp-image-3984\" srcset=\"https:\/\/istardentallab.com\/wp-content\/uploads\/2024\/10\/Yoseph-Gelan-Is-a-Dishonest-Dental-lab-Owner-in-Ethiopia-2.webp 1022w, https:\/\/istardentallab.com\/wp-content\/uploads\/2024\/10\/Yoseph-Gelan-Is-a-Dishonest-Dental-lab-Owner-in-Ethiopia-2-300x120.webp 300w, https:\/\/istardentallab.com\/wp-content\/uploads\/2024\/10\/Yoseph-Gelan-Is-a-Dishonest-Dental-lab-Owner-in-Ethiopia-2-768x307.webp 768w\" sizes=\"(max-width: 1022px) 100vw, 1022px\" \/><\/figure>\n\n\n\n<figure class=\"wp-block-image size-full\"><img decoding=\"async\" width=\"984\" height=\"522\" src=\"https:\/\/istardentallab.com\/wp-content\/uploads\/2024\/10\/Yoseph-Gelan-Is-a-Dishonest-Dental-lab-Owner-in-Ethiopia-3.webp\" alt=\"\" class=\"wp-image-3985\" srcset=\"https:\/\/istardentallab.com\/wp-content\/uploads\/2024\/10\/Yoseph-Gelan-Is-a-Dishonest-Dental-lab-Owner-in-Ethiopia-3.webp 984w, https:\/\/istardentallab.com\/wp-content\/uploads\/2024\/10\/Yoseph-Gelan-Is-a-Dishonest-Dental-lab-Owner-in-Ethiopia-3-300x159.webp 300w, https:\/\/istardentallab.com\/wp-content\/uploads\/2024\/10\/Yoseph-Gelan-Is-a-Dishonest-Dental-lab-Owner-in-Ethiopia-3-768x407.webp 768w\" sizes=\"(max-width: 984px) 100vw, 984px\" \/><\/figure>\n\n\n\n<figure class=\"wp-block-image size-full is-resized\"><img loading=\"lazy\" decoding=\"async\" width=\"563\" height=\"257\" src=\"https:\/\/istardentallab.com\/wp-content\/uploads\/2024\/10\/Yoseph-Gelan-Is-a-Dishonest-Dental-lab-Owner-in-Ethiopia-4.webp\" alt=\"\" class=\"wp-image-3986\" style=\"width:840px;height:auto\" srcset=\"https:\/\/istardentallab.com\/wp-content\/uploads\/2024\/10\/Yoseph-Gelan-Is-a-Dishonest-Dental-lab-Owner-in-Ethiopia-4.webp 563w, https:\/\/istardentallab.com\/wp-content\/uploads\/2024\/10\/Yoseph-Gelan-Is-a-Dishonest-Dental-lab-Owner-in-Ethiopia-4-300x137.webp 300w\" sizes=\"(max-width: 563px) 100vw, 563px\" \/><\/figure>\n\n\n\n<p>Insto a todos los m\u00e9dicos et\u00edopes a que dejen de enviar sus casos a Yoseph Gelan,&nbsp;<\/p>\n\n\n\n<p>Como ya he notificado a la mayor\u00eda de los laboratorios dentales chinos, inform\u00e1ndoles de que es un fraude.&nbsp;<\/p>\n\n\n\n<p>Si sigue envi\u00e1ndole sus casos, corre el riesgo de perder sus impresiones.<\/p>\n\n\n\n<p>Insto una vez m\u00e1s a todos los laboratorios dentales chinos a que no acepten ning\u00fan pedido suyo. No produzcan ning\u00fan producto para un estafador.<\/p>\n\n\n\n<figure class=\"wp-block-image size-full\"><img loading=\"lazy\" decoding=\"async\" width=\"1014\" height=\"733\" src=\"https:\/\/istardentallab.com\/wp-content\/uploads\/2024\/10\/Yoseph-Gelan-Is-a-Dishonest-Dental-lab-Owner-in-Ethiopia-5.webp\" alt=\"\" class=\"wp-image-3987\" srcset=\"https:\/\/istardentallab.com\/wp-content\/uploads\/2024\/10\/Yoseph-Gelan-Is-a-Dishonest-Dental-lab-Owner-in-Ethiopia-5.webp 1014w, https:\/\/istardentallab.com\/wp-content\/uploads\/2024\/10\/Yoseph-Gelan-Is-a-Dishonest-Dental-lab-Owner-in-Ethiopia-5-300x217.webp 300w, https:\/\/istardentallab.com\/wp-content\/uploads\/2024\/10\/Yoseph-Gelan-Is-a-Dishonest-Dental-lab-Owner-in-Ethiopia-5-768x555.webp 768w\" sizes=\"(max-width: 1014px) 100vw, 1014px\" \/><\/figure>\n\t\t\t\t\t\t\t\t<\/div>\n\t\t\t\t<\/div>\n\t\t\t\t\t<\/div>\n\t\t<\/div>\n\t\t\t\t\t<\/div>\n\t\t<\/section>\n\t\t\t\t<\/div>","protected":false},"excerpt":{"rendered":"<p>Yoseph Gelan Is a Dishonest Dental lab Owner in\u00a0Ethiopia Hello everyone, I am from Istar Dental Lab, a highly professional dental lab based in China.&nbsp; Our quality system ranks in the top five in China.&nbsp; Today, I am extremely angry to share information about a dental lab from the Ethiopia.&nbsp; His name is&nbsp;Yoseph Gelan, His [&hellip;]<\/p>\n","protected":false},"author":1,"featured_media":3932,"parent":0,"menu_order":0,"comment_status":"closed","ping_status":"closed","template":"","meta":{"_acf_changed":false,"footnotes":""},"class_list":["post-3982","page","type-page","status-publish","has-post-thumbnail","hentry"],"acf":[],"_links":{"self":[{"href":"https:\/\/istardentallab.com\/es\/wp-json\/wp\/v2\/pages\/3982","targetHints":{"allow":["GET"]}}],"collection":[{"href":"https:\/\/istardentallab.com\/es\/wp-json\/wp\/v2\/pages"}],"about":[{"href":"https:\/\/istardentallab.com\/es\/wp-json\/wp\/v2\/types\/page"}],"author":[{"embeddable":true,"href":"https:\/\/istardentallab.com\/es\/wp-json\/wp\/v2\/users\/1"}],"replies":[{"embeddable":true,"href":"https:\/\/istardentallab.com\/es\/wp-json\/wp\/v2\/comments?post=3982"}],"version-history":[{"count":4,"href":"https:\/\/istardentallab.com\/es\/wp-json\/wp\/v2\/pages\/3982\/revisions"}],"predecessor-version":[{"id":7329,"href":"https:\/\/istardentallab.com\/es\/wp-json\/wp\/v2\/pages\/3982\/revisions\/7329"}],"wp:featuredmedia":[{"embeddable":true,"href":"https:\/\/istardentallab.com\/es\/wp-json\/wp\/v2\/media\/3932"}],"wp:attachment":[{"href":"https:\/\/istardentallab.com\/es\/wp-json\/wp\/v2\/media?parent=3982"}],"curies":[{"name":"wp","href":"https:\/\/api.w.org\/{rel}","templated":true}]}}