{"id":3989,"date":"2024-10-23T10:36:18","date_gmt":"2024-10-23T10:36:18","guid":{"rendered":"https:\/\/istardentallab.com\/?page_id=3989"},"modified":"2025-10-14T07:46:41","modified_gmt":"2025-10-14T07:46:41","slug":"prezi-dent-lab-is-a-fraudulent-company","status":"publish","type":"page","link":"https:\/\/istardentallab.com\/es\/prezi-dent-lab-is-a-fraudulent-company\/","title":{"rendered":"Prezi-Dent Lab es una empresa fraudulenta"},"content":{"rendered":"<div data-elementor-type=\"wp-page\" data-elementor-id=\"3989\" class=\"elementor elementor-3989\" data-elementor-post-type=\"page\">\n\t\t\t\t\t\t<section class=\"elementor-section elementor-top-section elementor-element elementor-element-8d5a36a elementor-section-boxed elementor-section-height-default elementor-section-height-default\" data-id=\"8d5a36a\" data-element_type=\"section\" data-e-type=\"section\">\n\t\t\t\t\t\t<div class=\"elementor-container elementor-column-gap-default\">\n\t\t\t\t\t<div class=\"elementor-column elementor-col-100 elementor-top-column elementor-element elementor-element-f24d9a3\" data-id=\"f24d9a3\" data-element_type=\"column\" data-e-type=\"column\">\n\t\t\t<div class=\"elementor-widget-wrap elementor-element-populated\">\n\t\t\t\t\t\t<div class=\"elementor-element elementor-element-cee6a49 elementor-widget elementor-widget-heading\" data-id=\"cee6a49\" data-element_type=\"widget\" data-e-type=\"widget\" data-widget_type=\"heading.default\">\n\t\t\t\t<div class=\"elementor-widget-container\">\n\t\t\t\t\t<h1 class=\"elementor-heading-title elementor-size-default\">Prezi-Dent Lab es una empresa fraudulenta<\/h1>\t\t\t\t<\/div>\n\t\t\t\t<\/div>\n\t\t\t\t\t<\/div>\n\t\t<\/div>\n\t\t\t\t\t<\/div>\n\t\t<\/section>\n\t\t\t\t<section class=\"elementor-section elementor-top-section elementor-element elementor-element-6900a387 elementor-section-boxed elementor-section-height-default elementor-section-height-default\" data-id=\"6900a387\" data-element_type=\"section\" data-e-type=\"section\">\n\t\t\t\t\t\t<div class=\"elementor-container elementor-column-gap-default\">\n\t\t\t\t\t<div class=\"elementor-column elementor-col-100 elementor-top-column elementor-element elementor-element-3eb2222a\" data-id=\"3eb2222a\" data-element_type=\"column\" data-e-type=\"column\">\n\t\t\t<div class=\"elementor-widget-wrap elementor-element-populated\">\n\t\t\t\t\t\t<div class=\"elementor-element elementor-element-fc615f9 elementor-widget elementor-widget-text-editor\" data-id=\"fc615f9\" data-element_type=\"widget\" data-e-type=\"widget\" data-widget_type=\"text-editor.default\">\n\t\t\t\t<div class=\"elementor-widget-container\">\n\t\t\t\t\t\t\t\t\t\n<p>Hola a todos, soy de Istar Dental Lab, un laboratorio dental altamente profesional con sede en China.&nbsp;<\/p>\n\n\n\n<p>Nuestro sistema de calidad est\u00e1 entre los cinco mejores de China. Hoy, estoy muy enfadado por compartir informaci\u00f3n sobre un laboratorio dental de Estados Unidos.&nbsp;<\/p>\n\n\n\n<p>Su nombre es Prezi-Dent Lab Inc, con domicilio en 97-09 64th Rd #2, Rego Park, NY 11374.&nbsp;<\/p>\n\n\n\n<p>El propietario es Aron Samandarov, y el tel\u00e9fono es +1 (347) 605-8781.<\/p>\n\n\n\n<p>En primer lugar, todos los productos de esta empresa se subcontratan a laboratorios dentales de China, y han contactado con muchas empresas de ese pa\u00eds.&nbsp;<\/p>\n\n\n\n<p>Nuestra historia comenz\u00f3 en julio de este a\u00f1o. A continuaci\u00f3n, algunas capturas de pantalla del chat.&nbsp;<\/p>\n\n\n\n<p>Se interesaron por nuestro laboratorio dental y prometieron enviarnos algunos pedidos, asegur\u00e1ndonos que el pago se har\u00eda puntualmente con liquidaciones mensuales.&nbsp;<\/p>\n\n\n\n<p>Luego, en dos semanas, nos enviaron algunas cajas grandes. Sin embargo, una vez recibidos todos los pedidos, de repente nos dijeron que la calidad de nuestros productos era mala, y los m\u00e9dicos no estaban satisfechos.<\/p>\n\n\n\n<figure class=\"wp-block-image size-full\"><img fetchpriority=\"high\" decoding=\"async\" width=\"1017\" height=\"749\" src=\"https:\/\/istardentallab.com\/wp-content\/uploads\/2024\/10\/Prezi-Dent-Lab-is-a-Fraudulent-Company-3.webp\" alt=\"\" class=\"wp-image-3991\" srcset=\"https:\/\/istardentallab.com\/wp-content\/uploads\/2024\/10\/Prezi-Dent-Lab-is-a-Fraudulent-Company-3.webp 1017w, https:\/\/istardentallab.com\/wp-content\/uploads\/2024\/10\/Prezi-Dent-Lab-is-a-Fraudulent-Company-3-300x221.webp 300w, https:\/\/istardentallab.com\/wp-content\/uploads\/2024\/10\/Prezi-Dent-Lab-is-a-Fraudulent-Company-3-768x566.webp 768w\" sizes=\"(max-width: 1017px) 100vw, 1017px\" \/><\/figure>\n\n\n\n<figure class=\"wp-block-image size-full\"><img decoding=\"async\" width=\"1011\" height=\"431\" src=\"https:\/\/istardentallab.com\/wp-content\/uploads\/2024\/10\/Prezi-Dent-Lab-is-a-Fraudulent-Company-1.webp\" alt=\"\" class=\"wp-image-3990\" srcset=\"https:\/\/istardentallab.com\/wp-content\/uploads\/2024\/10\/Prezi-Dent-Lab-is-a-Fraudulent-Company-1.webp 1011w, https:\/\/istardentallab.com\/wp-content\/uploads\/2024\/10\/Prezi-Dent-Lab-is-a-Fraudulent-Company-1-300x128.webp 300w, https:\/\/istardentallab.com\/wp-content\/uploads\/2024\/10\/Prezi-Dent-Lab-is-a-Fraudulent-Company-1-768x327.webp 768w\" sizes=\"(max-width: 1011px) 100vw, 1011px\" \/><\/figure>\n\n\n\n<p>Despu\u00e9s de eso, dejaron de responder a los mensajes. Cuando lleg\u00f3 agosto y hubo que pagar, no respondieron a ning\u00fan mensaje relacionado con el pago.&nbsp;<\/p>\n\n\n\n<p>Cuando llamamos, dijeron que estaban ocupados. Les dije que si hab\u00eda fundas en mal estado, pod\u00edan devolverlas y no cobrar\u00edamos por ellas, y que pod\u00edan limitarse a pagar por las fundas en buen estado.&nbsp;<\/p>\n\n\n\n<p>Pero, de nuevo, no hubo respuesta. Estaba claro que el cliente hab\u00eda huido.<\/p>\n\n\n\n<figure class=\"wp-block-image size-full\"><img decoding=\"async\" width=\"1015\" height=\"778\" src=\"https:\/\/istardentallab.com\/wp-content\/uploads\/2024\/10\/Prezi-Dent-Lab-is-a-Fraudulent-Company-2.webp\" alt=\"\" class=\"wp-image-3992\" srcset=\"https:\/\/istardentallab.com\/wp-content\/uploads\/2024\/10\/Prezi-Dent-Lab-is-a-Fraudulent-Company-2.webp 1015w, https:\/\/istardentallab.com\/wp-content\/uploads\/2024\/10\/Prezi-Dent-Lab-is-a-Fraudulent-Company-2-300x230.webp 300w, https:\/\/istardentallab.com\/wp-content\/uploads\/2024\/10\/Prezi-Dent-Lab-is-a-Fraudulent-Company-2-768x589.webp 768w\" sizes=\"(max-width: 1015px) 100vw, 1015px\" \/><\/figure>\n\n\n\n<p>Quiero decir a los m\u00e9dicos estadounidenses: Por favor, no den su negocio a gente tan deshonesta.&nbsp;<\/p>\n\n\n\n<p>Hay muchas empresas de renombre en Estados Unidos, y usted debe hacer sus pedidos a esas empresas.<\/p>\n\n\n\n<p>Quiero decir a todos los laboratorios dentales chinos: Por favor, no env\u00eden sus casos a laboratorios dentales tan deshonestos,&nbsp;<\/p>\n\n\n\n<p>O perder\u00e1s dinero y no obtendr\u00e1s nada a cambio, \u00a1lo cual es muy frustrante!<\/p>\n\n\n\n<p><\/p>\n\t\t\t\t\t\t\t\t<\/div>\n\t\t\t\t<\/div>\n\t\t\t\t\t<\/div>\n\t\t<\/div>\n\t\t\t\t\t<\/div>\n\t\t<\/section>\n\t\t\t\t<\/div>","protected":false},"excerpt":{"rendered":"<p>Prezi-Dent Lab is a Fraudulent Company Hello everyone, I am from Istar Dental Lab, a highly professional dental lab based in China.&nbsp; Our quality system ranks in the top five in China. Today, I am extremely angry to share information about a dental lab from the United States.&nbsp; Its name is Prezi-Dent Lab Inc, located [&hellip;]<\/p>\n","protected":false},"author":1,"featured_media":3924,"parent":0,"menu_order":0,"comment_status":"closed","ping_status":"closed","template":"","meta":{"_acf_changed":false,"footnotes":""},"class_list":["post-3989","page","type-page","status-publish","has-post-thumbnail","hentry"],"acf":[],"_links":{"self":[{"href":"https:\/\/istardentallab.com\/es\/wp-json\/wp\/v2\/pages\/3989","targetHints":{"allow":["GET"]}}],"collection":[{"href":"https:\/\/istardentallab.com\/es\/wp-json\/wp\/v2\/pages"}],"about":[{"href":"https:\/\/istardentallab.com\/es\/wp-json\/wp\/v2\/types\/page"}],"author":[{"embeddable":true,"href":"https:\/\/istardentallab.com\/es\/wp-json\/wp\/v2\/users\/1"}],"replies":[{"embeddable":true,"href":"https:\/\/istardentallab.com\/es\/wp-json\/wp\/v2\/comments?post=3989"}],"version-history":[{"count":4,"href":"https:\/\/istardentallab.com\/es\/wp-json\/wp\/v2\/pages\/3989\/revisions"}],"predecessor-version":[{"id":7322,"href":"https:\/\/istardentallab.com\/es\/wp-json\/wp\/v2\/pages\/3989\/revisions\/7322"}],"wp:featuredmedia":[{"embeddable":true,"href":"https:\/\/istardentallab.com\/es\/wp-json\/wp\/v2\/media\/3924"}],"wp:attachment":[{"href":"https:\/\/istardentallab.com\/es\/wp-json\/wp\/v2\/media?parent=3989"}],"curies":[{"name":"wp","href":"https:\/\/api.w.org\/{rel}","templated":true}]}}