{"id":4775,"date":"2024-12-18T08:44:28","date_gmt":"2024-12-18T08:44:28","guid":{"rendered":"https:\/\/istardentallab.com\/?page_id=4775"},"modified":"2025-10-14T07:42:52","modified_gmt":"2025-10-14T07:42:52","slug":"laboratoire-outrebon-in-france-is-dishonest-dental-lab","status":"publish","type":"page","link":"https:\/\/istardentallab.com\/es\/laboratoire-outrebon-in-france-is-dishonest-dental-lab\/","title":{"rendered":"LABORATOIRE OUTREBON en Francia es un laboratorio dental deshonesto"},"content":{"rendered":"<div data-elementor-type=\"wp-page\" data-elementor-id=\"4775\" class=\"elementor elementor-4775\" data-elementor-post-type=\"page\">\n\t\t\t\t\t\t<section class=\"elementor-section elementor-top-section elementor-element elementor-element-f7a4ec6 elementor-section-boxed elementor-section-height-default elementor-section-height-default\" data-id=\"f7a4ec6\" data-element_type=\"section\" data-e-type=\"section\">\n\t\t\t\t\t\t<div class=\"elementor-container elementor-column-gap-default\">\n\t\t\t\t\t<div class=\"elementor-column elementor-col-100 elementor-top-column elementor-element elementor-element-2464f8d\" data-id=\"2464f8d\" data-element_type=\"column\" data-e-type=\"column\">\n\t\t\t<div class=\"elementor-widget-wrap elementor-element-populated\">\n\t\t\t\t\t\t<div class=\"elementor-element elementor-element-ff9f1e8 elementor-widget elementor-widget-heading\" data-id=\"ff9f1e8\" data-element_type=\"widget\" data-e-type=\"widget\" data-widget_type=\"heading.default\">\n\t\t\t\t<div class=\"elementor-widget-container\">\n\t\t\t\t\t<h1 class=\"elementor-heading-title elementor-size-default\">LABORATOIRE OUTREBON en Francia es un laboratorio dental deshonesto<\/h1>\t\t\t\t<\/div>\n\t\t\t\t<\/div>\n\t\t\t\t\t<\/div>\n\t\t<\/div>\n\t\t\t\t\t<\/div>\n\t\t<\/section>\n\t\t\t\t<section class=\"elementor-section elementor-top-section elementor-element elementor-element-9757990 elementor-section-boxed elementor-section-height-default elementor-section-height-default\" data-id=\"9757990\" data-element_type=\"section\" data-e-type=\"section\">\n\t\t\t\t\t\t<div class=\"elementor-container elementor-column-gap-default\">\n\t\t\t\t\t<div class=\"elementor-column elementor-col-100 elementor-top-column elementor-element elementor-element-729f0715\" data-id=\"729f0715\" data-element_type=\"column\" data-e-type=\"column\">\n\t\t\t<div class=\"elementor-widget-wrap elementor-element-populated\">\n\t\t\t\t\t\t<div class=\"elementor-element elementor-element-607f69ac elementor-widget elementor-widget-text-editor\" data-id=\"607f69ac\" data-element_type=\"widget\" data-e-type=\"widget\" data-widget_type=\"text-editor.default\">\n\t\t\t\t<div class=\"elementor-widget-container\">\n\t\t\t\t\t\t\t\t\t\n<p>Como uno de los mejores laboratorios dentales de China, valoramos mucho a todos los clientes que nos respetan. Sin embargo, tambi\u00e9n hemos encontrado algunos clientes deshonestos, y tenemos que exponerlos a recordar a los profesionales de la industria de laboratorio dental.<\/p>\n\n<p>Hoy quiero desenmascarar a un laboratorio dental deshonesto de Francia.\u00a0<\/p>\n\n<p>El nombre de la empresa es LABORATOIRE OUTREBON, y el nombre del propietario es Maxime Outrebon.\u00a0<\/p>\n\n<p>La direcci\u00f3n es 46 Rue \u00e0 Borel, 80100 ABBEVILLE, Francia. El correo electr\u00f3nico es: laboratoire-outrebon@orange.fr. El n\u00famero de tel\u00e9fono y WhatsApp es +33 6 07 35 81 82.\u00a0<\/p>\n\n<p>A continuaci\u00f3n se adjunta una foto de Maxime Outrebon.<\/p>\n\n<div class=\"wp-block-columns is-layout-flex wp-container-core-columns-is-layout-28f84493 wp-block-columns-is-layout-flex\">\n<div class=\"wp-block-column is-layout-flow wp-block-column-is-layout-flow\">\n<figure class=\"wp-block-image size-full\"><img fetchpriority=\"high\" decoding=\"async\" width=\"500\" height=\"500\" class=\"wp-image-4777\" src=\"https:\/\/istardentallab.com\/wp-content\/uploads\/2024\/12\/LABORATOIRE-OUTREBON-in-France-is-dishonest-dental-lab-2.jpg\" alt=\"\" srcset=\"https:\/\/istardentallab.com\/wp-content\/uploads\/2024\/12\/LABORATOIRE-OUTREBON-in-France-is-dishonest-dental-lab-2.jpg 500w, https:\/\/istardentallab.com\/wp-content\/uploads\/2024\/12\/LABORATOIRE-OUTREBON-in-France-is-dishonest-dental-lab-2-300x300.jpg 300w, https:\/\/istardentallab.com\/wp-content\/uploads\/2024\/12\/LABORATOIRE-OUTREBON-in-France-is-dishonest-dental-lab-2-150x150.jpg 150w\" sizes=\"(max-width: 500px) 100vw, 500px\" \/><\/figure>\n<\/div>\n\n<div class=\"wp-block-column is-layout-flow wp-block-column-is-layout-flow\">\n<figure class=\"wp-block-image size-full\"><img decoding=\"async\" width=\"500\" height=\"500\" class=\"wp-image-4776\" src=\"https:\/\/istardentallab.com\/wp-content\/uploads\/2024\/12\/LABORATOIRE-OUTREBON-in-France-is-dishonest-dental-lab-1.jpg\" alt=\"LABORATOIRE OUTREBON en Francia es un laboratorio dental deshonesto\" srcset=\"https:\/\/istardentallab.com\/wp-content\/uploads\/2024\/12\/LABORATOIRE-OUTREBON-in-France-is-dishonest-dental-lab-1.jpg 500w, https:\/\/istardentallab.com\/wp-content\/uploads\/2024\/12\/LABORATOIRE-OUTREBON-in-France-is-dishonest-dental-lab-1-300x300.jpg 300w, https:\/\/istardentallab.com\/wp-content\/uploads\/2024\/12\/LABORATOIRE-OUTREBON-in-France-is-dishonest-dental-lab-1-150x150.jpg 150w\" sizes=\"(max-width: 500px) 100vw, 500px\" \/><\/figure>\n<\/div>\n<\/div>\n\n<p>LABORATOIRE OUTREBON empez\u00f3 a colaborar con nosotros, Istar Dental Lab, en septiembre de 2023.\u00a0<\/p>\n\n<p>Durante la fase inicial, la cooperaci\u00f3n fue muy fluida. Completamos los casos dentales con una calidad excelente, y \u00e9l efectu\u00f3 los pagos puntualmente.\u00a0<\/p>\n\n<p>Sin embargo, a partir de marzo de 2024, dej\u00f3 repentinamente de efectuar los pagos y empez\u00f3 a poner diversas excusas para enga\u00f1arnos y que continu\u00e1ramos con sus encargos.<\/p>\n\n<figure class=\"wp-block-image size-full\"><img decoding=\"async\" width=\"1005\" height=\"536\" class=\"wp-image-4778\" src=\"https:\/\/istardentallab.com\/wp-content\/uploads\/2024\/12\/LABORATOIRE-OUTREBON-in-France-is-dishonest-dental-lab-3.webp\" alt=\"\" srcset=\"https:\/\/istardentallab.com\/wp-content\/uploads\/2024\/12\/LABORATOIRE-OUTREBON-in-France-is-dishonest-dental-lab-3.webp 1005w, https:\/\/istardentallab.com\/wp-content\/uploads\/2024\/12\/LABORATOIRE-OUTREBON-in-France-is-dishonest-dental-lab-3-300x160.webp 300w, https:\/\/istardentallab.com\/wp-content\/uploads\/2024\/12\/LABORATOIRE-OUTREBON-in-France-is-dishonest-dental-lab-3-768x410.webp 768w\" sizes=\"(max-width: 1005px) 100vw, 1005px\" \/><\/figure>\n\n<p>Utiliz\u00f3 la excusa de un negocio en dificultades e hizo muchas promesas, pidi\u00e9ndonos que sigui\u00e9ramos con sus casos.<\/p>\n\n<p>Sin embargo, despu\u00e9s de que nuestro gestor de cuentas enviara el \u00faltimo lote de pedidos en octubre, la cooperaci\u00f3n termin\u00f3.<\/p>\n\n<p>Nos asegur\u00f3 que se organizar\u00edan los pagos, pero ahora, en diciembre de 2024, todav\u00eda no hemos recibido ning\u00fan pago. No es una persona de fiar.<\/p>\n\n<figure class=\"wp-block-image size-large\"><img loading=\"lazy\" decoding=\"async\" width=\"1024\" height=\"625\" class=\"wp-image-4779\" src=\"https:\/\/istardentallab.com\/wp-content\/uploads\/2024\/12\/LABORATOIRE-OUTREBON-in-France-is-dishonest-dental-lab-4-1024x625.webp\" alt=\"\" srcset=\"https:\/\/istardentallab.com\/wp-content\/uploads\/2024\/12\/LABORATOIRE-OUTREBON-in-France-is-dishonest-dental-lab-4-1024x625.webp 1024w, https:\/\/istardentallab.com\/wp-content\/uploads\/2024\/12\/LABORATOIRE-OUTREBON-in-France-is-dishonest-dental-lab-4-300x183.webp 300w, https:\/\/istardentallab.com\/wp-content\/uploads\/2024\/12\/LABORATOIRE-OUTREBON-in-France-is-dishonest-dental-lab-4-768x469.webp 768w, https:\/\/istardentallab.com\/wp-content\/uploads\/2024\/12\/LABORATOIRE-OUTREBON-in-France-is-dishonest-dental-lab-4.webp 1045w\" sizes=\"(max-width: 1024px) 100vw, 1024px\" \/><\/figure>\n\n<figure class=\"wp-block-image size-large\"><img loading=\"lazy\" decoding=\"async\" width=\"1024\" height=\"806\" class=\"wp-image-4780\" src=\"https:\/\/istardentallab.com\/wp-content\/uploads\/2024\/12\/LABORATOIRE-OUTREBON-in-France-is-dishonest-dental-lab-5-1024x806.webp\" alt=\"\" srcset=\"https:\/\/istardentallab.com\/wp-content\/uploads\/2024\/12\/LABORATOIRE-OUTREBON-in-France-is-dishonest-dental-lab-5-1024x806.webp 1024w, https:\/\/istardentallab.com\/wp-content\/uploads\/2024\/12\/LABORATOIRE-OUTREBON-in-France-is-dishonest-dental-lab-5-300x236.webp 300w, https:\/\/istardentallab.com\/wp-content\/uploads\/2024\/12\/LABORATOIRE-OUTREBON-in-France-is-dishonest-dental-lab-5-768x605.webp 768w, https:\/\/istardentallab.com\/wp-content\/uploads\/2024\/12\/LABORATOIRE-OUTREBON-in-France-is-dishonest-dental-lab-5.webp 1040w\" sizes=\"(max-width: 1024px) 100vw, 1024px\" \/><\/figure>\n\n<p>Despu\u00e9s de eso, dej\u00f3 de responder a mis mensajes.\u00a0<\/p>\n\n<p>Este comportamiento deshonesto deber\u00eda darse a conocer a todos los laboratorios dentales para que eviten colaborar con \u00e9l.<\/p>\n\n<p>Insto a todos los m\u00e9dicos de Francia a que dejen de enviar sus casos a Maxime Outrebon,\u00a0<\/p>\n\n<p>Como ya he notificado a la mayor\u00eda de los laboratorios dentales chinos, inform\u00e1ndoles de que es un fraude.\u00a0<\/p>\n\n<p>Si sigue envi\u00e1ndole sus casos, corre el riesgo de perder sus impresiones.<\/p>\n\n<p>Insto una vez m\u00e1s a todos los laboratorios dentales chinos a que no acepten ning\u00fan pedido suyo. No produzcan ning\u00fan producto para un estafador.<\/p>\n\n<p>\u00a0<\/p>\n\t\t\t\t\t\t\t\t<\/div>\n\t\t\t\t<\/div>\n\t\t\t\t\t<\/div>\n\t\t<\/div>\n\t\t\t\t\t<\/div>\n\t\t<\/section>\n\t\t\t\t<\/div>","protected":false},"excerpt":{"rendered":"<p>LABORATOIRE OUTREBON in France is Dishonest Dental Lab As one of the top dental labs in China, we highly value every customer who respects us. However, we have also encountered some dishonest customers, and we need to expose them to remind professionals in the dental lab industry. Today, I want to expose a dishonest dental [&hellip;]<\/p>\n","protected":false},"author":1,"featured_media":4780,"parent":0,"menu_order":0,"comment_status":"closed","ping_status":"closed","template":"","meta":{"_acf_changed":false,"footnotes":""},"class_list":["post-4775","page","type-page","status-publish","has-post-thumbnail","hentry"],"acf":[],"_links":{"self":[{"href":"https:\/\/istardentallab.com\/es\/wp-json\/wp\/v2\/pages\/4775","targetHints":{"allow":["GET"]}}],"collection":[{"href":"https:\/\/istardentallab.com\/es\/wp-json\/wp\/v2\/pages"}],"about":[{"href":"https:\/\/istardentallab.com\/es\/wp-json\/wp\/v2\/types\/page"}],"author":[{"embeddable":true,"href":"https:\/\/istardentallab.com\/es\/wp-json\/wp\/v2\/users\/1"}],"replies":[{"embeddable":true,"href":"https:\/\/istardentallab.com\/es\/wp-json\/wp\/v2\/comments?post=4775"}],"version-history":[{"count":5,"href":"https:\/\/istardentallab.com\/es\/wp-json\/wp\/v2\/pages\/4775\/revisions"}],"predecessor-version":[{"id":7316,"href":"https:\/\/istardentallab.com\/es\/wp-json\/wp\/v2\/pages\/4775\/revisions\/7316"}],"wp:featuredmedia":[{"embeddable":true,"href":"https:\/\/istardentallab.com\/es\/wp-json\/wp\/v2\/media\/4780"}],"wp:attachment":[{"href":"https:\/\/istardentallab.com\/es\/wp-json\/wp\/v2\/media?parent=4775"}],"curies":[{"name":"wp","href":"https:\/\/api.w.org\/{rel}","templated":true}]}}