{"id":7220,"date":"2025-10-14T07:10:56","date_gmt":"2025-10-14T07:10:56","guid":{"rendered":"https:\/\/istardentallab.com\/?page_id=7220"},"modified":"2025-10-14T07:15:50","modified_gmt":"2025-10-14T07:15:50","slug":"great-cornard-dental-practice-is-dishonest-company","status":"publish","type":"page","link":"https:\/\/istardentallab.com\/es\/great-cornard-dental-practice-is-dishonest-company\/","title":{"rendered":"Great Cornard Dental Practice es una empresa deshonesta"},"content":{"rendered":"<div data-elementor-type=\"wp-page\" data-elementor-id=\"7220\" class=\"elementor elementor-7220\" data-elementor-post-type=\"page\">\n\t\t\t\t\t\t<section class=\"elementor-section elementor-top-section elementor-element elementor-element-d3ff937 elementor-section-boxed elementor-section-height-default elementor-section-height-default\" data-id=\"d3ff937\" data-element_type=\"section\" data-e-type=\"section\">\n\t\t\t\t\t\t<div class=\"elementor-container elementor-column-gap-default\">\n\t\t\t\t\t<div class=\"elementor-column elementor-col-100 elementor-top-column elementor-element elementor-element-b705ee4\" data-id=\"b705ee4\" data-element_type=\"column\" data-e-type=\"column\">\n\t\t\t<div class=\"elementor-widget-wrap elementor-element-populated\">\n\t\t\t\t\t\t<div class=\"elementor-element elementor-element-67d7f5d elementor-widget elementor-widget-heading\" data-id=\"67d7f5d\" data-element_type=\"widget\" data-e-type=\"widget\" data-widget_type=\"heading.default\">\n\t\t\t\t<div class=\"elementor-widget-container\">\n\t\t\t\t\t<h1 class=\"elementor-heading-title elementor-size-default\">Great Cornard Dental Practice es una empresa deshonesta<\/h1>\t\t\t\t<\/div>\n\t\t\t\t<\/div>\n\t\t\t\t\t<\/div>\n\t\t<\/div>\n\t\t\t\t\t<\/div>\n\t\t<\/section>\n\t\t\t\t<section class=\"elementor-section elementor-top-section elementor-element elementor-element-34c2f6e8 elementor-section-boxed elementor-section-height-default elementor-section-height-default\" data-id=\"34c2f6e8\" data-element_type=\"section\" data-e-type=\"section\">\n\t\t\t\t\t\t<div class=\"elementor-container elementor-column-gap-default\">\n\t\t\t\t\t<div class=\"elementor-column elementor-col-100 elementor-top-column elementor-element elementor-element-1b18ec86\" data-id=\"1b18ec86\" data-element_type=\"column\" data-e-type=\"column\">\n\t\t\t<div class=\"elementor-widget-wrap elementor-element-populated\">\n\t\t\t\t\t\t<div class=\"elementor-element elementor-element-7882cdcc elementor-widget elementor-widget-text-editor\" data-id=\"7882cdcc\" data-element_type=\"widget\" data-e-type=\"widget\" data-widget_type=\"text-editor.default\">\n\t\t\t\t<div class=\"elementor-widget-container\">\n\t\t\t\t\t\t\t\t\t\n<p>Como uno de los 5 mejores laboratorios dentales de China, valoramos mucho a cada cliente que nos respeta. Sin embargo, tambi\u00e9n nos hemos encontrado con algunos clientes deshonestos, y necesitamos exponerlos para recordar a los profesionales de la industria de los laboratorios dentales.<\/p>\n\n\n\n<p>Hoy, quiero exponer a un laboratorio dental deshonesto del Reino Unido.&nbsp;<\/p>\n\n\n\n<p>El nombre de la empresa es Great Cornard Dental Practice en el Reino Unido, y el nombre del propietario es Ammaad Jamil.<\/p>\n\n\n\n<p><strong>N\u00famero de registro:<\/strong><strong><\/strong><\/p>\n\n\n\n<p>264789<\/p>\n\n\n\n<p><strong>Estado:<\/strong><strong><\/strong><\/p>\n\n\n\n<p>Registrado<\/p>\n\n\n\n<p><strong>Tipo de registrante:<\/strong><strong><\/strong><\/p>\n\n\n\n<p>Dentista<\/p>\n\n\n\n<p><strong>Primera inscripci\u00f3n el:<\/strong><strong><\/strong><\/p>\n\n\n\n<p>07 de julio de 2016<\/p>\n\n\n\n<p><strong>Per\u00edodo actual de registro desde:<\/strong><strong><\/strong><\/p>\n\n\n\n<p>16 de enero de 2019 hasta: 31 de diciembre de 2025<\/p>\n\n\n\n<p><strong>Cualificaciones:<\/strong><strong><\/strong><\/p>\n\n\n\n<p>BChD Universidad de Leeds 2016<\/p>\n\n\n\n<p>La direcci\u00f3n es: 178 Bures Road, Great Cornard, Sudbury, CO10 0JQ (01787) 375917<br>El correo electr\u00f3nico es: ammaad1@hotmail.co.uk El n\u00famero de tel\u00e9fono es: +44 7306 567880<\/p>\n\n\n\n<p>Adjunto a continuaci\u00f3n una foto de Great Cornard Dental Practice en el Reino Unido.<\/p>\n\n\n\n<p>Great Cornard Dental Practice en el Reino Unido comenz\u00f3 a colaborar con nosotros, Istar Dental Lab, en abril de 2025<br>Me puse en contacto con Great Cornard Dental Practice en el Reino Unido, con la esperanza de una asociaci\u00f3n profesional.<\/p>\n\n\n\n<p>Nos envi\u00f3 archivos por enlace medit y dise\u00f1amos para \u00e9l para cadcam directamente. Al principio, el pago se realiz\u00f3 con bastante lentitud, pero finalmente se complet\u00f3. El \u00faltimo pago. Al principio, se afirm\u00f3 que se hab\u00eda realizado el pago. M\u00e1s tarde, se realiz\u00f3 un pago falso. <\/p>\n\n\n\n<p>Despu\u00e9s de que lo comprobamos, dijeron que har\u00edan un nuevo pago, pero que necesitaban esperar a que el dinero del banco les fuera devuelto. Finalmente, el dinero del banco fue devuelto y prometieron volver a realizar el pago. Pero hasta ahora, han pasado 3 meses y todav\u00eda no hemos recibido este dinero. Cada vez que enviamos un mensaje, se marca como le\u00eddo, pero no se da ninguna respuesta.<\/p>\n\n\n\n<figure class=\"wp-block-image size-large\"><img fetchpriority=\"high\" decoding=\"async\" width=\"1024\" height=\"704\" src=\"https:\/\/istardentallab.com\/wp-content\/uploads\/2025\/10\/Great-Cornard-Dental-Practice-is-dishonest-company-1-1024x704.webp\" alt=\"Great Cornard Dental Practice es una empresa deshonesta\" class=\"wp-image-7287\" srcset=\"https:\/\/istardentallab.com\/wp-content\/uploads\/2025\/10\/Great-Cornard-Dental-Practice-is-dishonest-company-1-1024x704.webp 1024w, https:\/\/istardentallab.com\/wp-content\/uploads\/2025\/10\/Great-Cornard-Dental-Practice-is-dishonest-company-1-300x206.webp 300w, https:\/\/istardentallab.com\/wp-content\/uploads\/2025\/10\/Great-Cornard-Dental-Practice-is-dishonest-company-1-768x528.webp 768w, https:\/\/istardentallab.com\/wp-content\/uploads\/2025\/10\/Great-Cornard-Dental-Practice-is-dishonest-company-1-18x12.webp 18w, https:\/\/istardentallab.com\/wp-content\/uploads\/2025\/10\/Great-Cornard-Dental-Practice-is-dishonest-company-1.webp 1240w\" sizes=\"(max-width: 1024px) 100vw, 1024px\" \/><\/figure>\n\n\n\n<figure class=\"wp-block-image size-large\"><img decoding=\"async\" width=\"1024\" height=\"714\" src=\"https:\/\/istardentallab.com\/wp-content\/uploads\/2025\/10\/Great-Cornard-Dental-Practice-is-dishonest-company-2-1024x714.webp\" alt=\"Great Cornard Dental Practice es una empresa deshonesta\" class=\"wp-image-7286\" srcset=\"https:\/\/istardentallab.com\/wp-content\/uploads\/2025\/10\/Great-Cornard-Dental-Practice-is-dishonest-company-2-1024x714.webp 1024w, https:\/\/istardentallab.com\/wp-content\/uploads\/2025\/10\/Great-Cornard-Dental-Practice-is-dishonest-company-2-300x209.webp 300w, https:\/\/istardentallab.com\/wp-content\/uploads\/2025\/10\/Great-Cornard-Dental-Practice-is-dishonest-company-2-768x535.webp 768w, https:\/\/istardentallab.com\/wp-content\/uploads\/2025\/10\/Great-Cornard-Dental-Practice-is-dishonest-company-2-18x12.webp 18w, https:\/\/istardentallab.com\/wp-content\/uploads\/2025\/10\/Great-Cornard-Dental-Practice-is-dishonest-company-2.webp 1228w\" sizes=\"(max-width: 1024px) 100vw, 1024px\" \/><\/figure>\n\n\n\n<figure class=\"wp-block-image size-large\"><img decoding=\"async\" width=\"1024\" height=\"692\" src=\"https:\/\/istardentallab.com\/wp-content\/uploads\/2025\/10\/Great-Cornard-Dental-Practice-is-dishonest-company-3-1024x692.webp\" alt=\"Great Cornard Dental Practice es una empresa deshonesta\" class=\"wp-image-7285\" srcset=\"https:\/\/istardentallab.com\/wp-content\/uploads\/2025\/10\/Great-Cornard-Dental-Practice-is-dishonest-company-3-1024x692.webp 1024w, https:\/\/istardentallab.com\/wp-content\/uploads\/2025\/10\/Great-Cornard-Dental-Practice-is-dishonest-company-3-300x203.webp 300w, https:\/\/istardentallab.com\/wp-content\/uploads\/2025\/10\/Great-Cornard-Dental-Practice-is-dishonest-company-3-768x519.webp 768w, https:\/\/istardentallab.com\/wp-content\/uploads\/2025\/10\/Great-Cornard-Dental-Practice-is-dishonest-company-3-18x12.webp 18w, https:\/\/istardentallab.com\/wp-content\/uploads\/2025\/10\/Great-Cornard-Dental-Practice-is-dishonest-company-3.webp 1252w\" sizes=\"(max-width: 1024px) 100vw, 1024px\" \/><\/figure>\n\n\n\n<figure class=\"wp-block-image size-large\"><img loading=\"lazy\" decoding=\"async\" width=\"1024\" height=\"698\" src=\"https:\/\/istardentallab.com\/wp-content\/uploads\/2025\/10\/Great-Cornard-Dental-Practice-is-dishonest-company-4-1024x698.webp\" alt=\"Great Cornard Dental Practice es una empresa deshonesta\" class=\"wp-image-7284\" srcset=\"https:\/\/istardentallab.com\/wp-content\/uploads\/2025\/10\/Great-Cornard-Dental-Practice-is-dishonest-company-4-1024x698.webp 1024w, https:\/\/istardentallab.com\/wp-content\/uploads\/2025\/10\/Great-Cornard-Dental-Practice-is-dishonest-company-4-300x205.webp 300w, https:\/\/istardentallab.com\/wp-content\/uploads\/2025\/10\/Great-Cornard-Dental-Practice-is-dishonest-company-4-768x524.webp 768w, https:\/\/istardentallab.com\/wp-content\/uploads\/2025\/10\/Great-Cornard-Dental-Practice-is-dishonest-company-4-18x12.webp 18w, https:\/\/istardentallab.com\/wp-content\/uploads\/2025\/10\/Great-Cornard-Dental-Practice-is-dishonest-company-4.webp 1248w\" sizes=\"(max-width: 1024px) 100vw, 1024px\" \/><\/figure>\n\n\n\n<p>Cada vez que promet\u00eda hacer el pago, me enga\u00f1aba una y otra vez. De hecho, nunca hizo el pago en absoluto. Siempre dec\u00eda que nos pagar\u00eda, pero ya han pasado 3 meses y todav\u00eda no hemos recibido nada de dinero de \u00e9l.<\/p>\n\n\n\n<p>En el transcurso de tres meses, envi\u00e9 docenas de mensajes e hice innumerables llamadas, y luego pas\u00e9 a seguimientos firmes, pero todo lo que obtuve a cambio fue una fr\u00eda indiferencia. Le\u00eddo, pero nunca respondido.<br>En nuestro laboratorio, siempre hemos construido asociaciones basadas en la confianza y la integridad. El Dr. Ammaad da\u00f1\u00f3 algo mucho m\u00e1s importante: la base de la confianza que mantiene unida a toda nuestra industria.<\/p>\n\n\n\n<p>Antes de decidir hacer esto p\u00fablico, intent\u00e9 muchos contactos con el Dr. Ammaad. Pero cuando se trata de alguien que no respeta sus palabras, estos enfoques est\u00e1ndar se sienten impotentes.<br>Entonces me di cuenta: si me quedo en silencio, m\u00e1s laboratorios dentales pueden caer en la misma trampa. Y fue entonces cuando supe que alguien ten\u00eda que hablar.<\/p>\n\n\n\n<p>454 usd puede parecer una peque\u00f1a suma, pero para un laboratorio independiente como nosotros, es crucial. Es un testimonio de nuestra artesan\u00eda y una recompensa por nuestro arduo trabajo. Cuando laboratorios como Great Cornard Dental Practice en el Reino Unido se niegan a pagar, no solo est\u00e1n retrasando la transacci\u00f3n; tambi\u00e9n est\u00e1n faltando el respeto a la artesan\u00eda de nuestro laboratorio. Est\u00e1n devaluando el arte, la precisi\u00f3n y la experiencia necesarios para crear dispositivos m\u00e9dicos que restauran las sonrisas y la funci\u00f3n de nuestros pacientes.<\/p>\n\n\n\n<p>Est\u00e1n traicionando la confianza de toda nuestra profesi\u00f3n, que se basa en el respeto mutuo y la integridad entre dentistas, laboratorios y t\u00e9cnicos. Las acciones de Great Cornard Dental Practice en el Reino Unido socavan esa base<\/p>\n\n\n\n<p>Comparto esta historia para advertir a la comunidad dental. Tenga cuidado si est\u00e1 considerando trabajar con Great Cornard Dental Practice en el Reino Unido. Tambi\u00e9n pido su solidaridad. Si cree en las pr\u00e1cticas comerciales \u00e9ticas, comparta esta publicaci\u00f3n. Etiquete a los vigilantes de la industria dental. H\u00e1gales saber que nuestra comunidad global no tolerar\u00e1 la explotaci\u00f3n de los t\u00e9cnicos que trabajan duro.<\/p>\n\n\n\n<p>Su apoyo puede crear una ola de responsabilidad que proteja a la pr\u00f3xima persona de pasar por esta terrible experiencia.<\/p>\n\t\t\t\t\t\t\t\t<\/div>\n\t\t\t\t<\/div>\n\t\t\t\t\t<\/div>\n\t\t<\/div>\n\t\t\t\t\t<\/div>\n\t\t<\/section>\n\t\t\t\t<\/div>","protected":false},"excerpt":{"rendered":"<p>Great Cornard Dental Practice is Dishonest Company As one of the top 5 dental labs in China, we highly value every customer who respects us. However, we have also encountered some dishonest customers, and we need to expose them to remind professionals in the dental lab industry. Today, I want to expose a dishonest dental [&hellip;]<\/p>\n","protected":false},"author":1,"featured_media":0,"parent":0,"menu_order":0,"comment_status":"closed","ping_status":"closed","template":"","meta":{"_acf_changed":false,"footnotes":""},"class_list":["post-7220","page","type-page","status-publish","hentry"],"acf":[],"_links":{"self":[{"href":"https:\/\/istardentallab.com\/es\/wp-json\/wp\/v2\/pages\/7220","targetHints":{"allow":["GET"]}}],"collection":[{"href":"https:\/\/istardentallab.com\/es\/wp-json\/wp\/v2\/pages"}],"about":[{"href":"https:\/\/istardentallab.com\/es\/wp-json\/wp\/v2\/types\/page"}],"author":[{"embeddable":true,"href":"https:\/\/istardentallab.com\/es\/wp-json\/wp\/v2\/users\/1"}],"replies":[{"embeddable":true,"href":"https:\/\/istardentallab.com\/es\/wp-json\/wp\/v2\/comments?post=7220"}],"version-history":[{"count":6,"href":"https:\/\/istardentallab.com\/es\/wp-json\/wp\/v2\/pages\/7220\/revisions"}],"predecessor-version":[{"id":7330,"href":"https:\/\/istardentallab.com\/es\/wp-json\/wp\/v2\/pages\/7220\/revisions\/7330"}],"wp:attachment":[{"href":"https:\/\/istardentallab.com\/es\/wp-json\/wp\/v2\/media?parent=7220"}],"curies":[{"name":"wp","href":"https:\/\/api.w.org\/{rel}","templated":true}]}}