{"id":3960,"date":"2024-10-22T09:43:57","date_gmt":"2024-10-22T09:43:57","guid":{"rendered":"https:\/\/istardentallab.com\/?page_id=3960"},"modified":"2025-10-14T07:25:16","modified_gmt":"2025-10-14T07:25:16","slug":"ej-marketing-dental-lab-a-fraud-company","status":"publish","type":"page","link":"https:\/\/istardentallab.com\/fr\/ej-marketing-dental-lab-a-fraud-company\/","title":{"rendered":"EJ Marketing Dental Lab, une entreprise frauduleuse"},"content":{"rendered":"<div data-elementor-type=\"wp-page\" data-elementor-id=\"3960\" class=\"elementor elementor-3960\" data-elementor-post-type=\"page\">\n\t\t\t\t\t\t<section class=\"elementor-section elementor-top-section elementor-element elementor-element-ddf1ab5 elementor-section-boxed elementor-section-height-default elementor-section-height-default\" data-id=\"ddf1ab5\" data-element_type=\"section\" data-e-type=\"section\">\n\t\t\t\t\t\t<div class=\"elementor-container elementor-column-gap-default\">\n\t\t\t\t\t<div class=\"elementor-column elementor-col-100 elementor-top-column elementor-element elementor-element-010d2c1\" data-id=\"010d2c1\" data-element_type=\"column\" data-e-type=\"column\">\n\t\t\t<div class=\"elementor-widget-wrap elementor-element-populated\">\n\t\t\t\t\t\t<div class=\"elementor-element elementor-element-0fabd0b elementor-widget elementor-widget-heading\" data-id=\"0fabd0b\" data-element_type=\"widget\" data-e-type=\"widget\" data-widget_type=\"heading.default\">\n\t\t\t\t<div class=\"elementor-widget-container\">\n\t\t\t\t\t<h1 class=\"elementor-heading-title elementor-size-default\">EJ Marketing Dental Lab, une entreprise frauduleuse<\/h1>\t\t\t\t<\/div>\n\t\t\t\t<\/div>\n\t\t\t\t\t<\/div>\n\t\t<\/div>\n\t\t\t\t\t<\/div>\n\t\t<\/section>\n\t\t\t\t<section class=\"elementor-section elementor-top-section elementor-element elementor-element-7c56c15 elementor-section-boxed elementor-section-height-default elementor-section-height-default\" data-id=\"7c56c15\" data-element_type=\"section\" data-e-type=\"section\">\n\t\t\t\t\t\t<div class=\"elementor-container elementor-column-gap-default\">\n\t\t\t\t\t<div class=\"elementor-column elementor-col-100 elementor-top-column elementor-element elementor-element-9a0ebde\" data-id=\"9a0ebde\" data-element_type=\"column\" data-e-type=\"column\">\n\t\t\t<div class=\"elementor-widget-wrap elementor-element-populated\">\n\t\t\t\t\t\t<div class=\"elementor-element elementor-element-69439c7 elementor-widget elementor-widget-text-editor\" data-id=\"69439c7\" data-element_type=\"widget\" data-e-type=\"widget\" data-widget_type=\"text-editor.default\">\n\t\t\t\t<div class=\"elementor-widget-container\">\n\t\t\t\t\t\t\t\t\t<p>Bonjour \u00e0 tous, je suis de Istar Dental Lab, un laboratoire dentaire hautement professionnel bas\u00e9 en Chine.<\/p><p>Notre syst\u00e8me de qualit\u00e9 se classe parmi les cinq premiers en Chine. Aujourd'hui, je suis extr\u00eamement fi\u00e8re de partager des informations sur un laboratoire dentaire en Malaisie.<\/p><p>Ce laboratoire est appel\u00e9 <strong>EJ Marketing Dental Lab<\/strong>situ\u00e9 \u00e0 l'adresse suivante<strong> 22-1, Jalan 1\/32, Taman Jinjang Baru, 52000 Kuala Lumpur, Malaisie<\/strong>.<\/p><p>Le propri\u00e9taire est <strong>Kenny<\/strong>et le num\u00e9ro de t\u00e9l\u00e9phone est le suivant <strong>+60109074876<\/strong>.<\/p><p>Tout d'abord, tous les produits de cette entreprise sont sous-trait\u00e9s \u00e0 des laboratoires dentaires en Chine et au Vi\u00eat Nam, et elle a \u00e9t\u00e9 en contact avec plusieurs entreprises vietnamiennes.<br \/>Notre histoire a commenc\u00e9 le 23 septembre de cette ann\u00e9e.<\/p><p>Ils ont manifest\u00e9 leur int\u00e9r\u00eat pour notre laboratoire dentaire et ont promis de nous envoyer des commandes, en nous assurant que les paiements seraient effectu\u00e9s en temps voulu, par le biais de r\u00e8glements hebdomadaires.<br \/>Vous trouverez ci-dessous quelques captures d'\u00e9cran de chat.<\/p>\t\t\t\t\t\t\t\t<\/div>\n\t\t\t\t<\/div>\n\t\t\t\t<section class=\"elementor-section elementor-inner-section elementor-element elementor-element-989be09 elementor-section-boxed elementor-section-height-default elementor-section-height-default\" data-id=\"989be09\" data-element_type=\"section\" data-e-type=\"section\">\n\t\t\t\t\t\t<div class=\"elementor-container elementor-column-gap-default\">\n\t\t\t\t\t<div class=\"elementor-column elementor-col-33 elementor-inner-column elementor-element elementor-element-35a5f0e\" data-id=\"35a5f0e\" data-element_type=\"column\" data-e-type=\"column\">\n\t\t\t<div class=\"elementor-widget-wrap elementor-element-populated\">\n\t\t\t\t\t\t<div class=\"elementor-element elementor-element-5b70586 elementor-widget elementor-widget-image\" data-id=\"5b70586\" data-element_type=\"widget\" data-e-type=\"widget\" data-widget_type=\"image.default\">\n\t\t\t\t<div class=\"elementor-widget-container\">\n\t\t\t\t\t\t\t\t\t\t\t\t\t\t\t<img fetchpriority=\"high\" decoding=\"async\" width=\"473\" height=\"1024\" src=\"https:\/\/istardentallab.com\/wp-content\/uploads\/2024\/10\/EJ-Marketing-Dental-Lab-a-fraud-company-1-473x1024.jpg\" class=\"attachment-large size-large wp-image-3964\" alt=\"\" srcset=\"https:\/\/istardentallab.com\/wp-content\/uploads\/2024\/10\/EJ-Marketing-Dental-Lab-a-fraud-company-1-473x1024.jpg 473w, https:\/\/istardentallab.com\/wp-content\/uploads\/2024\/10\/EJ-Marketing-Dental-Lab-a-fraud-company-1-139x300.jpg 139w, https:\/\/istardentallab.com\/wp-content\/uploads\/2024\/10\/EJ-Marketing-Dental-Lab-a-fraud-company-1.jpg 585w\" sizes=\"(max-width: 473px) 100vw, 473px\" \/>\t\t\t\t\t\t\t\t\t\t\t\t\t\t\t<\/div>\n\t\t\t\t<\/div>\n\t\t\t\t\t<\/div>\n\t\t<\/div>\n\t\t\t\t<div class=\"elementor-column elementor-col-33 elementor-inner-column elementor-element elementor-element-696b553\" data-id=\"696b553\" data-element_type=\"column\" data-e-type=\"column\">\n\t\t\t<div class=\"elementor-widget-wrap elementor-element-populated\">\n\t\t\t\t\t\t<div class=\"elementor-element elementor-element-4f82379 elementor-widget elementor-widget-image\" data-id=\"4f82379\" data-element_type=\"widget\" data-e-type=\"widget\" data-widget_type=\"image.default\">\n\t\t\t\t<div class=\"elementor-widget-container\">\n\t\t\t\t\t\t\t\t\t\t\t\t\t\t\t<img decoding=\"async\" width=\"473\" height=\"1024\" src=\"https:\/\/istardentallab.com\/wp-content\/uploads\/2024\/10\/EJ-Marketing-Dental-Lab-a-fraud-company-2-473x1024.jpg\" class=\"attachment-large size-large wp-image-3965\" alt=\"\" srcset=\"https:\/\/istardentallab.com\/wp-content\/uploads\/2024\/10\/EJ-Marketing-Dental-Lab-a-fraud-company-2-473x1024.jpg 473w, https:\/\/istardentallab.com\/wp-content\/uploads\/2024\/10\/EJ-Marketing-Dental-Lab-a-fraud-company-2-139x300.jpg 139w, https:\/\/istardentallab.com\/wp-content\/uploads\/2024\/10\/EJ-Marketing-Dental-Lab-a-fraud-company-2.jpg 585w\" sizes=\"(max-width: 473px) 100vw, 473px\" \/>\t\t\t\t\t\t\t\t\t\t\t\t\t\t\t<\/div>\n\t\t\t\t<\/div>\n\t\t\t\t\t<\/div>\n\t\t<\/div>\n\t\t\t\t<div class=\"elementor-column elementor-col-33 elementor-inner-column elementor-element elementor-element-fbedaa2\" data-id=\"fbedaa2\" data-element_type=\"column\" data-e-type=\"column\">\n\t\t\t<div class=\"elementor-widget-wrap elementor-element-populated\">\n\t\t\t\t\t\t<div class=\"elementor-element elementor-element-a419cbc elementor-widget elementor-widget-image\" data-id=\"a419cbc\" data-element_type=\"widget\" data-e-type=\"widget\" data-widget_type=\"image.default\">\n\t\t\t\t<div class=\"elementor-widget-container\">\n\t\t\t\t\t\t\t\t\t\t\t\t\t\t\t<img decoding=\"async\" width=\"473\" height=\"1024\" src=\"https:\/\/istardentallab.com\/wp-content\/uploads\/2024\/10\/EJ-Marketing-Dental-Lab-a-fraud-company-3-473x1024.jpg\" class=\"attachment-large size-large wp-image-3966\" alt=\"\" srcset=\"https:\/\/istardentallab.com\/wp-content\/uploads\/2024\/10\/EJ-Marketing-Dental-Lab-a-fraud-company-3-473x1024.jpg 473w, https:\/\/istardentallab.com\/wp-content\/uploads\/2024\/10\/EJ-Marketing-Dental-Lab-a-fraud-company-3-139x300.jpg 139w, https:\/\/istardentallab.com\/wp-content\/uploads\/2024\/10\/EJ-Marketing-Dental-Lab-a-fraud-company-3.jpg 585w\" sizes=\"(max-width: 473px) 100vw, 473px\" \/>\t\t\t\t\t\t\t\t\t\t\t\t\t\t\t<\/div>\n\t\t\t\t<\/div>\n\t\t\t\t\t<\/div>\n\t\t<\/div>\n\t\t\t\t\t<\/div>\n\t\t<\/section>\n\t\t\t\t<section class=\"elementor-section elementor-inner-section elementor-element elementor-element-250fa2f elementor-section-boxed elementor-section-height-default elementor-section-height-default\" data-id=\"250fa2f\" data-element_type=\"section\" data-e-type=\"section\">\n\t\t\t\t\t\t<div class=\"elementor-container elementor-column-gap-default\">\n\t\t\t\t\t<div class=\"elementor-column elementor-col-33 elementor-inner-column elementor-element elementor-element-373db4b\" data-id=\"373db4b\" data-element_type=\"column\" data-e-type=\"column\">\n\t\t\t<div class=\"elementor-widget-wrap elementor-element-populated\">\n\t\t\t\t\t\t<div class=\"elementor-element elementor-element-dc98b0d elementor-widget elementor-widget-image\" data-id=\"dc98b0d\" data-element_type=\"widget\" data-e-type=\"widget\" data-widget_type=\"image.default\">\n\t\t\t\t<div class=\"elementor-widget-container\">\n\t\t\t\t\t\t\t\t\t\t\t\t\t\t\t<img loading=\"lazy\" decoding=\"async\" width=\"473\" height=\"1024\" src=\"https:\/\/istardentallab.com\/wp-content\/uploads\/2024\/10\/EJ-Marketing-Dental-Lab-a-fraud-company-4-473x1024.jpg\" class=\"attachment-large size-large wp-image-3967\" alt=\"\" srcset=\"https:\/\/istardentallab.com\/wp-content\/uploads\/2024\/10\/EJ-Marketing-Dental-Lab-a-fraud-company-4-473x1024.jpg 473w, https:\/\/istardentallab.com\/wp-content\/uploads\/2024\/10\/EJ-Marketing-Dental-Lab-a-fraud-company-4-139x300.jpg 139w, https:\/\/istardentallab.com\/wp-content\/uploads\/2024\/10\/EJ-Marketing-Dental-Lab-a-fraud-company-4.jpg 585w\" sizes=\"(max-width: 473px) 100vw, 473px\" \/>\t\t\t\t\t\t\t\t\t\t\t\t\t\t\t<\/div>\n\t\t\t\t<\/div>\n\t\t\t\t\t<\/div>\n\t\t<\/div>\n\t\t\t\t<div class=\"elementor-column elementor-col-33 elementor-inner-column elementor-element elementor-element-e80b7ae\" data-id=\"e80b7ae\" data-element_type=\"column\" data-e-type=\"column\">\n\t\t\t<div class=\"elementor-widget-wrap elementor-element-populated\">\n\t\t\t\t\t\t<div class=\"elementor-element elementor-element-2188181 elementor-widget elementor-widget-image\" data-id=\"2188181\" data-element_type=\"widget\" data-e-type=\"widget\" data-widget_type=\"image.default\">\n\t\t\t\t<div class=\"elementor-widget-container\">\n\t\t\t\t\t\t\t\t\t\t\t\t\t\t\t<img loading=\"lazy\" decoding=\"async\" width=\"473\" height=\"1024\" src=\"https:\/\/istardentallab.com\/wp-content\/uploads\/2024\/10\/EJ-Marketing-Dental-Lab-a-fraud-company-5-473x1024.jpg\" class=\"attachment-large size-large wp-image-3968\" alt=\"\" srcset=\"https:\/\/istardentallab.com\/wp-content\/uploads\/2024\/10\/EJ-Marketing-Dental-Lab-a-fraud-company-5-473x1024.jpg 473w, https:\/\/istardentallab.com\/wp-content\/uploads\/2024\/10\/EJ-Marketing-Dental-Lab-a-fraud-company-5-139x300.jpg 139w, https:\/\/istardentallab.com\/wp-content\/uploads\/2024\/10\/EJ-Marketing-Dental-Lab-a-fraud-company-5.jpg 585w\" sizes=\"(max-width: 473px) 100vw, 473px\" \/>\t\t\t\t\t\t\t\t\t\t\t\t\t\t\t<\/div>\n\t\t\t\t<\/div>\n\t\t\t\t\t<\/div>\n\t\t<\/div>\n\t\t\t\t<div class=\"elementor-column elementor-col-33 elementor-inner-column elementor-element elementor-element-1edb29b\" data-id=\"1edb29b\" data-element_type=\"column\" data-e-type=\"column\">\n\t\t\t<div class=\"elementor-widget-wrap\">\n\t\t\t\t\t\t\t<\/div>\n\t\t<\/div>\n\t\t\t\t\t<\/div>\n\t\t<\/section>\n\t\t\t\t\t<\/div>\n\t\t<\/div>\n\t\t\t\t\t<\/div>\n\t\t<\/section>\n\t\t\t\t<\/div>","protected":false},"excerpt":{"rendered":"<p>EJ Marketing Dental Lab, a Fraud Company Hello everyone, I am from Istar Dental Lab, a highly professional dental lab based in China. Our quality system ranks in the top five in China. Today, I am extremely angry to share information about a dental lab in Malaysia. This lab is called EJ Marketing Dental Lab, [&hellip;]<\/p>\n","protected":false},"author":1,"featured_media":3968,"parent":0,"menu_order":0,"comment_status":"closed","ping_status":"closed","template":"","meta":{"_acf_changed":false,"footnotes":""},"class_list":["post-3960","page","type-page","status-publish","has-post-thumbnail","hentry"],"acf":[],"_links":{"self":[{"href":"https:\/\/istardentallab.com\/fr\/wp-json\/wp\/v2\/pages\/3960","targetHints":{"allow":["GET"]}}],"collection":[{"href":"https:\/\/istardentallab.com\/fr\/wp-json\/wp\/v2\/pages"}],"about":[{"href":"https:\/\/istardentallab.com\/fr\/wp-json\/wp\/v2\/types\/page"}],"author":[{"embeddable":true,"href":"https:\/\/istardentallab.com\/fr\/wp-json\/wp\/v2\/users\/1"}],"replies":[{"embeddable":true,"href":"https:\/\/istardentallab.com\/fr\/wp-json\/wp\/v2\/comments?post=3960"}],"version-history":[{"count":5,"href":"https:\/\/istardentallab.com\/fr\/wp-json\/wp\/v2\/pages\/3960\/revisions"}],"predecessor-version":[{"id":7307,"href":"https:\/\/istardentallab.com\/fr\/wp-json\/wp\/v2\/pages\/3960\/revisions\/7307"}],"wp:featuredmedia":[{"embeddable":true,"href":"https:\/\/istardentallab.com\/fr\/wp-json\/wp\/v2\/media\/3968"}],"wp:attachment":[{"href":"https:\/\/istardentallab.com\/fr\/wp-json\/wp\/v2\/media?parent=3960"}],"curies":[{"name":"wp","href":"https:\/\/api.w.org\/{rel}","templated":true}]}}