{"id":3989,"date":"2024-10-23T10:36:18","date_gmt":"2024-10-23T10:36:18","guid":{"rendered":"https:\/\/istardentallab.com\/?page_id=3989"},"modified":"2025-10-14T07:46:41","modified_gmt":"2025-10-14T07:46:41","slug":"prezi-dent-lab-is-a-fraudulent-company","status":"publish","type":"page","link":"https:\/\/istardentallab.com\/fr\/prezi-dent-lab-is-a-fraudulent-company\/","title":{"rendered":"Prezi-Dent Lab est une entreprise frauduleuse"},"content":{"rendered":"<div data-elementor-type=\"wp-page\" data-elementor-id=\"3989\" class=\"elementor elementor-3989\" data-elementor-post-type=\"page\">\n\t\t\t\t\t\t<section class=\"elementor-section elementor-top-section elementor-element elementor-element-8d5a36a elementor-section-boxed elementor-section-height-default elementor-section-height-default\" data-id=\"8d5a36a\" data-element_type=\"section\" data-e-type=\"section\">\n\t\t\t\t\t\t<div class=\"elementor-container elementor-column-gap-default\">\n\t\t\t\t\t<div class=\"elementor-column elementor-col-100 elementor-top-column elementor-element elementor-element-f24d9a3\" data-id=\"f24d9a3\" data-element_type=\"column\" data-e-type=\"column\">\n\t\t\t<div class=\"elementor-widget-wrap elementor-element-populated\">\n\t\t\t\t\t\t<div class=\"elementor-element elementor-element-cee6a49 elementor-widget elementor-widget-heading\" data-id=\"cee6a49\" data-element_type=\"widget\" data-e-type=\"widget\" data-widget_type=\"heading.default\">\n\t\t\t\t<div class=\"elementor-widget-container\">\n\t\t\t\t\t<h1 class=\"elementor-heading-title elementor-size-default\">Prezi-Dent Lab est une entreprise frauduleuse<\/h1>\t\t\t\t<\/div>\n\t\t\t\t<\/div>\n\t\t\t\t\t<\/div>\n\t\t<\/div>\n\t\t\t\t\t<\/div>\n\t\t<\/section>\n\t\t\t\t<section class=\"elementor-section elementor-top-section elementor-element elementor-element-6900a387 elementor-section-boxed elementor-section-height-default elementor-section-height-default\" data-id=\"6900a387\" data-element_type=\"section\" data-e-type=\"section\">\n\t\t\t\t\t\t<div class=\"elementor-container elementor-column-gap-default\">\n\t\t\t\t\t<div class=\"elementor-column elementor-col-100 elementor-top-column elementor-element elementor-element-3eb2222a\" data-id=\"3eb2222a\" data-element_type=\"column\" data-e-type=\"column\">\n\t\t\t<div class=\"elementor-widget-wrap elementor-element-populated\">\n\t\t\t\t\t\t<div class=\"elementor-element elementor-element-fc615f9 elementor-widget elementor-widget-text-editor\" data-id=\"fc615f9\" data-element_type=\"widget\" data-e-type=\"widget\" data-widget_type=\"text-editor.default\">\n\t\t\t\t<div class=\"elementor-widget-container\">\n\t\t\t\t\t\t\t\t\t\n<p>Bonjour \u00e0 tous, je suis de Istar Dental Lab, un laboratoire dentaire hautement professionnel bas\u00e9 en Chine.&nbsp;<\/p>\n\n\n\n<p>Notre syst\u00e8me de qualit\u00e9 se classe parmi les cinq premiers en Chine. Aujourd'hui, je suis extr\u00eamement f\u00e2ch\u00e9 de partager des informations sur un laboratoire dentaire des \u00c9tats-Unis.&nbsp;<\/p>\n\n\n\n<p>Son nom est Prezi-Dent Lab Inc, situ\u00e9 au 97-09 64th Rd #2, Rego Park, NY 11374.&nbsp;<\/p>\n\n\n\n<p>Le propri\u00e9taire est Aron Samandarov, et le num\u00e9ro de t\u00e9l\u00e9phone est +1 (347) 605-8781.<\/p>\n\n\n\n<p>Tout d'abord, tous les produits de cette soci\u00e9t\u00e9 sont sous-trait\u00e9s \u00e0 des laboratoires dentaires en Chine, et elle a contact\u00e9 de nombreuses entreprises en Chine.&nbsp;<\/p>\n\n\n\n<p>Notre histoire a commenc\u00e9 en juillet de cette ann\u00e9e. Vous trouverez ci-dessous quelques captures d'\u00e9cran de chat.&nbsp;<\/p>\n\n\n\n<p>Ils ont manifest\u00e9 leur int\u00e9r\u00eat pour notre laboratoire dentaire et nous ont promis de nous envoyer des commandes, en nous assurant que le paiement serait effectu\u00e9 \u00e0 temps par le biais de r\u00e8glements mensuels.&nbsp;<\/p>\n\n\n\n<p>Puis, dans les deux semaines qui ont suivi, ils nous ont envoy\u00e9 quelques gros dossiers. Cependant, une fois qu'ils ont re\u00e7u toutes les commandes, ils nous ont soudainement dit que la qualit\u00e9 de nos produits \u00e9tait m\u00e9diocre et que les m\u00e9decins n'\u00e9taient pas satisfaits.<\/p>\n\n\n\n<figure class=\"wp-block-image size-full\"><img fetchpriority=\"high\" decoding=\"async\" width=\"1017\" height=\"749\" src=\"https:\/\/istardentallab.com\/wp-content\/uploads\/2024\/10\/Prezi-Dent-Lab-is-a-Fraudulent-Company-3.webp\" alt=\"\" class=\"wp-image-3991\" srcset=\"https:\/\/istardentallab.com\/wp-content\/uploads\/2024\/10\/Prezi-Dent-Lab-is-a-Fraudulent-Company-3.webp 1017w, https:\/\/istardentallab.com\/wp-content\/uploads\/2024\/10\/Prezi-Dent-Lab-is-a-Fraudulent-Company-3-300x221.webp 300w, https:\/\/istardentallab.com\/wp-content\/uploads\/2024\/10\/Prezi-Dent-Lab-is-a-Fraudulent-Company-3-768x566.webp 768w\" sizes=\"(max-width: 1017px) 100vw, 1017px\" \/><\/figure>\n\n\n\n<figure class=\"wp-block-image size-full\"><img decoding=\"async\" width=\"1011\" height=\"431\" src=\"https:\/\/istardentallab.com\/wp-content\/uploads\/2024\/10\/Prezi-Dent-Lab-is-a-Fraudulent-Company-1.webp\" alt=\"\" class=\"wp-image-3990\" srcset=\"https:\/\/istardentallab.com\/wp-content\/uploads\/2024\/10\/Prezi-Dent-Lab-is-a-Fraudulent-Company-1.webp 1011w, https:\/\/istardentallab.com\/wp-content\/uploads\/2024\/10\/Prezi-Dent-Lab-is-a-Fraudulent-Company-1-300x128.webp 300w, https:\/\/istardentallab.com\/wp-content\/uploads\/2024\/10\/Prezi-Dent-Lab-is-a-Fraudulent-Company-1-768x327.webp 768w\" sizes=\"(max-width: 1011px) 100vw, 1011px\" \/><\/figure>\n\n\n\n<p>Ensuite, ils ont cess\u00e9 de r\u00e9pondre aux messages. Lorsque le mois d'ao\u00fbt est arriv\u00e9 et qu'il a fallu payer, ils n'ont r\u00e9pondu \u00e0 aucun message relatif au paiement.&nbsp;<\/p>\n\n\n\n<p>Lorsque nous avons appel\u00e9, ils ont dit qu'ils \u00e9taient occup\u00e9s. Je leur ai dit que s'il y avait des \u00e9tuis d\u00e9fectueux, ils pouvaient les renvoyer, que nous ne les facturerions pas et qu'ils n'auraient qu'\u00e0 payer les \u00e9tuis qui leur conviendraient.&nbsp;<\/p>\n\n\n\n<p>Mais l\u00e0 encore, il n'y a pas eu de r\u00e9ponse. Il est devenu \u00e9vident que ce client avait fui.<\/p>\n\n\n\n<figure class=\"wp-block-image size-full\"><img decoding=\"async\" width=\"1015\" height=\"778\" src=\"https:\/\/istardentallab.com\/wp-content\/uploads\/2024\/10\/Prezi-Dent-Lab-is-a-Fraudulent-Company-2.webp\" alt=\"\" class=\"wp-image-3992\" srcset=\"https:\/\/istardentallab.com\/wp-content\/uploads\/2024\/10\/Prezi-Dent-Lab-is-a-Fraudulent-Company-2.webp 1015w, https:\/\/istardentallab.com\/wp-content\/uploads\/2024\/10\/Prezi-Dent-Lab-is-a-Fraudulent-Company-2-300x230.webp 300w, https:\/\/istardentallab.com\/wp-content\/uploads\/2024\/10\/Prezi-Dent-Lab-is-a-Fraudulent-Company-2-768x589.webp 768w\" sizes=\"(max-width: 1015px) 100vw, 1015px\" \/><\/figure>\n\n\n\n<p>Je voudrais dire aux m\u00e9decins am\u00e9ricains : Ne confiez pas vos affaires \u00e0 des gens aussi malhonn\u00eates.&nbsp;<\/p>\n\n\n\n<p>Il existe de nombreuses entreprises de bonne r\u00e9putation aux \u00c9tats-Unis, et vous devriez passer vos commandes aupr\u00e8s d'elles.<\/p>\n\n\n\n<p>Je tiens \u00e0 dire \u00e0 tous les laboratoires dentaires chinois qu'ils ne doivent pas envoyer leurs dossiers \u00e0 ces laboratoires malhonn\u00eates : N'envoyez pas vos cas \u00e0 des laboratoires dentaires aussi malhonn\u00eates,&nbsp;<\/p>\n\n\n\n<p>Ou bien vous perdrez de l'argent et n'obtiendrez rien en retour, ce qui est extr\u00eamement frustrant !<\/p>\n\n\n\n<p><\/p>\n\t\t\t\t\t\t\t\t<\/div>\n\t\t\t\t<\/div>\n\t\t\t\t\t<\/div>\n\t\t<\/div>\n\t\t\t\t\t<\/div>\n\t\t<\/section>\n\t\t\t\t<\/div>","protected":false},"excerpt":{"rendered":"<p>Prezi-Dent Lab is a Fraudulent Company Hello everyone, I am from Istar Dental Lab, a highly professional dental lab based in China.&nbsp; Our quality system ranks in the top five in China. Today, I am extremely angry to share information about a dental lab from the United States.&nbsp; Its name is Prezi-Dent Lab Inc, located [&hellip;]<\/p>\n","protected":false},"author":1,"featured_media":3924,"parent":0,"menu_order":0,"comment_status":"closed","ping_status":"closed","template":"","meta":{"_acf_changed":false,"footnotes":""},"class_list":["post-3989","page","type-page","status-publish","has-post-thumbnail","hentry"],"acf":[],"_links":{"self":[{"href":"https:\/\/istardentallab.com\/fr\/wp-json\/wp\/v2\/pages\/3989","targetHints":{"allow":["GET"]}}],"collection":[{"href":"https:\/\/istardentallab.com\/fr\/wp-json\/wp\/v2\/pages"}],"about":[{"href":"https:\/\/istardentallab.com\/fr\/wp-json\/wp\/v2\/types\/page"}],"author":[{"embeddable":true,"href":"https:\/\/istardentallab.com\/fr\/wp-json\/wp\/v2\/users\/1"}],"replies":[{"embeddable":true,"href":"https:\/\/istardentallab.com\/fr\/wp-json\/wp\/v2\/comments?post=3989"}],"version-history":[{"count":4,"href":"https:\/\/istardentallab.com\/fr\/wp-json\/wp\/v2\/pages\/3989\/revisions"}],"predecessor-version":[{"id":7322,"href":"https:\/\/istardentallab.com\/fr\/wp-json\/wp\/v2\/pages\/3989\/revisions\/7322"}],"wp:featuredmedia":[{"embeddable":true,"href":"https:\/\/istardentallab.com\/fr\/wp-json\/wp\/v2\/media\/3924"}],"wp:attachment":[{"href":"https:\/\/istardentallab.com\/fr\/wp-json\/wp\/v2\/media?parent=3989"}],"curies":[{"name":"wp","href":"https:\/\/api.w.org\/{rel}","templated":true}]}}