{"id":4775,"date":"2024-12-18T08:44:28","date_gmt":"2024-12-18T08:44:28","guid":{"rendered":"https:\/\/istardentallab.com\/?page_id=4775"},"modified":"2025-10-14T07:42:52","modified_gmt":"2025-10-14T07:42:52","slug":"laboratoire-outrebon-in-france-is-dishonest-dental-lab","status":"publish","type":"page","link":"https:\/\/istardentallab.com\/fr\/laboratoire-outrebon-in-france-is-dishonest-dental-lab\/","title":{"rendered":"LABORATOIRE OUTREBON en France est un laboratoire dentaire malhonn\u00eate"},"content":{"rendered":"<div data-elementor-type=\"wp-page\" data-elementor-id=\"4775\" class=\"elementor elementor-4775\" data-elementor-post-type=\"page\">\n\t\t\t\t\t\t<section class=\"elementor-section elementor-top-section elementor-element elementor-element-f7a4ec6 elementor-section-boxed elementor-section-height-default elementor-section-height-default\" data-id=\"f7a4ec6\" data-element_type=\"section\" data-e-type=\"section\">\n\t\t\t\t\t\t<div class=\"elementor-container elementor-column-gap-default\">\n\t\t\t\t\t<div class=\"elementor-column elementor-col-100 elementor-top-column elementor-element elementor-element-2464f8d\" data-id=\"2464f8d\" data-element_type=\"column\" data-e-type=\"column\">\n\t\t\t<div class=\"elementor-widget-wrap elementor-element-populated\">\n\t\t\t\t\t\t<div class=\"elementor-element elementor-element-ff9f1e8 elementor-widget elementor-widget-heading\" data-id=\"ff9f1e8\" data-element_type=\"widget\" data-e-type=\"widget\" data-widget_type=\"heading.default\">\n\t\t\t\t<div class=\"elementor-widget-container\">\n\t\t\t\t\t<h1 class=\"elementor-heading-title elementor-size-default\">LABORATOIRE OUTREBON en France est un laboratoire dentaire malhonn\u00eate<\/h1>\t\t\t\t<\/div>\n\t\t\t\t<\/div>\n\t\t\t\t\t<\/div>\n\t\t<\/div>\n\t\t\t\t\t<\/div>\n\t\t<\/section>\n\t\t\t\t<section class=\"elementor-section elementor-top-section elementor-element elementor-element-9757990 elementor-section-boxed elementor-section-height-default elementor-section-height-default\" data-id=\"9757990\" data-element_type=\"section\" data-e-type=\"section\">\n\t\t\t\t\t\t<div class=\"elementor-container elementor-column-gap-default\">\n\t\t\t\t\t<div class=\"elementor-column elementor-col-100 elementor-top-column elementor-element elementor-element-729f0715\" data-id=\"729f0715\" data-element_type=\"column\" data-e-type=\"column\">\n\t\t\t<div class=\"elementor-widget-wrap elementor-element-populated\">\n\t\t\t\t\t\t<div class=\"elementor-element elementor-element-607f69ac elementor-widget elementor-widget-text-editor\" data-id=\"607f69ac\" data-element_type=\"widget\" data-e-type=\"widget\" data-widget_type=\"text-editor.default\">\n\t\t\t\t<div class=\"elementor-widget-container\">\n\t\t\t\t\t\t\t\t\t\n<p>En tant que l'un des meilleurs laboratoires dentaires de Chine, nous accordons une grande importance \u00e0 tous les clients qui nous respectent. Cependant, nous avons \u00e9galement rencontr\u00e9 des clients malhonn\u00eates, et nous devons les exposer aux professionnels de l'industrie des laboratoires dentaires.<\/p>\n\n<p>Aujourd'hui, je souhaite d\u00e9noncer un laboratoire dentaire fran\u00e7ais malhonn\u00eate.\u00a0<\/p>\n\n<p>Le nom de la soci\u00e9t\u00e9 est LABORATOIRE OUTREBON, et le nom du propri\u00e9taire est Maxime Outrebon.\u00a0<\/p>\n\n<p>L'adresse est 46 Rue \u00e0 Borel, 80100 ABBEVILLE, France. L'email est : laboratoire-outrebon@orange.fr. Le num\u00e9ro de t\u00e9l\u00e9phone et de WhatsApp est le +33 6 07 35 81 82.\u00a0<\/p>\n\n<p>Vous trouverez ci-dessous une photo de Maxime Outrebon.<\/p>\n\n<div class=\"wp-block-columns is-layout-flex wp-container-core-columns-is-layout-28f84493 wp-block-columns-is-layout-flex\">\n<div class=\"wp-block-column is-layout-flow wp-block-column-is-layout-flow\">\n<figure class=\"wp-block-image size-full\"><img fetchpriority=\"high\" decoding=\"async\" width=\"500\" height=\"500\" class=\"wp-image-4777\" src=\"https:\/\/istardentallab.com\/wp-content\/uploads\/2024\/12\/LABORATOIRE-OUTREBON-in-France-is-dishonest-dental-lab-2.jpg\" alt=\"\" srcset=\"https:\/\/istardentallab.com\/wp-content\/uploads\/2024\/12\/LABORATOIRE-OUTREBON-in-France-is-dishonest-dental-lab-2.jpg 500w, https:\/\/istardentallab.com\/wp-content\/uploads\/2024\/12\/LABORATOIRE-OUTREBON-in-France-is-dishonest-dental-lab-2-300x300.jpg 300w, https:\/\/istardentallab.com\/wp-content\/uploads\/2024\/12\/LABORATOIRE-OUTREBON-in-France-is-dishonest-dental-lab-2-150x150.jpg 150w\" sizes=\"(max-width: 500px) 100vw, 500px\" \/><\/figure>\n<\/div>\n\n<div class=\"wp-block-column is-layout-flow wp-block-column-is-layout-flow\">\n<figure class=\"wp-block-image size-full\"><img decoding=\"async\" width=\"500\" height=\"500\" class=\"wp-image-4776\" src=\"https:\/\/istardentallab.com\/wp-content\/uploads\/2024\/12\/LABORATOIRE-OUTREBON-in-France-is-dishonest-dental-lab-1.jpg\" alt=\"LABORATOIRE OUTREBON en France est un laboratoire dentaire malhonn\u00eate\" srcset=\"https:\/\/istardentallab.com\/wp-content\/uploads\/2024\/12\/LABORATOIRE-OUTREBON-in-France-is-dishonest-dental-lab-1.jpg 500w, https:\/\/istardentallab.com\/wp-content\/uploads\/2024\/12\/LABORATOIRE-OUTREBON-in-France-is-dishonest-dental-lab-1-300x300.jpg 300w, https:\/\/istardentallab.com\/wp-content\/uploads\/2024\/12\/LABORATOIRE-OUTREBON-in-France-is-dishonest-dental-lab-1-150x150.jpg 150w\" sizes=\"(max-width: 500px) 100vw, 500px\" \/><\/figure>\n<\/div>\n<\/div>\n\n<p>Le LABORATOIRE OUTREBON a commenc\u00e9 \u00e0 collaborer avec nous, Istar Dental Lab, en septembre 2023.\u00a0<\/p>\n\n<p>Au cours de la phase initiale, la coop\u00e9ration s'est d\u00e9roul\u00e9e sans heurts. Nous avons r\u00e9alis\u00e9 les cas dentaires avec une excellente qualit\u00e9 et il a effectu\u00e9 les paiements \u00e0 temps.\u00a0<\/p>\n\n<p>Cependant, \u00e0 partir de mars 2024, il a soudainement cess\u00e9 d'effectuer des paiements et a commenc\u00e9 \u00e0 invoquer divers pr\u00e9textes pour nous tromper et nous inciter \u00e0 poursuivre ses commandes.<\/p>\n\n<figure class=\"wp-block-image size-full\"><img decoding=\"async\" width=\"1005\" height=\"536\" class=\"wp-image-4778\" src=\"https:\/\/istardentallab.com\/wp-content\/uploads\/2024\/12\/LABORATOIRE-OUTREBON-in-France-is-dishonest-dental-lab-3.webp\" alt=\"\" srcset=\"https:\/\/istardentallab.com\/wp-content\/uploads\/2024\/12\/LABORATOIRE-OUTREBON-in-France-is-dishonest-dental-lab-3.webp 1005w, https:\/\/istardentallab.com\/wp-content\/uploads\/2024\/12\/LABORATOIRE-OUTREBON-in-France-is-dishonest-dental-lab-3-300x160.webp 300w, https:\/\/istardentallab.com\/wp-content\/uploads\/2024\/12\/LABORATOIRE-OUTREBON-in-France-is-dishonest-dental-lab-3-768x410.webp 768w\" sizes=\"(max-width: 1005px) 100vw, 1005px\" \/><\/figure>\n\n<p>Il a utilis\u00e9 l'excuse d'une entreprise en difficult\u00e9 et a fait de nombreuses promesses, nous demandant de continuer avec ses affaires.<\/p>\n\n<p>Toutefois, apr\u00e8s que notre gestionnaire de compte a envoy\u00e9 le dernier lot de commandes en octobre, la coop\u00e9ration a pris fin.<\/p>\n\n<p>Il nous a assur\u00e9 que les paiements seraient organis\u00e9s, mais aujourd'hui, en d\u00e9cembre 2024, nous n'avons toujours pas re\u00e7u de paiement. C'est une personne indigne de confiance.<\/p>\n\n<figure class=\"wp-block-image size-large\"><img loading=\"lazy\" decoding=\"async\" width=\"1024\" height=\"625\" class=\"wp-image-4779\" src=\"https:\/\/istardentallab.com\/wp-content\/uploads\/2024\/12\/LABORATOIRE-OUTREBON-in-France-is-dishonest-dental-lab-4-1024x625.webp\" alt=\"\" srcset=\"https:\/\/istardentallab.com\/wp-content\/uploads\/2024\/12\/LABORATOIRE-OUTREBON-in-France-is-dishonest-dental-lab-4-1024x625.webp 1024w, https:\/\/istardentallab.com\/wp-content\/uploads\/2024\/12\/LABORATOIRE-OUTREBON-in-France-is-dishonest-dental-lab-4-300x183.webp 300w, https:\/\/istardentallab.com\/wp-content\/uploads\/2024\/12\/LABORATOIRE-OUTREBON-in-France-is-dishonest-dental-lab-4-768x469.webp 768w, https:\/\/istardentallab.com\/wp-content\/uploads\/2024\/12\/LABORATOIRE-OUTREBON-in-France-is-dishonest-dental-lab-4.webp 1045w\" sizes=\"(max-width: 1024px) 100vw, 1024px\" \/><\/figure>\n\n<figure class=\"wp-block-image size-large\"><img loading=\"lazy\" decoding=\"async\" width=\"1024\" height=\"806\" class=\"wp-image-4780\" src=\"https:\/\/istardentallab.com\/wp-content\/uploads\/2024\/12\/LABORATOIRE-OUTREBON-in-France-is-dishonest-dental-lab-5-1024x806.webp\" alt=\"\" srcset=\"https:\/\/istardentallab.com\/wp-content\/uploads\/2024\/12\/LABORATOIRE-OUTREBON-in-France-is-dishonest-dental-lab-5-1024x806.webp 1024w, https:\/\/istardentallab.com\/wp-content\/uploads\/2024\/12\/LABORATOIRE-OUTREBON-in-France-is-dishonest-dental-lab-5-300x236.webp 300w, https:\/\/istardentallab.com\/wp-content\/uploads\/2024\/12\/LABORATOIRE-OUTREBON-in-France-is-dishonest-dental-lab-5-768x605.webp 768w, https:\/\/istardentallab.com\/wp-content\/uploads\/2024\/12\/LABORATOIRE-OUTREBON-in-France-is-dishonest-dental-lab-5.webp 1040w\" sizes=\"(max-width: 1024px) 100vw, 1024px\" \/><\/figure>\n\n<p>Ensuite, il a cess\u00e9 de r\u00e9pondre \u00e0 mes messages.\u00a0<\/p>\n\n<p>Un tel comportement malhonn\u00eate devrait \u00eatre port\u00e9 \u00e0 la connaissance de tous les laboratoires dentaires afin qu'ils \u00e9vitent de collaborer avec lui.<\/p>\n\n<p>J'exhorte tous les m\u00e9decins fran\u00e7ais \u00e0 cesser d'envoyer vos cas \u00e0 Maxime Outrebon,\u00a0<\/p>\n\n<p>J'ai d\u00e9j\u00e0 inform\u00e9 la plupart des laboratoires dentaires chinois qu'il s'agit d'un escroc.\u00a0<\/p>\n\n<p>Si vous continuez \u00e0 lui envoyer vos dossiers, vous risquez de perdre vos impressions.<\/p>\n\n<p>Je demande \u00e0 nouveau \u00e0 tous les laboratoires dentaires chinois de ne pas accepter de commandes de sa part. Ne fabriquez pas de produits pour un fraudeur.<\/p>\n\n<p>\u00a0<\/p>\n\t\t\t\t\t\t\t\t<\/div>\n\t\t\t\t<\/div>\n\t\t\t\t\t<\/div>\n\t\t<\/div>\n\t\t\t\t\t<\/div>\n\t\t<\/section>\n\t\t\t\t<\/div>","protected":false},"excerpt":{"rendered":"<p>LABORATOIRE OUTREBON in France is Dishonest Dental Lab As one of the top dental labs in China, we highly value every customer who respects us. However, we have also encountered some dishonest customers, and we need to expose them to remind professionals in the dental lab industry. Today, I want to expose a dishonest dental [&hellip;]<\/p>\n","protected":false},"author":1,"featured_media":4780,"parent":0,"menu_order":0,"comment_status":"closed","ping_status":"closed","template":"","meta":{"_acf_changed":false,"footnotes":""},"class_list":["post-4775","page","type-page","status-publish","has-post-thumbnail","hentry"],"acf":[],"_links":{"self":[{"href":"https:\/\/istardentallab.com\/fr\/wp-json\/wp\/v2\/pages\/4775","targetHints":{"allow":["GET"]}}],"collection":[{"href":"https:\/\/istardentallab.com\/fr\/wp-json\/wp\/v2\/pages"}],"about":[{"href":"https:\/\/istardentallab.com\/fr\/wp-json\/wp\/v2\/types\/page"}],"author":[{"embeddable":true,"href":"https:\/\/istardentallab.com\/fr\/wp-json\/wp\/v2\/users\/1"}],"replies":[{"embeddable":true,"href":"https:\/\/istardentallab.com\/fr\/wp-json\/wp\/v2\/comments?post=4775"}],"version-history":[{"count":5,"href":"https:\/\/istardentallab.com\/fr\/wp-json\/wp\/v2\/pages\/4775\/revisions"}],"predecessor-version":[{"id":7316,"href":"https:\/\/istardentallab.com\/fr\/wp-json\/wp\/v2\/pages\/4775\/revisions\/7316"}],"wp:featuredmedia":[{"embeddable":true,"href":"https:\/\/istardentallab.com\/fr\/wp-json\/wp\/v2\/media\/4780"}],"wp:attachment":[{"href":"https:\/\/istardentallab.com\/fr\/wp-json\/wp\/v2\/media?parent=4775"}],"curies":[{"name":"wp","href":"https:\/\/api.w.org\/{rel}","templated":true}]}}