{"id":7220,"date":"2025-10-14T07:10:56","date_gmt":"2025-10-14T07:10:56","guid":{"rendered":"https:\/\/istardentallab.com\/?page_id=7220"},"modified":"2025-10-14T07:15:50","modified_gmt":"2025-10-14T07:15:50","slug":"great-cornard-dental-practice-is-dishonest-company","status":"publish","type":"page","link":"https:\/\/istardentallab.com\/fr\/great-cornard-dental-practice-is-dishonest-company\/","title":{"rendered":"Le cabinet dentaire Great Cornard est une entreprise malhonn\u00eate"},"content":{"rendered":"<div data-elementor-type=\"wp-page\" data-elementor-id=\"7220\" class=\"elementor elementor-7220\" data-elementor-post-type=\"page\">\n\t\t\t\t\t\t<section class=\"elementor-section elementor-top-section elementor-element elementor-element-d3ff937 elementor-section-boxed elementor-section-height-default elementor-section-height-default\" data-id=\"d3ff937\" data-element_type=\"section\" data-e-type=\"section\">\n\t\t\t\t\t\t<div class=\"elementor-container elementor-column-gap-default\">\n\t\t\t\t\t<div class=\"elementor-column elementor-col-100 elementor-top-column elementor-element elementor-element-b705ee4\" data-id=\"b705ee4\" data-element_type=\"column\" data-e-type=\"column\">\n\t\t\t<div class=\"elementor-widget-wrap elementor-element-populated\">\n\t\t\t\t\t\t<div class=\"elementor-element elementor-element-67d7f5d elementor-widget elementor-widget-heading\" data-id=\"67d7f5d\" data-element_type=\"widget\" data-e-type=\"widget\" data-widget_type=\"heading.default\">\n\t\t\t\t<div class=\"elementor-widget-container\">\n\t\t\t\t\t<h1 class=\"elementor-heading-title elementor-size-default\">Le cabinet dentaire Great Cornard est une entreprise malhonn\u00eate<\/h1>\t\t\t\t<\/div>\n\t\t\t\t<\/div>\n\t\t\t\t\t<\/div>\n\t\t<\/div>\n\t\t\t\t\t<\/div>\n\t\t<\/section>\n\t\t\t\t<section class=\"elementor-section elementor-top-section elementor-element elementor-element-34c2f6e8 elementor-section-boxed elementor-section-height-default elementor-section-height-default\" data-id=\"34c2f6e8\" data-element_type=\"section\" data-e-type=\"section\">\n\t\t\t\t\t\t<div class=\"elementor-container elementor-column-gap-default\">\n\t\t\t\t\t<div class=\"elementor-column elementor-col-100 elementor-top-column elementor-element elementor-element-1b18ec86\" data-id=\"1b18ec86\" data-element_type=\"column\" data-e-type=\"column\">\n\t\t\t<div class=\"elementor-widget-wrap elementor-element-populated\">\n\t\t\t\t\t\t<div class=\"elementor-element elementor-element-7882cdcc elementor-widget elementor-widget-text-editor\" data-id=\"7882cdcc\" data-element_type=\"widget\" data-e-type=\"widget\" data-widget_type=\"text-editor.default\">\n\t\t\t\t<div class=\"elementor-widget-container\">\n\t\t\t\t\t\t\t\t\t\n<p>En tant que l'un des 5 meilleurs laboratoires dentaires en Chine, nous accordons une grande importance \u00e0 chaque client qui nous respecte. Cependant, nous avons \u00e9galement rencontr\u00e9 des clients malhonn\u00eates, et nous devons les d\u00e9noncer pour rappeler aux professionnels de l'industrie des laboratoires dentaires.<\/p>\n\n\n\n<p>Aujourd'hui, je veux d\u00e9noncer un laboratoire dentaire malhonn\u00eate du Royaume-Uni.&nbsp;<\/p>\n\n\n\n<p>Le nom de la soci\u00e9t\u00e9 est Great Cornard Dental Practice au Royaume-Uni, et le nom du propri\u00e9taire est Ammaad Jamil.<\/p>\n\n\n\n<p><strong>Num\u00e9ro d'enregistrement :<\/strong><strong><\/strong><\/p>\n\n\n\n<p>264789<\/p>\n\n\n\n<p><strong>Statut :<\/strong><strong><\/strong><\/p>\n\n\n\n<p>Enregistr\u00e9<\/p>\n\n\n\n<p><strong>Type de d\u00e9clarant :<\/strong><strong><\/strong><\/p>\n\n\n\n<p>Dentiste<\/p>\n\n\n\n<p><strong>Premi\u00e8re inscription le :<\/strong><strong><\/strong><\/p>\n\n\n\n<p>07 juillet 2016<\/p>\n\n\n\n<p><strong>P\u00e9riode d'enregistrement actuelle du :<\/strong><strong><\/strong><\/p>\n\n\n\n<p>16 janvier 2019 jusqu'au : 31 d\u00e9cembre 2025<\/p>\n\n\n\n<p><strong>Qualifications :<\/strong><strong><\/strong><\/p>\n\n\n\n<p>BChD Universit\u00e9 de Leeds 2016<\/p>\n\n\n\n<p>L'adresse est : 178 Bures Road, Great Cornard, Sudbury, CO10 0JQ (01787) 375917<br>L'e-mail est : ammaad1@hotmail.co.uk Le num\u00e9ro de t\u00e9l\u00e9phone et WhatsApp est : +44 7306 567880<\/p>\n\n\n\n<p>Ci-dessous, une photo de Great Cornard Dental Practice au Royaume-Uni.<\/p>\n\n\n\n<p>Great Cornard Dental Practice au Royaume-Uni a commenc\u00e9 \u00e0 collaborer avec nous, Istar Dental Lab, en avril 2025<br>J'ai contact\u00e9 Great Cornard Dental Practice au Royaume-Uni, dans l'espoir d'un partenariat professionnel.<\/p>\n\n\n\n<p>Il nous a envoy\u00e9 des fichiers par medit link, et nous avons con\u00e7u pour lui de cadcam directement. Au d\u00e9but, le paiement \u00e9tait effectu\u00e9 assez lentement, mais il a finalement \u00e9t\u00e9 effectu\u00e9. Le dernier paiement. Au d\u00e9but, il a \u00e9t\u00e9 affirm\u00e9 que le paiement avait \u00e9t\u00e9 effectu\u00e9. Plus tard, un faux paiement a \u00e9t\u00e9 effectu\u00e9. <\/p>\n\n\n\n<p>Apr\u00e8s avoir v\u00e9rifi\u00e9, ils ont dit qu'ils effectueraient un nouveau paiement, mais qu'ils devaient attendre que l'argent de la banque leur soit restitu\u00e9. Finalement, l'argent de la banque a \u00e9t\u00e9 restitu\u00e9, et ils ont promis d'effectuer \u00e0 nouveau le paiement. Mais jusqu'\u00e0 pr\u00e9sent, 3 mois se sont \u00e9coul\u00e9s, et nous n'avons toujours pas re\u00e7u cet argent. Chaque fois que nous envoyons un message, il est marqu\u00e9 comme lu mais aucune r\u00e9ponse n'est donn\u00e9e.<\/p>\n\n\n\n<figure class=\"wp-block-image size-large\"><img fetchpriority=\"high\" decoding=\"async\" width=\"1024\" height=\"704\" src=\"https:\/\/istardentallab.com\/wp-content\/uploads\/2025\/10\/Great-Cornard-Dental-Practice-is-dishonest-company-1-1024x704.webp\" alt=\"Great Cornard Dental Practice est une entreprise malhonn\u00eate\" class=\"wp-image-7287\" srcset=\"https:\/\/istardentallab.com\/wp-content\/uploads\/2025\/10\/Great-Cornard-Dental-Practice-is-dishonest-company-1-1024x704.webp 1024w, https:\/\/istardentallab.com\/wp-content\/uploads\/2025\/10\/Great-Cornard-Dental-Practice-is-dishonest-company-1-300x206.webp 300w, https:\/\/istardentallab.com\/wp-content\/uploads\/2025\/10\/Great-Cornard-Dental-Practice-is-dishonest-company-1-768x528.webp 768w, https:\/\/istardentallab.com\/wp-content\/uploads\/2025\/10\/Great-Cornard-Dental-Practice-is-dishonest-company-1-18x12.webp 18w, https:\/\/istardentallab.com\/wp-content\/uploads\/2025\/10\/Great-Cornard-Dental-Practice-is-dishonest-company-1.webp 1240w\" sizes=\"(max-width: 1024px) 100vw, 1024px\" \/><\/figure>\n\n\n\n<figure class=\"wp-block-image size-large\"><img decoding=\"async\" width=\"1024\" height=\"714\" src=\"https:\/\/istardentallab.com\/wp-content\/uploads\/2025\/10\/Great-Cornard-Dental-Practice-is-dishonest-company-2-1024x714.webp\" alt=\"Great Cornard Dental Practice est une entreprise malhonn\u00eate\" class=\"wp-image-7286\" srcset=\"https:\/\/istardentallab.com\/wp-content\/uploads\/2025\/10\/Great-Cornard-Dental-Practice-is-dishonest-company-2-1024x714.webp 1024w, https:\/\/istardentallab.com\/wp-content\/uploads\/2025\/10\/Great-Cornard-Dental-Practice-is-dishonest-company-2-300x209.webp 300w, https:\/\/istardentallab.com\/wp-content\/uploads\/2025\/10\/Great-Cornard-Dental-Practice-is-dishonest-company-2-768x535.webp 768w, https:\/\/istardentallab.com\/wp-content\/uploads\/2025\/10\/Great-Cornard-Dental-Practice-is-dishonest-company-2-18x12.webp 18w, https:\/\/istardentallab.com\/wp-content\/uploads\/2025\/10\/Great-Cornard-Dental-Practice-is-dishonest-company-2.webp 1228w\" sizes=\"(max-width: 1024px) 100vw, 1024px\" \/><\/figure>\n\n\n\n<figure class=\"wp-block-image size-large\"><img decoding=\"async\" width=\"1024\" height=\"692\" src=\"https:\/\/istardentallab.com\/wp-content\/uploads\/2025\/10\/Great-Cornard-Dental-Practice-is-dishonest-company-3-1024x692.webp\" alt=\"Great Cornard Dental Practice est une entreprise malhonn\u00eate\" class=\"wp-image-7285\" srcset=\"https:\/\/istardentallab.com\/wp-content\/uploads\/2025\/10\/Great-Cornard-Dental-Practice-is-dishonest-company-3-1024x692.webp 1024w, https:\/\/istardentallab.com\/wp-content\/uploads\/2025\/10\/Great-Cornard-Dental-Practice-is-dishonest-company-3-300x203.webp 300w, https:\/\/istardentallab.com\/wp-content\/uploads\/2025\/10\/Great-Cornard-Dental-Practice-is-dishonest-company-3-768x519.webp 768w, https:\/\/istardentallab.com\/wp-content\/uploads\/2025\/10\/Great-Cornard-Dental-Practice-is-dishonest-company-3-18x12.webp 18w, https:\/\/istardentallab.com\/wp-content\/uploads\/2025\/10\/Great-Cornard-Dental-Practice-is-dishonest-company-3.webp 1252w\" sizes=\"(max-width: 1024px) 100vw, 1024px\" \/><\/figure>\n\n\n\n<figure class=\"wp-block-image size-large\"><img loading=\"lazy\" decoding=\"async\" width=\"1024\" height=\"698\" src=\"https:\/\/istardentallab.com\/wp-content\/uploads\/2025\/10\/Great-Cornard-Dental-Practice-is-dishonest-company-4-1024x698.webp\" alt=\"Great Cornard Dental Practice est une entreprise malhonn\u00eate\" class=\"wp-image-7284\" srcset=\"https:\/\/istardentallab.com\/wp-content\/uploads\/2025\/10\/Great-Cornard-Dental-Practice-is-dishonest-company-4-1024x698.webp 1024w, https:\/\/istardentallab.com\/wp-content\/uploads\/2025\/10\/Great-Cornard-Dental-Practice-is-dishonest-company-4-300x205.webp 300w, https:\/\/istardentallab.com\/wp-content\/uploads\/2025\/10\/Great-Cornard-Dental-Practice-is-dishonest-company-4-768x524.webp 768w, https:\/\/istardentallab.com\/wp-content\/uploads\/2025\/10\/Great-Cornard-Dental-Practice-is-dishonest-company-4-18x12.webp 18w, https:\/\/istardentallab.com\/wp-content\/uploads\/2025\/10\/Great-Cornard-Dental-Practice-is-dishonest-company-4.webp 1248w\" sizes=\"(max-width: 1024px) 100vw, 1024px\" \/><\/figure>\n\n\n\n<p>Chaque fois qu'il promettait d'effectuer le paiement, il me trompait encore et encore. En fait, il n'a jamais effectu\u00e9 le paiement du tout. Il a toujours dit qu'il nous paierait, mais depuis 3 mois maintenant, nous n'avons toujours pas re\u00e7u d'argent de sa part.<\/p>\n\n\n\n<p>Au cours de ces trois mois, j'ai envoy\u00e9 des dizaines de messages et pass\u00e9 d'innombrables appels - puis je suis pass\u00e9 \u00e0 des suivis fermes - mais tout ce que j'ai obtenu en retour, c'est une froide indiff\u00e9rence. Lu, mais jamais r\u00e9pondu.<br>Dans notre laboratoire, nous avons toujours b\u00e2ti des partenariats sur la confiance et l'int\u00e9grit\u00e9. Le Dr Ammaad a endommag\u00e9 quelque chose de bien plus important : le fondement de la confiance qui maintient toute notre industrie ensemble.<\/p>\n\n\n\n<p>Avant de d\u00e9cider de rendre cela public, j'ai essay\u00e9 de nombreux contacts avec le Dr Ammaad. Mais lorsqu'on a affaire \u00e0 quelqu'un qui n'a aucun respect pour ses paroles, ces approches standard semblent impuissantes.<br>Puis j'ai r\u00e9alis\u00e9 : si je reste silencieux, d'autres laboratoires dentaires pourraient tomber dans le m\u00eame pi\u00e8ge. Et c'est l\u00e0 que j'ai su que quelqu'un devait prendre la parole.<\/p>\n\n\n\n<p>454 usd peuvent sembler une petite somme, mais pour un laboratoire ind\u00e9pendant comme le n\u00f4tre, c'est crucial. C'est un t\u00e9moignage de notre savoir-faire et une r\u00e9compense pour notre travail acharn\u00e9. Lorsque des laboratoires comme Great Cornard Dental Practice au Royaume-Uni refusent de payer, ils ne font pas que retarder la transaction ; ils manquent \u00e9galement de respect au savoir-faire de notre laboratoire. Ils d\u00e9valorisent le talent artistique, la pr\u00e9cision et l'expertise n\u00e9cessaires pour cr\u00e9er des dispositifs m\u00e9dicaux qui restaurent les sourires et la fonction de nos patients.<\/p>\n\n\n\n<p>Ils trahissent la confiance de toute notre profession, qui repose sur le respect mutuel et l'int\u00e9grit\u00e9 entre les dentistes, les laboratoires et les techniciens. Les actions de Great Cornard Dental Practice au Royaume-Uni sapent ce fondement<\/p>\n\n\n\n<p>Je partage cette histoire pour avertir la communaut\u00e9 dentaire. Veuillez \u00eatre prudent si vous envisagez de travailler avec Great Cornard Dental Practice au Royaume-Uni. Je demande \u00e9galement votre solidarit\u00e9. Si vous croyez aux pratiques commerciales \u00e9thiques, veuillez partager cet article. Identifiez les chiens de garde de l'industrie dentaire. Faites-leur savoir que notre communaut\u00e9 mondiale ne tol\u00e9rera pas l'exploitation des techniciens qui travaillent dur.<\/p>\n\n\n\n<p>Votre soutien peut cr\u00e9er une vague de responsabilit\u00e9 qui prot\u00e8ge la prochaine personne de cette \u00e9preuve.<\/p>\n\t\t\t\t\t\t\t\t<\/div>\n\t\t\t\t<\/div>\n\t\t\t\t\t<\/div>\n\t\t<\/div>\n\t\t\t\t\t<\/div>\n\t\t<\/section>\n\t\t\t\t<\/div>","protected":false},"excerpt":{"rendered":"<p>Great Cornard Dental Practice is Dishonest Company As one of the top 5 dental labs in China, we highly value every customer who respects us. However, we have also encountered some dishonest customers, and we need to expose them to remind professionals in the dental lab industry. Today, I want to expose a dishonest dental [&hellip;]<\/p>\n","protected":false},"author":1,"featured_media":0,"parent":0,"menu_order":0,"comment_status":"closed","ping_status":"closed","template":"","meta":{"_acf_changed":false,"footnotes":""},"class_list":["post-7220","page","type-page","status-publish","hentry"],"acf":[],"_links":{"self":[{"href":"https:\/\/istardentallab.com\/fr\/wp-json\/wp\/v2\/pages\/7220","targetHints":{"allow":["GET"]}}],"collection":[{"href":"https:\/\/istardentallab.com\/fr\/wp-json\/wp\/v2\/pages"}],"about":[{"href":"https:\/\/istardentallab.com\/fr\/wp-json\/wp\/v2\/types\/page"}],"author":[{"embeddable":true,"href":"https:\/\/istardentallab.com\/fr\/wp-json\/wp\/v2\/users\/1"}],"replies":[{"embeddable":true,"href":"https:\/\/istardentallab.com\/fr\/wp-json\/wp\/v2\/comments?post=7220"}],"version-history":[{"count":6,"href":"https:\/\/istardentallab.com\/fr\/wp-json\/wp\/v2\/pages\/7220\/revisions"}],"predecessor-version":[{"id":7330,"href":"https:\/\/istardentallab.com\/fr\/wp-json\/wp\/v2\/pages\/7220\/revisions\/7330"}],"wp:attachment":[{"href":"https:\/\/istardentallab.com\/fr\/wp-json\/wp\/v2\/media?parent=7220"}],"curies":[{"name":"wp","href":"https:\/\/api.w.org\/{rel}","templated":true}]}}