{"id":3982,"date":"2024-10-23T09:59:45","date_gmt":"2024-10-23T09:59:45","guid":{"rendered":"https:\/\/istardentallab.com\/?page_id=3982"},"modified":"2025-10-14T07:50:57","modified_gmt":"2025-10-14T07:50:57","slug":"yoseph-gelan-is-a-dishonest-dental-lab-owner-in-ethiopia-2","status":"publish","type":"page","link":"https:\/\/istardentallab.com\/it\/yoseph-gelan-is-a-dishonest-dental-lab-owner-in-ethiopia-2\/","title":{"rendered":"Yoseph Gelan \u00e8 un disonesto proprietario di un laboratorio dentistico in Etiopia"},"content":{"rendered":"<div data-elementor-type=\"wp-page\" data-elementor-id=\"3982\" class=\"elementor elementor-3982\" data-elementor-post-type=\"page\">\n\t\t\t\t\t\t<section class=\"elementor-section elementor-top-section elementor-element elementor-element-b9a1d71 elementor-section-boxed elementor-section-height-default elementor-section-height-default\" data-id=\"b9a1d71\" data-element_type=\"section\" data-e-type=\"section\">\n\t\t\t\t\t\t<div class=\"elementor-container elementor-column-gap-default\">\n\t\t\t\t\t<div class=\"elementor-column elementor-col-100 elementor-top-column elementor-element elementor-element-c853f54\" data-id=\"c853f54\" data-element_type=\"column\" data-e-type=\"column\">\n\t\t\t<div class=\"elementor-widget-wrap elementor-element-populated\">\n\t\t\t\t\t\t<div class=\"elementor-element elementor-element-77c6c90 elementor-widget elementor-widget-heading\" data-id=\"77c6c90\" data-element_type=\"widget\" data-e-type=\"widget\" data-widget_type=\"heading.default\">\n\t\t\t\t<div class=\"elementor-widget-container\">\n\t\t\t\t\t<h1 class=\"elementor-heading-title elementor-size-default\">Yoseph Gelan \u00e8 un disonesto proprietario di un laboratorio dentistico in Etiopia<\/h1>\t\t\t\t<\/div>\n\t\t\t\t<\/div>\n\t\t\t\t\t<\/div>\n\t\t<\/div>\n\t\t\t\t\t<\/div>\n\t\t<\/section>\n\t\t\t\t<section class=\"elementor-section elementor-top-section elementor-element elementor-element-2f5a4af5 elementor-section-boxed elementor-section-height-default elementor-section-height-default\" data-id=\"2f5a4af5\" data-element_type=\"section\" data-e-type=\"section\">\n\t\t\t\t\t\t<div class=\"elementor-container elementor-column-gap-default\">\n\t\t\t\t\t<div class=\"elementor-column elementor-col-100 elementor-top-column elementor-element elementor-element-6c61733a\" data-id=\"6c61733a\" data-element_type=\"column\" data-e-type=\"column\">\n\t\t\t<div class=\"elementor-widget-wrap elementor-element-populated\">\n\t\t\t\t\t\t<div class=\"elementor-element elementor-element-4fb87cab elementor-widget elementor-widget-text-editor\" data-id=\"4fb87cab\" data-element_type=\"widget\" data-e-type=\"widget\" data-widget_type=\"text-editor.default\">\n\t\t\t\t<div class=\"elementor-widget-container\">\n\t\t\t\t\t\t\t\t\t\n<p>Salve a tutti, sono di Istar Dental Lab, un laboratorio dentale altamente professionale con sede in Cina.&nbsp;<\/p>\n\n\n\n<p>Il nostro sistema di qualit\u00e0 \u00e8 tra i primi cinque in Cina.&nbsp;<\/p>\n\n\n\n<p>Oggi sono estremamente arrabbiato di condividere informazioni su un laboratorio dentale dell'Etiopia.&nbsp;<\/p>\n\n\n\n<p>Il suo nome \u00e8 Yoseph Gelan, il suo indirizzo \u00e8: Bole Area Addis Ababa Etiopia 1000. Il suo numero di telefono \u00e8: +251 92 007 1268<\/p>\n\n\n\n<p>Yoseph Gelan ci ha contattato per la prima volta all'inizio di maggio 2024 e ha rapidamente negoziato i prezzi, iniziando a inviare i casi al laboratorio dentale Istar.&nbsp;<\/p>\n\n\n\n<p>All'inizio i pagamenti sono stati relativamente rapidi e sono stati effettuati tramite un amico americano di nome Kirubel Jimma, che ha trasferito il denaro sul nostro conto americano,&nbsp;<\/p>\n\n\n\n<p>Il che inizialmente ha indotto il nostro team finanziario a credere che fosse affidabile.&nbsp;<\/p>\n\n\n\n<p>Tuttavia, tra la fine di maggio e l'inizio di giugno, dopo che gli abbiamo inviato un gran numero di casi, ha iniziato a trovare scuse, ha interrotto i pagamenti e ha smesso di rispondere.<\/p>\n\n\n\n<figure class=\"wp-block-image size-large is-resized\"><img fetchpriority=\"high\" decoding=\"async\" width=\"472\" height=\"1024\" src=\"https:\/\/istardentallab.com\/wp-content\/uploads\/2024\/10\/Yoseph-Gelan-Is-a-Dishonest-Dental-lab-Owner-in-Ethiopia-1-472x1024.webp\" alt=\"\" class=\"wp-image-3983\" style=\"width:299px;height:auto\" srcset=\"https:\/\/istardentallab.com\/wp-content\/uploads\/2024\/10\/Yoseph-Gelan-Is-a-Dishonest-Dental-lab-Owner-in-Ethiopia-1-472x1024.webp 472w, https:\/\/istardentallab.com\/wp-content\/uploads\/2024\/10\/Yoseph-Gelan-Is-a-Dishonest-Dental-lab-Owner-in-Ethiopia-1-138x300.webp 138w, https:\/\/istardentallab.com\/wp-content\/uploads\/2024\/10\/Yoseph-Gelan-Is-a-Dishonest-Dental-lab-Owner-in-Ethiopia-1-768x1665.webp 768w, https:\/\/istardentallab.com\/wp-content\/uploads\/2024\/10\/Yoseph-Gelan-Is-a-Dishonest-Dental-lab-Owner-in-Ethiopia-1-709x1536.webp 709w, https:\/\/istardentallab.com\/wp-content\/uploads\/2024\/10\/Yoseph-Gelan-Is-a-Dishonest-Dental-lab-Owner-in-Ethiopia-1-945x2048.webp 945w, https:\/\/istardentallab.com\/wp-content\/uploads\/2024\/10\/Yoseph-Gelan-Is-a-Dishonest-Dental-lab-Owner-in-Ethiopia-1.webp 1179w\" sizes=\"(max-width: 472px) 100vw, 472px\" \/><\/figure>\n\n\n\n<p>Nel luglio 2024 abbiamo iniziato a contattare i suoi medici, informandoli che Yoseph ci doveva dei soldi.&nbsp;<\/p>\n\n\n\n<p>Diversi medici hanno dichiarato che ci avrebbero aiutato a seguirlo.&nbsp;<\/p>\n\n\n\n<p>Di seguito sono riportate alcune schermate della chat, ma da allora non ci sono stati risultati.&nbsp;<\/p>\n\n\n\n<p>A tutt'oggi non abbiamo ricevuto alcuna risposta. \u00c8 evidente che si tratta di un impostore e Dio lo punir\u00e0.<\/p>\n\n\n\n<figure class=\"wp-block-image size-full\"><img decoding=\"async\" width=\"1022\" height=\"408\" src=\"https:\/\/istardentallab.com\/wp-content\/uploads\/2024\/10\/Yoseph-Gelan-Is-a-Dishonest-Dental-lab-Owner-in-Ethiopia-2.webp\" alt=\"\" class=\"wp-image-3984\" srcset=\"https:\/\/istardentallab.com\/wp-content\/uploads\/2024\/10\/Yoseph-Gelan-Is-a-Dishonest-Dental-lab-Owner-in-Ethiopia-2.webp 1022w, https:\/\/istardentallab.com\/wp-content\/uploads\/2024\/10\/Yoseph-Gelan-Is-a-Dishonest-Dental-lab-Owner-in-Ethiopia-2-300x120.webp 300w, https:\/\/istardentallab.com\/wp-content\/uploads\/2024\/10\/Yoseph-Gelan-Is-a-Dishonest-Dental-lab-Owner-in-Ethiopia-2-768x307.webp 768w\" sizes=\"(max-width: 1022px) 100vw, 1022px\" \/><\/figure>\n\n\n\n<figure class=\"wp-block-image size-full\"><img decoding=\"async\" width=\"984\" height=\"522\" src=\"https:\/\/istardentallab.com\/wp-content\/uploads\/2024\/10\/Yoseph-Gelan-Is-a-Dishonest-Dental-lab-Owner-in-Ethiopia-3.webp\" alt=\"\" class=\"wp-image-3985\" srcset=\"https:\/\/istardentallab.com\/wp-content\/uploads\/2024\/10\/Yoseph-Gelan-Is-a-Dishonest-Dental-lab-Owner-in-Ethiopia-3.webp 984w, https:\/\/istardentallab.com\/wp-content\/uploads\/2024\/10\/Yoseph-Gelan-Is-a-Dishonest-Dental-lab-Owner-in-Ethiopia-3-300x159.webp 300w, https:\/\/istardentallab.com\/wp-content\/uploads\/2024\/10\/Yoseph-Gelan-Is-a-Dishonest-Dental-lab-Owner-in-Ethiopia-3-768x407.webp 768w\" sizes=\"(max-width: 984px) 100vw, 984px\" \/><\/figure>\n\n\n\n<figure class=\"wp-block-image size-full is-resized\"><img loading=\"lazy\" decoding=\"async\" width=\"563\" height=\"257\" src=\"https:\/\/istardentallab.com\/wp-content\/uploads\/2024\/10\/Yoseph-Gelan-Is-a-Dishonest-Dental-lab-Owner-in-Ethiopia-4.webp\" alt=\"\" class=\"wp-image-3986\" style=\"width:840px;height:auto\" srcset=\"https:\/\/istardentallab.com\/wp-content\/uploads\/2024\/10\/Yoseph-Gelan-Is-a-Dishonest-Dental-lab-Owner-in-Ethiopia-4.webp 563w, https:\/\/istardentallab.com\/wp-content\/uploads\/2024\/10\/Yoseph-Gelan-Is-a-Dishonest-Dental-lab-Owner-in-Ethiopia-4-300x137.webp 300w\" sizes=\"(max-width: 563px) 100vw, 563px\" \/><\/figure>\n\n\n\n<p>Invito tutti i medici etiopi a non inviare pi\u00f9 i loro casi a Yoseph Gelan,&nbsp;<\/p>\n\n\n\n<p>Ho gi\u00e0 avvisato la maggior parte dei laboratori odontotecnici cinesi, informandoli che si tratta di una frode.&nbsp;<\/p>\n\n\n\n<p>Se continuate a inviargli i vostri casi, rischiate di perdere le vostre impressioni.<\/p>\n\n\n\n<p>Invito ancora una volta tutti i laboratori odontotecnici cinesi a non prendere ordini da lui. Non producete alcun prodotto per un truffatore.<\/p>\n\n\n\n<figure class=\"wp-block-image size-full\"><img loading=\"lazy\" decoding=\"async\" width=\"1014\" height=\"733\" src=\"https:\/\/istardentallab.com\/wp-content\/uploads\/2024\/10\/Yoseph-Gelan-Is-a-Dishonest-Dental-lab-Owner-in-Ethiopia-5.webp\" alt=\"\" class=\"wp-image-3987\" srcset=\"https:\/\/istardentallab.com\/wp-content\/uploads\/2024\/10\/Yoseph-Gelan-Is-a-Dishonest-Dental-lab-Owner-in-Ethiopia-5.webp 1014w, https:\/\/istardentallab.com\/wp-content\/uploads\/2024\/10\/Yoseph-Gelan-Is-a-Dishonest-Dental-lab-Owner-in-Ethiopia-5-300x217.webp 300w, https:\/\/istardentallab.com\/wp-content\/uploads\/2024\/10\/Yoseph-Gelan-Is-a-Dishonest-Dental-lab-Owner-in-Ethiopia-5-768x555.webp 768w\" sizes=\"(max-width: 1014px) 100vw, 1014px\" \/><\/figure>\n\t\t\t\t\t\t\t\t<\/div>\n\t\t\t\t<\/div>\n\t\t\t\t\t<\/div>\n\t\t<\/div>\n\t\t\t\t\t<\/div>\n\t\t<\/section>\n\t\t\t\t<\/div>","protected":false},"excerpt":{"rendered":"<p>Yoseph Gelan Is a Dishonest Dental lab Owner in\u00a0Ethiopia Hello everyone, I am from Istar Dental Lab, a highly professional dental lab based in China.&nbsp; Our quality system ranks in the top five in China.&nbsp; Today, I am extremely angry to share information about a dental lab from the Ethiopia.&nbsp; His name is&nbsp;Yoseph Gelan, His [&hellip;]<\/p>\n","protected":false},"author":1,"featured_media":3932,"parent":0,"menu_order":0,"comment_status":"closed","ping_status":"closed","template":"","meta":{"_acf_changed":false,"footnotes":""},"class_list":["post-3982","page","type-page","status-publish","has-post-thumbnail","hentry"],"acf":[],"_links":{"self":[{"href":"https:\/\/istardentallab.com\/it\/wp-json\/wp\/v2\/pages\/3982","targetHints":{"allow":["GET"]}}],"collection":[{"href":"https:\/\/istardentallab.com\/it\/wp-json\/wp\/v2\/pages"}],"about":[{"href":"https:\/\/istardentallab.com\/it\/wp-json\/wp\/v2\/types\/page"}],"author":[{"embeddable":true,"href":"https:\/\/istardentallab.com\/it\/wp-json\/wp\/v2\/users\/1"}],"replies":[{"embeddable":true,"href":"https:\/\/istardentallab.com\/it\/wp-json\/wp\/v2\/comments?post=3982"}],"version-history":[{"count":4,"href":"https:\/\/istardentallab.com\/it\/wp-json\/wp\/v2\/pages\/3982\/revisions"}],"predecessor-version":[{"id":7329,"href":"https:\/\/istardentallab.com\/it\/wp-json\/wp\/v2\/pages\/3982\/revisions\/7329"}],"wp:featuredmedia":[{"embeddable":true,"href":"https:\/\/istardentallab.com\/it\/wp-json\/wp\/v2\/media\/3932"}],"wp:attachment":[{"href":"https:\/\/istardentallab.com\/it\/wp-json\/wp\/v2\/media?parent=3982"}],"curies":[{"name":"wp","href":"https:\/\/api.w.org\/{rel}","templated":true}]}}