{"id":4775,"date":"2024-12-18T08:44:28","date_gmt":"2024-12-18T08:44:28","guid":{"rendered":"https:\/\/istardentallab.com\/?page_id=4775"},"modified":"2025-10-14T07:42:52","modified_gmt":"2025-10-14T07:42:52","slug":"laboratoire-outrebon-in-france-is-dishonest-dental-lab","status":"publish","type":"page","link":"https:\/\/istardentallab.com\/it\/laboratoire-outrebon-in-france-is-dishonest-dental-lab\/","title":{"rendered":"LABORATOIRE OUTREBON in Francia \u00e8 un laboratorio odontotecnico disonesto"},"content":{"rendered":"<div data-elementor-type=\"wp-page\" data-elementor-id=\"4775\" class=\"elementor elementor-4775\" data-elementor-post-type=\"page\">\n\t\t\t\t\t\t<section class=\"elementor-section elementor-top-section elementor-element elementor-element-f7a4ec6 elementor-section-boxed elementor-section-height-default elementor-section-height-default\" data-id=\"f7a4ec6\" data-element_type=\"section\" data-e-type=\"section\">\n\t\t\t\t\t\t<div class=\"elementor-container elementor-column-gap-default\">\n\t\t\t\t\t<div class=\"elementor-column elementor-col-100 elementor-top-column elementor-element elementor-element-2464f8d\" data-id=\"2464f8d\" data-element_type=\"column\" data-e-type=\"column\">\n\t\t\t<div class=\"elementor-widget-wrap elementor-element-populated\">\n\t\t\t\t\t\t<div class=\"elementor-element elementor-element-ff9f1e8 elementor-widget elementor-widget-heading\" data-id=\"ff9f1e8\" data-element_type=\"widget\" data-e-type=\"widget\" data-widget_type=\"heading.default\">\n\t\t\t\t<div class=\"elementor-widget-container\">\n\t\t\t\t\t<h1 class=\"elementor-heading-title elementor-size-default\">LABORATOIRE OUTREBON in Francia \u00e8 un laboratorio odontotecnico disonesto<\/h1>\t\t\t\t<\/div>\n\t\t\t\t<\/div>\n\t\t\t\t\t<\/div>\n\t\t<\/div>\n\t\t\t\t\t<\/div>\n\t\t<\/section>\n\t\t\t\t<section class=\"elementor-section elementor-top-section elementor-element elementor-element-9757990 elementor-section-boxed elementor-section-height-default elementor-section-height-default\" data-id=\"9757990\" data-element_type=\"section\" data-e-type=\"section\">\n\t\t\t\t\t\t<div class=\"elementor-container elementor-column-gap-default\">\n\t\t\t\t\t<div class=\"elementor-column elementor-col-100 elementor-top-column elementor-element elementor-element-729f0715\" data-id=\"729f0715\" data-element_type=\"column\" data-e-type=\"column\">\n\t\t\t<div class=\"elementor-widget-wrap elementor-element-populated\">\n\t\t\t\t\t\t<div class=\"elementor-element elementor-element-607f69ac elementor-widget elementor-widget-text-editor\" data-id=\"607f69ac\" data-element_type=\"widget\" data-e-type=\"widget\" data-widget_type=\"text-editor.default\">\n\t\t\t\t<div class=\"elementor-widget-container\">\n\t\t\t\t\t\t\t\t\t\n<p>In qualit\u00e0 di uno dei migliori laboratori odontotecnici della Cina, apprezziamo molto i clienti che ci rispettano. Tuttavia, abbiamo anche incontrato alcuni clienti disonesti, che dobbiamo esporre ai professionisti del settore.<\/p>\n\n<p>Oggi voglio smascherare un laboratorio odontotecnico francese disonesto.\u00a0<\/p>\n\n<p>Il nome dell'azienda \u00e8 LABORATOIRE OUTREBON, mentre il nome del proprietario \u00e8 Maxime Outrebon.\u00a0<\/p>\n\n<p>L'indirizzo \u00e8 46 Rue \u00e0 Borel, 80100 ABBEVILLE, Francia. L'indirizzo e-mail \u00e8: laboratoire-outrebon@orange.fr. Il numero di telefono e di WhatsApp \u00e8 +33 6 07 35 81 82.\u00a0<\/p>\n\n<p>In allegato una foto di Maxime Outrebon.<\/p>\n\n<div class=\"wp-block-columns is-layout-flex wp-container-core-columns-is-layout-28f84493 wp-block-columns-is-layout-flex\">\n<div class=\"wp-block-column is-layout-flow wp-block-column-is-layout-flow\">\n<figure class=\"wp-block-image size-full\"><img fetchpriority=\"high\" decoding=\"async\" width=\"500\" height=\"500\" class=\"wp-image-4777\" src=\"https:\/\/istardentallab.com\/wp-content\/uploads\/2024\/12\/LABORATOIRE-OUTREBON-in-France-is-dishonest-dental-lab-2.jpg\" alt=\"\" srcset=\"https:\/\/istardentallab.com\/wp-content\/uploads\/2024\/12\/LABORATOIRE-OUTREBON-in-France-is-dishonest-dental-lab-2.jpg 500w, https:\/\/istardentallab.com\/wp-content\/uploads\/2024\/12\/LABORATOIRE-OUTREBON-in-France-is-dishonest-dental-lab-2-300x300.jpg 300w, https:\/\/istardentallab.com\/wp-content\/uploads\/2024\/12\/LABORATOIRE-OUTREBON-in-France-is-dishonest-dental-lab-2-150x150.jpg 150w\" sizes=\"(max-width: 500px) 100vw, 500px\" \/><\/figure>\n<\/div>\n\n<div class=\"wp-block-column is-layout-flow wp-block-column-is-layout-flow\">\n<figure class=\"wp-block-image size-full\"><img decoding=\"async\" width=\"500\" height=\"500\" class=\"wp-image-4776\" src=\"https:\/\/istardentallab.com\/wp-content\/uploads\/2024\/12\/LABORATOIRE-OUTREBON-in-France-is-dishonest-dental-lab-1.jpg\" alt=\"LABORATOIRE OUTREBON in Francia \u00e8 un laboratorio dentale disonesto\" srcset=\"https:\/\/istardentallab.com\/wp-content\/uploads\/2024\/12\/LABORATOIRE-OUTREBON-in-France-is-dishonest-dental-lab-1.jpg 500w, https:\/\/istardentallab.com\/wp-content\/uploads\/2024\/12\/LABORATOIRE-OUTREBON-in-France-is-dishonest-dental-lab-1-300x300.jpg 300w, https:\/\/istardentallab.com\/wp-content\/uploads\/2024\/12\/LABORATOIRE-OUTREBON-in-France-is-dishonest-dental-lab-1-150x150.jpg 150w\" sizes=\"(max-width: 500px) 100vw, 500px\" \/><\/figure>\n<\/div>\n<\/div>\n\n<p>Il LABORATOIRE OUTREBON ha iniziato a collaborare con noi, Istar Dental Lab, nel settembre 2023.\u00a0<\/p>\n\n<p>Durante la fase iniziale, la collaborazione \u00e8 stata molto fluida. Abbiamo completato i casi dentali con una qualit\u00e0 eccellente e lui ha effettuato i pagamenti in tempo.\u00a0<\/p>\n\n<p>Tuttavia, a partire dal marzo 2024, ha improvvisamente smesso di effettuare i pagamenti e ha iniziato ad addurre varie scuse per ingannarci e continuare a eseguire i suoi ordini.<\/p>\n\n<figure class=\"wp-block-image size-full\"><img decoding=\"async\" width=\"1005\" height=\"536\" class=\"wp-image-4778\" src=\"https:\/\/istardentallab.com\/wp-content\/uploads\/2024\/12\/LABORATOIRE-OUTREBON-in-France-is-dishonest-dental-lab-3.webp\" alt=\"\" srcset=\"https:\/\/istardentallab.com\/wp-content\/uploads\/2024\/12\/LABORATOIRE-OUTREBON-in-France-is-dishonest-dental-lab-3.webp 1005w, https:\/\/istardentallab.com\/wp-content\/uploads\/2024\/12\/LABORATOIRE-OUTREBON-in-France-is-dishonest-dental-lab-3-300x160.webp 300w, https:\/\/istardentallab.com\/wp-content\/uploads\/2024\/12\/LABORATOIRE-OUTREBON-in-France-is-dishonest-dental-lab-3-768x410.webp 768w\" sizes=\"(max-width: 1005px) 100vw, 1005px\" \/><\/figure>\n\n<p>Ha usato la scusa degli affari in difficolt\u00e0 e ci ha fatto molte promesse, chiedendoci di continuare con i suoi casi.<\/p>\n\n<p>Tuttavia, dopo che il nostro account manager ha inviato l'ultimo lotto di ordini in ottobre, la collaborazione \u00e8 terminata.<\/p>\n\n<p>Ci ha assicurato che i pagamenti sarebbero stati organizzati, ma ora, nel dicembre 2024, non abbiamo ancora ricevuto alcun pagamento. \u00c8 una persona inaffidabile.<\/p>\n\n<figure class=\"wp-block-image size-large\"><img loading=\"lazy\" decoding=\"async\" width=\"1024\" height=\"625\" class=\"wp-image-4779\" src=\"https:\/\/istardentallab.com\/wp-content\/uploads\/2024\/12\/LABORATOIRE-OUTREBON-in-France-is-dishonest-dental-lab-4-1024x625.webp\" alt=\"\" srcset=\"https:\/\/istardentallab.com\/wp-content\/uploads\/2024\/12\/LABORATOIRE-OUTREBON-in-France-is-dishonest-dental-lab-4-1024x625.webp 1024w, https:\/\/istardentallab.com\/wp-content\/uploads\/2024\/12\/LABORATOIRE-OUTREBON-in-France-is-dishonest-dental-lab-4-300x183.webp 300w, https:\/\/istardentallab.com\/wp-content\/uploads\/2024\/12\/LABORATOIRE-OUTREBON-in-France-is-dishonest-dental-lab-4-768x469.webp 768w, https:\/\/istardentallab.com\/wp-content\/uploads\/2024\/12\/LABORATOIRE-OUTREBON-in-France-is-dishonest-dental-lab-4.webp 1045w\" sizes=\"(max-width: 1024px) 100vw, 1024px\" \/><\/figure>\n\n<figure class=\"wp-block-image size-large\"><img loading=\"lazy\" decoding=\"async\" width=\"1024\" height=\"806\" class=\"wp-image-4780\" src=\"https:\/\/istardentallab.com\/wp-content\/uploads\/2024\/12\/LABORATOIRE-OUTREBON-in-France-is-dishonest-dental-lab-5-1024x806.webp\" alt=\"\" srcset=\"https:\/\/istardentallab.com\/wp-content\/uploads\/2024\/12\/LABORATOIRE-OUTREBON-in-France-is-dishonest-dental-lab-5-1024x806.webp 1024w, https:\/\/istardentallab.com\/wp-content\/uploads\/2024\/12\/LABORATOIRE-OUTREBON-in-France-is-dishonest-dental-lab-5-300x236.webp 300w, https:\/\/istardentallab.com\/wp-content\/uploads\/2024\/12\/LABORATOIRE-OUTREBON-in-France-is-dishonest-dental-lab-5-768x605.webp 768w, https:\/\/istardentallab.com\/wp-content\/uploads\/2024\/12\/LABORATOIRE-OUTREBON-in-France-is-dishonest-dental-lab-5.webp 1040w\" sizes=\"(max-width: 1024px) 100vw, 1024px\" \/><\/figure>\n\n<p>In seguito, ha smesso di rispondere ai miei messaggi.\u00a0<\/p>\n\n<p>Questo comportamento disonesto dovrebbe essere reso noto a tutti i laboratori odontotecnici per evitare di collaborare con lui.<\/p>\n\n<p>Esorto tutti i medici francesi a smettere di inviare i vostri casi a Maxime Outrebon,\u00a0<\/p>\n\n<p>Ho gi\u00e0 avvisato la maggior parte dei laboratori odontotecnici cinesi, informandoli che si tratta di una frode.\u00a0<\/p>\n\n<p>Se continuate a inviargli i vostri casi, rischiate di perdere le vostre impressioni.<\/p>\n\n<p>Invito ancora una volta tutti i laboratori odontotecnici cinesi a non prendere ordini da lui. Non producete alcun prodotto per un truffatore.<\/p>\n\n<p>\u00a0<\/p>\n\t\t\t\t\t\t\t\t<\/div>\n\t\t\t\t<\/div>\n\t\t\t\t\t<\/div>\n\t\t<\/div>\n\t\t\t\t\t<\/div>\n\t\t<\/section>\n\t\t\t\t<\/div>","protected":false},"excerpt":{"rendered":"<p>LABORATOIRE OUTREBON in France is Dishonest Dental Lab As one of the top dental labs in China, we highly value every customer who respects us. However, we have also encountered some dishonest customers, and we need to expose them to remind professionals in the dental lab industry. Today, I want to expose a dishonest dental [&hellip;]<\/p>\n","protected":false},"author":1,"featured_media":4780,"parent":0,"menu_order":0,"comment_status":"closed","ping_status":"closed","template":"","meta":{"_acf_changed":false,"footnotes":""},"class_list":["post-4775","page","type-page","status-publish","has-post-thumbnail","hentry"],"acf":[],"_links":{"self":[{"href":"https:\/\/istardentallab.com\/it\/wp-json\/wp\/v2\/pages\/4775","targetHints":{"allow":["GET"]}}],"collection":[{"href":"https:\/\/istardentallab.com\/it\/wp-json\/wp\/v2\/pages"}],"about":[{"href":"https:\/\/istardentallab.com\/it\/wp-json\/wp\/v2\/types\/page"}],"author":[{"embeddable":true,"href":"https:\/\/istardentallab.com\/it\/wp-json\/wp\/v2\/users\/1"}],"replies":[{"embeddable":true,"href":"https:\/\/istardentallab.com\/it\/wp-json\/wp\/v2\/comments?post=4775"}],"version-history":[{"count":5,"href":"https:\/\/istardentallab.com\/it\/wp-json\/wp\/v2\/pages\/4775\/revisions"}],"predecessor-version":[{"id":7316,"href":"https:\/\/istardentallab.com\/it\/wp-json\/wp\/v2\/pages\/4775\/revisions\/7316"}],"wp:featuredmedia":[{"embeddable":true,"href":"https:\/\/istardentallab.com\/it\/wp-json\/wp\/v2\/media\/4780"}],"wp:attachment":[{"href":"https:\/\/istardentallab.com\/it\/wp-json\/wp\/v2\/media?parent=4775"}],"curies":[{"name":"wp","href":"https:\/\/api.w.org\/{rel}","templated":true}]}}