{"id":4798,"date":"2024-12-18T09:14:52","date_gmt":"2024-12-18T09:14:52","guid":{"rendered":"https:\/\/istardentallab.com\/?page_id=4798"},"modified":"2025-10-14T07:43:52","modified_gmt":"2025-10-14T07:43:52","slug":"le-laboratoire-outrebon-en-france-est-un-laboratoire-dentaire-malhonnete","status":"publish","type":"page","link":"https:\/\/istardentallab.com\/it\/le-laboratoire-outrebon-en-france-est-un-laboratoire-dentaire-malhonnete\/","title":{"rendered":"Il LABORATOIRE OUTREBON in Francia \u00e8 un laboratorio odontoiatrico malato."},"content":{"rendered":"<div data-elementor-type=\"wp-page\" data-elementor-id=\"4798\" class=\"elementor elementor-4798\" data-elementor-post-type=\"page\">\n\t\t\t\t\t\t<section class=\"elementor-section elementor-top-section elementor-element elementor-element-17ca27d elementor-section-boxed elementor-section-height-default elementor-section-height-default\" data-id=\"17ca27d\" data-element_type=\"section\" data-e-type=\"section\">\n\t\t\t\t\t\t<div class=\"elementor-container elementor-column-gap-default\">\n\t\t\t\t\t<div class=\"elementor-column elementor-col-100 elementor-top-column elementor-element elementor-element-ee7f656\" data-id=\"ee7f656\" data-element_type=\"column\" data-e-type=\"column\">\n\t\t\t<div class=\"elementor-widget-wrap elementor-element-populated\">\n\t\t\t\t\t\t<div class=\"elementor-element elementor-element-b71c90f elementor-widget elementor-widget-heading\" data-id=\"b71c90f\" data-element_type=\"widget\" data-e-type=\"widget\" data-widget_type=\"heading.default\">\n\t\t\t\t<div class=\"elementor-widget-container\">\n\t\t\t\t\t<h1 class=\"elementor-heading-title elementor-size-default\">Il LABORATOIRE OUTREBON in Francia \u00e8 un laboratorio odontoiatrico malato.<\/h1>\t\t\t\t<\/div>\n\t\t\t\t<\/div>\n\t\t\t\t\t<\/div>\n\t\t<\/div>\n\t\t\t\t\t<\/div>\n\t\t<\/section>\n\t\t\t\t<section class=\"elementor-section elementor-top-section elementor-element elementor-element-600d580d elementor-section-boxed elementor-section-height-default elementor-section-height-default\" data-id=\"600d580d\" data-element_type=\"section\" data-e-type=\"section\">\n\t\t\t\t\t\t<div class=\"elementor-container elementor-column-gap-default\">\n\t\t\t\t\t<div class=\"elementor-column elementor-col-100 elementor-top-column elementor-element elementor-element-3b016a74\" data-id=\"3b016a74\" data-element_type=\"column\" data-e-type=\"column\">\n\t\t\t<div class=\"elementor-widget-wrap elementor-element-populated\">\n\t\t\t\t\t\t<div class=\"elementor-element elementor-element-7accc461 elementor-widget elementor-widget-text-editor\" data-id=\"7accc461\" data-element_type=\"widget\" data-e-type=\"widget\" data-widget_type=\"text-editor.default\">\n\t\t\t\t<div class=\"elementor-widget-container\">\n\t\t\t\t\t\t\t\t\t\n<p>Essendo uno dei migliori laboratori odontotecnici della Cina, attribuiamo una grande importanza ai clienti che rispettiamo. Tuttavia, abbiamo anche incontrato dei clienti scorretti, che dobbiamo denunciare ai professionisti dell'industria dei laboratori odontoiatrici.<\/p>\n\n\n\n<p>Oggi desidero denunciare un laboratorio dentistico francese malato.<\/p>\n\n\n\n<p>La societ\u00e0 si chiama LABORATOIRE OUTREBON e il suo proprietario Maxime Outrebon.<\/p>\n\n\n\n<p>L'indirizzo \u00e8 46 Rue \u00e0 Borel, 80100 ABBEVILLE, Francia. L'e-mail \u00e8: laboratoire-outrebon@orange.fr. Il numero di telefono e dell'WhatsApp \u00e8 +33 6 07 35 81 82.<\/p>\n\n\n\n<p>Ci trovate una foto di Maxime Outrebon.<\/p>\n\n\n\n<div class=\"wp-block-columns is-layout-flex wp-container-core-columns-is-layout-28f84493 wp-block-columns-is-layout-flex\">\n<div class=\"wp-block-column is-layout-flow wp-block-column-is-layout-flow\">\n<figure class=\"wp-block-image size-full\"><img fetchpriority=\"high\" decoding=\"async\" width=\"500\" height=\"500\" src=\"https:\/\/istardentallab.com\/wp-content\/uploads\/2024\/12\/LABORATOIRE-OUTREBON-in-France-is-dishonest-dental-lab-2.jpg\" alt=\"LABORATOIRE OUTREBON in Francia \u00e8 un laboratorio dentale disonesto\" class=\"wp-image-4777\" srcset=\"https:\/\/istardentallab.com\/wp-content\/uploads\/2024\/12\/LABORATOIRE-OUTREBON-in-France-is-dishonest-dental-lab-2.jpg 500w, https:\/\/istardentallab.com\/wp-content\/uploads\/2024\/12\/LABORATOIRE-OUTREBON-in-France-is-dishonest-dental-lab-2-300x300.jpg 300w, https:\/\/istardentallab.com\/wp-content\/uploads\/2024\/12\/LABORATOIRE-OUTREBON-in-France-is-dishonest-dental-lab-2-150x150.jpg 150w\" sizes=\"(max-width: 500px) 100vw, 500px\" \/><\/figure>\n<\/div>\n\n\n\n<div class=\"wp-block-column is-layout-flow wp-block-column-is-layout-flow\">\n<figure class=\"wp-block-image size-full\"><img decoding=\"async\" width=\"500\" height=\"500\" src=\"https:\/\/istardentallab.com\/wp-content\/uploads\/2024\/12\/LABORATOIRE-OUTREBON-in-France-is-dishonest-dental-lab-1.jpg\" alt=\"LABORATOIRE OUTREBON in Francia \u00e8 un laboratorio dentale disonesto\" class=\"wp-image-4776\" srcset=\"https:\/\/istardentallab.com\/wp-content\/uploads\/2024\/12\/LABORATOIRE-OUTREBON-in-France-is-dishonest-dental-lab-1.jpg 500w, https:\/\/istardentallab.com\/wp-content\/uploads\/2024\/12\/LABORATOIRE-OUTREBON-in-France-is-dishonest-dental-lab-1-300x300.jpg 300w, https:\/\/istardentallab.com\/wp-content\/uploads\/2024\/12\/LABORATOIRE-OUTREBON-in-France-is-dishonest-dental-lab-1-150x150.jpg 150w\" sizes=\"(max-width: 500px) 100vw, 500px\" \/><\/figure>\n<\/div>\n<\/div>\n\n\n\n<p>Il LABORATOIRE OUTREBON ha iniziato a collaborare con noi, Istar Dental Lab, nel settembre 2023.<\/p>\n\n\n\n<p>Durante la fase iniziale, la collaborazione si \u00e8 svolta senza problemi. Abbiamo realizzato i casi dentali con una qualit\u00e0 eccellente e il cliente ha effettuato i pagamenti in tempo.<\/p>\n\n\n\n<p>Tuttavia, a partire dal mese di marzo 2024, ha smesso di effettuare i pagamenti e ha iniziato a invocare diverse scuse per ostacolarci e incitarci a portare a termine i suoi ordini.<\/p>\n\n\n\n<figure class=\"wp-block-image size-full\"><img decoding=\"async\" width=\"1005\" height=\"536\" src=\"https:\/\/istardentallab.com\/wp-content\/uploads\/2024\/12\/LABORATOIRE-OUTREBON-in-France-is-dishonest-dental-lab-3.webp\" alt=\"LABORATOIRE OUTREBON in Francia \u00e8 un laboratorio dentale disonesto\" class=\"wp-image-4778\" srcset=\"https:\/\/istardentallab.com\/wp-content\/uploads\/2024\/12\/LABORATOIRE-OUTREBON-in-France-is-dishonest-dental-lab-3.webp 1005w, https:\/\/istardentallab.com\/wp-content\/uploads\/2024\/12\/LABORATOIRE-OUTREBON-in-France-is-dishonest-dental-lab-3-300x160.webp 300w, https:\/\/istardentallab.com\/wp-content\/uploads\/2024\/12\/LABORATOIRE-OUTREBON-in-France-is-dishonest-dental-lab-3-768x410.webp 768w\" sizes=\"(max-width: 1005px) 100vw, 1005px\" \/><\/figure>\n\n\n\n<p>Ha affrontato le difficolt\u00e0 commerciali e ha fatto numerose promesse, chiedendo di continuare a lavorare con lui.<\/p>\n\n\n\n<p>Tuttavia, dopo che il nostro responsabile della gestione ha inviato l'ultimo lotto di ordini in ottobre, la cooperazione \u00e8 terminata.<\/p>\n\n\n\n<p>Ci ha assicurato che i pagamenti sarebbero stati predisposti, ma oggi, a dicembre 2024, non abbiamo ancora ricevuto alcun pagamento. Si tratta di una persona indigena di fiducia.<\/p>\n\n\n\n<figure class=\"wp-block-image size-large\"><img loading=\"lazy\" decoding=\"async\" width=\"1024\" height=\"625\" src=\"https:\/\/istardentallab.com\/wp-content\/uploads\/2024\/12\/LABORATOIRE-OUTREBON-in-France-is-dishonest-dental-lab-4-1024x625.webp\" alt=\"LABORATOIRE OUTREBON in Francia \u00e8 un laboratorio dentale disonesto\" class=\"wp-image-4779\" srcset=\"https:\/\/istardentallab.com\/wp-content\/uploads\/2024\/12\/LABORATOIRE-OUTREBON-in-France-is-dishonest-dental-lab-4-1024x625.webp 1024w, https:\/\/istardentallab.com\/wp-content\/uploads\/2024\/12\/LABORATOIRE-OUTREBON-in-France-is-dishonest-dental-lab-4-300x183.webp 300w, https:\/\/istardentallab.com\/wp-content\/uploads\/2024\/12\/LABORATOIRE-OUTREBON-in-France-is-dishonest-dental-lab-4-768x469.webp 768w, https:\/\/istardentallab.com\/wp-content\/uploads\/2024\/12\/LABORATOIRE-OUTREBON-in-France-is-dishonest-dental-lab-4.webp 1045w\" sizes=\"(max-width: 1024px) 100vw, 1024px\" \/><\/figure>\n\n\n\n<figure class=\"wp-block-image size-large\"><img loading=\"lazy\" decoding=\"async\" width=\"1024\" height=\"806\" src=\"https:\/\/istardentallab.com\/wp-content\/uploads\/2024\/12\/LABORATOIRE-OUTREBON-in-France-is-dishonest-dental-lab-5-1024x806.webp\" alt=\"\" class=\"wp-image-4780\" srcset=\"https:\/\/istardentallab.com\/wp-content\/uploads\/2024\/12\/LABORATOIRE-OUTREBON-in-France-is-dishonest-dental-lab-5-1024x806.webp 1024w, https:\/\/istardentallab.com\/wp-content\/uploads\/2024\/12\/LABORATOIRE-OUTREBON-in-France-is-dishonest-dental-lab-5-300x236.webp 300w, https:\/\/istardentallab.com\/wp-content\/uploads\/2024\/12\/LABORATOIRE-OUTREBON-in-France-is-dishonest-dental-lab-5-768x605.webp 768w, https:\/\/istardentallab.com\/wp-content\/uploads\/2024\/12\/LABORATOIRE-OUTREBON-in-France-is-dishonest-dental-lab-5.webp 1040w\" sizes=\"(max-width: 1024px) 100vw, 1024px\" \/><\/figure>\n\n\n\n<p>Dopo di ci\u00f2, ha smesso di rispondere ai miei messaggi.<\/p>\n\n\n\n<p>Un simile comportamento maligno deve essere portato alla conoscenza di tutti i laboratori odontoiatrici affinch\u00e9 collaborino con lui.<\/p>\n\n\n\n<p>Chiedo a tutti i medici francesi di smettere di inviare i loro dossier a Maxime Outrebon,<\/p>\n\n\n\n<p>Ho gi\u00e0 informato la maggior parte dei laboratori dentistici cinesi che si tratta di un escroc.<\/p>\n\n\n\n<p>Se continuate a inviargli i vostri casi, rischiate di perdere i vostri impieghi.<\/p>\n\n\n\n<p>Chiedo a tutti i laboratori odontoiatrici cinesi di non accettare ordini da parte loro. Non producete mai prodotti per un escroc.<\/p>\n\t\t\t\t\t\t\t\t<\/div>\n\t\t\t\t<\/div>\n\t\t\t\t\t<\/div>\n\t\t<\/div>\n\t\t\t\t\t<\/div>\n\t\t<\/section>\n\t\t\t\t<\/div>","protected":false},"excerpt":{"rendered":"<p>Le LABORATOIRE OUTREBON en France est un laboratoire dentaire malhonn\u00eate En tant que l&#8217;un des meilleurs laboratoires dentaires de Chine, nous accordons une grande importance \u00e0 tous les clients qui nous respectent. Cependant, nous avons \u00e9galement rencontr\u00e9 des clients malhonn\u00eates, et nous devons les d\u00e9noncer aux professionnels de l&#8217;industrie des laboratoires dentaires. Aujourd&#8217;hui, je souhaite [&hellip;]<\/p>\n","protected":false},"author":1,"featured_media":4780,"parent":0,"menu_order":0,"comment_status":"closed","ping_status":"closed","template":"","meta":{"_acf_changed":false,"footnotes":""},"class_list":["post-4798","page","type-page","status-publish","has-post-thumbnail","hentry"],"acf":[],"_links":{"self":[{"href":"https:\/\/istardentallab.com\/it\/wp-json\/wp\/v2\/pages\/4798","targetHints":{"allow":["GET"]}}],"collection":[{"href":"https:\/\/istardentallab.com\/it\/wp-json\/wp\/v2\/pages"}],"about":[{"href":"https:\/\/istardentallab.com\/it\/wp-json\/wp\/v2\/types\/page"}],"author":[{"embeddable":true,"href":"https:\/\/istardentallab.com\/it\/wp-json\/wp\/v2\/users\/1"}],"replies":[{"embeddable":true,"href":"https:\/\/istardentallab.com\/it\/wp-json\/wp\/v2\/comments?post=4798"}],"version-history":[{"count":4,"href":"https:\/\/istardentallab.com\/it\/wp-json\/wp\/v2\/pages\/4798\/revisions"}],"predecessor-version":[{"id":7319,"href":"https:\/\/istardentallab.com\/it\/wp-json\/wp\/v2\/pages\/4798\/revisions\/7319"}],"wp:featuredmedia":[{"embeddable":true,"href":"https:\/\/istardentallab.com\/it\/wp-json\/wp\/v2\/media\/4780"}],"wp:attachment":[{"href":"https:\/\/istardentallab.com\/it\/wp-json\/wp\/v2\/media?parent=4798"}],"curies":[{"name":"wp","href":"https:\/\/api.w.org\/{rel}","templated":true}]}}