{"id":7220,"date":"2025-10-14T07:10:56","date_gmt":"2025-10-14T07:10:56","guid":{"rendered":"https:\/\/istardentallab.com\/?page_id=7220"},"modified":"2025-10-14T07:15:50","modified_gmt":"2025-10-14T07:15:50","slug":"great-cornard-dental-practice-is-dishonest-company","status":"publish","type":"page","link":"https:\/\/istardentallab.com\/it\/great-cornard-dental-practice-is-dishonest-company\/","title":{"rendered":"Lo studio dentistico Great Cornard \u00e8 una societ\u00e0 disonesta"},"content":{"rendered":"<div data-elementor-type=\"wp-page\" data-elementor-id=\"7220\" class=\"elementor elementor-7220\" data-elementor-post-type=\"page\">\n\t\t\t\t\t\t<section class=\"elementor-section elementor-top-section elementor-element elementor-element-d3ff937 elementor-section-boxed elementor-section-height-default elementor-section-height-default\" data-id=\"d3ff937\" data-element_type=\"section\" data-e-type=\"section\">\n\t\t\t\t\t\t<div class=\"elementor-container elementor-column-gap-default\">\n\t\t\t\t\t<div class=\"elementor-column elementor-col-100 elementor-top-column elementor-element elementor-element-b705ee4\" data-id=\"b705ee4\" data-element_type=\"column\" data-e-type=\"column\">\n\t\t\t<div class=\"elementor-widget-wrap elementor-element-populated\">\n\t\t\t\t\t\t<div class=\"elementor-element elementor-element-67d7f5d elementor-widget elementor-widget-heading\" data-id=\"67d7f5d\" data-element_type=\"widget\" data-e-type=\"widget\" data-widget_type=\"heading.default\">\n\t\t\t\t<div class=\"elementor-widget-container\">\n\t\t\t\t\t<h1 class=\"elementor-heading-title elementor-size-default\">Lo studio dentistico Great Cornard \u00e8 una societ\u00e0 disonesta<\/h1>\t\t\t\t<\/div>\n\t\t\t\t<\/div>\n\t\t\t\t\t<\/div>\n\t\t<\/div>\n\t\t\t\t\t<\/div>\n\t\t<\/section>\n\t\t\t\t<section class=\"elementor-section elementor-top-section elementor-element elementor-element-34c2f6e8 elementor-section-boxed elementor-section-height-default elementor-section-height-default\" data-id=\"34c2f6e8\" data-element_type=\"section\" data-e-type=\"section\">\n\t\t\t\t\t\t<div class=\"elementor-container elementor-column-gap-default\">\n\t\t\t\t\t<div class=\"elementor-column elementor-col-100 elementor-top-column elementor-element elementor-element-1b18ec86\" data-id=\"1b18ec86\" data-element_type=\"column\" data-e-type=\"column\">\n\t\t\t<div class=\"elementor-widget-wrap elementor-element-populated\">\n\t\t\t\t\t\t<div class=\"elementor-element elementor-element-7882cdcc elementor-widget elementor-widget-text-editor\" data-id=\"7882cdcc\" data-element_type=\"widget\" data-e-type=\"widget\" data-widget_type=\"text-editor.default\">\n\t\t\t\t<div class=\"elementor-widget-container\">\n\t\t\t\t\t\t\t\t\t\n<p>Essendo uno dei primi 5 laboratori odontotecnici in Cina, apprezziamo molto ogni cliente che ci rispetta. Tuttavia, abbiamo anche incontrato alcuni clienti disonesti e dobbiamo smascherarli per ricordare ai professionisti del settore odontotecnico.<\/p>\n\n\n\n<p>Oggi voglio smascherare un laboratorio odontotecnico disonesto del Regno Unito.&nbsp;<\/p>\n\n\n\n<p>Il nome dell'azienda \u00e8 Great Cornard Dental Practice nel Regno Unito e il nome del proprietario \u00e8 Ammaad Jamil.<\/p>\n\n\n\n<p><strong>Numero di registrazione:<\/strong><strong><\/strong><\/p>\n\n\n\n<p>264789<\/p>\n\n\n\n<p><strong>Stato:<\/strong><strong><\/strong><\/p>\n\n\n\n<p>Registrato<\/p>\n\n\n\n<p><strong>Tipo di registrante:<\/strong><strong><\/strong><\/p>\n\n\n\n<p>Dentista<\/p>\n\n\n\n<p><strong>Prima registrazione il:<\/strong><strong><\/strong><\/p>\n\n\n\n<p>07 luglio 2016<\/p>\n\n\n\n<p><strong>Periodo di registrazione corrente dal:<\/strong><strong><\/strong><\/p>\n\n\n\n<p>16 gennaio 2019 fino al: 31 dicembre 2025<\/p>\n\n\n\n<p><strong>Qualifiche:<\/strong><strong><\/strong><\/p>\n\n\n\n<p>BChD Universit\u00e0 di Leeds 2016<\/p>\n\n\n\n<p>L'indirizzo \u00e8: 178 Bures Road, Great Cornard, Sudbury, CO10 0JQ (01787) 375917<br>L'e-mail \u00e8: ammaad1@hotmail.co.uk Il numero di telefono \u00e8: +44 7306 567880<\/p>\n\n\n\n<p>In allegato una foto di Great Cornard Dental Practice nel Regno Unito.<\/p>\n\n\n\n<p>Great Cornard Dental Practice nel Regno Unito ha iniziato a collaborare con noi, Istar Dental Lab, nell'aprile 2025<br>Ho contattato Great Cornard Dental Practice nel Regno Unito, sperando in una partnership professionale.<\/p>\n\n\n\n<p>Ci ha inviato i file tramite medit link e noi abbiamo progettato per lui direttamente in cadcam. All'inizio, il pagamento \u00e8 stato effettuato piuttosto lentamente, ma alla fine \u00e8 stato completato. L'ultimo pagamento. All'inizio, si affermava che il pagamento era stato effettuato. Successivamente, \u00e8 stato effettuato un pagamento falso. <\/p>\n\n\n\n<p>Dopo averlo verificato, hanno detto che avrebbero effettuato un nuovo pagamento, ma dovevano aspettare che i soldi della banca venissero restituiti a loro. Alla fine, i soldi della banca sono stati restituiti e hanno promesso di effettuare nuovamente il pagamento. Ma fino ad ora, sono passati 3 mesi e non abbiamo ancora ricevuto questi soldi. Ogni volta che inviamo un messaggio, viene contrassegnato come letto ma non viene data alcuna risposta.<\/p>\n\n\n\n<figure class=\"wp-block-image size-large\"><img fetchpriority=\"high\" decoding=\"async\" width=\"1024\" height=\"704\" src=\"https:\/\/istardentallab.com\/wp-content\/uploads\/2025\/10\/Great-Cornard-Dental-Practice-is-dishonest-company-1-1024x704.webp\" alt=\"Great Cornard Dental Practice \u00e8 un&#039;azienda disonesta\" class=\"wp-image-7287\" srcset=\"https:\/\/istardentallab.com\/wp-content\/uploads\/2025\/10\/Great-Cornard-Dental-Practice-is-dishonest-company-1-1024x704.webp 1024w, https:\/\/istardentallab.com\/wp-content\/uploads\/2025\/10\/Great-Cornard-Dental-Practice-is-dishonest-company-1-300x206.webp 300w, https:\/\/istardentallab.com\/wp-content\/uploads\/2025\/10\/Great-Cornard-Dental-Practice-is-dishonest-company-1-768x528.webp 768w, https:\/\/istardentallab.com\/wp-content\/uploads\/2025\/10\/Great-Cornard-Dental-Practice-is-dishonest-company-1-18x12.webp 18w, https:\/\/istardentallab.com\/wp-content\/uploads\/2025\/10\/Great-Cornard-Dental-Practice-is-dishonest-company-1.webp 1240w\" sizes=\"(max-width: 1024px) 100vw, 1024px\" \/><\/figure>\n\n\n\n<figure class=\"wp-block-image size-large\"><img decoding=\"async\" width=\"1024\" height=\"714\" src=\"https:\/\/istardentallab.com\/wp-content\/uploads\/2025\/10\/Great-Cornard-Dental-Practice-is-dishonest-company-2-1024x714.webp\" alt=\"Great Cornard Dental Practice \u00e8 un&#039;azienda disonesta\" class=\"wp-image-7286\" srcset=\"https:\/\/istardentallab.com\/wp-content\/uploads\/2025\/10\/Great-Cornard-Dental-Practice-is-dishonest-company-2-1024x714.webp 1024w, https:\/\/istardentallab.com\/wp-content\/uploads\/2025\/10\/Great-Cornard-Dental-Practice-is-dishonest-company-2-300x209.webp 300w, https:\/\/istardentallab.com\/wp-content\/uploads\/2025\/10\/Great-Cornard-Dental-Practice-is-dishonest-company-2-768x535.webp 768w, https:\/\/istardentallab.com\/wp-content\/uploads\/2025\/10\/Great-Cornard-Dental-Practice-is-dishonest-company-2-18x12.webp 18w, https:\/\/istardentallab.com\/wp-content\/uploads\/2025\/10\/Great-Cornard-Dental-Practice-is-dishonest-company-2.webp 1228w\" sizes=\"(max-width: 1024px) 100vw, 1024px\" \/><\/figure>\n\n\n\n<figure class=\"wp-block-image size-large\"><img decoding=\"async\" width=\"1024\" height=\"692\" src=\"https:\/\/istardentallab.com\/wp-content\/uploads\/2025\/10\/Great-Cornard-Dental-Practice-is-dishonest-company-3-1024x692.webp\" alt=\"Great Cornard Dental Practice \u00e8 un&#039;azienda disonesta\" class=\"wp-image-7285\" srcset=\"https:\/\/istardentallab.com\/wp-content\/uploads\/2025\/10\/Great-Cornard-Dental-Practice-is-dishonest-company-3-1024x692.webp 1024w, https:\/\/istardentallab.com\/wp-content\/uploads\/2025\/10\/Great-Cornard-Dental-Practice-is-dishonest-company-3-300x203.webp 300w, https:\/\/istardentallab.com\/wp-content\/uploads\/2025\/10\/Great-Cornard-Dental-Practice-is-dishonest-company-3-768x519.webp 768w, https:\/\/istardentallab.com\/wp-content\/uploads\/2025\/10\/Great-Cornard-Dental-Practice-is-dishonest-company-3-18x12.webp 18w, https:\/\/istardentallab.com\/wp-content\/uploads\/2025\/10\/Great-Cornard-Dental-Practice-is-dishonest-company-3.webp 1252w\" sizes=\"(max-width: 1024px) 100vw, 1024px\" \/><\/figure>\n\n\n\n<figure class=\"wp-block-image size-large\"><img loading=\"lazy\" decoding=\"async\" width=\"1024\" height=\"698\" src=\"https:\/\/istardentallab.com\/wp-content\/uploads\/2025\/10\/Great-Cornard-Dental-Practice-is-dishonest-company-4-1024x698.webp\" alt=\"Great Cornard Dental Practice \u00e8 un&#039;azienda disonesta\" class=\"wp-image-7284\" srcset=\"https:\/\/istardentallab.com\/wp-content\/uploads\/2025\/10\/Great-Cornard-Dental-Practice-is-dishonest-company-4-1024x698.webp 1024w, https:\/\/istardentallab.com\/wp-content\/uploads\/2025\/10\/Great-Cornard-Dental-Practice-is-dishonest-company-4-300x205.webp 300w, https:\/\/istardentallab.com\/wp-content\/uploads\/2025\/10\/Great-Cornard-Dental-Practice-is-dishonest-company-4-768x524.webp 768w, https:\/\/istardentallab.com\/wp-content\/uploads\/2025\/10\/Great-Cornard-Dental-Practice-is-dishonest-company-4-18x12.webp 18w, https:\/\/istardentallab.com\/wp-content\/uploads\/2025\/10\/Great-Cornard-Dental-Practice-is-dishonest-company-4.webp 1248w\" sizes=\"(max-width: 1024px) 100vw, 1024px\" \/><\/figure>\n\n\n\n<p>Ogni volta che prometteva di effettuare il pagamento, mi ingannava ancora e ancora. In realt\u00e0, non ha mai effettuato il pagamento. Diceva sempre che ci avrebbe pagato, ma sono passati 3 mesi e non abbiamo ancora ricevuto soldi da lui.<\/p>\n\n\n\n<p>Nel corso di tre mesi, ho inviato dozzine di messaggi e fatto innumerevoli chiamate - passando poi a fermi follow-up - ma tutto ci\u00f2 che ho ottenuto in cambio \u00e8 stata fredda indifferenza. Letto, ma mai risposto.<br>Nel nostro laboratorio, abbiamo sempre costruito partnership sulla fiducia e l'integrit\u00e0. Il Dr. Ammaad ha danneggiato qualcosa di molto pi\u00f9 importante: le fondamenta della fiducia che tengono unito il nostro intero settore.<\/p>\n\n\n\n<p>Prima di decidere di rendere pubblica questa cosa, ho provato molti contatti con il Dr. Ammaad. Ma quando si ha a che fare con qualcuno che non ha rispetto per le proprie parole, questi approcci standard si sentono impotenti.<br>Poi ho capito: se rimango in silenzio, altri laboratori odontotecnici potrebbero cadere nella stessa trappola. Ed \u00e8 stato allora che ho capito: qualcuno doveva farsi sentire.<\/p>\n\n\n\n<p>454 dollari USA possono sembrare una piccola somma, ma per un laboratorio indipendente come il nostro, \u00e8 fondamentale. \u00c8 una testimonianza della nostra maestria e una ricompensa per il nostro duro lavoro. Quando laboratori come Great Cornard Dental Practice nel Regno Unito si rifiutano di pagare, non stanno solo ritardando la transazione; stanno anche mancando di rispetto alla maestria del nostro laboratorio. Stanno svalutando l'arte, la precisione e la competenza necessarie per creare dispositivi medici che ripristinano il sorriso e la funzione dei nostri pazienti.<\/p>\n\n\n\n<p>Stanno tradendo la fiducia della nostra intera professione, che si basa sul rispetto reciproco e sull'integrit\u00e0 tra dentisti, laboratori e tecnici. Le azioni di Great Cornard Dental Practice nel Regno Unito minano tale fondamento<\/p>\n\n\n\n<p>Condivido questa storia per avvertire la comunit\u00e0 odontoiatrica. Si prega di essere cauti se si sta prendendo in considerazione la possibilit\u00e0 di lavorare con Great Cornard Dental Practice nel Regno Unito. Chiedo anche la vostra solidariet\u00e0. Se credete in pratiche commerciali etiche, condividete questo post. Tagga i cani da guardia del settore dentale. Fate loro sapere che la nostra comunit\u00e0 globale non tollerer\u00e0 lo sfruttamento di tecnici che lavorano duramente.<\/p>\n\n\n\n<p>Il vostro sostegno pu\u00f2 creare un'ondata di responsabilit\u00e0 che protegga la prossima persona dal subire questo calvario.<\/p>\n\t\t\t\t\t\t\t\t<\/div>\n\t\t\t\t<\/div>\n\t\t\t\t\t<\/div>\n\t\t<\/div>\n\t\t\t\t\t<\/div>\n\t\t<\/section>\n\t\t\t\t<\/div>","protected":false},"excerpt":{"rendered":"<p>Great Cornard Dental Practice is Dishonest Company As one of the top 5 dental labs in China, we highly value every customer who respects us. However, we have also encountered some dishonest customers, and we need to expose them to remind professionals in the dental lab industry. Today, I want to expose a dishonest dental [&hellip;]<\/p>\n","protected":false},"author":1,"featured_media":0,"parent":0,"menu_order":0,"comment_status":"closed","ping_status":"closed","template":"","meta":{"_acf_changed":false,"footnotes":""},"class_list":["post-7220","page","type-page","status-publish","hentry"],"acf":[],"_links":{"self":[{"href":"https:\/\/istardentallab.com\/it\/wp-json\/wp\/v2\/pages\/7220","targetHints":{"allow":["GET"]}}],"collection":[{"href":"https:\/\/istardentallab.com\/it\/wp-json\/wp\/v2\/pages"}],"about":[{"href":"https:\/\/istardentallab.com\/it\/wp-json\/wp\/v2\/types\/page"}],"author":[{"embeddable":true,"href":"https:\/\/istardentallab.com\/it\/wp-json\/wp\/v2\/users\/1"}],"replies":[{"embeddable":true,"href":"https:\/\/istardentallab.com\/it\/wp-json\/wp\/v2\/comments?post=7220"}],"version-history":[{"count":6,"href":"https:\/\/istardentallab.com\/it\/wp-json\/wp\/v2\/pages\/7220\/revisions"}],"predecessor-version":[{"id":7330,"href":"https:\/\/istardentallab.com\/it\/wp-json\/wp\/v2\/pages\/7220\/revisions\/7330"}],"wp:attachment":[{"href":"https:\/\/istardentallab.com\/it\/wp-json\/wp\/v2\/media?parent=7220"}],"curies":[{"name":"wp","href":"https:\/\/api.w.org\/{rel}","templated":true}]}}