{"id":4798,"date":"2024-12-18T09:14:52","date_gmt":"2024-12-18T09:14:52","guid":{"rendered":"https:\/\/istardentallab.com\/?page_id=4798"},"modified":"2025-10-14T07:43:52","modified_gmt":"2025-10-14T07:43:52","slug":"le-laboratoire-outrebon-en-france-est-un-laboratoire-dentaire-malhonnete","status":"publish","type":"page","link":"https:\/\/istardentallab.com\/ko\/le-laboratoire-outrebon-en-france-est-un-laboratoire-dentaire-malhonnete\/","title":{"rendered":"\ud504\ub791\uc2a4\uc758 \ub974 \ub77c\ubcf4\ub77c\ud1a0\uc544\ub974 \uc624\ud2b8\ub974\ubd09\uc740 \ub9d0 \uadf8\ub300\ub85c \ub9d0\uc37d\uafb8\ub7ec\uae30 \uc791\uc5c5\uc2e4\uc785\ub2c8\ub2e4."},"content":{"rendered":"<div data-elementor-type=\"wp-page\" data-elementor-id=\"4798\" class=\"elementor elementor-4798\" data-elementor-post-type=\"page\">\n\t\t\t\t\t\t<section class=\"elementor-section elementor-top-section elementor-element elementor-element-17ca27d elementor-section-boxed elementor-section-height-default elementor-section-height-default\" data-id=\"17ca27d\" data-element_type=\"section\" data-e-type=\"section\">\n\t\t\t\t\t\t<div class=\"elementor-container elementor-column-gap-default\">\n\t\t\t\t\t<div class=\"elementor-column elementor-col-100 elementor-top-column elementor-element elementor-element-ee7f656\" data-id=\"ee7f656\" data-element_type=\"column\" data-e-type=\"column\">\n\t\t\t<div class=\"elementor-widget-wrap elementor-element-populated\">\n\t\t\t\t\t\t<div class=\"elementor-element elementor-element-b71c90f elementor-widget elementor-widget-heading\" data-id=\"b71c90f\" data-element_type=\"widget\" data-e-type=\"widget\" data-widget_type=\"heading.default\">\n\t\t\t\t<div class=\"elementor-widget-container\">\n\t\t\t\t\t<h1 class=\"elementor-heading-title elementor-size-default\">\ud504\ub791\uc2a4\uc758 \ub974 \ub77c\ubcf4\ub77c\ud1a0\uc544\ub974 \uc624\ud2b8\ub974\ubd09\uc740 \ub9d0 \uadf8\ub300\ub85c \ub9d0\uc37d\uafb8\ub7ec\uae30 \uc791\uc5c5\uc2e4\uc785\ub2c8\ub2e4.<\/h1>\t\t\t\t<\/div>\n\t\t\t\t<\/div>\n\t\t\t\t\t<\/div>\n\t\t<\/div>\n\t\t\t\t\t<\/div>\n\t\t<\/section>\n\t\t\t\t<section class=\"elementor-section elementor-top-section elementor-element elementor-element-600d580d elementor-section-boxed elementor-section-height-default elementor-section-height-default\" data-id=\"600d580d\" data-element_type=\"section\" data-e-type=\"section\">\n\t\t\t\t\t\t<div class=\"elementor-container elementor-column-gap-default\">\n\t\t\t\t\t<div class=\"elementor-column elementor-col-100 elementor-top-column elementor-element elementor-element-3b016a74\" data-id=\"3b016a74\" data-element_type=\"column\" data-e-type=\"column\">\n\t\t\t<div class=\"elementor-widget-wrap elementor-element-populated\">\n\t\t\t\t\t\t<div class=\"elementor-element elementor-element-7accc461 elementor-widget elementor-widget-text-editor\" data-id=\"7accc461\" data-element_type=\"widget\" data-e-type=\"widget\" data-widget_type=\"text-editor.default\">\n\t\t\t\t<div class=\"elementor-widget-container\">\n\t\t\t\t\t\t\t\t\t\n<p>\uc911\uad6d \ucd5c\uace0\uc758 \ub514\uc9c0\ud138 \uc5d0\uc774\uc804\uc2dc \uc911 \ud558\ub098\ub85c\uc11c \uc6b0\ub9ac\ub294 \uc6b0\ub9ac\uac00 \uc874\uc911\ud558\ub294 \ubaa8\ub4e0 \uace0\uac1d\uc5d0\uac8c \ud070 \uc911\uc694\uc131\uc744 \ubd80\uc5ec\ud569\ub2c8\ub2e4. \uadf8\ub7ec\ub098 \uc6b0\ub9ac\ub294 \ub610\ud55c \ubd88\ub9cc\uc871\uc2a4\ub7ec\uc6b4 \uace0\uac1d\ub3c4 \ub9cc\ub0ac\uace0, \uc6b0\ub9ac\ub294 \uce58\uacfc \uc0b0\uc5c5\uc758 \uc804\ubb38\uac00\ub4e4\uc5d0\uac8c\ub3c4 \uc54c\ub824\uc57c \ud588\uc2b5\ub2c8\ub2e4.<\/p>\n\n\n\n<p>\uc9c0\uae08 \ubc14\ub85c \uc798\ubabb\ub41c \ud504\ub791\uc2a4\uc5b4 \ub370\uc2a4\ud06c\ud1b1\uc744 \uc5f4\uc5b4\uc57c \ud569\ub2c8\ub2e4.<\/p>\n\n\n\n<p>\uc774 \uc18c\uc0ac\uc774\uc5b4\ud2f0\uc758 \uc774\ub984\uc740 LABORATOIRE OUTREBON\uacfc \uadf8 \uc18c\uc720\uc8fc\uc778 Maxime Outrebon\uc785\ub2c8\ub2e4.<\/p>\n\n\n\n<p>\uc8fc\uc18c\ub294 46 Rue \u00e0 Borel, 80100 ABBEVILLE, \ud504\ub791\uc2a4\uc785\ub2c8\ub2e4. \uc774\uba54\uc77c: laboratoire-outrebon@orange.fr. \uc804\ud654 \ubc0f WhatsApp \ubc88\ud638\ub294 +33 6 07 35 81 82\uc785\ub2c8\ub2e4.<\/p>\n\n\n\n<p>\uc544\ub798\uc5d0\uc11c Maxime Outrebon\uc758 \uc0ac\uc9c4\uc744 \ucc3e\uc744 \uc218 \uc788\uc2b5\ub2c8\ub2e4.<\/p>\n\n\n\n<div class=\"wp-block-columns is-layout-flex wp-container-core-columns-is-layout-28f84493 wp-block-columns-is-layout-flex\">\n<div class=\"wp-block-column is-layout-flow wp-block-column-is-layout-flow\">\n<figure class=\"wp-block-image size-full\"><img fetchpriority=\"high\" decoding=\"async\" width=\"500\" height=\"500\" src=\"https:\/\/istardentallab.com\/wp-content\/uploads\/2024\/12\/LABORATOIRE-OUTREBON-in-France-is-dishonest-dental-lab-2.jpg\" alt=\"\ud504\ub791\uc2a4\uc758 \ub77c\ubcf4\ub77c\ud1a0\uc544\ub974 \uc624\ud2b8\ub808\ubd09\uc740 \uc815\uc9c1\ud558\uc9c0 \ubabb\ud55c \uce58\uacfc \uae30\uacf5\uc18c\uc785\ub2c8\ub2e4.\" class=\"wp-image-4777\" srcset=\"https:\/\/istardentallab.com\/wp-content\/uploads\/2024\/12\/LABORATOIRE-OUTREBON-in-France-is-dishonest-dental-lab-2.jpg 500w, https:\/\/istardentallab.com\/wp-content\/uploads\/2024\/12\/LABORATOIRE-OUTREBON-in-France-is-dishonest-dental-lab-2-300x300.jpg 300w, https:\/\/istardentallab.com\/wp-content\/uploads\/2024\/12\/LABORATOIRE-OUTREBON-in-France-is-dishonest-dental-lab-2-150x150.jpg 150w\" sizes=\"(max-width: 500px) 100vw, 500px\" \/><\/figure>\n<\/div>\n\n\n\n<div class=\"wp-block-column is-layout-flow wp-block-column-is-layout-flow\">\n<figure class=\"wp-block-image size-full\"><img decoding=\"async\" width=\"500\" height=\"500\" src=\"https:\/\/istardentallab.com\/wp-content\/uploads\/2024\/12\/LABORATOIRE-OUTREBON-in-France-is-dishonest-dental-lab-1.jpg\" alt=\"\ud504\ub791\uc2a4\uc758 \ub77c\ubcf4\ub77c\ud1a0\uc544\ub974 \uc624\ud2b8\ub808\ubd09\uc740 \uc815\uc9c1\ud558\uc9c0 \ubabb\ud55c \uce58\uacfc \uae30\uacf5\uc18c\uc785\ub2c8\ub2e4.\" class=\"wp-image-4776\" srcset=\"https:\/\/istardentallab.com\/wp-content\/uploads\/2024\/12\/LABORATOIRE-OUTREBON-in-France-is-dishonest-dental-lab-1.jpg 500w, https:\/\/istardentallab.com\/wp-content\/uploads\/2024\/12\/LABORATOIRE-OUTREBON-in-France-is-dishonest-dental-lab-1-300x300.jpg 300w, https:\/\/istardentallab.com\/wp-content\/uploads\/2024\/12\/LABORATOIRE-OUTREBON-in-France-is-dishonest-dental-lab-1-150x150.jpg 150w\" sizes=\"(max-width: 500px) 100vw, 500px\" \/><\/figure>\n<\/div>\n<\/div>\n\n\n\n<p>2023\ub144 9\uc6d4, Istar \uce58\uacfc \uc5f0\uad6c\uc18c\uc640 \ud611\ub825\ud558\uae30 \uc2dc\uc791\ud55c LABORATOIRE OUTREBON.<\/p>\n\n\n\n<p>\ucd08\uae30 \ub2e8\uacc4\uc5d0\uc11c \ud611\ub825\uc740 \ubb38\uc81c\uc5c6\uc774 \ud574\uacb0\ub418\uc5c8\uc2b5\ub2c8\ub2e4. \uc6b0\ub9ac\ub294 \uc6b0\uc218\ud55c \ud488\uc9c8\ub85c \uc2e4\uc81c \uc0ac\ub840\ub97c \uad6c\ud604\ud588\uc73c\uba70 \uc801\uc2dc\uc5d0 \ube44\uc6a9\uc744 \uc808\uac10\ud588\uc2b5\ub2c8\ub2e4.<\/p>\n\n\n\n<p>\uadf8\ub7ec\ub098 2024\ub144 3\uc6d4\ubd80\ud130 \uc720\ub8cc\ud654\ub97c \uc911\ub2e8\ud558\uace0 \ub2e4\uc591\ud55c \ud551\uacc4\ub97c \ub300\uba70 \uc6b0\ub9ac\ub97c \uad34\ub86d\ud788\uace0 \uba85\ub839\uc744 \ub530\ub974\ub3c4\ub85d \uc720\ub3c4\ud558\uae30 \uc2dc\uc791\ud588\uc2b5\ub2c8\ub2e4.<\/p>\n\n\n\n<figure class=\"wp-block-image size-full\"><img decoding=\"async\" width=\"1005\" height=\"536\" src=\"https:\/\/istardentallab.com\/wp-content\/uploads\/2024\/12\/LABORATOIRE-OUTREBON-in-France-is-dishonest-dental-lab-3.webp\" alt=\"\ud504\ub791\uc2a4\uc758 \ub77c\ubcf4\ub77c\ud1a0\uc544\ub974 \uc624\ud2b8\ub808\ubd09\uc740 \uc815\uc9c1\ud558\uc9c0 \ubabb\ud55c \uce58\uacfc \uae30\uacf5\uc18c\uc785\ub2c8\ub2e4.\" class=\"wp-image-4778\" srcset=\"https:\/\/istardentallab.com\/wp-content\/uploads\/2024\/12\/LABORATOIRE-OUTREBON-in-France-is-dishonest-dental-lab-3.webp 1005w, https:\/\/istardentallab.com\/wp-content\/uploads\/2024\/12\/LABORATOIRE-OUTREBON-in-France-is-dishonest-dental-lab-3-300x160.webp 300w, https:\/\/istardentallab.com\/wp-content\/uploads\/2024\/12\/LABORATOIRE-OUTREBON-in-France-is-dishonest-dental-lab-3-768x410.webp 768w\" sizes=\"(max-width: 1005px) 100vw, 1005px\" \/><\/figure>\n\n\n\n<p>\uadf8\ub294 \uc0c1\uc5c5\uc801\uc73c\ub85c \uc5b4\ub824\uc6c0\uc744 \uacaa\uc5c8\uace0 \ub9ce\uc740 \uc57d\uc18d\uc744 \ud574\uc654\uc73c\uba70, \uc6b0\ub9ac\ub294 \uadf8\uc640 \ud568\uaed8 \uacc4\uc18d \uc77c\ud560 \uac83\uc744 \uc694\uad6c\ud588\uc2b5\ub2c8\ub2e4.<\/p>\n\n\n\n<p>\ud558\uc9c0\ub9cc 10\uc6d4\uc5d0 \uc800\ud76c \ud68c\uacc4 \uad00\ub9ac\uc790\uac00 \ub9c8\uc9c0\ub9c9 \uba85\ub839\uc744 \ubcf4\ub0b8 \ud6c4, \ud611\ub825\uc740 \uac70\uc758 \ub05d\ub0ac\uc2b5\ub2c8\ub2e4.<\/p>\n\n\n\n<p>\ub300\uae08\uc774 \uc9c0\uae09\ub420 \uac83\uc774\ub77c\uace0 \uc7a5\ub2f4\ud588\uc9c0\ub9cc 2024\ub144 12\uc6d4 \ud604\uc7ac\uae4c\uc9c0\ub3c4 \ub300\uae08\uc744 \ubc1b\uc9c0 \ubabb\ud588\uc2b5\ub2c8\ub2e4. \ubd88\uc2e0\uc5d0 \ube60\uc9c4 \uc0ac\ub78c\uc785\ub2c8\ub2e4.<\/p>\n\n\n\n<figure class=\"wp-block-image size-large\"><img loading=\"lazy\" decoding=\"async\" width=\"1024\" height=\"625\" src=\"https:\/\/istardentallab.com\/wp-content\/uploads\/2024\/12\/LABORATOIRE-OUTREBON-in-France-is-dishonest-dental-lab-4-1024x625.webp\" alt=\"\ud504\ub791\uc2a4\uc758 \ub77c\ubcf4\ub77c\ud1a0\uc544\ub974 \uc624\ud2b8\ub808\ubd09\uc740 \uc815\uc9c1\ud558\uc9c0 \ubabb\ud55c \uce58\uacfc \uae30\uacf5\uc18c\uc785\ub2c8\ub2e4.\" class=\"wp-image-4779\" srcset=\"https:\/\/istardentallab.com\/wp-content\/uploads\/2024\/12\/LABORATOIRE-OUTREBON-in-France-is-dishonest-dental-lab-4-1024x625.webp 1024w, https:\/\/istardentallab.com\/wp-content\/uploads\/2024\/12\/LABORATOIRE-OUTREBON-in-France-is-dishonest-dental-lab-4-300x183.webp 300w, https:\/\/istardentallab.com\/wp-content\/uploads\/2024\/12\/LABORATOIRE-OUTREBON-in-France-is-dishonest-dental-lab-4-768x469.webp 768w, https:\/\/istardentallab.com\/wp-content\/uploads\/2024\/12\/LABORATOIRE-OUTREBON-in-France-is-dishonest-dental-lab-4.webp 1045w\" sizes=\"(max-width: 1024px) 100vw, 1024px\" \/><\/figure>\n\n\n\n<figure class=\"wp-block-image size-large\"><img loading=\"lazy\" decoding=\"async\" width=\"1024\" height=\"806\" src=\"https:\/\/istardentallab.com\/wp-content\/uploads\/2024\/12\/LABORATOIRE-OUTREBON-in-France-is-dishonest-dental-lab-5-1024x806.webp\" alt=\"\" class=\"wp-image-4780\" srcset=\"https:\/\/istardentallab.com\/wp-content\/uploads\/2024\/12\/LABORATOIRE-OUTREBON-in-France-is-dishonest-dental-lab-5-1024x806.webp 1024w, https:\/\/istardentallab.com\/wp-content\/uploads\/2024\/12\/LABORATOIRE-OUTREBON-in-France-is-dishonest-dental-lab-5-300x236.webp 300w, https:\/\/istardentallab.com\/wp-content\/uploads\/2024\/12\/LABORATOIRE-OUTREBON-in-France-is-dishonest-dental-lab-5-768x605.webp 768w, https:\/\/istardentallab.com\/wp-content\/uploads\/2024\/12\/LABORATOIRE-OUTREBON-in-France-is-dishonest-dental-lab-5.webp 1040w\" sizes=\"(max-width: 1024px) 100vw, 1024px\" \/><\/figure>\n\n\n\n<p>\uadf8 \uc774\ud6c4\ub85c \ub0b4 \uba54\uc2dc\uc9c0\uc5d0 \ub300\ud55c \uc751\ub2f5\uc774 \uc911\ub2e8\ub418\uc5c8\uc2b5\ub2c8\ub2e4.<\/p>\n\n\n\n<p>\uc798\ubabb\ub41c \uc804\ud654 \ud589\ub3d9\uc740 \ubaa8\ub4e0 \uc0ac\ub0b4 \uc791\uc5c5\uc790\uac00 \uc54c \uc218 \uc788\ub3c4\ub85d \uc54c\ub824\uc57c\ub9cc \uadf8\ub4e4\uacfc \ud611\uc5c5\ud560 \uc218 \uc788\uc2b5\ub2c8\ub2e4.<\/p>\n\n\n\n<p>\ubaa8\ub4e0 \ud504\ub791\uc2a4 \uc758\uc0ac\uc5d0\uac8c Maxime Outrebon\uc73c\ub85c \uc11c\ub958\ub97c \ubcf4\ub0b4\uc9c0 \ub9d0 \uac83\uc744 \uc989\uc2dc \uc694\uccad\ud569\ub2c8\ub2e4,<\/p>\n\n\n\n<p>\uc800\ub294 \uc774\ubbf8 \ub300\ubd80\ubd84\uc758 \uc911\uad6d \uce58\uacfc \ubcd1\uc6d0\uc5d0 \uc5d0\uc2a4\ud06c\ub85c\uac00 \ubc1c\uc0dd\ud558\uace0 \uc788\ub2e4\ub294 \uc0ac\uc2e4\uc744 \uc54c\ub838\uc2b5\ub2c8\ub2e4.<\/p>\n\n\n\n<p>\uacc4\uc18d\ud574\uc11c \ucf00\uc774\uc2a4\ub97c \ubcf4\ub0b4\uba74 \uae30\uc5c5\uc774 \uc190\uc2e4\ub420 \uc704\ud5d8\uc774 \uc788\uc2b5\ub2c8\ub2e4.<\/p>\n\n\n\n<p>\uc911\uad6d \ub0b4 \ubaa8\ub4e0 \uacf5\uc7a5\uc5d0 \ub2e4\uc2dc \ud55c \ubc88 \uba85\ub839\uc744 \uc218\ub77d\ud558\uc9c0 \ub9d0 \uac83\uc744 \uc694\uccad\ud569\ub2c8\ub2e4. \uc5d0\uc2a4\ud06c\ub85c\uc6a9 \uc81c\ud488\uc744 \ub9cc\ub4e4\uc9c0 \ub9c8\uc2ed\uc2dc\uc624.<\/p>\n\t\t\t\t\t\t\t\t<\/div>\n\t\t\t\t<\/div>\n\t\t\t\t\t<\/div>\n\t\t<\/div>\n\t\t\t\t\t<\/div>\n\t\t<\/section>\n\t\t\t\t<\/div>","protected":false},"excerpt":{"rendered":"<p>Le LABORATOIRE OUTREBON en France est un laboratoire dentaire malhonn\u00eate En tant que l&#8217;un des meilleurs laboratoires dentaires de Chine, nous accordons une grande importance \u00e0 tous les clients qui nous respectent. Cependant, nous avons \u00e9galement rencontr\u00e9 des clients malhonn\u00eates, et nous devons les d\u00e9noncer aux professionnels de l&#8217;industrie des laboratoires dentaires. Aujourd&#8217;hui, je souhaite [&hellip;]<\/p>\n","protected":false},"author":1,"featured_media":4780,"parent":0,"menu_order":0,"comment_status":"closed","ping_status":"closed","template":"","meta":{"_acf_changed":false,"footnotes":""},"class_list":["post-4798","page","type-page","status-publish","has-post-thumbnail","hentry"],"acf":[],"_links":{"self":[{"href":"https:\/\/istardentallab.com\/ko\/wp-json\/wp\/v2\/pages\/4798","targetHints":{"allow":["GET"]}}],"collection":[{"href":"https:\/\/istardentallab.com\/ko\/wp-json\/wp\/v2\/pages"}],"about":[{"href":"https:\/\/istardentallab.com\/ko\/wp-json\/wp\/v2\/types\/page"}],"author":[{"embeddable":true,"href":"https:\/\/istardentallab.com\/ko\/wp-json\/wp\/v2\/users\/1"}],"replies":[{"embeddable":true,"href":"https:\/\/istardentallab.com\/ko\/wp-json\/wp\/v2\/comments?post=4798"}],"version-history":[{"count":4,"href":"https:\/\/istardentallab.com\/ko\/wp-json\/wp\/v2\/pages\/4798\/revisions"}],"predecessor-version":[{"id":7319,"href":"https:\/\/istardentallab.com\/ko\/wp-json\/wp\/v2\/pages\/4798\/revisions\/7319"}],"wp:featuredmedia":[{"embeddable":true,"href":"https:\/\/istardentallab.com\/ko\/wp-json\/wp\/v2\/media\/4780"}],"wp:attachment":[{"href":"https:\/\/istardentallab.com\/ko\/wp-json\/wp\/v2\/media?parent=4798"}],"curies":[{"name":"wp","href":"https:\/\/api.w.org\/{rel}","templated":true}]}}