{"id":1468,"date":"2023-07-26T06:02:52","date_gmt":"2023-07-26T06:02:52","guid":{"rendered":"https:\/\/istardentallab.com\/?page_id=1468"},"modified":"2025-02-21T03:00:51","modified_gmt":"2025-02-21T03:00:51","slug":"jak-wyslac","status":"publish","type":"page","link":"https:\/\/istardentallab.com\/pl\/how-to-send\/","title":{"rendered":"Jak wys\u0142a\u0107"},"content":{"rendered":"<div data-elementor-type=\"wp-page\" data-elementor-id=\"1468\" class=\"elementor elementor-1468\" data-elementor-post-type=\"page\">\n\t\t\t\t\t\t<section class=\"elementor-section elementor-top-section elementor-element elementor-element-8e67077 elementor-section-height-min-height elementor-section-boxed elementor-section-height-default elementor-section-items-middle\" data-id=\"8e67077\" data-element_type=\"section\" data-e-type=\"section\" data-settings=\"{&quot;background_background&quot;:&quot;classic&quot;}\">\n\t\t\t\t\t\t<div class=\"elementor-container elementor-column-gap-no\">\n\t\t\t\t\t<div class=\"elementor-column elementor-col-100 elementor-top-column elementor-element elementor-element-b5226dc\" data-id=\"b5226dc\" data-element_type=\"column\" data-e-type=\"column\">\n\t\t\t<div class=\"elementor-widget-wrap elementor-element-populated\">\n\t\t\t\t\t\t<div class=\"elementor-element elementor-element-58a088c elementor-widget elementor-widget-heading\" data-id=\"58a088c\" data-element_type=\"widget\" data-e-type=\"widget\" data-widget_type=\"heading.default\">\n\t\t\t\t<div class=\"elementor-widget-container\">\n\t\t\t\t\t<h1 class=\"elementor-heading-title elementor-size-default\">Jak wys\u0142a\u0107<\/h1>\t\t\t\t<\/div>\n\t\t\t\t<\/div>\n\t\t\t\t\t<\/div>\n\t\t<\/div>\n\t\t\t\t\t<\/div>\n\t\t<\/section>\n\t\t\t\t<section class=\"elementor-section elementor-top-section elementor-element elementor-element-0f08d15 elementor-section-boxed elementor-section-height-default elementor-section-height-default\" data-id=\"0f08d15\" data-element_type=\"section\" data-e-type=\"section\">\n\t\t\t\t\t\t<div class=\"elementor-container elementor-column-gap-no\">\n\t\t\t\t\t<div class=\"elementor-column elementor-col-100 elementor-top-column elementor-element elementor-element-7230b42\" data-id=\"7230b42\" data-element_type=\"column\" data-e-type=\"column\">\n\t\t\t<div class=\"elementor-widget-wrap elementor-element-populated\">\n\t\t\t\t\t\t<div class=\"elementor-element elementor-element-1d38717 elementor-widget elementor-widget-heading\" data-id=\"1d38717\" data-element_type=\"widget\" data-e-type=\"widget\" data-widget_type=\"heading.default\">\n\t\t\t\t<div class=\"elementor-widget-container\">\n\t\t\t\t\t<h2 class=\"elementor-heading-title elementor-size-default\">Etui na odciski<\/h2>\t\t\t\t<\/div>\n\t\t\t\t<\/div>\n\t\t\t\t<div class=\"elementor-element elementor-element-d3fcc35 elementor-widget elementor-widget-heading\" data-id=\"d3fcc35\" data-element_type=\"widget\" data-e-type=\"widget\" data-widget_type=\"heading.default\">\n\t\t\t\t<div class=\"elementor-widget-container\">\n\t\t\t\t\t<span class=\"elementor-heading-title elementor-size-default\">Wys\u0142anie wycisku do chi\u0144skiego laboratorium dentystycznego istar jest bardzo \u0142atwe.<\/span>\t\t\t\t<\/div>\n\t\t\t\t<\/div>\n\t\t\t\t\t<\/div>\n\t\t<\/div>\n\t\t\t\t\t<\/div>\n\t\t<\/section>\n\t\t\t\t<section class=\"elementor-section elementor-top-section elementor-element elementor-element-66cecbee elementor-section-boxed elementor-section-height-default elementor-section-height-default\" data-id=\"66cecbee\" data-element_type=\"section\" data-e-type=\"section\">\n\t\t\t\t\t\t<div class=\"elementor-container elementor-column-gap-no\">\n\t\t\t\t\t<div class=\"elementor-column elementor-col-100 elementor-top-column elementor-element elementor-element-30673996\" data-id=\"30673996\" data-element_type=\"column\" data-e-type=\"column\">\n\t\t\t<div class=\"elementor-widget-wrap elementor-element-populated\">\n\t\t\t\t\t\t<div class=\"elementor-element elementor-element-429c5b7 elementor-widget elementor-widget-heading\" data-id=\"429c5b7\" data-element_type=\"widget\" data-e-type=\"widget\" data-widget_type=\"heading.default\">\n\t\t\t\t<div class=\"elementor-widget-container\">\n\t\t\t\t\t<h3 class=\"elementor-heading-title elementor-size-default\">Krok 1<\/h3>\t\t\t\t<\/div>\n\t\t\t\t<\/div>\n\t\t\t\t<div class=\"elementor-element elementor-element-70feb176 elementor-widget elementor-widget-text-editor\" data-id=\"70feb176\" data-element_type=\"widget\" data-e-type=\"widget\" data-widget_type=\"text-editor.default\">\n\t\t\t\t<div class=\"elementor-widget-container\">\n\t\t\t\t\t\t\t\t\t<p>Wype\u0142nij formularz RX.<br \/>Mo\u017cesz pobra\u0107 nasz formularz RX jako arkusz roboczy, wydrukowa\u0107 go i wype\u0142ni\u0107 odpowiednie pola.<br \/>Lub u\u017cyj w\u0142asnego formularza RX.<\/p>\t\t\t\t\t\t\t\t<\/div>\n\t\t\t\t<\/div>\n\t\t\t\t<div class=\"elementor-element elementor-element-5e3f5eae elementor-widget elementor-widget-text-editor\" data-id=\"5e3f5eae\" data-element_type=\"widget\" data-e-type=\"widget\" data-widget_type=\"text-editor.default\">\n\t\t\t\t<div class=\"elementor-widget-container\">\n\t\t\t\t\t\t\t\t\t<p>Oto link do pobrania, mog\u0119 da\u0107 ci formularz RX<\/p>\t\t\t\t\t\t\t\t<\/div>\n\t\t\t\t<\/div>\n\t\t\t\t<section class=\"elementor-section elementor-inner-section elementor-element elementor-element-9766e9a elementor-section-boxed elementor-section-height-default elementor-section-height-default\" data-id=\"9766e9a\" data-element_type=\"section\" data-e-type=\"section\">\n\t\t\t\t\t\t<div class=\"elementor-container elementor-column-gap-no\">\n\t\t\t\t\t<div class=\"elementor-column elementor-col-50 elementor-inner-column elementor-element elementor-element-3359da68\" data-id=\"3359da68\" data-element_type=\"column\" data-e-type=\"column\">\n\t\t\t<div class=\"elementor-widget-wrap elementor-element-populated\">\n\t\t\t\t\t\t<div class=\"elementor-element elementor-element-1cc318e6 elementor-widget elementor-widget-heading\" data-id=\"1cc318e6\" data-element_type=\"widget\" data-e-type=\"widget\" data-widget_type=\"heading.default\">\n\t\t\t\t<div class=\"elementor-widget-container\">\n\t\t\t\t\t<h2 class=\"elementor-heading-title elementor-size-default\">Nazwa<\/h2>\t\t\t\t<\/div>\n\t\t\t\t<\/div>\n\t\t\t\t<div class=\"elementor-element elementor-element-128d05d2 elementor-widget elementor-widget-heading\" data-id=\"128d05d2\" data-element_type=\"widget\" data-e-type=\"widget\" data-widget_type=\"heading.default\">\n\t\t\t\t<div class=\"elementor-widget-container\">\n\t\t\t\t\t<h2 class=\"elementor-heading-title elementor-size-default\">Formularz RX.pdf<\/h2>\t\t\t\t<\/div>\n\t\t\t\t<\/div>\n\t\t\t\t\t<\/div>\n\t\t<\/div>\n\t\t\t\t<div class=\"elementor-column elementor-col-50 elementor-inner-column elementor-element elementor-element-87bfef4\" data-id=\"87bfef4\" data-element_type=\"column\" data-e-type=\"column\">\n\t\t\t<div class=\"elementor-widget-wrap elementor-element-populated\">\n\t\t\t\t\t\t<div class=\"elementor-element elementor-element-142b2101 elementor-widget elementor-widget-heading\" data-id=\"142b2101\" data-element_type=\"widget\" data-e-type=\"widget\" data-widget_type=\"heading.default\">\n\t\t\t\t<div class=\"elementor-widget-container\">\n\t\t\t\t\t<h2 class=\"elementor-heading-title elementor-size-default\">Pobierz<\/h2>\t\t\t\t<\/div>\n\t\t\t\t<\/div>\n\t\t\t\t<div class=\"elementor-element elementor-element-55b30926 elementor-align-center elementor-widget elementor-widget-button\" data-id=\"55b30926\" data-element_type=\"widget\" data-e-type=\"widget\" data-widget_type=\"button.default\">\n\t\t\t\t<div class=\"elementor-widget-container\">\n\t\t\t\t\t\t\t\t\t<div class=\"elementor-button-wrapper\">\n\t\t\t\t\t<a class=\"elementor-button elementor-button-link elementor-size-sm\" href=\"https:\/\/istardentallab.com\/wp-content\/uploads\/2023\/11\/RX-form.pdf\" target=\"_blank\" download=\"RX form\">\n\t\t\t\t\t\t<span class=\"elementor-button-content-wrapper\">\n\t\t\t\t\t\t\t\t\t<span class=\"elementor-button-text\">Pobierz<\/span>\n\t\t\t\t\t<\/span>\n\t\t\t\t\t<\/a>\n\t\t\t\t<\/div>\n\t\t\t\t\t\t\t\t<\/div>\n\t\t\t\t<\/div>\n\t\t\t\t\t<\/div>\n\t\t<\/div>\n\t\t\t\t\t<\/div>\n\t\t<\/section>\n\t\t\t\t\t<\/div>\n\t\t<\/div>\n\t\t\t\t\t<\/div>\n\t\t<\/section>\n\t\t\t\t<section class=\"elementor-section elementor-top-section elementor-element elementor-element-6b535aa7 elementor-section-boxed elementor-section-height-default elementor-section-height-default\" data-id=\"6b535aa7\" data-element_type=\"section\" data-e-type=\"section\">\n\t\t\t\t\t\t<div class=\"elementor-container elementor-column-gap-no\">\n\t\t\t\t\t<div class=\"elementor-column elementor-col-100 elementor-top-column elementor-element elementor-element-42e268e3\" data-id=\"42e268e3\" data-element_type=\"column\" data-e-type=\"column\">\n\t\t\t<div class=\"elementor-widget-wrap elementor-element-populated\">\n\t\t\t\t\t\t<div class=\"elementor-element elementor-element-c144ba8 elementor-widget elementor-widget-heading\" data-id=\"c144ba8\" data-element_type=\"widget\" data-e-type=\"widget\" data-widget_type=\"heading.default\">\n\t\t\t\t<div class=\"elementor-widget-container\">\n\t\t\t\t\t<h3 class=\"elementor-heading-title elementor-size-default\">Krok 2<\/h3>\t\t\t\t<\/div>\n\t\t\t\t<\/div>\n\t\t\t\t<div class=\"elementor-element elementor-element-61c5e493 elementor-widget elementor-widget-text-editor\" data-id=\"61c5e493\" data-element_type=\"widget\" data-e-type=\"widget\" data-widget_type=\"text-editor.default\">\n\t\t\t\t<div class=\"elementor-widget-container\">\n\t\t\t\t\t\t\t\t\t<p>1, Prawid\u0142owe zapakowanie modeli do wysy\u0142ki odgrywa kluczow\u0105 rol\u0119 w zapewnieniu jako\u015bci modeli i \u015bwiadczonych przez nas us\u0142ug. Uszkodzone modele mog\u0105 skutkowa\u0107 \u017ale dopasowanymi uzupe\u0142nieniami, potencjalnie wymagaj\u0105cymi nowych wycisk\u00f3w i powoduj\u0105cymi niedogodno\u015bci zar\u00f3wno dla Ciebie, jak i Twoich pacjent\u00f3w.<\/p>\t\t\t\t\t\t\t\t<\/div>\n\t\t\t\t<\/div>\n\t\t\t\t<div class=\"elementor-element elementor-element-4d85ef72 elementor-widget elementor-widget-text-editor\" data-id=\"4d85ef72\" data-element_type=\"widget\" data-e-type=\"widget\" data-widget_type=\"text-editor.default\">\n\t\t\t\t<div class=\"elementor-widget-container\">\n\t\t\t\t\t\t\t\t\t<p>2, Dobre opakowanie, jak poni\u017cej, mo\u017cesz mie\u0107 odniesienie.<\/p>\t\t\t\t\t\t\t\t<\/div>\n\t\t\t\t<\/div>\n\t\t\t\t<section class=\"elementor-section elementor-inner-section elementor-element elementor-element-a440667 elementor-section-boxed elementor-section-height-default elementor-section-height-default\" data-id=\"a440667\" data-element_type=\"section\" data-e-type=\"section\">\n\t\t\t\t\t\t<div class=\"elementor-container elementor-column-gap-default\">\n\t\t\t\t\t<div class=\"elementor-column elementor-col-33 elementor-inner-column elementor-element elementor-element-3ddaf7b\" data-id=\"3ddaf7b\" data-element_type=\"column\" data-e-type=\"column\">\n\t\t\t<div class=\"elementor-widget-wrap elementor-element-populated\">\n\t\t\t\t\t\t<div class=\"elementor-element elementor-element-6d596a38 elementor-widget elementor-widget-image\" data-id=\"6d596a38\" data-element_type=\"widget\" data-e-type=\"widget\" data-widget_type=\"image.default\">\n\t\t\t\t<div class=\"elementor-widget-container\">\n\t\t\t\t\t\t\t\t\t\t\t\t\t\t\t<img fetchpriority=\"high\" decoding=\"async\" width=\"300\" height=\"300\" src=\"https:\/\/istardentallab.com\/wp-content\/uploads\/2025\/02\/Istar-Dental-Lab-Case-Packing-300x300.jpg\" class=\"attachment-medium size-medium wp-image-6636\" alt=\"Pakowanie walizek Istar Dental Lab\" srcset=\"https:\/\/istardentallab.com\/wp-content\/uploads\/2025\/02\/Istar-Dental-Lab-Case-Packing-300x300.jpg 300w, https:\/\/istardentallab.com\/wp-content\/uploads\/2025\/02\/Istar-Dental-Lab-Case-Packing-150x150.jpg 150w, https:\/\/istardentallab.com\/wp-content\/uploads\/2025\/02\/Istar-Dental-Lab-Case-Packing-768x768.jpg 768w, https:\/\/istardentallab.com\/wp-content\/uploads\/2025\/02\/Istar-Dental-Lab-Case-Packing.jpg 1000w\" sizes=\"(max-width: 300px) 100vw, 300px\" \/>\t\t\t\t\t\t\t\t\t\t\t\t\t\t\t<\/div>\n\t\t\t\t<\/div>\n\t\t\t\t\t<\/div>\n\t\t<\/div>\n\t\t\t\t<div class=\"elementor-column elementor-col-33 elementor-inner-column elementor-element elementor-element-358371d\" data-id=\"358371d\" data-element_type=\"column\" data-e-type=\"column\">\n\t\t\t<div class=\"elementor-widget-wrap elementor-element-populated\">\n\t\t\t\t\t\t<div class=\"elementor-element elementor-element-dca568b elementor-widget elementor-widget-image\" data-id=\"dca568b\" data-element_type=\"widget\" data-e-type=\"widget\" data-widget_type=\"image.default\">\n\t\t\t\t<div class=\"elementor-widget-container\">\n\t\t\t\t\t\t\t\t\t\t\t\t\t\t\t<img decoding=\"async\" width=\"800\" height=\"800\" src=\"https:\/\/istardentallab.com\/wp-content\/uploads\/2025\/02\/Istar-Dental-Lab-Case-Packing-1.jpg\" class=\"attachment-large size-large wp-image-6637\" alt=\"Pakowanie walizek Istar Dental Lab\" srcset=\"https:\/\/istardentallab.com\/wp-content\/uploads\/2025\/02\/Istar-Dental-Lab-Case-Packing-1.jpg 1000w, https:\/\/istardentallab.com\/wp-content\/uploads\/2025\/02\/Istar-Dental-Lab-Case-Packing-1-300x300.jpg 300w, https:\/\/istardentallab.com\/wp-content\/uploads\/2025\/02\/Istar-Dental-Lab-Case-Packing-1-150x150.jpg 150w, https:\/\/istardentallab.com\/wp-content\/uploads\/2025\/02\/Istar-Dental-Lab-Case-Packing-1-768x768.jpg 768w\" sizes=\"(max-width: 800px) 100vw, 800px\" \/>\t\t\t\t\t\t\t\t\t\t\t\t\t\t\t<\/div>\n\t\t\t\t<\/div>\n\t\t\t\t\t<\/div>\n\t\t<\/div>\n\t\t\t\t<div class=\"elementor-column elementor-col-33 elementor-inner-column elementor-element elementor-element-7a2cecb\" data-id=\"7a2cecb\" data-element_type=\"column\" data-e-type=\"column\">\n\t\t\t<div class=\"elementor-widget-wrap\">\n\t\t\t\t\t\t\t<\/div>\n\t\t<\/div>\n\t\t\t\t\t<\/div>\n\t\t<\/section>\n\t\t\t\t<div class=\"elementor-element elementor-element-50e68aff elementor-widget elementor-widget-text-editor\" data-id=\"50e68aff\" data-element_type=\"widget\" data-e-type=\"widget\" data-widget_type=\"text-editor.default\">\n\t\t\t\t<div class=\"elementor-widget-container\">\n\t\t\t\t\t\t\t\t\t<p>3, Je\u015bli wysy\u0142asz wcze\u015bniej zaplanowan\u0105 piln\u0105 spraw\u0119, napisz \"PILNE\" na zewn\u0105trz pude\u0142ka \/ paczki, a tak\u017ce na recepcie. Aby zaplanowa\u0107 piln\u0105 spraw\u0119, skontaktuj si\u0119 z naszym dzia\u0142em obs\u0142ugi klienta przez e-mail: info@istardentallab.com. Pilne sprawy mo\u017cemy zrealizowa\u0107 w ci\u0105gu 1-2 dni.<\/p>\t\t\t\t\t\t\t\t<\/div>\n\t\t\t\t<\/div>\n\t\t\t\t\t<\/div>\n\t\t<\/div>\n\t\t\t\t\t<\/div>\n\t\t<\/section>\n\t\t\t\t<section class=\"elementor-section elementor-top-section elementor-element elementor-element-41239c46 elementor-section-boxed elementor-section-height-default elementor-section-height-default\" data-id=\"41239c46\" data-element_type=\"section\" data-e-type=\"section\">\n\t\t\t\t\t\t<div class=\"elementor-container elementor-column-gap-no\">\n\t\t\t\t\t<div class=\"elementor-column elementor-col-100 elementor-top-column elementor-element elementor-element-575cb84f\" data-id=\"575cb84f\" data-element_type=\"column\" data-e-type=\"column\">\n\t\t\t<div class=\"elementor-widget-wrap elementor-element-populated\">\n\t\t\t\t\t\t<div class=\"elementor-element elementor-element-c1af6d8 elementor-widget elementor-widget-heading\" data-id=\"c1af6d8\" data-element_type=\"widget\" data-e-type=\"widget\" data-widget_type=\"heading.default\">\n\t\t\t\t<div class=\"elementor-widget-container\">\n\t\t\t\t\t<h3 class=\"elementor-heading-title elementor-size-default\">Krok 3<\/h3>\t\t\t\t<\/div>\n\t\t\t\t<\/div>\n\t\t\t\t<div class=\"elementor-element elementor-element-59934223 elementor-widget elementor-widget-text-editor\" data-id=\"59934223\" data-element_type=\"widget\" data-e-type=\"widget\" data-widget_type=\"text-editor.default\">\n\t\t\t\t<div class=\"elementor-widget-container\">\n\t\t\t\t\t\t\t\t\t<p>1, Skontaktuj si\u0119 z firm\u0105 logistyczn\u0105, tak\u0105 jak DHL, UPS, powiedz\u0105 ci, jak zaplanowa\u0107 czas odbioru i wymagane dokumenty.<\/p>\t\t\t\t\t\t\t\t<\/div>\n\t\t\t\t<\/div>\n\t\t\t\t<div class=\"elementor-element elementor-element-3e350e4b elementor-widget elementor-widget-text-editor\" data-id=\"3e350e4b\" data-element_type=\"widget\" data-e-type=\"widget\" data-widget_type=\"text-editor.default\">\n\t\t\t\t<div class=\"elementor-widget-container\">\n\t\t\t\t\t\t\t\t\t<p>2, Aby zapewni\u0107 terminow\u0105 dostaw\u0119 i ca\u0142y czas realizacji, wybierz us\u0142ug\u0119 UPS \"Saver\" lub us\u0142ug\u0119 DHL \"Express 12:00 international\".<\/p>\t\t\t\t\t\t\t\t<\/div>\n\t\t\t\t<\/div>\n\t\t\t\t<div class=\"elementor-element elementor-element-5b7ae426 elementor-widget elementor-widget-text-editor\" data-id=\"5b7ae426\" data-element_type=\"widget\" data-e-type=\"widget\" data-widget_type=\"text-editor.default\">\n\t\t\t\t<div class=\"elementor-widget-container\">\n\t\t\t\t\t\t\t\t\t<p>3, Je\u015bli masz problemy z rezerwacj\u0105 DHL lub UPS, mo\u017cemy r\u00f3wnie\u017c pom\u00f3c Ci w korzystaniu z naszego konta.<br \/>Prosimy o kontakt z dzia\u0142em obs\u0142ugi klienta lub e-mail: info@istardentallab.com.<\/p>\t\t\t\t\t\t\t\t<\/div>\n\t\t\t\t<\/div>\n\t\t\t\t\t<\/div>\n\t\t<\/div>\n\t\t\t\t\t<\/div>\n\t\t<\/section>\n\t\t\t\t<section class=\"elementor-section elementor-top-section elementor-element elementor-element-82067dc elementor-section-boxed elementor-section-height-default elementor-section-height-default\" data-id=\"82067dc\" data-element_type=\"section\" data-e-type=\"section\" data-settings=\"{&quot;background_background&quot;:&quot;classic&quot;}\">\n\t\t\t\t\t\t<div class=\"elementor-container elementor-column-gap-no\">\n\t\t\t\t\t<div class=\"elementor-column elementor-col-100 elementor-top-column elementor-element elementor-element-f2b52d1\" data-id=\"f2b52d1\" data-element_type=\"column\" data-e-type=\"column\">\n\t\t\t<div class=\"elementor-widget-wrap elementor-element-populated\">\n\t\t\t\t\t\t<div class=\"elementor-element elementor-element-d2304d0 elementor-widget elementor-widget-heading\" data-id=\"d2304d0\" data-element_type=\"widget\" data-e-type=\"widget\" data-widget_type=\"heading.default\">\n\t\t\t\t<div class=\"elementor-widget-container\">\n\t\t\t\t\t<h2 class=\"elementor-heading-title elementor-size-default\">Obudowa cyfrowa<\/h2>\t\t\t\t<\/div>\n\t\t\t\t<\/div>\n\t\t\t\t<div class=\"elementor-element elementor-element-a213fda elementor-widget elementor-widget-heading\" data-id=\"a213fda\" data-element_type=\"widget\" data-e-type=\"widget\" data-widget_type=\"heading.default\">\n\t\t\t\t<div class=\"elementor-widget-container\">\n\t\t\t\t\t<span class=\"elementor-heading-title elementor-size-default\">Prosimy o przesy\u0142anie zdj\u0119\u0107 cyfrowych na adres e-mail: info@istardentallab.com metod\u0105 wetransfer lub 3 Shape.<\/span>\t\t\t\t<\/div>\n\t\t\t\t<\/div>\n\t\t\t\t\t<\/div>\n\t\t<\/div>\n\t\t\t\t\t<\/div>\n\t\t<\/section>\n\t\t\t\t<section class=\"elementor-section elementor-top-section elementor-element elementor-element-da825b9 elementor-section-boxed elementor-section-height-default elementor-section-height-default\" data-id=\"da825b9\" data-element_type=\"section\" data-e-type=\"section\" data-settings=\"{&quot;background_background&quot;:&quot;classic&quot;}\">\n\t\t\t\t\t\t\t<div class=\"elementor-background-overlay\"><\/div>\n\t\t\t\t\t\t\t<div class=\"elementor-container elementor-column-gap-no\">\n\t\t\t\t\t<div class=\"elementor-column elementor-col-100 elementor-top-column elementor-element elementor-element-bce873f\" data-id=\"bce873f\" data-element_type=\"column\" data-e-type=\"column\">\n\t\t\t<div class=\"elementor-widget-wrap elementor-element-populated\">\n\t\t\t\t\t\t<div class=\"elementor-element elementor-element-375abfd elementor-view-stacked elementor-shape-circle elementor-position-block-start elementor-mobile-position-block-start elementor-widget elementor-widget-icon-box\" data-id=\"375abfd\" data-element_type=\"widget\" data-e-type=\"widget\" data-widget_type=\"icon-box.default\">\n\t\t\t\t<div class=\"elementor-widget-container\">\n\t\t\t\t\t\t\t<div class=\"elementor-icon-box-wrapper\">\n\n\t\t\t\t\t\t<div class=\"elementor-icon-box-icon\">\n\t\t\t\t<span  class=\"elementor-icon\">\n\t\t\t\t<svg xmlns=\"http:\/\/www.w3.org\/2000\/svg\" width=\"26\" height=\"26\" viewbox=\"0 0 26 26\" fill=\"none\"><path d=\"M19.6923 16.611L14.8816 17.5432C11.6322 15.9122 9.62495 14.0387 8.45681 11.1184L9.35622 6.29381L7.65606 1.77319H3.27444C1.95729 1.77319 0.920085 2.86165 1.1168 4.16402C1.6079 7.41534 3.05591 13.3104 7.28866 17.5432C11.7337 21.9882 18.1357 23.9171 21.6592 24.6837C23.0199 24.9798 24.2268 23.9183 24.2268 22.5259V18.3389L19.6923 16.611Z\" stroke=\"white\" stroke-width=\"2\" stroke-linecap=\"round\" stroke-linejoin=\"round\"><\/path><\/svg>\t\t\t\t<\/span>\n\t\t\t<\/div>\n\t\t\t\n\t\t\t\t\t\t<div class=\"elementor-icon-box-content\">\n\n\t\t\t\t\t\t\t\t\t<h3 class=\"elementor-icon-box-title\">\n\t\t\t\t\t\t<span  >\n\t\t\t\t\t\t\tZadzwo\u0144 do nas+86 18575368050\t\t\t\t\t\t<\/span>\n\t\t\t\t\t<\/h3>\n\t\t\t\t\n\t\t\t\t\t\t\t\t\t<p class=\"elementor-icon-box-description\">\n\t\t\t\t\t\tSkontaktuj si\u0119 z naszym zespo\u0142em, je\u015bli masz jakiekolwiek pytania lub chcesz wys\u0142a\u0107 swoj\u0105 pierwsz\u0105 spraw\u0119.\t\t\t\t\t<\/p>\n\t\t\t\t\n\t\t\t<\/div>\n\t\t\t\n\t\t<\/div>\n\t\t\t\t\t\t<\/div>\n\t\t\t\t<\/div>\n\t\t\t\t\t<\/div>\n\t\t<\/div>\n\t\t\t\t\t<\/div>\n\t\t<\/section>\n\t\t\t\t<\/div>","protected":false},"excerpt":{"rendered":"<p>Impression case Send impression case to China istar dental lab is very easy. Step 1 Fill out RX form.You can Download our RX form as worksheet, print it and fill in the appropriate fields.Or Use your own RX form. Here is a Download link, I can give you RX form Name RX form.pdf Download Download [&hellip;]<\/p>\n","protected":false},"author":1,"featured_media":0,"parent":0,"menu_order":0,"comment_status":"closed","ping_status":"closed","template":"","meta":{"_acf_changed":false,"footnotes":""},"class_list":["post-1468","page","type-page","status-publish","hentry"],"acf":[],"_links":{"self":[{"href":"https:\/\/istardentallab.com\/pl\/wp-json\/wp\/v2\/pages\/1468","targetHints":{"allow":["GET"]}}],"collection":[{"href":"https:\/\/istardentallab.com\/pl\/wp-json\/wp\/v2\/pages"}],"about":[{"href":"https:\/\/istardentallab.com\/pl\/wp-json\/wp\/v2\/types\/page"}],"author":[{"embeddable":true,"href":"https:\/\/istardentallab.com\/pl\/wp-json\/wp\/v2\/users\/1"}],"replies":[{"embeddable":true,"href":"https:\/\/istardentallab.com\/pl\/wp-json\/wp\/v2\/comments?post=1468"}],"version-history":[{"count":5,"href":"https:\/\/istardentallab.com\/pl\/wp-json\/wp\/v2\/pages\/1468\/revisions"}],"predecessor-version":[{"id":6649,"href":"https:\/\/istardentallab.com\/pl\/wp-json\/wp\/v2\/pages\/1468\/revisions\/6649"}],"wp:attachment":[{"href":"https:\/\/istardentallab.com\/pl\/wp-json\/wp\/v2\/media?parent=1468"}],"curies":[{"name":"wp","href":"https:\/\/api.w.org\/{rel}","templated":true}]}}