{"id":3767,"date":"2024-12-18T06:04:57","date_gmt":"2024-12-18T06:04:57","guid":{"rendered":"https:\/\/istardentallab.com\/?page_id=3767"},"modified":"2025-10-14T07:48:16","modified_gmt":"2025-10-14T07:48:16","slug":"refund_returns","status":"publish","type":"page","link":"https:\/\/istardentallab.com\/pl\/refund_returns\/","title":{"rendered":"Polityka zwrot\u00f3w i refundacji"},"content":{"rendered":"<div data-elementor-type=\"wp-page\" data-elementor-id=\"3767\" class=\"elementor elementor-3767\" data-elementor-post-type=\"page\">\n\t\t\t\t\t\t<section class=\"elementor-section elementor-top-section elementor-element elementor-element-fc61830 elementor-section-boxed elementor-section-height-default elementor-section-height-default\" data-id=\"fc61830\" data-element_type=\"section\" data-e-type=\"section\">\n\t\t\t\t\t\t<div class=\"elementor-container elementor-column-gap-default\">\n\t\t\t\t\t<div class=\"elementor-column elementor-col-100 elementor-top-column elementor-element elementor-element-a4a0b6d\" data-id=\"a4a0b6d\" data-element_type=\"column\" data-e-type=\"column\">\n\t\t\t<div class=\"elementor-widget-wrap elementor-element-populated\">\n\t\t\t\t\t\t<div class=\"elementor-element elementor-element-a368cb9 elementor-widget elementor-widget-heading\" data-id=\"a368cb9\" data-element_type=\"widget\" data-e-type=\"widget\" data-widget_type=\"heading.default\">\n\t\t\t\t<div class=\"elementor-widget-container\">\n\t\t\t\t\t<h1 class=\"elementor-heading-title elementor-size-default\">Polityka zwrot\u00f3w i refundacji<\/h1>\t\t\t\t<\/div>\n\t\t\t\t<\/div>\n\t\t\t\t\t<\/div>\n\t\t<\/div>\n\t\t\t\t\t<\/div>\n\t\t<\/section>\n\t\t\t\t<section class=\"elementor-section elementor-top-section elementor-element elementor-element-468273ef elementor-section-boxed elementor-section-height-default elementor-section-height-default\" data-id=\"468273ef\" data-element_type=\"section\" data-e-type=\"section\">\n\t\t\t\t\t\t<div class=\"elementor-container elementor-column-gap-default\">\n\t\t\t\t\t<div class=\"elementor-column elementor-col-100 elementor-top-column elementor-element elementor-element-6631aa7e\" data-id=\"6631aa7e\" data-element_type=\"column\" data-e-type=\"column\">\n\t\t\t<div class=\"elementor-widget-wrap elementor-element-populated\">\n\t\t\t\t\t\t<div class=\"elementor-element elementor-element-68446b1d elementor-widget elementor-widget-text-editor\" data-id=\"68446b1d\" data-element_type=\"widget\" data-e-type=\"widget\" data-widget_type=\"text-editor.default\">\n\t\t\t\t<div class=\"elementor-widget-container\">\n\t\t\t\t\t\t\t\t\t\n<h3>Przegl\u0105d<\/h3>\n\n<p>Nasza polityka zwrot\u00f3w trwa 30 dni. Je\u015bli min\u0119\u0142o 30 dni od zakupu, nie mo\u017cemy zaoferowa\u0107 pe\u0142nego zwrotu lub wymiany.<\/p>\n\n<p>Aby kwalifikowa\u0107 si\u0119 do zwrotu, przedmiot musi by\u0107 nieu\u017cywany i w takim samym stanie, w jakim zosta\u0142 otrzymany. Musi r\u00f3wnie\u017c znajdowa\u0107 si\u0119 w oryginalnym opakowaniu.<\/p>\n\n<p>Kilka rodzaj\u00f3w towar\u00f3w nie podlega zwrotowi. Zwrotowi nie podlegaj\u0105 towary \u0142atwo psuj\u0105ce si\u0119, takie jak \u017cywno\u015b\u0107, kwiaty, gazety lub czasopisma. Nie przyjmujemy r\u00f3wnie\u017c produkt\u00f3w stanowi\u0105cych artyku\u0142y intymne lub sanitarne, materia\u0142\u00f3w niebezpiecznych ani \u0142atwopalnych cieczy lub gaz\u00f3w.<\/p>\n\n<p>Dodatkowe przedmioty niepodlegaj\u0105ce zwrotowi:<\/p>\n\n<ul class=\"wp-block-list\">\n<li>Karty podarunkowe<\/li>\n<li>Oprogramowanie do pobrania<\/li>\n<li>Niekt\u00f3re artyku\u0142y zdrowotne i higieny osobistej<\/li>\n<\/ul>\n\n<p>Do dokonania zwrotu wymagany jest paragon lub dow\u00f3d zakupu.<\/p>\n\n<p>Nie odsy\u0142aj zakupionego produktu do producenta.<\/p>\n\n<p>W niekt\u00f3rych sytuacjach przyznawane s\u0105 tylko cz\u0119\u015bciowe zwroty koszt\u00f3w:<\/p>\n\n<ul class=\"wp-block-list\">\n<li>Ksi\u0105\u017cka z widocznymi \u015bladami u\u017cytkowania<\/li>\n<li>P\u0142yta CD, DVD, ta\u015bma VHS, oprogramowanie, gra wideo, kaseta magnetofonowa lub p\u0142yta winylowa, kt\u00f3ra zosta\u0142a otwarta.<\/li>\n<li>Wszelkie przedmioty, kt\u00f3re nie s\u0105 w oryginalnym stanie, s\u0105 uszkodzone lub brakuje im cz\u0119\u015bci z przyczyn nie wynikaj\u0105cych z naszego b\u0142\u0119du.<\/li>\n<li>Ka\u017cdy przedmiot, kt\u00f3ry zosta\u0142 zwr\u00f3cony p\u00f3\u017aniej ni\u017c 30 dni po dostawie<\/li>\n<\/ul>\n\n<h2>Zwroty koszt\u00f3w<\/h2>\n\n<p>Po otrzymaniu i sprawdzeniu zwrotu wy\u015blemy wiadomo\u015b\u0107 e-mail z powiadomieniem o otrzymaniu zwr\u00f3conego przedmiotu. Powiadomimy r\u00f3wnie\u017c o zatwierdzeniu lub odrzuceniu zwrotu.<\/p>\n\n<p>Je\u015bli zwrot zostanie zatwierdzony, zostanie on przetworzony, a kredyt zostanie automatycznie zastosowany do karty kredytowej lub pierwotnej metody p\u0142atno\u015bci w ci\u0105gu okre\u015blonej liczby dni.<\/p>\n\n<p><b>Op\u00f3\u017anione lub brakuj\u0105ce zwroty<\/b><\/p>\n\n<p>Je\u015bli nie otrzyma\u0142e\u015b jeszcze zwrotu, najpierw sprawd\u017a ponownie swoje konto bankowe.<\/p>\n\n<p>Nast\u0119pnie skontaktuj si\u0119 z operatorem karty kredytowej, poniewa\u017c oficjalne zaksi\u0119gowanie zwrotu mo\u017ce zaj\u0105\u0107 troch\u0119 czasu.<\/p>\n\n<p>Nast\u0119pnie skontaktuj si\u0119 ze swoim bankiem. Zanim zwrot zostanie zaksi\u0119gowany, cz\u0119sto mija troch\u0119 czasu.<\/p>\n\n<p>Je\u015bli wykona\u0142e\u015b wszystkie te czynno\u015bci i nadal nie otrzyma\u0142e\u015b zwrotu pieni\u0119dzy, skontaktuj si\u0119 z nami pod adresem {adres e-mail}.<\/p>\n\n<p><b>Przedmioty wyprzeda\u017cy<\/b><\/p>\n\n<p>Zwrotowi mog\u0105 podlega\u0107 wy\u0142\u0105cznie produkty w regularnej cenie. Artyku\u0142y wyprzeda\u017cowe nie podlegaj\u0105 zwrotowi.<\/p>\n\n<h2>Wymiany<\/h2>\n\n<p>Wymieniamy przedmioty tylko wtedy, gdy s\u0105 wadliwe lub uszkodzone. Je\u015bli chcesz wymieni\u0107 przedmiot na taki sam, wy\u015blij nam wiadomo\u015b\u0107 e-mail na adres {adres e-mail} i wy\u015blij przedmiot na adres: {adres fizyczny}.<\/p>\n\n<h2>Prezenty<\/h2>\n\n<p>Je\u015bli przedmiot zosta\u0142 oznaczony jako prezent w momencie zakupu i wys\u0142any bezpo\u015brednio do Ciebie, otrzymasz kredyt upominkowy w wysoko\u015bci warto\u015bci zwrotu. Po otrzymaniu zwr\u00f3conego produktu zostanie wys\u0142any bon upominkowy.<\/p>\n\n<p>Je\u015bli przedmiot nie by\u0142 oznaczony jako prezent w momencie zakupu lub osoba obdarowuj\u0105ca wys\u0142a\u0142a zam\u00f3wienie do siebie, aby wr\u0119czy\u0107 je p\u00f3\u017aniej, wy\u015blemy zwrot pieni\u0119dzy do osoby obdarowuj\u0105cej, a ona dowie si\u0119 o Twoim zwrocie.<\/p>\n\n<h2>Zwroty wysy\u0142kowe<\/h2>\n\n<p>Aby zwr\u00f3ci\u0107 produkt, nale\u017cy wys\u0142a\u0107 go poczt\u0105 na adres: {adres fizyczny}.<\/p>\n\n<p>U\u017cytkownik ponosi odpowiedzialno\u015b\u0107 za pokrycie koszt\u00f3w wysy\u0142ki zwi\u0105zanych ze zwrotem towaru. Koszty wysy\u0142ki nie podlegaj\u0105 zwrotowi. W przypadku otrzymania zwrotu koszt\u00f3w, koszt wysy\u0142ki zwrotnej zostanie odliczony od kwoty zwrotu.<\/p>\n\n<p>W zale\u017cno\u015bci od miejsca zamieszkania, czas potrzebny na dotarcie wymienionego produktu mo\u017ce si\u0119 r\u00f3\u017cni\u0107.<\/p>\n\n<p>W przypadku zwrotu dro\u017cszych przedmiot\u00f3w mo\u017cna rozwa\u017cy\u0107 skorzystanie z us\u0142ugi \u015bledzenia przesy\u0142ki lub wykupienie ubezpieczenia przesy\u0142ki. Nie gwarantujemy, \u017ce otrzymamy zwr\u00f3cony przedmiot.<\/p>\n\n<h2>Potrzebujesz pomocy?<\/h2>\n\n<p>W przypadku pyta\u0144 dotycz\u0105cych zwrot\u00f3w prosimy o kontakt pod adresem {email}.<\/p>\n\t\t\t\t\t\t\t\t<\/div>\n\t\t\t\t<\/div>\n\t\t\t\t\t<\/div>\n\t\t<\/div>\n\t\t\t\t\t<\/div>\n\t\t<\/section>\n\t\t\t\t<\/div>","protected":false},"excerpt":{"rendered":"<p>Refund and Returns Policy Overview Our refund and returns policy lasts 30 days. If 30 days have passed since your purchase, we can\u2019t offer you a full refund or exchange. To be eligible for a return, your item must be unused and in the same condition that you received it. It must also be in [&hellip;]<\/p>\n","protected":false},"author":1,"featured_media":0,"parent":0,"menu_order":0,"comment_status":"closed","ping_status":"closed","template":"","meta":{"_acf_changed":false,"footnotes":""},"class_list":["post-3767","page","type-page","status-publish","hentry"],"acf":[],"_links":{"self":[{"href":"https:\/\/istardentallab.com\/pl\/wp-json\/wp\/v2\/pages\/3767","targetHints":{"allow":["GET"]}}],"collection":[{"href":"https:\/\/istardentallab.com\/pl\/wp-json\/wp\/v2\/pages"}],"about":[{"href":"https:\/\/istardentallab.com\/pl\/wp-json\/wp\/v2\/types\/page"}],"author":[{"embeddable":true,"href":"https:\/\/istardentallab.com\/pl\/wp-json\/wp\/v2\/users\/1"}],"replies":[{"embeddable":true,"href":"https:\/\/istardentallab.com\/pl\/wp-json\/wp\/v2\/comments?post=3767"}],"version-history":[{"count":4,"href":"https:\/\/istardentallab.com\/pl\/wp-json\/wp\/v2\/pages\/3767\/revisions"}],"predecessor-version":[{"id":7325,"href":"https:\/\/istardentallab.com\/pl\/wp-json\/wp\/v2\/pages\/3767\/revisions\/7325"}],"wp:attachment":[{"href":"https:\/\/istardentallab.com\/pl\/wp-json\/wp\/v2\/media?parent=3767"}],"curies":[{"name":"wp","href":"https:\/\/api.w.org\/{rel}","templated":true}]}}