{"id":3982,"date":"2024-10-23T09:59:45","date_gmt":"2024-10-23T09:59:45","guid":{"rendered":"https:\/\/istardentallab.com\/?page_id=3982"},"modified":"2025-10-14T07:50:57","modified_gmt":"2025-10-14T07:50:57","slug":"yoseph-gelan-is-a-dishonest-dental-lab-owner-in-ethiopia-2","status":"publish","type":"page","link":"https:\/\/istardentallab.com\/pl\/yoseph-gelan-is-a-dishonest-dental-lab-owner-in-ethiopia-2\/","title":{"rendered":"Yoseph Gelan jest nieuczciwym w\u0142a\u015bcicielem laboratorium dentystycznego w Etiopii"},"content":{"rendered":"<div data-elementor-type=\"wp-page\" data-elementor-id=\"3982\" class=\"elementor elementor-3982\" data-elementor-post-type=\"page\">\n\t\t\t\t\t\t<section class=\"elementor-section elementor-top-section elementor-element elementor-element-b9a1d71 elementor-section-boxed elementor-section-height-default elementor-section-height-default\" data-id=\"b9a1d71\" data-element_type=\"section\" data-e-type=\"section\">\n\t\t\t\t\t\t<div class=\"elementor-container elementor-column-gap-default\">\n\t\t\t\t\t<div class=\"elementor-column elementor-col-100 elementor-top-column elementor-element elementor-element-c853f54\" data-id=\"c853f54\" data-element_type=\"column\" data-e-type=\"column\">\n\t\t\t<div class=\"elementor-widget-wrap elementor-element-populated\">\n\t\t\t\t\t\t<div class=\"elementor-element elementor-element-77c6c90 elementor-widget elementor-widget-heading\" data-id=\"77c6c90\" data-element_type=\"widget\" data-e-type=\"widget\" data-widget_type=\"heading.default\">\n\t\t\t\t<div class=\"elementor-widget-container\">\n\t\t\t\t\t<h1 class=\"elementor-heading-title elementor-size-default\">Yoseph Gelan jest nieuczciwym w\u0142a\u015bcicielem laboratorium dentystycznego w Etiopii<\/h1>\t\t\t\t<\/div>\n\t\t\t\t<\/div>\n\t\t\t\t\t<\/div>\n\t\t<\/div>\n\t\t\t\t\t<\/div>\n\t\t<\/section>\n\t\t\t\t<section class=\"elementor-section elementor-top-section elementor-element elementor-element-2f5a4af5 elementor-section-boxed elementor-section-height-default elementor-section-height-default\" data-id=\"2f5a4af5\" data-element_type=\"section\" data-e-type=\"section\">\n\t\t\t\t\t\t<div class=\"elementor-container elementor-column-gap-default\">\n\t\t\t\t\t<div class=\"elementor-column elementor-col-100 elementor-top-column elementor-element elementor-element-6c61733a\" data-id=\"6c61733a\" data-element_type=\"column\" data-e-type=\"column\">\n\t\t\t<div class=\"elementor-widget-wrap elementor-element-populated\">\n\t\t\t\t\t\t<div class=\"elementor-element elementor-element-4fb87cab elementor-widget elementor-widget-text-editor\" data-id=\"4fb87cab\" data-element_type=\"widget\" data-e-type=\"widget\" data-widget_type=\"text-editor.default\">\n\t\t\t\t<div class=\"elementor-widget-container\">\n\t\t\t\t\t\t\t\t\t\n<p>Witam wszystkich, jestem z Istar Dental Lab, wysoce profesjonalnego laboratorium dentystycznego z siedzib\u0105 w Chinach.&nbsp;<\/p>\n\n\n\n<p>Nasz system jako\u015bci plasuje si\u0119 w pierwszej pi\u0105tce w Chinach.&nbsp;<\/p>\n\n\n\n<p>Dzi\u015b jestem bardzo z\u0142y, \u017ce mog\u0119 podzieli\u0107 si\u0119 informacj\u0105 o laboratorium dentystycznym z Etiopii.&nbsp;<\/p>\n\n\n\n<p>Nazywa si\u0119 Yoseph Gelan, jego adres to: Bole Area Addis Ababa Ethiopia 1000. Jego numer telefonu to: +251 92 007 1268<\/p>\n\n\n\n<p>Yoseph Gelan po raz pierwszy skontaktowa\u0142 si\u0119 z nami na pocz\u0105tku maja 2024 r. i szybko wynegocjowa\u0142 ceny, zaczynaj\u0105c wysy\u0142a\u0107 przypadki do nas w Istar Dental Lab.&nbsp;<\/p>\n\n\n\n<p>Pocz\u0105tkowo p\u0142atno\u015bci by\u0142y dokonywane stosunkowo szybko i za po\u015brednictwem ameryka\u0144skiego przyjaciela o imieniu Kirubel Jimma, kt\u00f3ry przelewa\u0142 pieni\u0105dze na nasze konto w USA,&nbsp;<\/p>\n\n\n\n<p>Co pocz\u0105tkowo sk\u0142oni\u0142o nasz zesp\u00f3\u0142 finansowy do uwierzenia, \u017ce jest godny zaufania.&nbsp;<\/p>\n\n\n\n<p>Jednak od prze\u0142omu maja i czerwca, po tym jak wys\u0142ali\u015bmy mu du\u017c\u0105 liczb\u0119 spraw, zacz\u0105\u0142 robi\u0107 wym\u00f3wki, wstrzyma\u0142 p\u0142atno\u015bci i przesta\u0142 odpowiada\u0107.<\/p>\n\n\n\n<figure class=\"wp-block-image size-large is-resized\"><img fetchpriority=\"high\" decoding=\"async\" width=\"472\" height=\"1024\" src=\"https:\/\/istardentallab.com\/wp-content\/uploads\/2024\/10\/Yoseph-Gelan-Is-a-Dishonest-Dental-lab-Owner-in-Ethiopia-1-472x1024.webp\" alt=\"\" class=\"wp-image-3983\" style=\"width:299px;height:auto\" srcset=\"https:\/\/istardentallab.com\/wp-content\/uploads\/2024\/10\/Yoseph-Gelan-Is-a-Dishonest-Dental-lab-Owner-in-Ethiopia-1-472x1024.webp 472w, https:\/\/istardentallab.com\/wp-content\/uploads\/2024\/10\/Yoseph-Gelan-Is-a-Dishonest-Dental-lab-Owner-in-Ethiopia-1-138x300.webp 138w, https:\/\/istardentallab.com\/wp-content\/uploads\/2024\/10\/Yoseph-Gelan-Is-a-Dishonest-Dental-lab-Owner-in-Ethiopia-1-768x1665.webp 768w, https:\/\/istardentallab.com\/wp-content\/uploads\/2024\/10\/Yoseph-Gelan-Is-a-Dishonest-Dental-lab-Owner-in-Ethiopia-1-709x1536.webp 709w, https:\/\/istardentallab.com\/wp-content\/uploads\/2024\/10\/Yoseph-Gelan-Is-a-Dishonest-Dental-lab-Owner-in-Ethiopia-1-945x2048.webp 945w, https:\/\/istardentallab.com\/wp-content\/uploads\/2024\/10\/Yoseph-Gelan-Is-a-Dishonest-Dental-lab-Owner-in-Ethiopia-1.webp 1179w\" sizes=\"(max-width: 472px) 100vw, 472px\" \/><\/figure>\n\n\n\n<p>W lipcu 2024 r. zacz\u0119li\u015bmy kontaktowa\u0107 si\u0119 z jego lekarzami, informuj\u0105c ich o tym, \u017ce Yoseph jest nam winien pieni\u0105dze.&nbsp;<\/p>\n\n\n\n<p>Kilku lekarzy stwierdzi\u0142o, \u017ce pomogliby nam go obserwowa\u0107.&nbsp;<\/p>\n\n\n\n<p>Poni\u017cej znajduje si\u0119 kilka zrzut\u00f3w ekranu z czatu, ale od tego czasu nie ma \u017cadnych rezultat\u00f3w.&nbsp;<\/p>\n\n\n\n<p>Do dzi\u015b nie otrzymali\u015bmy \u017cadnej odpowiedzi. To oczywiste, \u017ce jest oszustem i B\u00f3g go ukarze.<\/p>\n\n\n\n<figure class=\"wp-block-image size-full\"><img decoding=\"async\" width=\"1022\" height=\"408\" src=\"https:\/\/istardentallab.com\/wp-content\/uploads\/2024\/10\/Yoseph-Gelan-Is-a-Dishonest-Dental-lab-Owner-in-Ethiopia-2.webp\" alt=\"\" class=\"wp-image-3984\" srcset=\"https:\/\/istardentallab.com\/wp-content\/uploads\/2024\/10\/Yoseph-Gelan-Is-a-Dishonest-Dental-lab-Owner-in-Ethiopia-2.webp 1022w, https:\/\/istardentallab.com\/wp-content\/uploads\/2024\/10\/Yoseph-Gelan-Is-a-Dishonest-Dental-lab-Owner-in-Ethiopia-2-300x120.webp 300w, https:\/\/istardentallab.com\/wp-content\/uploads\/2024\/10\/Yoseph-Gelan-Is-a-Dishonest-Dental-lab-Owner-in-Ethiopia-2-768x307.webp 768w\" sizes=\"(max-width: 1022px) 100vw, 1022px\" \/><\/figure>\n\n\n\n<figure class=\"wp-block-image size-full\"><img decoding=\"async\" width=\"984\" height=\"522\" src=\"https:\/\/istardentallab.com\/wp-content\/uploads\/2024\/10\/Yoseph-Gelan-Is-a-Dishonest-Dental-lab-Owner-in-Ethiopia-3.webp\" alt=\"\" class=\"wp-image-3985\" srcset=\"https:\/\/istardentallab.com\/wp-content\/uploads\/2024\/10\/Yoseph-Gelan-Is-a-Dishonest-Dental-lab-Owner-in-Ethiopia-3.webp 984w, https:\/\/istardentallab.com\/wp-content\/uploads\/2024\/10\/Yoseph-Gelan-Is-a-Dishonest-Dental-lab-Owner-in-Ethiopia-3-300x159.webp 300w, https:\/\/istardentallab.com\/wp-content\/uploads\/2024\/10\/Yoseph-Gelan-Is-a-Dishonest-Dental-lab-Owner-in-Ethiopia-3-768x407.webp 768w\" sizes=\"(max-width: 984px) 100vw, 984px\" \/><\/figure>\n\n\n\n<figure class=\"wp-block-image size-full is-resized\"><img loading=\"lazy\" decoding=\"async\" width=\"563\" height=\"257\" src=\"https:\/\/istardentallab.com\/wp-content\/uploads\/2024\/10\/Yoseph-Gelan-Is-a-Dishonest-Dental-lab-Owner-in-Ethiopia-4.webp\" alt=\"\" class=\"wp-image-3986\" style=\"width:840px;height:auto\" srcset=\"https:\/\/istardentallab.com\/wp-content\/uploads\/2024\/10\/Yoseph-Gelan-Is-a-Dishonest-Dental-lab-Owner-in-Ethiopia-4.webp 563w, https:\/\/istardentallab.com\/wp-content\/uploads\/2024\/10\/Yoseph-Gelan-Is-a-Dishonest-Dental-lab-Owner-in-Ethiopia-4-300x137.webp 300w\" sizes=\"(max-width: 563px) 100vw, 563px\" \/><\/figure>\n\n\n\n<p>Wzywam wszystkich etiopskich lekarzy, aby przestali wysy\u0142a\u0107 swoje przypadki do Yosepha Gelana,&nbsp;<\/p>\n\n\n\n<p>Jak ju\u017c powiadomi\u0142em wi\u0119kszo\u015b\u0107 chi\u0144skich laboratori\u00f3w dentystycznych, informuj\u0105c ich, \u017ce jest oszustem.&nbsp;<\/p>\n\n\n\n<p>Je\u015bli nadal b\u0119dziesz wysy\u0142a\u0107 do niego swoje sprawy, ryzykujesz utrat\u0119 wra\u017ce\u0144.<\/p>\n\n\n\n<p>Ponownie wzywam wszystkie chi\u0144skie laboratoria dentystyczne, aby nie przyjmowa\u0142y od niego \u017cadnych zam\u00f3wie\u0144. Nie wytwarzajcie \u017cadnych produkt\u00f3w dla oszusta.<\/p>\n\n\n\n<figure class=\"wp-block-image size-full\"><img loading=\"lazy\" decoding=\"async\" width=\"1014\" height=\"733\" src=\"https:\/\/istardentallab.com\/wp-content\/uploads\/2024\/10\/Yoseph-Gelan-Is-a-Dishonest-Dental-lab-Owner-in-Ethiopia-5.webp\" alt=\"\" class=\"wp-image-3987\" srcset=\"https:\/\/istardentallab.com\/wp-content\/uploads\/2024\/10\/Yoseph-Gelan-Is-a-Dishonest-Dental-lab-Owner-in-Ethiopia-5.webp 1014w, https:\/\/istardentallab.com\/wp-content\/uploads\/2024\/10\/Yoseph-Gelan-Is-a-Dishonest-Dental-lab-Owner-in-Ethiopia-5-300x217.webp 300w, https:\/\/istardentallab.com\/wp-content\/uploads\/2024\/10\/Yoseph-Gelan-Is-a-Dishonest-Dental-lab-Owner-in-Ethiopia-5-768x555.webp 768w\" sizes=\"(max-width: 1014px) 100vw, 1014px\" \/><\/figure>\n\t\t\t\t\t\t\t\t<\/div>\n\t\t\t\t<\/div>\n\t\t\t\t\t<\/div>\n\t\t<\/div>\n\t\t\t\t\t<\/div>\n\t\t<\/section>\n\t\t\t\t<\/div>","protected":false},"excerpt":{"rendered":"<p>Yoseph Gelan Is a Dishonest Dental lab Owner in\u00a0Ethiopia Hello everyone, I am from Istar Dental Lab, a highly professional dental lab based in China.&nbsp; Our quality system ranks in the top five in China.&nbsp; Today, I am extremely angry to share information about a dental lab from the Ethiopia.&nbsp; His name is&nbsp;Yoseph Gelan, His [&hellip;]<\/p>\n","protected":false},"author":1,"featured_media":3932,"parent":0,"menu_order":0,"comment_status":"closed","ping_status":"closed","template":"","meta":{"_acf_changed":false,"footnotes":""},"class_list":["post-3982","page","type-page","status-publish","has-post-thumbnail","hentry"],"acf":[],"_links":{"self":[{"href":"https:\/\/istardentallab.com\/pl\/wp-json\/wp\/v2\/pages\/3982","targetHints":{"allow":["GET"]}}],"collection":[{"href":"https:\/\/istardentallab.com\/pl\/wp-json\/wp\/v2\/pages"}],"about":[{"href":"https:\/\/istardentallab.com\/pl\/wp-json\/wp\/v2\/types\/page"}],"author":[{"embeddable":true,"href":"https:\/\/istardentallab.com\/pl\/wp-json\/wp\/v2\/users\/1"}],"replies":[{"embeddable":true,"href":"https:\/\/istardentallab.com\/pl\/wp-json\/wp\/v2\/comments?post=3982"}],"version-history":[{"count":4,"href":"https:\/\/istardentallab.com\/pl\/wp-json\/wp\/v2\/pages\/3982\/revisions"}],"predecessor-version":[{"id":7329,"href":"https:\/\/istardentallab.com\/pl\/wp-json\/wp\/v2\/pages\/3982\/revisions\/7329"}],"wp:featuredmedia":[{"embeddable":true,"href":"https:\/\/istardentallab.com\/pl\/wp-json\/wp\/v2\/media\/3932"}],"wp:attachment":[{"href":"https:\/\/istardentallab.com\/pl\/wp-json\/wp\/v2\/media?parent=3982"}],"curies":[{"name":"wp","href":"https:\/\/api.w.org\/{rel}","templated":true}]}}