{"id":3989,"date":"2024-10-23T10:36:18","date_gmt":"2024-10-23T10:36:18","guid":{"rendered":"https:\/\/istardentallab.com\/?page_id=3989"},"modified":"2025-10-14T07:46:41","modified_gmt":"2025-10-14T07:46:41","slug":"prezi-dent-lab-is-a-fraudulent-company","status":"publish","type":"page","link":"https:\/\/istardentallab.com\/pl\/prezi-dent-lab-is-a-fraudulent-company\/","title":{"rendered":"Prezi-Dent Lab jest nieuczciw\u0105 firm\u0105"},"content":{"rendered":"<div data-elementor-type=\"wp-page\" data-elementor-id=\"3989\" class=\"elementor elementor-3989\" data-elementor-post-type=\"page\">\n\t\t\t\t\t\t<section class=\"elementor-section elementor-top-section elementor-element elementor-element-8d5a36a elementor-section-boxed elementor-section-height-default elementor-section-height-default\" data-id=\"8d5a36a\" data-element_type=\"section\" data-e-type=\"section\">\n\t\t\t\t\t\t<div class=\"elementor-container elementor-column-gap-default\">\n\t\t\t\t\t<div class=\"elementor-column elementor-col-100 elementor-top-column elementor-element elementor-element-f24d9a3\" data-id=\"f24d9a3\" data-element_type=\"column\" data-e-type=\"column\">\n\t\t\t<div class=\"elementor-widget-wrap elementor-element-populated\">\n\t\t\t\t\t\t<div class=\"elementor-element elementor-element-cee6a49 elementor-widget elementor-widget-heading\" data-id=\"cee6a49\" data-element_type=\"widget\" data-e-type=\"widget\" data-widget_type=\"heading.default\">\n\t\t\t\t<div class=\"elementor-widget-container\">\n\t\t\t\t\t<h1 class=\"elementor-heading-title elementor-size-default\">Prezi-Dent Lab jest nieuczciw\u0105 firm\u0105<\/h1>\t\t\t\t<\/div>\n\t\t\t\t<\/div>\n\t\t\t\t\t<\/div>\n\t\t<\/div>\n\t\t\t\t\t<\/div>\n\t\t<\/section>\n\t\t\t\t<section class=\"elementor-section elementor-top-section elementor-element elementor-element-6900a387 elementor-section-boxed elementor-section-height-default elementor-section-height-default\" data-id=\"6900a387\" data-element_type=\"section\" data-e-type=\"section\">\n\t\t\t\t\t\t<div class=\"elementor-container elementor-column-gap-default\">\n\t\t\t\t\t<div class=\"elementor-column elementor-col-100 elementor-top-column elementor-element elementor-element-3eb2222a\" data-id=\"3eb2222a\" data-element_type=\"column\" data-e-type=\"column\">\n\t\t\t<div class=\"elementor-widget-wrap elementor-element-populated\">\n\t\t\t\t\t\t<div class=\"elementor-element elementor-element-fc615f9 elementor-widget elementor-widget-text-editor\" data-id=\"fc615f9\" data-element_type=\"widget\" data-e-type=\"widget\" data-widget_type=\"text-editor.default\">\n\t\t\t\t<div class=\"elementor-widget-container\">\n\t\t\t\t\t\t\t\t\t\n<p>Witam wszystkich, jestem z Istar Dental Lab, wysoce profesjonalnego laboratorium dentystycznego z siedzib\u0105 w Chinach.&nbsp;<\/p>\n\n\n\n<p>Nasz system jako\u015bci plasuje si\u0119 w pierwszej pi\u0105tce w Chinach. Dzi\u015b jestem bardzo z\u0142y, \u017ce mog\u0119 podzieli\u0107 si\u0119 informacjami na temat laboratorium dentystycznego ze Stan\u00f3w Zjednoczonych.&nbsp;<\/p>\n\n\n\n<p>Jej nazwa to Prezi-Dent Lab Inc, z siedzib\u0105 pod adresem 97-09 64th Rd #2, Rego Park, NY 11374.&nbsp;<\/p>\n\n\n\n<p>W\u0142a\u015bcicielem jest Aron Samandarov, a numer telefonu to +1 (347) 605-8781.<\/p>\n\n\n\n<p>Po pierwsze, wszystkie produkty tej firmy s\u0105 zlecane laboratoriom dentystycznym w Chinach, a oni skontaktowali si\u0119 z wieloma firmami w Chinach.&nbsp;<\/p>\n\n\n\n<p>Nasza historia rozpocz\u0119\u0142a si\u0119 w lipcu tego roku. Poni\u017cej znajduje si\u0119 kilka zrzut\u00f3w ekranu z czatu.&nbsp;<\/p>\n\n\n\n<p>Wyrazili zainteresowanie naszym laboratorium dentystycznym i obiecali wys\u0142a\u0107 nam kilka zam\u00f3wie\u0144, zapewniaj\u0105c nas, \u017ce p\u0142atno\u015bci b\u0119d\u0105 dokonywane terminowo w miesi\u0119cznych rozliczeniach.&nbsp;<\/p>\n\n\n\n<p>Nast\u0119pnie, w ci\u0105gu dw\u00f3ch tygodni, wys\u0142ali nam kilka du\u017cych zam\u00f3wie\u0144. Jednak po otrzymaniu wszystkich zam\u00f3wie\u0144 nagle powiedzieli nam, \u017ce jako\u015b\u0107 naszych produkt\u00f3w jest niska, a lekarze nie s\u0105 zadowoleni.<\/p>\n\n\n\n<figure class=\"wp-block-image size-full\"><img fetchpriority=\"high\" decoding=\"async\" width=\"1017\" height=\"749\" src=\"https:\/\/istardentallab.com\/wp-content\/uploads\/2024\/10\/Prezi-Dent-Lab-is-a-Fraudulent-Company-3.webp\" alt=\"\" class=\"wp-image-3991\" srcset=\"https:\/\/istardentallab.com\/wp-content\/uploads\/2024\/10\/Prezi-Dent-Lab-is-a-Fraudulent-Company-3.webp 1017w, https:\/\/istardentallab.com\/wp-content\/uploads\/2024\/10\/Prezi-Dent-Lab-is-a-Fraudulent-Company-3-300x221.webp 300w, https:\/\/istardentallab.com\/wp-content\/uploads\/2024\/10\/Prezi-Dent-Lab-is-a-Fraudulent-Company-3-768x566.webp 768w\" sizes=\"(max-width: 1017px) 100vw, 1017px\" \/><\/figure>\n\n\n\n<figure class=\"wp-block-image size-full\"><img decoding=\"async\" width=\"1011\" height=\"431\" src=\"https:\/\/istardentallab.com\/wp-content\/uploads\/2024\/10\/Prezi-Dent-Lab-is-a-Fraudulent-Company-1.webp\" alt=\"\" class=\"wp-image-3990\" srcset=\"https:\/\/istardentallab.com\/wp-content\/uploads\/2024\/10\/Prezi-Dent-Lab-is-a-Fraudulent-Company-1.webp 1011w, https:\/\/istardentallab.com\/wp-content\/uploads\/2024\/10\/Prezi-Dent-Lab-is-a-Fraudulent-Company-1-300x128.webp 300w, https:\/\/istardentallab.com\/wp-content\/uploads\/2024\/10\/Prezi-Dent-Lab-is-a-Fraudulent-Company-1-768x327.webp 768w\" sizes=\"(max-width: 1011px) 100vw, 1011px\" \/><\/figure>\n\n\n\n<p>Nast\u0119pnie przestali odpowiada\u0107 na wiadomo\u015bci. Kiedy nadszed\u0142 sierpie\u0144 i nadszed\u0142 czas p\u0142atno\u015bci, nie odpowiedzieli na \u017cadne wiadomo\u015bci zwi\u0105zane z p\u0142atno\u015bciami.&nbsp;<\/p>\n\n\n\n<p>Kiedy zadzwonili\u015bmy, powiedzieli, \u017ce s\u0105 zaj\u0119ci. Powiedzia\u0142em im, \u017ce je\u015bli s\u0105 jakie\u015b z\u0142e etui, mog\u0105 je zwr\u00f3ci\u0107, a my nie pobierzemy za nie op\u0142aty i b\u0119d\u0105 mogli po prostu zap\u0142aci\u0107 za dobrze dopasowane etui.&nbsp;<\/p>\n\n\n\n<p>Ale znowu nie by\u0142o odpowiedzi. Sta\u0142o si\u0119 jasne, \u017ce klient uciek\u0142.<\/p>\n\n\n\n<figure class=\"wp-block-image size-full\"><img decoding=\"async\" width=\"1015\" height=\"778\" src=\"https:\/\/istardentallab.com\/wp-content\/uploads\/2024\/10\/Prezi-Dent-Lab-is-a-Fraudulent-Company-2.webp\" alt=\"\" class=\"wp-image-3992\" srcset=\"https:\/\/istardentallab.com\/wp-content\/uploads\/2024\/10\/Prezi-Dent-Lab-is-a-Fraudulent-Company-2.webp 1015w, https:\/\/istardentallab.com\/wp-content\/uploads\/2024\/10\/Prezi-Dent-Lab-is-a-Fraudulent-Company-2-300x230.webp 300w, https:\/\/istardentallab.com\/wp-content\/uploads\/2024\/10\/Prezi-Dent-Lab-is-a-Fraudulent-Company-2-768x589.webp 768w\" sizes=\"(max-width: 1015px) 100vw, 1015px\" \/><\/figure>\n\n\n\n<p>Chc\u0119 powiedzie\u0107 ameryka\u0144skim lekarzom: Prosz\u0119, nie powierzajcie swoich spraw takim nieuczciwym ludziom.&nbsp;<\/p>\n\n\n\n<p>W Stanach Zjednoczonych istnieje wiele renomowanych firm, w kt\u00f3rych nale\u017cy sk\u0142ada\u0107 zam\u00f3wienia.<\/p>\n\n\n\n<p>Chc\u0119 powiedzie\u0107 wszystkim chi\u0144skim laboratoriom dentystycznym: Prosz\u0119, nie wysy\u0142ajcie swoich spraw do takich nieuczciwych laboratori\u00f3w dentystycznych,&nbsp;<\/p>\n\n\n\n<p>W przeciwnym razie stracisz pieni\u0105dze i nie otrzymasz nic w zamian, co jest niezwykle frustruj\u0105ce!<\/p>\n\n\n\n<p><\/p>\n\t\t\t\t\t\t\t\t<\/div>\n\t\t\t\t<\/div>\n\t\t\t\t\t<\/div>\n\t\t<\/div>\n\t\t\t\t\t<\/div>\n\t\t<\/section>\n\t\t\t\t<\/div>","protected":false},"excerpt":{"rendered":"<p>Prezi-Dent Lab is a Fraudulent Company Hello everyone, I am from Istar Dental Lab, a highly professional dental lab based in China.&nbsp; Our quality system ranks in the top five in China. Today, I am extremely angry to share information about a dental lab from the United States.&nbsp; Its name is Prezi-Dent Lab Inc, located [&hellip;]<\/p>\n","protected":false},"author":1,"featured_media":3924,"parent":0,"menu_order":0,"comment_status":"closed","ping_status":"closed","template":"","meta":{"_acf_changed":false,"footnotes":""},"class_list":["post-3989","page","type-page","status-publish","has-post-thumbnail","hentry"],"acf":[],"_links":{"self":[{"href":"https:\/\/istardentallab.com\/pl\/wp-json\/wp\/v2\/pages\/3989","targetHints":{"allow":["GET"]}}],"collection":[{"href":"https:\/\/istardentallab.com\/pl\/wp-json\/wp\/v2\/pages"}],"about":[{"href":"https:\/\/istardentallab.com\/pl\/wp-json\/wp\/v2\/types\/page"}],"author":[{"embeddable":true,"href":"https:\/\/istardentallab.com\/pl\/wp-json\/wp\/v2\/users\/1"}],"replies":[{"embeddable":true,"href":"https:\/\/istardentallab.com\/pl\/wp-json\/wp\/v2\/comments?post=3989"}],"version-history":[{"count":4,"href":"https:\/\/istardentallab.com\/pl\/wp-json\/wp\/v2\/pages\/3989\/revisions"}],"predecessor-version":[{"id":7322,"href":"https:\/\/istardentallab.com\/pl\/wp-json\/wp\/v2\/pages\/3989\/revisions\/7322"}],"wp:featuredmedia":[{"embeddable":true,"href":"https:\/\/istardentallab.com\/pl\/wp-json\/wp\/v2\/media\/3924"}],"wp:attachment":[{"href":"https:\/\/istardentallab.com\/pl\/wp-json\/wp\/v2\/media?parent=3989"}],"curies":[{"name":"wp","href":"https:\/\/api.w.org\/{rel}","templated":true}]}}