{"id":7220,"date":"2025-10-14T07:10:56","date_gmt":"2025-10-14T07:10:56","guid":{"rendered":"https:\/\/istardentallab.com\/?page_id=7220"},"modified":"2025-10-14T07:15:50","modified_gmt":"2025-10-14T07:15:50","slug":"great-cornard-dental-practice-is-dishonest-company","status":"publish","type":"page","link":"https:\/\/istardentallab.com\/pl\/great-cornard-dental-practice-is-dishonest-company\/","title":{"rendered":"Gabinet Stomatologiczny Great Cornard to Nieuczciwa Firma"},"content":{"rendered":"<div data-elementor-type=\"wp-page\" data-elementor-id=\"7220\" class=\"elementor elementor-7220\" data-elementor-post-type=\"page\">\n\t\t\t\t\t\t<section class=\"elementor-section elementor-top-section elementor-element elementor-element-d3ff937 elementor-section-boxed elementor-section-height-default elementor-section-height-default\" data-id=\"d3ff937\" data-element_type=\"section\" data-e-type=\"section\">\n\t\t\t\t\t\t<div class=\"elementor-container elementor-column-gap-default\">\n\t\t\t\t\t<div class=\"elementor-column elementor-col-100 elementor-top-column elementor-element elementor-element-b705ee4\" data-id=\"b705ee4\" data-element_type=\"column\" data-e-type=\"column\">\n\t\t\t<div class=\"elementor-widget-wrap elementor-element-populated\">\n\t\t\t\t\t\t<div class=\"elementor-element elementor-element-67d7f5d elementor-widget elementor-widget-heading\" data-id=\"67d7f5d\" data-element_type=\"widget\" data-e-type=\"widget\" data-widget_type=\"heading.default\">\n\t\t\t\t<div class=\"elementor-widget-container\">\n\t\t\t\t\t<h1 class=\"elementor-heading-title elementor-size-default\">Gabinet Stomatologiczny Great Cornard to Nieuczciwa Firma<\/h1>\t\t\t\t<\/div>\n\t\t\t\t<\/div>\n\t\t\t\t\t<\/div>\n\t\t<\/div>\n\t\t\t\t\t<\/div>\n\t\t<\/section>\n\t\t\t\t<section class=\"elementor-section elementor-top-section elementor-element elementor-element-34c2f6e8 elementor-section-boxed elementor-section-height-default elementor-section-height-default\" data-id=\"34c2f6e8\" data-element_type=\"section\" data-e-type=\"section\">\n\t\t\t\t\t\t<div class=\"elementor-container elementor-column-gap-default\">\n\t\t\t\t\t<div class=\"elementor-column elementor-col-100 elementor-top-column elementor-element elementor-element-1b18ec86\" data-id=\"1b18ec86\" data-element_type=\"column\" data-e-type=\"column\">\n\t\t\t<div class=\"elementor-widget-wrap elementor-element-populated\">\n\t\t\t\t\t\t<div class=\"elementor-element elementor-element-7882cdcc elementor-widget elementor-widget-text-editor\" data-id=\"7882cdcc\" data-element_type=\"widget\" data-e-type=\"widget\" data-widget_type=\"text-editor.default\">\n\t\t\t\t<div class=\"elementor-widget-container\">\n\t\t\t\t\t\t\t\t\t\n<p>Jako jedno z 5 najlepszych laboratori\u00f3w dentystycznych w Chinach, bardzo cenimy ka\u017cdego klienta, kt\u00f3ry nas szanuje. Spotkali\u015bmy si\u0119 jednak r\u00f3wnie\u017c z nieuczciwymi klientami i musimy ich zdemaskowa\u0107, aby przypomnie\u0107 o tym profesjonalistom z bran\u017cy laboratori\u00f3w dentystycznych.<\/p>\n\n\n\n<p>Dzi\u015b chc\u0119 zdemaskowa\u0107 nieuczciwe laboratorium dentystyczne z Wielkiej Brytanii.&nbsp;<\/p>\n\n\n\n<p>Nazwa firmy to Great Cornard Dental Practice w Wielkiej Brytanii, a imi\u0119 i nazwisko w\u0142a\u015bciciela to Ammaad Jamil.<\/p>\n\n\n\n<p><strong>Numer rejestracyjny:<\/strong><strong><\/strong><\/p>\n\n\n\n<p>264789<\/p>\n\n\n\n<p><strong>Status:<\/strong><strong><\/strong><\/p>\n\n\n\n<p>Zarejestrowany<\/p>\n\n\n\n<p><strong>Rodzaj rejestruj\u0105cego:<\/strong><strong><\/strong><\/p>\n\n\n\n<p>Dentysta<\/p>\n\n\n\n<p><strong>Pierwsza rejestracja:<\/strong><strong><\/strong><\/p>\n\n\n\n<p>07 lipca 2016<\/p>\n\n\n\n<p><strong>Obecny okres rejestracji od:<\/strong><strong><\/strong><\/p>\n\n\n\n<p>16 stycznia 2019 do: 31 grudnia 2025<\/p>\n\n\n\n<p><strong>Kwalifikacje:<\/strong><strong><\/strong><\/p>\n\n\n\n<p>BChD University of Leeds 2016<\/p>\n\n\n\n<p>Adres: 178 Bures Road, Great Cornard, Sudbury, CO10 0JQ (01787) 375917<br>Email: ammaad1@hotmail.co.uk Numer telefonu to: +44 7306 567880<\/p>\n\n\n\n<p>Poni\u017cej znajduje si\u0119 zdj\u0119cie Great Cornard Dental Practice w Wielkiej Brytanii.<\/p>\n\n\n\n<p>Great Cornard Dental Practice w Wielkiej Brytanii rozpocz\u0119\u0142o wsp\u00f3\u0142prac\u0119 z nami, Istar Dental Lab, w kwietniu 2025 roku.<br>Skontaktowa\u0142em si\u0119 z Great Cornard Dental Practice w Wielkiej Brytanii, maj\u0105c nadziej\u0119 na profesjonalne partnerstwo.<\/p>\n\n\n\n<p>Przes\u0142a\u0142 nam pliki przez medit link, a my zaprojektowali\u015bmy dla niego bezpo\u015brednio cadcam. Pocz\u0105tkowo p\u0142atno\u015b\u0107 dokonywana by\u0142a raczej powoli, ale ostatecznie zosta\u0142a zrealizowana. Ostatnia p\u0142atno\u015b\u0107. Pocz\u0105tkowo twierdzono, \u017ce p\u0142atno\u015b\u0107 zosta\u0142a dokonana. P\u00f3\u017aniej dokonano fa\u0142szywej p\u0142atno\u015bci. <\/p>\n\n\n\n<p>Po sprawdzeniu powiedzieli, \u017ce dokonaj\u0105 nowej p\u0142atno\u015bci, ale musz\u0105 poczeka\u0107, a\u017c pieni\u0105dze z banku zostan\u0105 im zwr\u00f3cone. W ko\u0144cu pieni\u0105dze z banku zosta\u0142y zwr\u00f3cone i obiecali ponownie dokona\u0107 p\u0142atno\u015bci. Ale do tej pory min\u0119\u0142y 3 miesi\u0105ce i nadal nie otrzymali\u015bmy tych pieni\u0119dzy. Za ka\u017cdym razem, gdy wysy\u0142amy wiadomo\u015b\u0107, jest ona oznaczana jako przeczytana, ale nie ma odpowiedzi.<\/p>\n\n\n\n<figure class=\"wp-block-image size-large\"><img fetchpriority=\"high\" decoding=\"async\" width=\"1024\" height=\"704\" src=\"https:\/\/istardentallab.com\/wp-content\/uploads\/2025\/10\/Great-Cornard-Dental-Practice-is-dishonest-company-1-1024x704.webp\" alt=\"Great Cornard Dental Practice to nieuczciwa firma.\" class=\"wp-image-7287\" srcset=\"https:\/\/istardentallab.com\/wp-content\/uploads\/2025\/10\/Great-Cornard-Dental-Practice-is-dishonest-company-1-1024x704.webp 1024w, https:\/\/istardentallab.com\/wp-content\/uploads\/2025\/10\/Great-Cornard-Dental-Practice-is-dishonest-company-1-300x206.webp 300w, https:\/\/istardentallab.com\/wp-content\/uploads\/2025\/10\/Great-Cornard-Dental-Practice-is-dishonest-company-1-768x528.webp 768w, https:\/\/istardentallab.com\/wp-content\/uploads\/2025\/10\/Great-Cornard-Dental-Practice-is-dishonest-company-1-18x12.webp 18w, https:\/\/istardentallab.com\/wp-content\/uploads\/2025\/10\/Great-Cornard-Dental-Practice-is-dishonest-company-1.webp 1240w\" sizes=\"(max-width: 1024px) 100vw, 1024px\" \/><\/figure>\n\n\n\n<figure class=\"wp-block-image size-large\"><img decoding=\"async\" width=\"1024\" height=\"714\" src=\"https:\/\/istardentallab.com\/wp-content\/uploads\/2025\/10\/Great-Cornard-Dental-Practice-is-dishonest-company-2-1024x714.webp\" alt=\"Great Cornard Dental Practice to nieuczciwa firma.\" class=\"wp-image-7286\" srcset=\"https:\/\/istardentallab.com\/wp-content\/uploads\/2025\/10\/Great-Cornard-Dental-Practice-is-dishonest-company-2-1024x714.webp 1024w, https:\/\/istardentallab.com\/wp-content\/uploads\/2025\/10\/Great-Cornard-Dental-Practice-is-dishonest-company-2-300x209.webp 300w, https:\/\/istardentallab.com\/wp-content\/uploads\/2025\/10\/Great-Cornard-Dental-Practice-is-dishonest-company-2-768x535.webp 768w, https:\/\/istardentallab.com\/wp-content\/uploads\/2025\/10\/Great-Cornard-Dental-Practice-is-dishonest-company-2-18x12.webp 18w, https:\/\/istardentallab.com\/wp-content\/uploads\/2025\/10\/Great-Cornard-Dental-Practice-is-dishonest-company-2.webp 1228w\" sizes=\"(max-width: 1024px) 100vw, 1024px\" \/><\/figure>\n\n\n\n<figure class=\"wp-block-image size-large\"><img decoding=\"async\" width=\"1024\" height=\"692\" src=\"https:\/\/istardentallab.com\/wp-content\/uploads\/2025\/10\/Great-Cornard-Dental-Practice-is-dishonest-company-3-1024x692.webp\" alt=\"Great Cornard Dental Practice to nieuczciwa firma.\" class=\"wp-image-7285\" srcset=\"https:\/\/istardentallab.com\/wp-content\/uploads\/2025\/10\/Great-Cornard-Dental-Practice-is-dishonest-company-3-1024x692.webp 1024w, https:\/\/istardentallab.com\/wp-content\/uploads\/2025\/10\/Great-Cornard-Dental-Practice-is-dishonest-company-3-300x203.webp 300w, https:\/\/istardentallab.com\/wp-content\/uploads\/2025\/10\/Great-Cornard-Dental-Practice-is-dishonest-company-3-768x519.webp 768w, https:\/\/istardentallab.com\/wp-content\/uploads\/2025\/10\/Great-Cornard-Dental-Practice-is-dishonest-company-3-18x12.webp 18w, https:\/\/istardentallab.com\/wp-content\/uploads\/2025\/10\/Great-Cornard-Dental-Practice-is-dishonest-company-3.webp 1252w\" sizes=\"(max-width: 1024px) 100vw, 1024px\" \/><\/figure>\n\n\n\n<figure class=\"wp-block-image size-large\"><img loading=\"lazy\" decoding=\"async\" width=\"1024\" height=\"698\" src=\"https:\/\/istardentallab.com\/wp-content\/uploads\/2025\/10\/Great-Cornard-Dental-Practice-is-dishonest-company-4-1024x698.webp\" alt=\"Great Cornard Dental Practice to nieuczciwa firma.\" class=\"wp-image-7284\" srcset=\"https:\/\/istardentallab.com\/wp-content\/uploads\/2025\/10\/Great-Cornard-Dental-Practice-is-dishonest-company-4-1024x698.webp 1024w, https:\/\/istardentallab.com\/wp-content\/uploads\/2025\/10\/Great-Cornard-Dental-Practice-is-dishonest-company-4-300x205.webp 300w, https:\/\/istardentallab.com\/wp-content\/uploads\/2025\/10\/Great-Cornard-Dental-Practice-is-dishonest-company-4-768x524.webp 768w, https:\/\/istardentallab.com\/wp-content\/uploads\/2025\/10\/Great-Cornard-Dental-Practice-is-dishonest-company-4-18x12.webp 18w, https:\/\/istardentallab.com\/wp-content\/uploads\/2025\/10\/Great-Cornard-Dental-Practice-is-dishonest-company-4.webp 1248w\" sizes=\"(max-width: 1024px) 100vw, 1024px\" \/><\/figure>\n\n\n\n<p>Za ka\u017cdym razem, gdy obiecywa\u0142 dokona\u0107 p\u0142atno\u015bci, oszukiwa\u0142 mnie raz po raz. W rzeczywisto\u015bci nigdy nie dokona\u0142 \u017cadnej p\u0142atno\u015bci. Zawsze m\u00f3wi\u0142, \u017ce nam zap\u0142aci, ale min\u0119\u0142y ju\u017c 3 miesi\u0105ce i nadal nie otrzyma\u0142em od niego \u017cadnych pieni\u0119dzy.<\/p>\n\n\n\n<p>W ci\u0105gu trzech miesi\u0119cy wys\u0142a\u0142em dziesi\u0105tki wiadomo\u015bci i wykona\u0142em niezliczone telefony - a nast\u0119pnie przeszed\u0142em do stanowczych dzia\u0142a\u0144 - ale w zamian otrzyma\u0142em jedynie ch\u0142odn\u0105 oboj\u0119tno\u015b\u0107. Przeczytane, ale nigdy nie odpowiedziano.<br>W naszym laboratorium zawsze budowali\u015bmy partnerstwa w oparciu o zaufanie i uczciwo\u015b\u0107. Dr Ammaad zniszczy\u0142 co\u015b o wiele wa\u017cniejszego: fundament zaufania, kt\u00f3ry spaja ca\u0142\u0105 nasz\u0105 bran\u017c\u0119.<\/p>\n\n\n\n<p>Zanim zdecydowa\u0142em si\u0119 upubliczni\u0107 t\u0119 spraw\u0119, pr\u00f3bowa\u0142em wielokrotnie kontaktowa\u0107 si\u0119 z doktorem Ammaadem. Ale w kontaktach z kim\u015b, kto nie szanuje swoich s\u0142\u00f3w, te standardowe podej\u015bcia wydaj\u0105 si\u0119 bezsilne.<br>Wtedy zda\u0142em sobie spraw\u0119: je\u015bli b\u0119d\u0119 milcza\u0142, wi\u0119cej laboratori\u00f3w dentystycznych mo\u017ce wpa\u015b\u0107 w t\u0119 sam\u0105 pu\u0142apk\u0119. I wtedy wiedzia\u0142em - kto\u015b musi zabra\u0107 g\u0142os.<\/p>\n\n\n\n<p>454 USD mo\u017ce wydawa\u0107 si\u0119 niewielk\u0105 sum\u0105, ale dla niezale\u017cnego laboratorium, takiego jak nasze, jest to sprawa kluczowa. To \u015bwiadectwo naszego kunsztu i nagroda za nasz\u0105 ci\u0119\u017ck\u0105 prac\u0119. Kiedy laboratoria takie jak Great Cornard Dental Practice w Wielkiej Brytanii odmawiaj\u0105 zap\u0142aty, nie tylko op\u00f3\u017aniaj\u0105 transakcj\u0119; okazuj\u0105 r\u00f3wnie\u017c brak szacunku dla kunsztu naszego laboratorium. Dewaluuj\u0105 artyzm, precyzj\u0119 i wiedz\u0119 specjalistyczn\u0105 wymagan\u0105 do tworzenia wyrob\u00f3w medycznych, kt\u00f3re przywracaj\u0105 u\u015bmiech i funkcj\u0119 naszym pacjentom.<\/p>\n\n\n\n<p>Zdradzaj\u0105 zaufanie ca\u0142ej naszej profesji, kt\u00f3ra opiera si\u0119 na wzajemnym szacunku i uczciwo\u015bci mi\u0119dzy dentystami, laboratoriami i technikami. Dzia\u0142ania Great Cornard Dental Practice w Wielkiej Brytanii podwa\u017caj\u0105 ten fundament.<\/p>\n\n\n\n<p>Dziel\u0119 si\u0119 t\u0105 histori\u0105, aby ostrzec spo\u0142eczno\u015b\u0107 dentystyczn\u0105. Prosz\u0119 o ostro\u017cno\u015b\u0107, je\u015bli rozwa\u017casz wsp\u00f3\u0142prac\u0119 z Great Cornard Dental Practice w Wielkiej Brytanii. Prosz\u0119 r\u00f3wnie\u017c o solidarno\u015b\u0107. Je\u015bli wierzysz w etyczne praktyki biznesowe, udost\u0119pnij ten post. Oznacz stra\u017cnik\u00f3w bran\u017cy dentystycznej. Niech wiedz\u0105, \u017ce nasza globalna spo\u0142eczno\u015b\u0107 nie b\u0119dzie tolerowa\u0107 wykorzystywania ci\u0119\u017cko pracuj\u0105cych technik\u00f3w.<\/p>\n\n\n\n<p>Twoje wsparcie mo\u017ce stworzy\u0107 fal\u0119 odpowiedzialno\u015bci, kt\u00f3ra ochroni nast\u0119pn\u0105 osob\u0119 przed przej\u015bciem przez t\u0119 gehenn\u0119.<\/p>\n\t\t\t\t\t\t\t\t<\/div>\n\t\t\t\t<\/div>\n\t\t\t\t\t<\/div>\n\t\t<\/div>\n\t\t\t\t\t<\/div>\n\t\t<\/section>\n\t\t\t\t<\/div>","protected":false},"excerpt":{"rendered":"<p>Great Cornard Dental Practice is Dishonest Company As one of the top 5 dental labs in China, we highly value every customer who respects us. However, we have also encountered some dishonest customers, and we need to expose them to remind professionals in the dental lab industry. Today, I want to expose a dishonest dental [&hellip;]<\/p>\n","protected":false},"author":1,"featured_media":0,"parent":0,"menu_order":0,"comment_status":"closed","ping_status":"closed","template":"","meta":{"_acf_changed":false,"footnotes":""},"class_list":["post-7220","page","type-page","status-publish","hentry"],"acf":[],"_links":{"self":[{"href":"https:\/\/istardentallab.com\/pl\/wp-json\/wp\/v2\/pages\/7220","targetHints":{"allow":["GET"]}}],"collection":[{"href":"https:\/\/istardentallab.com\/pl\/wp-json\/wp\/v2\/pages"}],"about":[{"href":"https:\/\/istardentallab.com\/pl\/wp-json\/wp\/v2\/types\/page"}],"author":[{"embeddable":true,"href":"https:\/\/istardentallab.com\/pl\/wp-json\/wp\/v2\/users\/1"}],"replies":[{"embeddable":true,"href":"https:\/\/istardentallab.com\/pl\/wp-json\/wp\/v2\/comments?post=7220"}],"version-history":[{"count":6,"href":"https:\/\/istardentallab.com\/pl\/wp-json\/wp\/v2\/pages\/7220\/revisions"}],"predecessor-version":[{"id":7330,"href":"https:\/\/istardentallab.com\/pl\/wp-json\/wp\/v2\/pages\/7220\/revisions\/7330"}],"wp:attachment":[{"href":"https:\/\/istardentallab.com\/pl\/wp-json\/wp\/v2\/media?parent=7220"}],"curies":[{"name":"wp","href":"https:\/\/api.w.org\/{rel}","templated":true}]}}